{"id":1343,"date":"2023-08-14T09:10:16","date_gmt":"2023-08-14T09:10:16","guid":{"rendered":"https:\/\/tectickets.es\/cn\/?post_type=product&#038;p=1343"},"modified":"2025-10-21T09:37:34","modified_gmt":"2025-10-21T09:37:34","slug":"%e5%b8%a6%e9%97%a8%e7%a5%a8%e7%9a%84%e6%b5%b7%e7%9b%97%e5%a1%94%e5%92%8c%e5%9f%8e%e5%a0%a1","status":"publish","type":"product","link":"https:\/\/tectickets.es\/cn\/zh\/product\/%e5%b8%a6%e9%97%a8%e7%a5%a8%e7%9a%84%e6%b5%b7%e7%9b%97%e5%a1%94%e5%92%8c%e5%9f%8e%e5%a0%a1\/","title":{"rendered":"\u5361\u65af\u7279\u5c14\u5fb7\u8d39\u5c14\u65af\uff1a\u6d77\u76d7\u5854\u548c\u57ce\u5821 + \u95e8\u7968"},"content":{"rendered":"<p>\u8e0f\u4e0a <b>\u8ff7\u4eba\u7684\u65f6\u7a7a\u4e4b\u65c5<\/b> \u5e76\u53d1\u73b0 <b>\u6d77\u76d7\u79d8\u5bc6<\/b> \u4ece <a href=\"https:\/\/www.castelldefels.org\/ca\/serveis\/cultura\"><i>\u5361\u65af\u7279\u5c14\u5fb7\u8d39\u5c14\u65af<\/i><\/a> \u60a8\u5c06\u8e0f\u4e0a\u4e00\u6bb5\u5386\u53f2\u4e4b\u65c5\uff0c\u8fdb\u5165\u4e00\u4e2a\u5145\u6ee1\u6297\u4e89\u548c\u5bf9\u6297\u7684\u6fc0\u52a8\u4eba\u5fc3\u7684\u65f6\u4ee3\u3002 <b>\u86ee\u5937\u6d77\u76d7<\/b>.<\/p>\n<p>Durante <b>\u4e24\u5c0f\u65f6<\/b>, \u5728\u6211\u4eec\u7684\u966a\u540c\u4e0b\uff0c\u60a8\u5c06\u63a2\u7d22\u8fd9\u5ea7\u52a0\u6cf0\u7f57\u5c3c\u4e9a\u57ce\u5e02\u7684\u9b45\u529b\u3002 <a href=\"https:\/\/tecout.net\/\"><b>\u4e13\u5bb6\u6307\u5357<\/b><\/a> \u8ba9\u60a8\u6c89\u6d78\u5728\u8ff7\u4eba\u7684 <b>\u79d8\u95fb<\/b>.<\/p>\n<h2><u>\u5de1\u6f14<\/u><\/h2>\n<p>\u884c\u7a0b\u4ece\u98ce\u666f\u5982\u753b\u7684 <i>\u5361\u65af\u7279\u5c14\u5fb7\u8d39\u5c14\u65af<\/i>, \u56e0\u5176\u4e30\u5bcc\u7684\u5386\u53f2\u548c\u7f8e\u4e3d\u7684\u6d77\u5cb8\u98ce\u5149\u800c\u95fb\u540d\u4e8e\u4e16\u3002\u6211\u4eec\u7684\u5bfc\u6e38\u5c06\u5e26\u60a8\u9886\u7565 <b>\u72ec\u7279\u7684\u4e92\u52a8\u6e38\u89c8<\/b>, \u5728\u8fd9\u91cc\uff0c\u6bcf\u8d70\u4e00\u6b65\u90fd\u4f1a\u8ba9\u60a8\u66f4\u63a5\u8fd1\u6d77\u76d7\u4eec\u7684\u751f\u6d3b\u53ca\u5176\u5bf9\u8be5\u5730\u533a\u7684\u5f71\u54cd\u3002\u4ece <b>\u4e2d\u4e16\u7eaa\u519c\u820d<\/b> \u81f3 <b>\u9632\u5fa1\u5854<\/b>, te maravillar\u00e1s con la arquitectura y la atm\u00f3sfera de tiempos pasados.<\/p>\n<p>El punto culminante de esta experiencia inolvidable es la visita al <b>\u96c4\u4f1f\u7684\u5361\u65af\u7279\u5c14\u5fb7\u8d39\u5c14\u65af\u57ce\u5821<\/b>. .\u8fd9\u5ea7\u96c4\u4f1f\u7684\u53e4\u8ff9\u5750\u843d\u5728\u4e00\u5ea7\u4fef\u77b0\u5927\u6d77\u7684\u5c0f\u5c71\u4e0a\uff0c\u57ce\u5899\u4e0a\u954c\u523b\u7740\u51e0\u4e2a\u4e16\u7eaa\u7684\u5386\u53f2\u3002\u60a8\u5c06\u4e86\u89e3\u5230\u8fd9\u5ea7\u53e4\u8001\u7684\u5821\u5792\u662f\u5982\u4f55\u5728\u7eb3\u7cb9\u7edf\u6cbb\u65f6\u671f\u88ab\u6539\u5efa\u6210\u76d1\u72f1\u7684\u3002 <b>\u5185\u6218<\/b> \u4e86\u89e3\u6d77\u76d7\u65f6\u4ee3\u52c7\u58eb\u4eec\u7684\u52c7\u6562\u6545\u4e8b\u3002.<\/p>\n<h2><u>\u53c2\u89c2\u57ce\u5821\uff08\u542b\u95e8\u7968<\/u><\/h2>\n<p>\u4e0d\u8fc7\uff0c\u53c2\u89c2\u57ce\u5821\u4e0d\u4ec5\u662f\u6c89\u601d\uff0c\u7b49\u5f85\u60a8\u7684\u8fd8\u6709\u53c2\u89c2\u57ce\u5821\u3002 <b>\u72ec\u7279\u7684\u4e92\u52a8\u4f53\u9a8c<\/b>. .\u60a8\u5c06\u6c89\u6d78\u5728\u76d7\u7248\u65f6\u4ee3\uff0c\u8fd9\u8981\u5f52\u529f\u4e8e <b>\u521b\u65b0\u6280\u672f<\/b> \u5728\u9762\u5bf9\u53ef\u6015\u6d77\u76d7\u7684\u653b\u51fb\u65f6\uff0c\u60a8\u4f1a\u611f\u89c9\u81ea\u5df1\u662f\u771f\u6b63\u7684\u8981\u585e\u5b88\u536b\u8005\uff01<\/p>\n<h2><u>\u6307\u5357\u548c\u65e0\u969c\u788d\u73af\u5883<\/u><\/h2>\n<p>\u6211\u4eec\u7684 <a href=\"https:\/\/tectickets.es\/cn\/zh\/product\/visita-guiada-palau-de-la-musica-catalana\/\">\u5bfc\u6e38\u63a5\u53d7\u8fc7\u57f9\u8bad\uff0c\u80fd\u591f\u4ee5 <b>\u52a0\u6cf0\u7f57\u5c3c\u4e9a\u8bed<\/b><\/a>, <b>\u897f\u73ed\u7259\u8bed<\/b> e <b>\u82f1\u8bed<\/b>, \u56e0\u6b64\uff0c\u60a8\u53ef\u4ee5\u7528\u81ea\u5df1\u9009\u62e9\u7684\u8bed\u8a00\u6b23\u8d4f\u3002\u6211\u4eec\u8fd8\u4e3a\u786e\u4fdd\u60a8\u7684\u8bbf\u95ee\u662f <b>\u65b9\u4fbf\u884c\u52a8\u4e0d\u4fbf\u7684\u4eba\u8fdb\u51fa<\/b>, \u56e0\u4e3a\u6211\u4eec\u76f8\u4fe1\uff0c\u6bcf\u4e2a\u4eba\u90fd\u5e94\u8be5\u6709\u673a\u4f1a\u6c89\u6d78\u5728 <a href=\"https:\/\/tectickets.es\/cn\/zh\/%e6%9a%97%e7%9b%92\/%e5%b7%b4%e7%89%b9%e7%bd%97%e5%ae%b6%e6%97%8f-%e5%b7%b4%e5%a1%9e%e7%bd%97%e9%82%a3%e5%b7%b4%e7%89%b9%e7%bd%97%e6%95%85%e5%b1%85%e5%8e%86%e5%8f%b2\/\">\u5386\u53f2\u548c\u9057\u4ea7<\/a> \u5361\u65af\u7279\u5c14\u5fb7\u8d39\u5c14\u65af.<\/p>\n<h2><u>\u4e86\u89e3\u66f4\u591a<\/u><\/h2>\n<p>\u9664\u4e86\u4e86\u89e3 <b>\u6d77\u76d7\u884c\u4e3a<\/b> \u548c <b>\u57ce\u5821\u5386\u53f2<\/b>, \u60a8\u8fd8\u5c06\u53c2\u89c2 <a href=\"https:\/\/tectickets.es\/cn\/zh\/%e6%9a%97%e7%9b%92\/%e5%8f%91%e7%8e%b0%e5%b7%b4%e5%a1%9e%e7%bd%97%e9%82%a3%e6%b0%b4%e6%97%8f%e9%a6%86%e7%9a%84%e9%ad%85%e5%8a%9b\/\">\u53d1\u73b0\u5176\u4ed6\u8ff7\u4eba\u7684\u5730\u65b9<\/a> \u5361\u65af\u7279\u5c14\u5fb7\u8d39\u5c14\u65af\u3002\u9e45\u5375\u77f3\u94fa\u5c31\u7684\u72ed\u7a84\u8857\u9053\u3001\u5386\u53f2\u60a0\u4e45\u7684\u623f\u5c4b\u548c <a href=\"https:\/\/tectickets.es\/cn\/zh\/%e6%9a%97%e7%9b%92\/%e5%b7%b4%e5%a1%9e%e7%bd%97%e9%82%a3-tibidabo-%e5%a4%a7%e8%a1%97\/\">\u5168\u666f<\/a> \u5728\u8fd9\u5ea7\u5145\u6ee1\u60ca\u559c\u7684\u57ce\u5e02\u91cc\uff0c\u7b49\u5f85\u7740\u60a8\u7684\u5c06\u662f\u4ec0\u4e48\uff1f\u60a8\u8fd8\u5c06\u4e86\u89e3\u6d77\u76d7\u65f6\u4ee3\u5c45\u6c11\u7684\u65e5\u5e38\u751f\u6d3b\uff0c\u4ee5\u53ca\u4ed6\u4eec\u5982\u4f55\u62b5\u5fa1\u88ad\u51fb\u3002.<\/p>\n<h2><u>\u7acb\u5373\u9884\u8ba2<\/u><\/h2>\n<p>\u60a8\u4e00\u5b9a\u4e0d\u80fd\u9519\u8fc7\u8fd9\u4e2a\u673a\u4f1a\uff0c\u6210\u4e3a\u4ee5\u4e0b\u6d3b\u52a8\u7684\u4e00\u90e8\u5206 <b>\u72ec\u4e00\u65e0\u4e8c\u7684\u63a2\u9669<\/b>. .\u73b0\u5728\u9884\u8ba2\u5e76\u786e\u4fdd\u60a8\u5728\u6211\u4eec\u7684 <b>\u5361\u65af\u7279\u5c14\u5fb7\u8d39\u5c14\u65af\u6d77\u76d7\u4e4b\u65c5<\/b>. .\u51c6\u5907\u597d\u4f53\u9a8c\u6fc0\u52a8\u4eba\u5fc3\u7684\u65f6\u523b\uff0c\u63ed\u5f00\u6bcf\u4e2a\u623f\u95f4\u4e2d\u7684\u79d8\u5bc6\u3002 <a href=\"https:\/\/tectickets.es\/cn\/zh\/%e6%9a%97%e7%9b%92\/barrio-de-el-born-encanto-historico-en-cada-rincon\/\">\u8fd9\u4e2a\u8ff7\u4eba\u7684<\/a> \u52a0\u6cf0\u7f57\u5c3c\u4e9a\u63a2\u7d22\u52a0\u6cf0\u7f57\u5c3c\u4e9a\u6d77\u76d7\u4f20\u8bf4\u4e2d\u7684\u9634\u8c0b\u3001\u523a\u6fc0\u548c\u5386\u53f2\uff0c\u6211\u4eec\u671f\u5f85\u7740\u4e0e\u60a8\u76f8\u7ea6\u8fd9\u6b21\u6fc0\u52a8\u4eba\u5fc3\u7684\u7a7f\u8d8a\u65f6\u7a7a\u4e4b\u65c5\uff01<\/p>\n<footer><\/footer>\n<p>&nbsp;<\/p>\n<p>&nbsp;<\/p>","protected":false},"excerpt":{"rendered":"<ul>\n<li>\u63a2\u7d22\u5361\u65af\u7279\u5c14\u5fb7\u8d39\u5c14\u65af\u8ff7\u4eba\u7684\u5386\u53f2<\/li>\n<li>\u8fdb\u5165\u76d7\u7248\u65f6\u4ee3<\/li>\n<li>\u63a2\u7d22\u5361\u65af\u7279\u5c14\u5fb7\u8d39\u5c14\u65af\u3001\u9e45\u5375\u77f3\u8857\u9053\u3001\u5386\u53f2\u60a0\u4e45\u7684\u623f\u5c4b\u548c\u4e00\u89c8\u65e0\u4f59\u7684\u7f8e\u666f<\/li>\n<li>\u57ce\u5821\u5185\u90e8<\/li>\n<\/ul>","protected":false},"featured_media":2467,"comment_status":"open","ping_status":"closed","template":"","meta":[],"product_brand":[],"product_cat":[160,165,269],"product_tag":[158],"tipo-de-experiencia":[67,53],"class_list":{"0":"post-1343","1":"product","2":"type-product","3":"status-publish","4":"has-post-thumbnail","6":"product_cat-barcelona","7":"product_cat-castelldefels","8":"product_cat-parques-y-jardines","9":"product_tag-tectickets","10":"tipo-de-experiencia-monumentos","11":"tipo-de-experiencia-tour-guiado","13":"first","14":"instock","15":"featured","16":"shipping-taxable","17":"product-type-external"},"yoast_head":"<!-- This site is optimized with the Yoast SEO Premium plugin v24.5 (Yoast SEO v27.4) - https:\/\/yoast.com\/product\/yoast-seo-premium-wordpress\/ -->\n<title>Castelldefels: Piratas Torres y Castillos + Entrada - Tectickets CN<\/title>\n<meta name=\"description\" content=\"Descubre secretos piratas en Castelldefels. Tour hist\u00f3rico, recorrido hist\u00f3rico de pirater\u00eda en Catalu\u00f1a y adentrate en su castillo.\" \/>\n<meta name=\"robots\" content=\"index, follow, max-snippet:-1, max-image-preview:large, max-video-preview:-1\" \/>\n<link rel=\"canonical\" href=\"https:\/\/tectickets.es\/cn\/zh\/product\/\u5e26\u95e8\u7968\u7684\u6d77\u76d7\u5854\u548c\u57ce\u5821\/\" \/>\n<meta property=\"og:locale\" content=\"zh_CN\" \/>\n<meta property=\"og:type\" content=\"article\" \/>\n<meta property=\"og:title\" content=\"Castelldefels: Piratas Torres y Castillos + Entrada\" \/>\n<meta property=\"og:description\" content=\"Descubre secretos piratas en Castelldefels. Tour hist\u00f3rico, recorrido hist\u00f3rico de pirater\u00eda en Catalu\u00f1a y adentrate en su castillo.\" \/>\n<meta property=\"og:url\" content=\"https:\/\/tectickets.es\/cn\/zh\/product\/\u5e26\u95e8\u7968\u7684\u6d77\u76d7\u5854\u548c\u57ce\u5821\/\" \/>\n<meta property=\"og:site_name\" content=\"Tectickets CN\" \/>\n<meta property=\"article:publisher\" content=\"https:\/\/www.instagram.com\/tectickets\/\" \/>\n<meta property=\"article:modified_time\" content=\"2025-10-21T09:37:34+00:00\" \/>\n<meta property=\"og:image\" content=\"https:\/\/tectickets.es\/cn\/wp-content\/uploads\/sites\/5\/2023\/08\/entrada-castillo-de-Castelldefels.png\" \/>\n\t<meta property=\"og:image:width\" content=\"1024\" \/>\n\t<meta property=\"og:image:height\" content=\"768\" \/>\n\t<meta property=\"og:image:type\" content=\"image\/png\" \/>\n<meta name=\"twitter:card\" content=\"summary_large_image\" \/>\n<meta name=\"twitter:site\" content=\"@tectickets\" \/>\n<meta name=\"twitter:label1\" content=\"Price\" \/>\n\t<meta name=\"twitter:data1\" content=\"10,00&nbsp;\u20ac\" \/>\n\t<meta name=\"twitter:label2\" content=\"Availability\" \/>\n\t<meta name=\"twitter:data2\" content=\"In stock\" \/>\n<script type=\"application\/ld+json\" class=\"yoast-schema-graph\">{\"@context\":\"https:\\\/\\\/schema.org\",\"@graph\":[{\"@type\":\"WebPage\",\"@id\":\"https:\\\/\\\/tectickets.es\\\/cn\\\/producto\\\/piratas-torres-y-castillos-con-entrada\\\/\",\"url\":\"https:\\\/\\\/tectickets.es\\\/cn\\\/producto\\\/piratas-torres-y-castillos-con-entrada\\\/\",\"name\":\"Castelldefels: Piratas Torres y Castillos + Entrada - Tectickets CN\",\"isPartOf\":{\"@id\":\"https:\\\/\\\/tectickets.es\\\/cn\\\/#website\"},\"primaryImageOfPage\":{\"@id\":\"https:\\\/\\\/tectickets.es\\\/cn\\\/producto\\\/piratas-torres-y-castillos-con-entrada\\\/#primaryimage\"},\"image\":{\"@id\":\"https:\\\/\\\/tectickets.es\\\/cn\\\/producto\\\/piratas-torres-y-castillos-con-entrada\\\/#primaryimage\"},\"thumbnailUrl\":\"https:\\\/\\\/tectickets.es\\\/cn\\\/wp-content\\\/uploads\\\/sites\\\/5\\\/2023\\\/08\\\/entrada-castillo-de-Castelldefels.png\",\"datePublished\":\"2023-08-14T09:10:16+00:00\",\"dateModified\":\"2025-10-21T09:37:34+00:00\",\"description\":\"Descubre secretos piratas en Castelldefels. Tour hist\u00f3rico, recorrido hist\u00f3rico de pirater\u00eda en Catalu\u00f1a y adentrate en su castillo.\",\"breadcrumb\":{\"@id\":\"https:\\\/\\\/tectickets.es\\\/cn\\\/producto\\\/piratas-torres-y-castillos-con-entrada\\\/#breadcrumb\"},\"inLanguage\":\"zh-Hans\",\"potentialAction\":[{\"@type\":\"ReadAction\",\"target\":[\"https:\\\/\\\/tectickets.es\\\/cn\\\/producto\\\/piratas-torres-y-castillos-con-entrada\\\/\"]}]},{\"@type\":\"ImageObject\",\"inLanguage\":\"zh-Hans\",\"@id\":\"https:\\\/\\\/tectickets.es\\\/cn\\\/producto\\\/piratas-torres-y-castillos-con-entrada\\\/#primaryimage\",\"url\":\"https:\\\/\\\/tectickets.es\\\/cn\\\/wp-content\\\/uploads\\\/sites\\\/5\\\/2023\\\/08\\\/entrada-castillo-de-Castelldefels.png\",\"contentUrl\":\"https:\\\/\\\/tectickets.es\\\/cn\\\/wp-content\\\/uploads\\\/sites\\\/5\\\/2023\\\/08\\\/entrada-castillo-de-Castelldefels.png\",\"width\":1024,\"height\":768,\"caption\":\"entrada castillo de Castelldefels\"},{\"@type\":\"BreadcrumbList\",\"@id\":\"https:\\\/\\\/tectickets.es\\\/cn\\\/producto\\\/piratas-torres-y-castillos-con-entrada\\\/#breadcrumb\",\"itemListElement\":[{\"@type\":\"ListItem\",\"position\":1,\"name\":\"Portada\",\"item\":\"https:\\\/\\\/tectickets.es\\\/cn\\\/\"},{\"@type\":\"ListItem\",\"position\":2,\"name\":\"Tienda\",\"item\":\"https:\\\/\\\/tectickets.es\\\/cn\\\/tienda\\\/\"},{\"@type\":\"ListItem\",\"position\":3,\"name\":\"Castelldefels: Piratas Torres y Castillos + Entrada\"}]},{\"@type\":\"WebSite\",\"@id\":\"https:\\\/\\\/tectickets.es\\\/cn\\\/#website\",\"url\":\"https:\\\/\\\/tectickets.es\\\/cn\\\/\",\"name\":\"Tectickets CN\",\"description\":\"\u53ea\u9700\u70b9\u51fb\u4e00\u4e0b\uff0c\u5373\u53ef\u63a2\u7d22\u65c5\u6e38\u3001\u6d3b\u52a8\u548c\u6587\u5316\u4e16\u754c\uff01\",\"publisher\":{\"@id\":\"https:\\\/\\\/tectickets.es\\\/cn\\\/#organization\"},\"potentialAction\":[{\"@type\":\"SearchAction\",\"target\":{\"@type\":\"EntryPoint\",\"urlTemplate\":\"https:\\\/\\\/tectickets.es\\\/cn\\\/?s={search_term_string}\"},\"query-input\":{\"@type\":\"PropertyValueSpecification\",\"valueRequired\":true,\"valueName\":\"search_term_string\"}}],\"inLanguage\":\"zh-Hans\"},{\"@type\":\"Organization\",\"@id\":\"https:\\\/\\\/tectickets.es\\\/cn\\\/#organization\",\"name\":\"el teu tiquet.sl\",\"url\":\"https:\\\/\\\/tectickets.es\\\/cn\\\/\",\"logo\":{\"@type\":\"ImageObject\",\"inLanguage\":\"zh-Hans\",\"@id\":\"https:\\\/\\\/tectickets.es\\\/cn\\\/#\\\/schema\\\/logo\\\/image\\\/\",\"url\":\"https:\\\/\\\/tectickets.es\\\/cn\\\/wp-content\\\/uploads\\\/sites\\\/5\\\/2023\\\/06\\\/cropped-Agregar-un-titulo-800-\u00d7-600-px.png\",\"contentUrl\":\"https:\\\/\\\/tectickets.es\\\/cn\\\/wp-content\\\/uploads\\\/sites\\\/5\\\/2023\\\/06\\\/cropped-Agregar-un-titulo-800-\u00d7-600-px.png\",\"width\":733,\"height\":334,\"caption\":\"el teu tiquet.sl\"},\"image\":{\"@id\":\"https:\\\/\\\/tectickets.es\\\/cn\\\/#\\\/schema\\\/logo\\\/image\\\/\"},\"sameAs\":[\"https:\\\/\\\/www.instagram.com\\\/tectickets\\\/\",\"https:\\\/\\\/x.com\\\/tectickets\",\"https:\\\/\\\/www.pinterest.es\\\/tectickets\\\/\",\"https:\\\/\\\/www.tiktok.com\\\/@tectickets\",\"https:\\\/\\\/www.youtube.com\\\/@TecTickets\"],\"publishingPrinciples\":\"https:\\\/\\\/tectickets.es\\\/cn\\\/reembolso_devoluciones\\\/\",\"ownershipFundingInfo\":\"https:\\\/\\\/tectickets.es\\\/cn\\\/contacto\\\/\",\"actionableFeedbackPolicy\":\"https:\\\/\\\/tectickets.es\\\/cn\\\/condiciones-generales\\\/\"}]}<\/script>\n<meta property=\"product:price:amount\" content=\"10.00\" \/>\n<meta property=\"product:price:currency\" content=\"EUR\" \/>\n<meta property=\"og:availability\" content=\"instock\" \/>\n<meta property=\"product:availability\" content=\"instock\" \/>\n<meta property=\"product:condition\" content=\"new\" \/>\n<!-- \/ Yoast SEO Premium plugin. -->","yoast_head_json":{"title":"\u5361\u65af\u7279\u5c14\u5fb7\u8d39\u5c14\u65af\uff1a\u6d77\u76d7\u5854\u548c\u57ce\u5821 + \u95e8\u7968 - Tectickets CN","description":"\u5728\u5361\u65af\u7279\u5c14\u5fb7\u8d39\u5c14\u65af\uff08Castelldefels\uff09\u63a2\u5bfb\u6d77\u76d7\u7684\u79d8\u5bc6\u3002\u5386\u53f2\u4e4b\u65c5\uff0c\u52a0\u6cf0\u7f57\u5c3c\u4e9a\u6d77\u76d7\u5386\u53f2\u4e4b\u65c5\uff0c\u8fdb\u5165\u57ce\u5821\u3002.","robots":{"index":"index","follow":"follow","max-snippet":"max-snippet:-1","max-image-preview":"max-image-preview:large","max-video-preview":"max-video-preview:-1"},"canonical":"https:\/\/tectickets.es\/cn\/zh\/product\/\u5e26\u95e8\u7968\u7684\u6d77\u76d7\u5854\u548c\u57ce\u5821\/","og_locale":"zh_CN","og_type":"article","og_title":"Castelldefels: Piratas Torres y Castillos + Entrada","og_description":"Descubre secretos piratas en Castelldefels. Tour hist\u00f3rico, recorrido hist\u00f3rico de pirater\u00eda en Catalu\u00f1a y adentrate en su castillo.","og_url":"https:\/\/tectickets.es\/cn\/zh\/product\/\u5e26\u95e8\u7968\u7684\u6d77\u76d7\u5854\u548c\u57ce\u5821\/","og_site_name":"Tectickets CN","article_publisher":"https:\/\/www.instagram.com\/tectickets\/","article_modified_time":"2025-10-21T09:37:34+00:00","og_image":[{"width":1024,"height":768,"url":"https:\/\/tectickets.es\/cn\/wp-content\/uploads\/sites\/5\/2023\/08\/entrada-castillo-de-Castelldefels.png","type":"image\/png"}],"twitter_card":"summary_large_image","twitter_site":"@tectickets","twitter_misc":{"Price":"10,00&nbsp;\u20ac","Availability":"In stock"},"schema":{"@context":"https:\/\/schema.org","@graph":[{"@type":"WebPage","@id":"https:\/\/tectickets.es\/cn\/producto\/piratas-torres-y-castillos-con-entrada\/","url":"https:\/\/tectickets.es\/cn\/producto\/piratas-torres-y-castillos-con-entrada\/","name":"\u5361\u65af\u7279\u5c14\u5fb7\u8d39\u5c14\u65af\uff1a\u6d77\u76d7\u5854\u548c\u57ce\u5821 + \u95e8\u7968 - Tectickets CN","isPartOf":{"@id":"https:\/\/tectickets.es\/cn\/#website"},"primaryImageOfPage":{"@id":"https:\/\/tectickets.es\/cn\/producto\/piratas-torres-y-castillos-con-entrada\/#primaryimage"},"image":{"@id":"https:\/\/tectickets.es\/cn\/producto\/piratas-torres-y-castillos-con-entrada\/#primaryimage"},"thumbnailUrl":"https:\/\/tectickets.es\/cn\/wp-content\/uploads\/sites\/5\/2023\/08\/entrada-castillo-de-Castelldefels.png","datePublished":"2023-08-14T09:10:16+00:00","dateModified":"2025-10-21T09:37:34+00:00","description":"\u5728\u5361\u65af\u7279\u5c14\u5fb7\u8d39\u5c14\u65af\uff08Castelldefels\uff09\u63a2\u5bfb\u6d77\u76d7\u7684\u79d8\u5bc6\u3002\u5386\u53f2\u4e4b\u65c5\uff0c\u52a0\u6cf0\u7f57\u5c3c\u4e9a\u6d77\u76d7\u5386\u53f2\u4e4b\u65c5\uff0c\u8fdb\u5165\u57ce\u5821\u3002.","breadcrumb":{"@id":"https:\/\/tectickets.es\/cn\/producto\/piratas-torres-y-castillos-con-entrada\/#breadcrumb"},"inLanguage":"zh-Hans","potentialAction":[{"@type":"ReadAction","target":["https:\/\/tectickets.es\/cn\/producto\/piratas-torres-y-castillos-con-entrada\/"]}]},{"@type":"ImageObject","inLanguage":"zh-Hans","@id":"https:\/\/tectickets.es\/cn\/producto\/piratas-torres-y-castillos-con-entrada\/#primaryimage","url":"https:\/\/tectickets.es\/cn\/wp-content\/uploads\/sites\/5\/2023\/08\/entrada-castillo-de-Castelldefels.png","contentUrl":"https:\/\/tectickets.es\/cn\/wp-content\/uploads\/sites\/5\/2023\/08\/entrada-castillo-de-Castelldefels.png","width":1024,"height":768,"caption":"entrada castillo de Castelldefels"},{"@type":"BreadcrumbList","@id":"https:\/\/tectickets.es\/cn\/producto\/piratas-torres-y-castillos-con-entrada\/#breadcrumb","itemListElement":[{"@type":"ListItem","position":1,"name":"Portada","item":"https:\/\/tectickets.es\/cn\/"},{"@type":"ListItem","position":2,"name":"Tienda","item":"https:\/\/tectickets.es\/cn\/tienda\/"},{"@type":"ListItem","position":3,"name":"Castelldefels: Piratas Torres y Castillos + Entrada"}]},{"@type":"WebSite","@id":"https:\/\/tectickets.es\/cn\/#website","url":"https:\/\/tectickets.es\/cn\/","name":"Tectickets CN","description":"\u53ea\u9700\u70b9\u51fb\u4e00\u4e0b\uff0c\u5373\u53ef\u63a2\u7d22\u65c5\u6e38\u3001\u6d3b\u52a8\u548c\u6587\u5316\u4e16\u754c\uff01","publisher":{"@id":"https:\/\/tectickets.es\/cn\/#organization"},"potentialAction":[{"@type":"SearchAction","target":{"@type":"EntryPoint","urlTemplate":"https:\/\/tectickets.es\/cn\/?s={search_term_string}"},"query-input":{"@type":"PropertyValueSpecification","valueRequired":true,"valueName":"search_term_string"}}],"inLanguage":"zh-Hans"},{"@type":"Organization","@id":"https:\/\/tectickets.es\/cn\/#organization","name":"el teu tiquet.sl","url":"https:\/\/tectickets.es\/cn\/","logo":{"@type":"ImageObject","inLanguage":"zh-Hans","@id":"https:\/\/tectickets.es\/cn\/#\/schema\/logo\/image\/","url":"https:\/\/tectickets.es\/cn\/wp-content\/uploads\/sites\/5\/2023\/06\/cropped-Agregar-un-titulo-800-\u00d7-600-px.png","contentUrl":"https:\/\/tectickets.es\/cn\/wp-content\/uploads\/sites\/5\/2023\/06\/cropped-Agregar-un-titulo-800-\u00d7-600-px.png","width":733,"height":334,"caption":"el teu tiquet.sl"},"image":{"@id":"https:\/\/tectickets.es\/cn\/#\/schema\/logo\/image\/"},"sameAs":["https:\/\/www.instagram.com\/tectickets\/","https:\/\/x.com\/tectickets","https:\/\/www.pinterest.es\/tectickets\/","https:\/\/www.tiktok.com\/@tectickets","https:\/\/www.youtube.com\/@TecTickets"],"publishingPrinciples":"https:\/\/tectickets.es\/cn\/reembolso_devoluciones\/","ownershipFundingInfo":"https:\/\/tectickets.es\/cn\/contacto\/","actionableFeedbackPolicy":"https:\/\/tectickets.es\/cn\/condiciones-generales\/"}]},"product_price_amount":"10.00","product_price_currency":"EUR","og_availability":"instock","product_availability":"instock","product_condition":"new"},"_links":{"self":[{"href":"https:\/\/tectickets.es\/cn\/zh\/wp-json\/wp\/v2\/product\/1343","targetHints":{"allow":["GET"]}}],"collection":[{"href":"https:\/\/tectickets.es\/cn\/zh\/wp-json\/wp\/v2\/product"}],"about":[{"href":"https:\/\/tectickets.es\/cn\/zh\/wp-json\/wp\/v2\/types\/product"}],"replies":[{"embeddable":true,"href":"https:\/\/tectickets.es\/cn\/zh\/wp-json\/wp\/v2\/comments?post=1343"}],"version-history":[{"count":1,"href":"https:\/\/tectickets.es\/cn\/zh\/wp-json\/wp\/v2\/product\/1343\/revisions"}],"predecessor-version":[{"id":7545,"href":"https:\/\/tectickets.es\/cn\/zh\/wp-json\/wp\/v2\/product\/1343\/revisions\/7545"}],"wp:featuredmedia":[{"embeddable":true,"href":"https:\/\/tectickets.es\/cn\/zh\/wp-json\/wp\/v2\/media\/2467"}],"wp:attachment":[{"href":"https:\/\/tectickets.es\/cn\/zh\/wp-json\/wp\/v2\/media?parent=1343"}],"wp:term":[{"taxonomy":"product_brand","embeddable":true,"href":"https:\/\/tectickets.es\/cn\/zh\/wp-json\/wp\/v2\/product_brand?post=1343"},{"taxonomy":"product_cat","embeddable":true,"href":"https:\/\/tectickets.es\/cn\/zh\/wp-json\/wp\/v2\/product_cat?post=1343"},{"taxonomy":"product_tag","embeddable":true,"href":"https:\/\/tectickets.es\/cn\/zh\/wp-json\/wp\/v2\/product_tag?post=1343"},{"taxonomy":"tipo-de-experiencia","embeddable":true,"href":"https:\/\/tectickets.es\/cn\/zh\/wp-json\/wp\/v2\/tipo-de-experiencia?post=1343"}],"curies":[{"name":"wp","href":"https:\/\/api.w.org\/{rel}","templated":true}]}}