{"id":5372,"date":"2024-04-04T15:41:27","date_gmt":"2024-04-04T15:41:27","guid":{"rendered":"https:\/\/tectickets.es\/cn\/?post_type=product&#038;p=5372"},"modified":"2025-10-17T13:54:32","modified_gmt":"2025-10-17T13:54:32","slug":"%e8%88%aa%e7%a9%ba%e9%9d%99%e6%80%81%e9%a3%9e%e8%a1%8c-%e8%b5%ab%e7%bd%97%e7%ba%b3-%e8%8f%b2%e6%a0%bc%e9%9b%b7%e6%96%af","status":"publish","type":"product","link":"https:\/\/tectickets.es\/cn\/zh\/product\/%e8%88%aa%e7%a9%ba%e9%9d%99%e6%80%81%e9%a3%9e%e8%a1%8c-%e8%b5%ab%e7%bd%97%e7%ba%b3-%e8%8f%b2%e6%a0%bc%e9%9b%b7%e6%96%af\/","title":{"rendered":"\u4ece\u79d1\u6d1b\u6885\u5230\u83f2\u683c\u62c9\u65af\u7684\u70ed\u6c14\u7403\u98de\u884c"},"content":{"rendered":"<h2>\u7a7a\u4e2d\u70ed\u6c14\u7403\u63a2\u9669<\/h2>\n<p><em>\u5728\u8fd9\u6b21\u72ec\u7279\u7684\u4f53\u9a8c\u4e2d\uff0c\u60a8\u53ef\u4ee5\u4e58\u5750\u60ca\u9669\u523a\u6fc0\u7684\u70ed\u6c14\u7403\u4ece\u9ad8\u7a7a\u4fef\u77b0\u52a0\u6cf0\u7f57\u5c3c\u4e9a\u7684\u7f8e\u666f\u3002. <\/em>\u60a8\u53ef\u4ee5\u4eab\u53d7\u7684\u670d\u52a1 <strong>\u81f3\u5c11 6 \u4eba\u4e00\u7ec4<\/strong> \u4ece\u79d1\u6d1b\u6885\u5f00\u59cb\uff0c\u5230\u83f2\u683c\u96f7\u65af\u7ed3\u675f\uff0c\u6e38\u89c8\u6069\u6ce2\u5c14\u8fbe\u7684\u58ee\u4e3d\u666f\u89c2\u3002.<\/p>\n<h3><strong>\u70ed\u6c14\u7403\u98de\u884c\u7684\u539f\u7406<\/strong><\/h3>\n<p>\u4ece\u6e05\u6668\u5f00\u59cb\uff0c\u5728 <strong>\u4e0a\u5348 6:30 \u548c\u4e0a\u5348 8:00<\/strong>, \u6211\u4eec\u5728 <strong>\u7ef4\u62c9\u7279\u5c3c\u59c6<\/strong> \u5f00\u59cb\u8fd9\u6b21\u63a2\u9669\u3002\u4e58\u5750\u70ed\u6c14\u7403\u4ece 500 \u7c73\u81f3 1200 \u7c73\u7684\u9ad8\u7a7a\u5347\u7a7a\uff0c\u60a8\u5c06\u4eab\u53d7\u5230 <a href=\"https:\/\/tectickets.es\/cn\/zh\/%e6%9a%97%e7%9b%92\/%e5%b7%b4%e5%a1%9e%e7%bd%97%e9%82%a3-tibidabo-%e5%a4%a7%e8%a1%97\/\">\u5168\u666f<\/a> del Ampurd\u00e1n, desde las Islas Medas hasta el cabo de Creus, pasando por el r\u00edo Ter y los golfos de Rosas y Pals.<\/p>\n<p>Al aterrizar, te espera un reconfortante almuerzo con delicias locales como la coca de almendras y refrescantes brindis con cava para celebrar el vuelo y los recuerdos que crear\u00e1s.<\/p>\n<h3>\u611f\u53d7\u966a\u4f34\u7684\u6fc0\u60c5<\/h3>\n<p>\u8be5\u5957\u9910\u4e13\u4e3a\u4e0e\u4ee5\u4e0b\u4eba\u5458\u5206\u4eab\u63a2\u9669\u7ecf\u5386\u800c\u8bbe\u8ba1 <a href=\"https:\/\/tectickets.es\/cn\/zh\/product\/vuelo-en-globo-de-6-8-personas\/\">\u6700\u591a\u53ef\u5bb9\u7eb3 6 \u4eba<\/a>.<\/p>\n<p><em>\u4f60\u6709\u4e00\u4e2a\u66f4\u5927\u7684\u5c0f\u7ec4\uff0c\u8fd8\u662f\u6253\u7b97\u8ba9\u66f4\u5c0f\u7684\u5b69\u5b50\u53c2\u4e0e\u8fdb\u6765\uff1f <a href=\"https:\/\/tectickets.es\/cn\/zh\/%e8%a5%bf%e7%8f%ad%e7%89%99%e7%9a%84%e7%8b%ac%e7%89%b9%e4%bd%93%e9%aa%8c\/\">\u72ec\u7279\u4f53\u9a8c<\/a>?<\/em> \u6ca1\u95ee\u9898\uff01\u76f4\u63a5\u8054\u7cfb <a href=\"https:\/\/tectickets.es\/cn\/zh\/%e8%81%94%e7%b3%bb\/\">\u4f9b\u8d27\u5546<\/a> \u7d22\u53d6\u4e2a\u6027\u5316\u62a5\u4ef7\uff0c\u786e\u4fdd\u6bcf\u4e2a\u4eba\u90fd\u80fd\u53c2\u52a0\u8fd9\u6b21\u96be\u5fd8\u7684\u6069\u6ce2\u8fbe\u4e0a\u7a7a\u70ed\u6c14\u7403\u63a2\u9669\u3002.<\/p>\n<h2><strong>\u5171\u4eab\u70ed\u6c14\u7403\u98de\u884c\uff1a\u79d1\u6d1b\u6885\u65af\u81f3\u83f2\u683c\u62c9\u65af<\/strong><\/h2>\n<ul>\n<li><strong>\u51fa\u53e3\uff1a<\/strong> \u4ece Colomers \u51fa\u53d1\uff0c6:30 \u65f6\u81f3 8:00 \u65f6\u3002.<\/li>\n<li><strong>\u96c6\u5408\u5730\u70b9<\/strong> Parc del Ter, s\/n, 17144 Colomers, Girona.<\/li>\n<li><strong>\u96be\u5fd8\u7684\u7f8e\u666f<\/strong> \u4ece 500 \u7c73\u81f3 1200 \u7c73\u7684\u9ad8\u5904\u6b23\u8d4f\u6069\u6ce2\u5c14\u8fbe\u3002.<\/li>\n<li><strong>\u7279\u8272\u76ee\u7684\u5730\uff1a<\/strong> \u6885\u5fb7\u65af\u7fa4\u5c9b\u3001\u7279\u5c14\u6cb3\u3001\u73ab\u7470\u6e7e\u3001\u5e15\u5c14\u65af\u6e7e\u3001\u514b\u9c81\u65af\u89d2\u3002.<\/li>\n<li><strong>\u98de\u884c\u540e\uff1a<\/strong> \u5348\u9910\u914d\u674f\u4ec1\u86cb\u7cd5\u548c\u6c14\u6ce1\u9152\u3002.<\/li>\n<li><strong>\u5b83\u5305\u62ec<\/strong> 60 \u5206\u949f\u98de\u884c\u3001\u4e2a\u6027\u5316\u7167\u7247\u78c1\u94c1\u3001GPS \u98de\u884c\u8bb0\u5f55\u3001\u4e13\u4e1a\u7167\u7247\u62a5\u544a\u3001\u6c14\u6ce1\u9152\u548c\u674f\u4ec1\u86cb\u7cd5\u3002.<\/li>\n<li><strong>5 \u5c81\u4ee5\u4e0a\u513f\u7ae5\u3002.<\/strong><\/li>\n<\/ul>","protected":false},"excerpt":{"rendered":"<ul>\n<li>\u4f53\u9a8c\u98de\u884c\u7684\u5feb\u611f\u4e58\u5750\u98de\u673a\u4ece\u9ad8\u7a7a\u63a2\u7d22\u6069\u6ce2\u5c14\u8fbe <a href=\"https:\/\/tectickets.es\/cn\/zh\/product\/vuelo-en-globo-estandar-minimo-5-personas\/\">\u70ed\u6c14\u7403\u98de\u884c<\/a> \u4ece\u8d6b\u7f57\u7eb3\u5230\u83f2\u683c\u62c9\u65af.<\/li>\n<li>\u65e5\u51fa\u63a2\u9669\uff1a\u65e9\u4e0a 6:30 \u81f3 8:00\uff0c\u4ece\u79d1\u6d1b\u6885\u8d77\u98de\uff0c\u6b23\u8d4f\u6069\u6ce2\u8fbe\u7684\u5947\u89c2\u3002.<\/li>\n<li>\u6355\u6349\u6bcf\u4e00\u4e2a\u77ac\u95f4\uff1a\u4eab\u53d7 60 \u5206\u949f\u7684\u5171\u4eab\u98de\u884c\uff0c\u5e76\u9644\u5e26\u4e2a\u6027\u5316\u78c1\u94c1\u7167\u7247\u548c\u5b8c\u6574\u7684\u7167\u7247\u62a5\u544a\u3002.<\/li>\n<li>\u4e3a\u63a2\u9669\u5e72\u676f\uff1a\u7740\u9646\u540e\uff0c\u4eab\u7528\u4f20\u7edf\u7684\u674f\u4ec1\u86cb\u7cd5\u548c\u5361\u74e6\u9152\u5e72\u676f\u5348\u9910\u3002.<\/li>\n<\/ul>","protected":false},"featured_media":5364,"comment_status":"open","ping_status":"closed","template":"","meta":[],"product_brand":[],"product_cat":[166,207],"product_tag":[],"tipo-de-experiencia":[66,53],"class_list":{"0":"post-5372","1":"product","2":"type-product","3":"status-publish","4":"has-post-thumbnail","6":"product_cat-girona","7":"product_cat-parc-del-ter","8":"tipo-de-experiencia-atracciones","9":"tipo-de-experiencia-tour-guiado","11":"first","12":"instock","13":"sale","14":"shipping-taxable","15":"product-type-external"},"yoast_head":"<!-- This site is optimized with the Yoast SEO Premium plugin v24.5 (Yoast SEO v27.4) - https:\/\/yoast.com\/product\/yoast-seo-premium-wordpress\/ -->\n<title>Vuelo en Globo de Colomer a Figueras - Tectickets CN<\/title>\n<meta name=\"description\" content=\"Elev\u00e1ndonos entre 500 y 1200 metros sobre el suelo, con vistas panor\u00e1micas impresionantes, desde las majestuosas Islas Medas hasta el cabo de Creus.\" \/>\n<meta name=\"robots\" content=\"index, follow, max-snippet:-1, max-image-preview:large, max-video-preview:-1\" \/>\n<link rel=\"canonical\" href=\"https:\/\/tectickets.es\/cn\/zh\/product\/\u822a\u7a7a\u9759\u6001\u98de\u884c-\u8d6b\u7f57\u7eb3-\u83f2\u683c\u96f7\u65af\/\" \/>\n<meta property=\"og:locale\" content=\"zh_CN\" \/>\n<meta property=\"og:type\" content=\"article\" \/>\n<meta property=\"og:title\" content=\"Vuelo en Globo de Colomer a Figueras\" \/>\n<meta property=\"og:description\" content=\"Elev\u00e1ndonos entre 500 y 1200 metros sobre el suelo, con vistas panor\u00e1micas impresionantes, desde las majestuosas Islas Medas hasta el cabo de Creus.\" \/>\n<meta property=\"og:url\" content=\"https:\/\/tectickets.es\/cn\/zh\/product\/\u822a\u7a7a\u9759\u6001\u98de\u884c-\u8d6b\u7f57\u7eb3-\u83f2\u683c\u96f7\u65af\/\" \/>\n<meta property=\"og:site_name\" content=\"Tectickets CN\" \/>\n<meta property=\"article:publisher\" content=\"https:\/\/www.instagram.com\/tectickets\/\" \/>\n<meta property=\"article:modified_time\" content=\"2025-10-17T13:54:32+00:00\" \/>\n<meta property=\"og:image\" content=\"https:\/\/tectickets.es\/cn\/wp-content\/uploads\/sites\/5\/2024\/02\/5-2.jpg\" \/>\n\t<meta property=\"og:image:width\" content=\"1024\" \/>\n\t<meta property=\"og:image:height\" content=\"768\" \/>\n\t<meta property=\"og:image:type\" content=\"image\/jpeg\" \/>\n<meta name=\"twitter:card\" content=\"summary_large_image\" \/>\n<meta name=\"twitter:site\" content=\"@tectickets\" \/>\n<meta name=\"twitter:label1\" content=\"Price\" \/>\n\t<meta name=\"twitter:data1\" content=\"153,00&nbsp;\u20ac\" \/>\n\t<meta name=\"twitter:label2\" content=\"Availability\" \/>\n\t<meta name=\"twitter:data2\" content=\"In stock\" \/>\n<script type=\"application\/ld+json\" class=\"yoast-schema-graph\">{\"@context\":\"https:\\\/\\\/schema.org\",\"@graph\":[{\"@type\":\"WebPage\",\"@id\":\"https:\\\/\\\/tectickets.es\\\/cn\\\/producto\\\/vuelo-aeroestatico-girona-figueres\\\/\",\"url\":\"https:\\\/\\\/tectickets.es\\\/cn\\\/producto\\\/vuelo-aeroestatico-girona-figueres\\\/\",\"name\":\"Vuelo en Globo de Colomer a Figueras - Tectickets CN\",\"isPartOf\":{\"@id\":\"https:\\\/\\\/tectickets.es\\\/cn\\\/#website\"},\"primaryImageOfPage\":{\"@id\":\"https:\\\/\\\/tectickets.es\\\/cn\\\/producto\\\/vuelo-aeroestatico-girona-figueres\\\/#primaryimage\"},\"image\":{\"@id\":\"https:\\\/\\\/tectickets.es\\\/cn\\\/producto\\\/vuelo-aeroestatico-girona-figueres\\\/#primaryimage\"},\"thumbnailUrl\":\"https:\\\/\\\/tectickets.es\\\/cn\\\/wp-content\\\/uploads\\\/sites\\\/5\\\/2024\\\/02\\\/5-2.jpg\",\"datePublished\":\"2024-04-04T15:41:27+00:00\",\"dateModified\":\"2025-10-17T13:54:32+00:00\",\"description\":\"Elev\u00e1ndonos entre 500 y 1200 metros sobre el suelo, con vistas panor\u00e1micas impresionantes, desde las majestuosas Islas Medas hasta el cabo de Creus.\",\"breadcrumb\":{\"@id\":\"https:\\\/\\\/tectickets.es\\\/cn\\\/producto\\\/vuelo-aeroestatico-girona-figueres\\\/#breadcrumb\"},\"inLanguage\":\"zh-Hans\",\"potentialAction\":[{\"@type\":\"ReadAction\",\"target\":[\"https:\\\/\\\/tectickets.es\\\/cn\\\/producto\\\/vuelo-aeroestatico-girona-figueres\\\/\"]}]},{\"@type\":\"ImageObject\",\"inLanguage\":\"zh-Hans\",\"@id\":\"https:\\\/\\\/tectickets.es\\\/cn\\\/producto\\\/vuelo-aeroestatico-girona-figueres\\\/#primaryimage\",\"url\":\"https:\\\/\\\/tectickets.es\\\/cn\\\/wp-content\\\/uploads\\\/sites\\\/5\\\/2024\\\/02\\\/5-2.jpg\",\"contentUrl\":\"https:\\\/\\\/tectickets.es\\\/cn\\\/wp-content\\\/uploads\\\/sites\\\/5\\\/2024\\\/02\\\/5-2.jpg\",\"width\":1024,\"height\":768,\"caption\":\"Emb\u00e1rcate en un emocionante vuelo en globo sobre el hermoso paisaje catal\u00e1n del Empord\u00e0. Disfruta de vistas panor\u00e1micas impresionantes mientras te elevas entre las nubes. Una experiencia inolvidable llena de aventura y belleza natural.\"},{\"@type\":\"BreadcrumbList\",\"@id\":\"https:\\\/\\\/tectickets.es\\\/cn\\\/producto\\\/vuelo-aeroestatico-girona-figueres\\\/#breadcrumb\",\"itemListElement\":[{\"@type\":\"ListItem\",\"position\":1,\"name\":\"Portada\",\"item\":\"https:\\\/\\\/tectickets.es\\\/cn\\\/\"},{\"@type\":\"ListItem\",\"position\":2,\"name\":\"Tienda\",\"item\":\"https:\\\/\\\/tectickets.es\\\/cn\\\/tienda\\\/\"},{\"@type\":\"ListItem\",\"position\":3,\"name\":\"Vuelo en Globo de Colomer a Figueras\"}]},{\"@type\":\"WebSite\",\"@id\":\"https:\\\/\\\/tectickets.es\\\/cn\\\/#website\",\"url\":\"https:\\\/\\\/tectickets.es\\\/cn\\\/\",\"name\":\"Tectickets CN\",\"description\":\"\u53ea\u9700\u70b9\u51fb\u4e00\u4e0b\uff0c\u5373\u53ef\u63a2\u7d22\u65c5\u6e38\u3001\u6d3b\u52a8\u548c\u6587\u5316\u4e16\u754c\uff01\",\"publisher\":{\"@id\":\"https:\\\/\\\/tectickets.es\\\/cn\\\/#organization\"},\"potentialAction\":[{\"@type\":\"SearchAction\",\"target\":{\"@type\":\"EntryPoint\",\"urlTemplate\":\"https:\\\/\\\/tectickets.es\\\/cn\\\/?s={search_term_string}\"},\"query-input\":{\"@type\":\"PropertyValueSpecification\",\"valueRequired\":true,\"valueName\":\"search_term_string\"}}],\"inLanguage\":\"zh-Hans\"},{\"@type\":\"Organization\",\"@id\":\"https:\\\/\\\/tectickets.es\\\/cn\\\/#organization\",\"name\":\"el teu tiquet.sl\",\"url\":\"https:\\\/\\\/tectickets.es\\\/cn\\\/\",\"logo\":{\"@type\":\"ImageObject\",\"inLanguage\":\"zh-Hans\",\"@id\":\"https:\\\/\\\/tectickets.es\\\/cn\\\/#\\\/schema\\\/logo\\\/image\\\/\",\"url\":\"https:\\\/\\\/tectickets.es\\\/cn\\\/wp-content\\\/uploads\\\/sites\\\/5\\\/2023\\\/06\\\/cropped-Agregar-un-titulo-800-\u00d7-600-px.png\",\"contentUrl\":\"https:\\\/\\\/tectickets.es\\\/cn\\\/wp-content\\\/uploads\\\/sites\\\/5\\\/2023\\\/06\\\/cropped-Agregar-un-titulo-800-\u00d7-600-px.png\",\"width\":733,\"height\":334,\"caption\":\"el teu tiquet.sl\"},\"image\":{\"@id\":\"https:\\\/\\\/tectickets.es\\\/cn\\\/#\\\/schema\\\/logo\\\/image\\\/\"},\"sameAs\":[\"https:\\\/\\\/www.instagram.com\\\/tectickets\\\/\",\"https:\\\/\\\/x.com\\\/tectickets\",\"https:\\\/\\\/www.pinterest.es\\\/tectickets\\\/\",\"https:\\\/\\\/www.tiktok.com\\\/@tectickets\",\"https:\\\/\\\/www.youtube.com\\\/@TecTickets\"],\"publishingPrinciples\":\"https:\\\/\\\/tectickets.es\\\/cn\\\/reembolso_devoluciones\\\/\",\"ownershipFundingInfo\":\"https:\\\/\\\/tectickets.es\\\/cn\\\/contacto\\\/\",\"actionableFeedbackPolicy\":\"https:\\\/\\\/tectickets.es\\\/cn\\\/condiciones-generales\\\/\"}]}<\/script>\n<meta property=\"product:price:amount\" content=\"153.00\" \/>\n<meta property=\"product:price:currency\" content=\"EUR\" \/>\n<meta property=\"og:availability\" content=\"instock\" \/>\n<meta property=\"product:availability\" content=\"instock\" \/>\n<meta property=\"product:condition\" content=\"new\" \/>\n<!-- \/ Yoast SEO Premium plugin. -->","yoast_head_json":{"title":"\u4ece\u79d1\u6d1b\u6885\u5230\u83f2\u683c\u62c9\u65af\u7684\u70ed\u6c14\u7403\u98de\u884c - Tectickets CN","description":"\u6d77\u62d4\u5728 500 \u7c73\u81f3 1200 \u7c73\u4e4b\u95f4\uff0c\u4ece\u96c4\u4f1f\u7684\u6885\u5fb7\u65af\u7fa4\u5c9b\u5230\u514b\u91cc\u4e4c\u65af\u89d2\uff0c\u90fd\u80fd\u5c3d\u6536\u773c\u5e95\u3002.","robots":{"index":"index","follow":"follow","max-snippet":"max-snippet:-1","max-image-preview":"max-image-preview:large","max-video-preview":"max-video-preview:-1"},"canonical":"https:\/\/tectickets.es\/cn\/zh\/product\/\u822a\u7a7a\u9759\u6001\u98de\u884c-\u8d6b\u7f57\u7eb3-\u83f2\u683c\u96f7\u65af\/","og_locale":"zh_CN","og_type":"article","og_title":"Vuelo en Globo de Colomer a Figueras","og_description":"Elev\u00e1ndonos entre 500 y 1200 metros sobre el suelo, con vistas panor\u00e1micas impresionantes, desde las majestuosas Islas Medas hasta el cabo de Creus.","og_url":"https:\/\/tectickets.es\/cn\/zh\/product\/\u822a\u7a7a\u9759\u6001\u98de\u884c-\u8d6b\u7f57\u7eb3-\u83f2\u683c\u96f7\u65af\/","og_site_name":"Tectickets CN","article_publisher":"https:\/\/www.instagram.com\/tectickets\/","article_modified_time":"2025-10-17T13:54:32+00:00","og_image":[{"width":1024,"height":768,"url":"https:\/\/tectickets.es\/cn\/wp-content\/uploads\/sites\/5\/2024\/02\/5-2.jpg","type":"image\/jpeg"}],"twitter_card":"summary_large_image","twitter_site":"@tectickets","twitter_misc":{"Price":"153,00&nbsp;\u20ac","Availability":"In stock"},"schema":{"@context":"https:\/\/schema.org","@graph":[{"@type":"WebPage","@id":"https:\/\/tectickets.es\/cn\/producto\/vuelo-aeroestatico-girona-figueres\/","url":"https:\/\/tectickets.es\/cn\/producto\/vuelo-aeroestatico-girona-figueres\/","name":"\u4ece\u79d1\u6d1b\u6885\u5230\u83f2\u683c\u62c9\u65af\u7684\u70ed\u6c14\u7403\u98de\u884c - Tectickets CN","isPartOf":{"@id":"https:\/\/tectickets.es\/cn\/#website"},"primaryImageOfPage":{"@id":"https:\/\/tectickets.es\/cn\/producto\/vuelo-aeroestatico-girona-figueres\/#primaryimage"},"image":{"@id":"https:\/\/tectickets.es\/cn\/producto\/vuelo-aeroestatico-girona-figueres\/#primaryimage"},"thumbnailUrl":"https:\/\/tectickets.es\/cn\/wp-content\/uploads\/sites\/5\/2024\/02\/5-2.jpg","datePublished":"2024-04-04T15:41:27+00:00","dateModified":"2025-10-17T13:54:32+00:00","description":"\u6d77\u62d4\u5728 500 \u7c73\u81f3 1200 \u7c73\u4e4b\u95f4\uff0c\u4ece\u96c4\u4f1f\u7684\u6885\u5fb7\u65af\u7fa4\u5c9b\u5230\u514b\u91cc\u4e4c\u65af\u89d2\uff0c\u90fd\u80fd\u5c3d\u6536\u773c\u5e95\u3002.","breadcrumb":{"@id":"https:\/\/tectickets.es\/cn\/producto\/vuelo-aeroestatico-girona-figueres\/#breadcrumb"},"inLanguage":"zh-Hans","potentialAction":[{"@type":"ReadAction","target":["https:\/\/tectickets.es\/cn\/producto\/vuelo-aeroestatico-girona-figueres\/"]}]},{"@type":"ImageObject","inLanguage":"zh-Hans","@id":"https:\/\/tectickets.es\/cn\/producto\/vuelo-aeroestatico-girona-figueres\/#primaryimage","url":"https:\/\/tectickets.es\/cn\/wp-content\/uploads\/sites\/5\/2024\/02\/5-2.jpg","contentUrl":"https:\/\/tectickets.es\/cn\/wp-content\/uploads\/sites\/5\/2024\/02\/5-2.jpg","width":1024,"height":768,"caption":"Emb\u00e1rcate en un emocionante vuelo en globo sobre el hermoso paisaje catal\u00e1n del Empord\u00e0. Disfruta de vistas panor\u00e1micas impresionantes mientras te elevas entre las nubes. Una experiencia inolvidable llena de aventura y belleza natural."},{"@type":"BreadcrumbList","@id":"https:\/\/tectickets.es\/cn\/producto\/vuelo-aeroestatico-girona-figueres\/#breadcrumb","itemListElement":[{"@type":"ListItem","position":1,"name":"Portada","item":"https:\/\/tectickets.es\/cn\/"},{"@type":"ListItem","position":2,"name":"Tienda","item":"https:\/\/tectickets.es\/cn\/tienda\/"},{"@type":"ListItem","position":3,"name":"Vuelo en Globo de Colomer a Figueras"}]},{"@type":"WebSite","@id":"https:\/\/tectickets.es\/cn\/#website","url":"https:\/\/tectickets.es\/cn\/","name":"Tectickets CN","description":"\u53ea\u9700\u70b9\u51fb\u4e00\u4e0b\uff0c\u5373\u53ef\u63a2\u7d22\u65c5\u6e38\u3001\u6d3b\u52a8\u548c\u6587\u5316\u4e16\u754c\uff01","publisher":{"@id":"https:\/\/tectickets.es\/cn\/#organization"},"potentialAction":[{"@type":"SearchAction","target":{"@type":"EntryPoint","urlTemplate":"https:\/\/tectickets.es\/cn\/?s={search_term_string}"},"query-input":{"@type":"PropertyValueSpecification","valueRequired":true,"valueName":"search_term_string"}}],"inLanguage":"zh-Hans"},{"@type":"Organization","@id":"https:\/\/tectickets.es\/cn\/#organization","name":"el teu tiquet.sl","url":"https:\/\/tectickets.es\/cn\/","logo":{"@type":"ImageObject","inLanguage":"zh-Hans","@id":"https:\/\/tectickets.es\/cn\/#\/schema\/logo\/image\/","url":"https:\/\/tectickets.es\/cn\/wp-content\/uploads\/sites\/5\/2023\/06\/cropped-Agregar-un-titulo-800-\u00d7-600-px.png","contentUrl":"https:\/\/tectickets.es\/cn\/wp-content\/uploads\/sites\/5\/2023\/06\/cropped-Agregar-un-titulo-800-\u00d7-600-px.png","width":733,"height":334,"caption":"el teu tiquet.sl"},"image":{"@id":"https:\/\/tectickets.es\/cn\/#\/schema\/logo\/image\/"},"sameAs":["https:\/\/www.instagram.com\/tectickets\/","https:\/\/x.com\/tectickets","https:\/\/www.pinterest.es\/tectickets\/","https:\/\/www.tiktok.com\/@tectickets","https:\/\/www.youtube.com\/@TecTickets"],"publishingPrinciples":"https:\/\/tectickets.es\/cn\/reembolso_devoluciones\/","ownershipFundingInfo":"https:\/\/tectickets.es\/cn\/contacto\/","actionableFeedbackPolicy":"https:\/\/tectickets.es\/cn\/condiciones-generales\/"}]},"product_price_amount":"153.00","product_price_currency":"EUR","og_availability":"instock","product_availability":"instock","product_condition":"new"},"_links":{"self":[{"href":"https:\/\/tectickets.es\/cn\/zh\/wp-json\/wp\/v2\/product\/5372","targetHints":{"allow":["GET"]}}],"collection":[{"href":"https:\/\/tectickets.es\/cn\/zh\/wp-json\/wp\/v2\/product"}],"about":[{"href":"https:\/\/tectickets.es\/cn\/zh\/wp-json\/wp\/v2\/types\/product"}],"replies":[{"embeddable":true,"href":"https:\/\/tectickets.es\/cn\/zh\/wp-json\/wp\/v2\/comments?post=5372"}],"version-history":[{"count":1,"href":"https:\/\/tectickets.es\/cn\/zh\/wp-json\/wp\/v2\/product\/5372\/revisions"}],"predecessor-version":[{"id":7399,"href":"https:\/\/tectickets.es\/cn\/zh\/wp-json\/wp\/v2\/product\/5372\/revisions\/7399"}],"wp:featuredmedia":[{"embeddable":true,"href":"https:\/\/tectickets.es\/cn\/zh\/wp-json\/wp\/v2\/media\/5364"}],"wp:attachment":[{"href":"https:\/\/tectickets.es\/cn\/zh\/wp-json\/wp\/v2\/media?parent=5372"}],"wp:term":[{"taxonomy":"product_brand","embeddable":true,"href":"https:\/\/tectickets.es\/cn\/zh\/wp-json\/wp\/v2\/product_brand?post=5372"},{"taxonomy":"product_cat","embeddable":true,"href":"https:\/\/tectickets.es\/cn\/zh\/wp-json\/wp\/v2\/product_cat?post=5372"},{"taxonomy":"product_tag","embeddable":true,"href":"https:\/\/tectickets.es\/cn\/zh\/wp-json\/wp\/v2\/product_tag?post=5372"},{"taxonomy":"tipo-de-experiencia","embeddable":true,"href":"https:\/\/tectickets.es\/cn\/zh\/wp-json\/wp\/v2\/tipo-de-experiencia?post=5372"}],"curies":[{"name":"wp","href":"https:\/\/api.w.org\/{rel}","templated":true}]}}