{"id":5443,"date":"2024-04-05T10:10:55","date_gmt":"2024-04-05T10:10:55","guid":{"rendered":"https:\/\/tectickets.es\/cn\/?post_type=product&#038;p=5443"},"modified":"2025-10-17T13:53:11","modified_gmt":"2025-10-17T13:53:11","slug":"%e5%ae%b6%e5%ba%ad%e7%83%ad%e6%b0%94%e7%90%83%e9%a3%9e%e8%a1%8c","status":"publish","type":"product","link":"https:\/\/tectickets.es\/cn\/zh\/product\/%e5%ae%b6%e5%ba%ad%e7%83%ad%e6%b0%94%e7%90%83%e9%a3%9e%e8%a1%8c\/","title":{"rendered":"\u5bb6\u5ead\u70ed\u6c14\u7403\u98de\u884c"},"content":{"rendered":"<h2>\u4e0e\u5bb6\u4eba\u4ece\u9ad8\u5904\u6b23\u8d4f\u6069\u6ce2\u5c14\u8fbe\u98ce\u666f<\/h2>\n<p><em>\u60a8\u60f3\u4e0e\u5bb6\u4eba\u5206\u4eab\u96be\u5fd8\u7684\u7ecf\u5386\u5417\uff1f <\/em>\u52a0\u5165\u6211\u4eec\u7684\u884c\u5217\uff0c\u5728\u6069\u6ce2\u8fbe\u4e0a\u7a7a\u4f53\u9a8c\u6fc0\u52a8\u4eba\u5fc3\u7684\u70ed\u6c14\u7403\u98de\u884c\u3002.<\/p>\n<h4><strong>\u4e0e\u5bb6\u4eba\u4e00\u8d77\u8fdb\u884c\u72ec\u7279\u7684\u63a2\u9669<\/strong><\/h4>\n<p>\u4ece\u9ad8\u5904\u63a2\u7d22\u6069\u6ce2\u5c14\u8fbe\u7684\u7f8e\u666f\u3002\u4ece\u6e05\u6668\u5f00\u59cb\uff0c\u5728\u5915\u9633\u4e0e\u5915\u9633\u4e4b\u95f4\uff0c\u5728\u5915\u9633\u4e0e\u5915\u9633\u4e4b\u95f4\uff0c\u5728\u5915\u9633\u4e0e\u5915\u9633\u4e4b\u95f4\u3002 <strong>\u4e0a\u5348 6:30 \u548c\u4e0a\u5348 8:00<\/strong>, \u6211\u4eec\u5728 <b>\u79d1\u6d1b\u6885 <\/b>\u5f00\u59cb\u8fd9\u6b21\u63a2\u9669\u3002  \u6211\u4eec\u7684 <a href=\"https:\/\/tectickets.es\/cn\/zh\/product\/vuelo-en-globo-estandar-minimo-5-personas\/\">\u70ed\u6c14\u7403\u98de\u884c<\/a> \u5bb6\u5ead\u5ea6\u5047\u662f\u4e0e\u7231\u4eba\u4e00\u8d77\u521b\u9020\u6c38\u6052\u56de\u5fc6\u7684\u5b8c\u7f8e\u9009\u62e9\u3002\u4ece\u96c4\u4f1f\u7684\u6885\u5fb7\u65af\u7fa4\u5c9b\u5230\u5b81\u9759\u7684\u7279\u5c14\u6cb3\uff0c\u60a8\u5c06\u4eab\u53d7\u5230 <a href=\"https:\/\/tectickets.es\/cn\/zh\/%e6%9a%97%e7%9b%92\/%e5%b7%b4%e5%a1%9e%e7%bd%97%e9%82%a3-tibidabo-%e5%a4%a7%e8%a1%97\/\">\u5168\u666f<\/a> del Ampurd\u00e1n.<\/p>\n<p>La actividad dura aproximadamente 60 minutos, sujeta a condiciones clim\u00e1ticas. Al aterrizar, disfrutar\u00e1s de un delicioso almuerzo con coca de almendras y zumos, acompa\u00f1ado de un brindis con cava para celebrar la experiencia.<\/p>\n<p>El precio del <a href=\"https:\/\/tectickets.es\/cn\/zh\/product\/%e6%b5%aa%e6%bc%ab%e6%8e%a2%e9%99%a9%e7%83%ad%e6%b0%94%e7%90%83%e4%b9%8b%e6%97%85-ampurdan\/\">\u4e58\u5750\u70ed\u6c14\u7403<\/a> \u4ee5\u5bb6\u5ead\u4e3a\u5355\u4f4d\uff0c\u5305\u62ec\u4e2a\u6027\u5316\u7167\u7247\u78c1\u94c1\u3001GPS \u98de\u884c\u8bb0\u5f55\u3001\u7167\u7247\u62a5\u544a\u3001\u6c14\u6ce1\u9152\u548c\u674f\u4ec1\u86cb\u7cd5\u3002.<\/p>\n<h4>\u5305<\/h4>\n<ol>\n<li><strong><a href=\"https:\/\/tectickets.es\/cn\/zh\/product\/%e8%88%aa%e7%a9%ba%e9%9d%99%e6%80%81%e9%a3%9e%e8%a1%8c-%e8%b5%ab%e7%bd%97%e7%ba%b3-%e8%8f%b2%e6%a0%bc%e9%9b%b7%e6%96%af\/\">\u70ed\u6c14\u7403<\/a> \u5bb6\u5ead\uff082 \u540d\u6210\u4eba\u548c 1 \u540d\u513f\u7ae5\u3002\uff09<\/strong><\/li>\n<\/ol>\n<ul data-sourcepos=\"13:1-18:0\">\n<li data-sourcepos=\"14:1-14:27\"><strong>\u4ef7\u683c<\/strong>\u00a0\u65e0\u6cd5\u6297\u62d2\u3002.<\/li>\n<li data-sourcepos=\"15:1-15:37\"><strong>\u98de\u884c\u65f6\u95f4<\/strong>\u00a060 \u5206\u949f.<\/li>\n<li data-sourcepos=\"17:1-18:0\"><strong>\u673a\u7968\u6709\u6548\u671f\uff1a<\/strong>\u00a02 \u5e74\u3002.<\/li>\n<\/ul>\n<ol>\n<li><strong><a href=\"https:\/\/tectickets.es\/cn\/zh\/product\/vuelo-en-globo-estandar-minimo-5-personas\/\">\u70ed\u6c14\u7403<\/a> \u5bb6\u5ead\uff082 \u540d\u6210\u4eba\u548c 2 \u540d\u513f\u7ae5\uff09<\/strong><\/li>\n<\/ol>\n<ul data-sourcepos=\"21:1-26:0\">\n<li data-sourcepos=\"22:1-22:42\"><strong>\u4ef7\u683c<\/strong>\u00a0\u5f02\u5e38\u8ff7\u4eba\u3002.<\/li>\n<li data-sourcepos=\"22:1-22:42\"><strong>\u98de\u884c\u65f6\u95f4<\/strong>\u00a060 \u5206\u949f.<\/li>\n<li data-sourcepos=\"22:1-22:42\"><strong>\u673a\u7968\u6709\u6548\u671f\uff1a<\/strong>\u00a02 \u5e74\u3002.<\/li>\n<li data-sourcepos=\"22:1-22:42\"><\/li>\n<\/ul>\n<h2><strong>\u9884\u7559<\/strong><\/h2>\n<p>\u9884\u8ba2\u60a8\u7684 <a href=\"https:\/\/tectickets.es\/cn\/zh\/product\/vuelo-en-globo-los-viernes\/\">\u70ed\u6c14\u7403\u98de\u884c<\/a> \u73b0\u5728\u5c31\u9009\u62e9\u6700\u9002\u5408\u60a8\u65e5\u7a0b\u5b89\u6392\u7684\u65e5\u671f\u3002\u4e00\u65e6\u6211\u4eec\u6536\u5230\u60a8\u7684\u8ba2\u5355 <a href=\"https:\/\/tectickets.es\/cn\/zh\/\">\u95e8\u7968<\/a> confirmar\u00e1 tu reserva y recibir\u00e1s la confirmaci\u00f3n por correo electr\u00f3nico y WhatsApp junto con el n\u00famero de ticket.<\/p>\n<p>No dejes pasar esta oportunidad de vivir una experiencia inolvidable de <a href=\"https:\/\/tectickets.es\/cn\/zh\/product\/vuelo-en-globo-de-6-8-personas\/\">\u70ed\u6c14\u7403\u98de\u884c<\/a> \u8ddd\u79bb\u5df4\u585e\u7f57\u90a3 1 \u4e2a\u534a\u5c0f\u65f6\u8f66\u7a0b\u3002.<\/p>\n<p>&nbsp;<\/p>\n<p><em><strong>\u52a0\u5165\u6211\u4eec\uff0c\u4e0e\u60a8\u7684\u5b69\u5b50\u4e00\u8d77\u521b\u9020\u96be\u5fd8\u7684\u56de\u5fc6 <a href=\"https:\/\/tectickets.es\/cn\/zh\/%e6%9a%97%e7%9b%92\/mirando-al-cielo-sagrada-familia\/\">\u5929\u4f26<\/a> \u7684 Empord\u00e0\uff01<\/strong><\/em><\/p>","protected":false},"excerpt":{"rendered":"<ul>\n<li>\u6b23\u8d4f\u6069\u6ce2\u5c14\u8fbe\u5168\u666f\u3002.<\/li>\n<li>\ufe0f \u5348\u9910\u914d\u6c14\u6ce1\u9152\u548c\u674f\u4ec1\u86cb\u7cd5\u3002.<\/li>\n<li>\u5305\u62ec\u4e2a\u6027\u5316\u7167\u7247\u78c1\u94c1\u548c\u7167\u7247\u62a5\u544a\u3002.<\/li>\n<li>\u5171\u7528 60 \u5206\u949f\u98de\u884c\u65f6\u95f4\uff0c\u89c6\u5929\u6c14\u60c5\u51b5\u800c\u5b9a\u3002.<\/li>\n<li>\ufe0f \u5305\u62ec\u4fdd\u9669\u3002.<\/li>\n<\/ul>","protected":false},"featured_media":5488,"comment_status":"open","ping_status":"closed","template":"","meta":[],"product_brand":[],"product_cat":[166,207],"product_tag":[],"tipo-de-experiencia":[66,54,68],"class_list":{"0":"post-5443","1":"product","2":"type-product","3":"status-publish","4":"has-post-thumbnail","6":"product_cat-girona","7":"product_cat-parc-del-ter","8":"tipo-de-experiencia-atracciones","9":"tipo-de-experiencia-entradas","10":"tipo-de-experiencia-gastronomia","12":"first","13":"instock","14":"shipping-taxable","15":"product-type-external"},"yoast_head":"<!-- This site is optimized with the Yoast SEO Premium plugin v24.5 (Yoast SEO v27.5) - https:\/\/yoast.com\/product\/yoast-seo-premium-wordpress\/ -->\n<title>Vuelo en Globo Familiar - Tectickets CN<\/title>\n<meta name=\"description\" content=\"Experimenta las alturas del Ampurd\u00e1n con tu familia. \u00danete a nosotros para un inolvidable paseo en globo sobre paisajes impresionantes, complementado con un fest\u00edn despu\u00e9s del vuelo.\" \/>\n<meta name=\"robots\" content=\"index, follow, max-snippet:-1, max-image-preview:large, max-video-preview:-1\" \/>\n<link rel=\"canonical\" href=\"https:\/\/tectickets.es\/cn\/zh\/product\/\u5bb6\u5ead\u70ed\u6c14\u7403\u98de\u884c\/\" \/>\n<meta property=\"og:locale\" content=\"zh_CN\" \/>\n<meta property=\"og:type\" content=\"article\" \/>\n<meta property=\"og:title\" content=\"Vuelo en Globo Familiar\" \/>\n<meta property=\"og:description\" content=\"Experimenta las alturas del Ampurd\u00e1n con tu familia. \u00danete a nosotros para un inolvidable paseo en globo sobre paisajes impresionantes, complementado con un fest\u00edn despu\u00e9s del vuelo.\" \/>\n<meta property=\"og:url\" content=\"https:\/\/tectickets.es\/cn\/zh\/product\/\u5bb6\u5ead\u70ed\u6c14\u7403\u98de\u884c\/\" \/>\n<meta property=\"og:site_name\" content=\"Tectickets CN\" \/>\n<meta property=\"article:publisher\" content=\"https:\/\/www.instagram.com\/tectickets\/\" \/>\n<meta property=\"article:modified_time\" content=\"2025-10-17T13:53:11+00:00\" \/>\n<meta property=\"og:image\" content=\"https:\/\/tectickets.es\/cn\/wp-content\/uploads\/sites\/5\/2024\/03\/3-1.jpg\" \/>\n\t<meta property=\"og:image:width\" content=\"1024\" \/>\n\t<meta property=\"og:image:height\" content=\"768\" \/>\n\t<meta property=\"og:image:type\" content=\"image\/jpeg\" \/>\n<meta name=\"twitter:card\" content=\"summary_large_image\" \/>\n<meta name=\"twitter:site\" content=\"@tectickets\" \/>\n<meta name=\"twitter:label1\" content=\"Price\" \/>\n\t<meta name=\"twitter:data1\" content=\"\" \/>\n\t<meta name=\"twitter:label2\" content=\"Availability\" \/>\n\t<meta name=\"twitter:data2\" content=\"In stock\" \/>\n<script type=\"application\/ld+json\" class=\"yoast-schema-graph\">{\"@context\":\"https:\\\/\\\/schema.org\",\"@graph\":[{\"@type\":\"WebPage\",\"@id\":\"https:\\\/\\\/tectickets.es\\\/cn\\\/producto\\\/vuelo-en-globo-familiar\\\/\",\"url\":\"https:\\\/\\\/tectickets.es\\\/cn\\\/producto\\\/vuelo-en-globo-familiar\\\/\",\"name\":\"Vuelo en Globo Familiar - Tectickets CN\",\"isPartOf\":{\"@id\":\"https:\\\/\\\/tectickets.es\\\/cn\\\/#website\"},\"primaryImageOfPage\":{\"@id\":\"https:\\\/\\\/tectickets.es\\\/cn\\\/producto\\\/vuelo-en-globo-familiar\\\/#primaryimage\"},\"image\":{\"@id\":\"https:\\\/\\\/tectickets.es\\\/cn\\\/producto\\\/vuelo-en-globo-familiar\\\/#primaryimage\"},\"thumbnailUrl\":\"https:\\\/\\\/tectickets.es\\\/cn\\\/wp-content\\\/uploads\\\/sites\\\/5\\\/2024\\\/03\\\/3-1.jpg\",\"datePublished\":\"2024-04-05T10:10:55+00:00\",\"dateModified\":\"2025-10-17T13:53:11+00:00\",\"description\":\"Experimenta las alturas del Ampurd\u00e1n con tu familia. \u00danete a nosotros para un inolvidable paseo en globo sobre paisajes impresionantes, complementado con un fest\u00edn despu\u00e9s del vuelo.\",\"breadcrumb\":{\"@id\":\"https:\\\/\\\/tectickets.es\\\/cn\\\/producto\\\/vuelo-en-globo-familiar\\\/#breadcrumb\"},\"inLanguage\":\"zh-Hans\",\"potentialAction\":[{\"@type\":\"ReadAction\",\"target\":[\"https:\\\/\\\/tectickets.es\\\/cn\\\/producto\\\/vuelo-en-globo-familiar\\\/\"]}]},{\"@type\":\"ImageObject\",\"inLanguage\":\"zh-Hans\",\"@id\":\"https:\\\/\\\/tectickets.es\\\/cn\\\/producto\\\/vuelo-en-globo-familiar\\\/#primaryimage\",\"url\":\"https:\\\/\\\/tectickets.es\\\/cn\\\/wp-content\\\/uploads\\\/sites\\\/5\\\/2024\\\/03\\\/3-1.jpg\",\"contentUrl\":\"https:\\\/\\\/tectickets.es\\\/cn\\\/wp-content\\\/uploads\\\/sites\\\/5\\\/2024\\\/03\\\/3-1.jpg\",\"width\":1024,\"height\":768,\"caption\":\"Disfruta de momentos inolvidables en familia mientras exploras el cielo del Empord\u00e0 en un emocionante recorrido en globo aerost\u00e1tico.\"},{\"@type\":\"BreadcrumbList\",\"@id\":\"https:\\\/\\\/tectickets.es\\\/cn\\\/producto\\\/vuelo-en-globo-familiar\\\/#breadcrumb\",\"itemListElement\":[{\"@type\":\"ListItem\",\"position\":1,\"name\":\"Portada\",\"item\":\"https:\\\/\\\/tectickets.es\\\/cn\\\/\"},{\"@type\":\"ListItem\",\"position\":2,\"name\":\"Tienda\",\"item\":\"https:\\\/\\\/tectickets.es\\\/cn\\\/tienda\\\/\"},{\"@type\":\"ListItem\",\"position\":3,\"name\":\"Vuelo en Globo Familiar\"}]},{\"@type\":\"WebSite\",\"@id\":\"https:\\\/\\\/tectickets.es\\\/cn\\\/#website\",\"url\":\"https:\\\/\\\/tectickets.es\\\/cn\\\/\",\"name\":\"Tectickets CN\",\"description\":\"\u53ea\u9700\u70b9\u51fb\u4e00\u4e0b\uff0c\u5373\u53ef\u63a2\u7d22\u65c5\u6e38\u3001\u6d3b\u52a8\u548c\u6587\u5316\u4e16\u754c\uff01\",\"publisher\":{\"@id\":\"https:\\\/\\\/tectickets.es\\\/cn\\\/#organization\"},\"potentialAction\":[{\"@type\":\"SearchAction\",\"target\":{\"@type\":\"EntryPoint\",\"urlTemplate\":\"https:\\\/\\\/tectickets.es\\\/cn\\\/?s={search_term_string}\"},\"query-input\":{\"@type\":\"PropertyValueSpecification\",\"valueRequired\":true,\"valueName\":\"search_term_string\"}}],\"inLanguage\":\"zh-Hans\"},{\"@type\":\"Organization\",\"@id\":\"https:\\\/\\\/tectickets.es\\\/cn\\\/#organization\",\"name\":\"el teu tiquet.sl\",\"url\":\"https:\\\/\\\/tectickets.es\\\/cn\\\/\",\"logo\":{\"@type\":\"ImageObject\",\"inLanguage\":\"zh-Hans\",\"@id\":\"https:\\\/\\\/tectickets.es\\\/cn\\\/#\\\/schema\\\/logo\\\/image\\\/\",\"url\":\"https:\\\/\\\/tectickets.es\\\/cn\\\/wp-content\\\/uploads\\\/sites\\\/5\\\/2023\\\/06\\\/cropped-Agregar-un-titulo-800-\u00d7-600-px.png\",\"contentUrl\":\"https:\\\/\\\/tectickets.es\\\/cn\\\/wp-content\\\/uploads\\\/sites\\\/5\\\/2023\\\/06\\\/cropped-Agregar-un-titulo-800-\u00d7-600-px.png\",\"width\":733,\"height\":334,\"caption\":\"el teu tiquet.sl\"},\"image\":{\"@id\":\"https:\\\/\\\/tectickets.es\\\/cn\\\/#\\\/schema\\\/logo\\\/image\\\/\"},\"sameAs\":[\"https:\\\/\\\/www.instagram.com\\\/tectickets\\\/\",\"https:\\\/\\\/x.com\\\/tectickets\",\"https:\\\/\\\/www.pinterest.es\\\/tectickets\\\/\",\"https:\\\/\\\/www.tiktok.com\\\/@tectickets\",\"https:\\\/\\\/www.youtube.com\\\/@TecTickets\"],\"publishingPrinciples\":\"https:\\\/\\\/tectickets.es\\\/cn\\\/reembolso_devoluciones\\\/\",\"ownershipFundingInfo\":\"https:\\\/\\\/tectickets.es\\\/cn\\\/contacto\\\/\",\"actionableFeedbackPolicy\":\"https:\\\/\\\/tectickets.es\\\/cn\\\/condiciones-generales\\\/\"}]}<\/script>\n<meta property=\"product:price:currency\" content=\"EUR\" \/>\n<meta property=\"og:availability\" content=\"instock\" \/>\n<meta property=\"product:availability\" content=\"instock\" \/>\n<meta property=\"product:condition\" content=\"new\" \/>\n<!-- \/ Yoast SEO Premium plugin. -->","yoast_head_json":{"title":"\u5bb6\u5ead\u70ed\u6c14\u7403\u98de\u884c - Tectickets CN","description":"\u4e0e\u5bb6\u4eba\u4e00\u8d77\u4f53\u9a8c\u6069\u6ce2\u8fbe\u9ad8\u5730\u7684\u98ce\u5149\u3002\u52a0\u5165\u6211\u4eec\u7684\u884c\u5217\uff0c\u4e58\u5750\u70ed\u6c14\u7403\u4fef\u77b0\u58ee\u4e3d\u7684\u98ce\u666f\uff0c\u98de\u884c\u7ed3\u675f\u540e\u8fd8\u53ef\u4eab\u7528\u4e30\u76db\u7684\u665a\u9910\uff0c\u4ee4\u4eba\u96be\u5fd8\u3002.","robots":{"index":"index","follow":"follow","max-snippet":"max-snippet:-1","max-image-preview":"max-image-preview:large","max-video-preview":"max-video-preview:-1"},"canonical":"https:\/\/tectickets.es\/cn\/zh\/product\/\u5bb6\u5ead\u70ed\u6c14\u7403\u98de\u884c\/","og_locale":"zh_CN","og_type":"article","og_title":"Vuelo en Globo Familiar","og_description":"Experimenta las alturas del Ampurd\u00e1n con tu familia. \u00danete a nosotros para un inolvidable paseo en globo sobre paisajes impresionantes, complementado con un fest\u00edn despu\u00e9s del vuelo.","og_url":"https:\/\/tectickets.es\/cn\/zh\/product\/\u5bb6\u5ead\u70ed\u6c14\u7403\u98de\u884c\/","og_site_name":"Tectickets CN","article_publisher":"https:\/\/www.instagram.com\/tectickets\/","article_modified_time":"2025-10-17T13:53:11+00:00","og_image":[{"width":1024,"height":768,"url":"https:\/\/tectickets.es\/cn\/wp-content\/uploads\/sites\/5\/2024\/03\/3-1.jpg","type":"image\/jpeg"}],"twitter_card":"summary_large_image","twitter_site":"@tectickets","twitter_misc":{"Price":"","Availability":"In stock"},"schema":{"@context":"https:\/\/schema.org","@graph":[{"@type":"WebPage","@id":"https:\/\/tectickets.es\/cn\/producto\/vuelo-en-globo-familiar\/","url":"https:\/\/tectickets.es\/cn\/producto\/vuelo-en-globo-familiar\/","name":"\u5bb6\u5ead\u70ed\u6c14\u7403\u98de\u884c - Tectickets CN","isPartOf":{"@id":"https:\/\/tectickets.es\/cn\/#website"},"primaryImageOfPage":{"@id":"https:\/\/tectickets.es\/cn\/producto\/vuelo-en-globo-familiar\/#primaryimage"},"image":{"@id":"https:\/\/tectickets.es\/cn\/producto\/vuelo-en-globo-familiar\/#primaryimage"},"thumbnailUrl":"https:\/\/tectickets.es\/cn\/wp-content\/uploads\/sites\/5\/2024\/03\/3-1.jpg","datePublished":"2024-04-05T10:10:55+00:00","dateModified":"2025-10-17T13:53:11+00:00","description":"\u4e0e\u5bb6\u4eba\u4e00\u8d77\u4f53\u9a8c\u6069\u6ce2\u8fbe\u9ad8\u5730\u7684\u98ce\u5149\u3002\u52a0\u5165\u6211\u4eec\u7684\u884c\u5217\uff0c\u4e58\u5750\u70ed\u6c14\u7403\u4fef\u77b0\u58ee\u4e3d\u7684\u98ce\u666f\uff0c\u98de\u884c\u7ed3\u675f\u540e\u8fd8\u53ef\u4eab\u7528\u4e30\u76db\u7684\u665a\u9910\uff0c\u4ee4\u4eba\u96be\u5fd8\u3002.","breadcrumb":{"@id":"https:\/\/tectickets.es\/cn\/producto\/vuelo-en-globo-familiar\/#breadcrumb"},"inLanguage":"zh-Hans","potentialAction":[{"@type":"ReadAction","target":["https:\/\/tectickets.es\/cn\/producto\/vuelo-en-globo-familiar\/"]}]},{"@type":"ImageObject","inLanguage":"zh-Hans","@id":"https:\/\/tectickets.es\/cn\/producto\/vuelo-en-globo-familiar\/#primaryimage","url":"https:\/\/tectickets.es\/cn\/wp-content\/uploads\/sites\/5\/2024\/03\/3-1.jpg","contentUrl":"https:\/\/tectickets.es\/cn\/wp-content\/uploads\/sites\/5\/2024\/03\/3-1.jpg","width":1024,"height":768,"caption":"Disfruta de momentos inolvidables en familia mientras exploras el cielo del Empord\u00e0 en un emocionante recorrido en globo aerost\u00e1tico."},{"@type":"BreadcrumbList","@id":"https:\/\/tectickets.es\/cn\/producto\/vuelo-en-globo-familiar\/#breadcrumb","itemListElement":[{"@type":"ListItem","position":1,"name":"Portada","item":"https:\/\/tectickets.es\/cn\/"},{"@type":"ListItem","position":2,"name":"Tienda","item":"https:\/\/tectickets.es\/cn\/tienda\/"},{"@type":"ListItem","position":3,"name":"Vuelo en Globo Familiar"}]},{"@type":"WebSite","@id":"https:\/\/tectickets.es\/cn\/#website","url":"https:\/\/tectickets.es\/cn\/","name":"Tectickets CN","description":"\u53ea\u9700\u70b9\u51fb\u4e00\u4e0b\uff0c\u5373\u53ef\u63a2\u7d22\u65c5\u6e38\u3001\u6d3b\u52a8\u548c\u6587\u5316\u4e16\u754c\uff01","publisher":{"@id":"https:\/\/tectickets.es\/cn\/#organization"},"potentialAction":[{"@type":"SearchAction","target":{"@type":"EntryPoint","urlTemplate":"https:\/\/tectickets.es\/cn\/?s={search_term_string}"},"query-input":{"@type":"PropertyValueSpecification","valueRequired":true,"valueName":"search_term_string"}}],"inLanguage":"zh-Hans"},{"@type":"Organization","@id":"https:\/\/tectickets.es\/cn\/#organization","name":"el teu tiquet.sl","url":"https:\/\/tectickets.es\/cn\/","logo":{"@type":"ImageObject","inLanguage":"zh-Hans","@id":"https:\/\/tectickets.es\/cn\/#\/schema\/logo\/image\/","url":"https:\/\/tectickets.es\/cn\/wp-content\/uploads\/sites\/5\/2023\/06\/cropped-Agregar-un-titulo-800-\u00d7-600-px.png","contentUrl":"https:\/\/tectickets.es\/cn\/wp-content\/uploads\/sites\/5\/2023\/06\/cropped-Agregar-un-titulo-800-\u00d7-600-px.png","width":733,"height":334,"caption":"el teu tiquet.sl"},"image":{"@id":"https:\/\/tectickets.es\/cn\/#\/schema\/logo\/image\/"},"sameAs":["https:\/\/www.instagram.com\/tectickets\/","https:\/\/x.com\/tectickets","https:\/\/www.pinterest.es\/tectickets\/","https:\/\/www.tiktok.com\/@tectickets","https:\/\/www.youtube.com\/@TecTickets"],"publishingPrinciples":"https:\/\/tectickets.es\/cn\/reembolso_devoluciones\/","ownershipFundingInfo":"https:\/\/tectickets.es\/cn\/contacto\/","actionableFeedbackPolicy":"https:\/\/tectickets.es\/cn\/condiciones-generales\/"}]},"product_price_currency":"EUR","og_availability":"instock","product_availability":"instock","product_condition":"new"},"_links":{"self":[{"href":"https:\/\/tectickets.es\/cn\/zh\/wp-json\/wp\/v2\/product\/5443","targetHints":{"allow":["GET"]}}],"collection":[{"href":"https:\/\/tectickets.es\/cn\/zh\/wp-json\/wp\/v2\/product"}],"about":[{"href":"https:\/\/tectickets.es\/cn\/zh\/wp-json\/wp\/v2\/types\/product"}],"replies":[{"embeddable":true,"href":"https:\/\/tectickets.es\/cn\/zh\/wp-json\/wp\/v2\/comments?post=5443"}],"version-history":[{"count":1,"href":"https:\/\/tectickets.es\/cn\/zh\/wp-json\/wp\/v2\/product\/5443\/revisions"}],"predecessor-version":[{"id":7398,"href":"https:\/\/tectickets.es\/cn\/zh\/wp-json\/wp\/v2\/product\/5443\/revisions\/7398"}],"wp:featuredmedia":[{"embeddable":true,"href":"https:\/\/tectickets.es\/cn\/zh\/wp-json\/wp\/v2\/media\/5488"}],"wp:attachment":[{"href":"https:\/\/tectickets.es\/cn\/zh\/wp-json\/wp\/v2\/media?parent=5443"}],"wp:term":[{"taxonomy":"product_brand","embeddable":true,"href":"https:\/\/tectickets.es\/cn\/zh\/wp-json\/wp\/v2\/product_brand?post=5443"},{"taxonomy":"product_cat","embeddable":true,"href":"https:\/\/tectickets.es\/cn\/zh\/wp-json\/wp\/v2\/product_cat?post=5443"},{"taxonomy":"product_tag","embeddable":true,"href":"https:\/\/tectickets.es\/cn\/zh\/wp-json\/wp\/v2\/product_tag?post=5443"},{"taxonomy":"tipo-de-experiencia","embeddable":true,"href":"https:\/\/tectickets.es\/cn\/zh\/wp-json\/wp\/v2\/tipo-de-experiencia?post=5443"}],"curies":[{"name":"wp","href":"https:\/\/api.w.org\/{rel}","templated":true}]}}