{"id":5602,"date":"2024-03-04T17:13:46","date_gmt":"2024-03-04T17:13:46","guid":{"rendered":"https:\/\/tectickets.es\/cn\/?post_type=product&#038;p=5602"},"modified":"2025-10-17T14:19:25","modified_gmt":"2025-10-17T14:19:25","slug":"%e7%a9%ba%e4%b8%ad%e5%b7%b4%e5%a3%ab","status":"publish","type":"product","link":"https:\/\/tectickets.es\/cn\/zh\/product\/%e7%a9%ba%e4%b8%ad%e5%b7%b4%e5%a3%ab\/","title":{"rendered":"AEROB\u00daS\uff1a\u5f80\u8fd4\u5df4\u585e\u7f57\u90a3\u673a\u573a\u7684\u4ea4\u901a\u65b9\u5f0f"},"content":{"rendered":"<p>\u6b22\u8fce\u4f7f\u7528\u5df4\u585e\u7f57\u90a3\u673a\u573a\u5df4\u58eb\uff08AEROB\u00daS Barcelona\uff09\u670d\u52a1\uff0c\u8fd9\u662f\u5f80\u8fd4\u4e8e\u673a\u573a\u548c\u5e02\u4e2d\u5fc3\u4e4b\u95f4\u6700\u9ad8\u6548\u3001\u6700\u7ecf\u6d4e\u7684\u65b9\u5f0f\u3002\u5728\u8fd9\u91cc\uff0c\u60a8\u53ef\u4ee5\u4e86\u89e3\u4e0b\u6b21\u5df4\u585e\u7f57\u90a3\u4e4b\u65c5\u6240\u9700\u4e86\u89e3\u7684\u6240\u6709\u4fe1\u606f\uff0c\u5305\u62ec\u65f6\u523b\u8868\u3001\u8def\u7ebf\u4ee5\u53ca\u5982\u4f55\u8d2d\u7968\u3002.<\/p>\n<h2>\u65f6\u95f4\u8868\u548c\u9891\u7387<\/h2>\n<ul>\n<li><strong>\u8f93\u51fa\u9891\u7387\uff1a<\/strong> 24 \u5c0f\u65f6\u5185\uff0c\u6bcf 5-10 \u5206\u949f\u4e00\u6b21\u3002.<\/li>\n<li><strong>\u65c5\u7a0b\u65f6\u95f4\uff1a<\/strong> 30 \u81f3 35 \u5206\u949f\u3002.<\/li>\n<li><strong>\u8fd0\u884c\u5929\u6570<\/strong> \u4e00\u5e74 365 \u5929\u3002.<\/li>\n<\/ul>\n<h2>\u7ad9\u70b9\u548c\u8def\u7ebf<\/h2>\n<ul>\n<li><strong>A1 \u53f7\u7ebf - 1 \u53f7\u822a\u7ad9\u697c\uff1a<\/strong>\n<ul>\n<li>\u52a0\u6cf0\u7f57\u5c3c\u4e9a\u5e7f\u573a<\/li>\n<li>Sep\u00falveda - Comte d'Urgell<\/li>\n<li>\u897f\u73ed\u7259\u5e7f\u573a - Creu Coberta<\/li>\n<li>1 \u53f7\u7aef\u5b50\uff0c0 \u7ea7<\/li>\n<\/ul>\n<\/li>\n<\/ul>\n<p><img fetchpriority=\"high\" decoding=\"async\" class=\"aligncenter wp-image-6105 size-full\" src=\"https:\/\/tectickets.es\/cn\/wp-content\/uploads\/sites\/5\/2024\/03\/TecTickets-1.gif\" alt=\"Aerobus a1 \u5730\u56fe\" width=\"1024\" height=\"768\" \/><\/p>\n<ul>\n<li><strong>A2 \u53f7\u7ebf - 2 \u53f7\u822a\u7ad9\u697c\uff1a<\/strong>\n<ul>\n<li>\u52a0\u6cf0\u7f57\u5c3c\u4e9a\u5e7f\u573a - Fontanella<\/li>\n<li>Sep\u00falveda - Comte d'Urgell<\/li>\n<li>\u897f\u73ed\u7259\u5e7f\u573a - Creu Coberta<\/li>\n<li>\u7ec8\u7aef 2B \u548c 2C<\/li>\n<\/ul>\n<\/li>\n<\/ul>\n<p><img decoding=\"async\" class=\"aligncenter wp-image-6106 size-full\" src=\"https:\/\/tectickets.es\/cn\/wp-content\/uploads\/sites\/5\/2024\/03\/TecTickets-2.gif\" alt=\"\" width=\"1024\" height=\"768\" \/><\/p>","protected":false},"excerpt":{"rendered":"<ul>\n<li><a href=\"https:\/\/tectickets.es\/cn\/zh\/%e6%9a%97%e7%9b%92\/%e5%b7%b4%e5%a1%9e%e7%bd%97%e9%82%a3%e6%9c%ba%e5%9c%ba%e5%be%80%e8%bf%94%e5%b7%b4%e5%a3%ab\/\"><strong>AEROB\u00daS \u5df4\u585e\u7f57\u90a3\uff1a<\/strong> \u4fbf\u6377\u7684\u673a\u573a\u73ed\u8f66\u670d\u52a1<\/a> \u548c\u5e02\u4e2d\u5fc3\u3002.<\/li>\n<li><strong>\u6bcf 5-10 \u5206\u949f\u4e00\u73ed\uff1a<\/strong> \u5feb\u901f\u3001\u9891\u7e41\u7684\u73ed\u6b21\u4e3a\u60a8\u63d0\u4f9b\u65b9\u4fbf\u3002.<\/li>\n<li><strong>\u8f7b\u677e\u8d2d\u7968\uff1a<\/strong> \u8f7b\u677e\u5728\u7ebf\u8d2d\u7968.<\/li>\n<li>\u267f <strong>\u65e0\u969c\u788d\u73af\u5883\uff1a<\/strong> \u4e3a\u884c\u52a8\u4e0d\u4fbf\u7684\u4e58\u5ba2\u63d0\u4f9b\u5761\u9053\u548c\u8bbe\u65bd\u3002.<\/li>\n<li><strong>\u5e7f\u6cdb <\/strong><a href=\"https:\/\/tectickets.es\/cn\/zh\/%e6%9a%97%e7%9b%92\/descubriendo-patrimonio-industrial-barcelona-poblenou\/\">\u884c\u674e\u7a7a\u95f4\uff1a\u65c5\u884c<\/a> \u5e26\u7740\u60a8\u7684\u884c\u674e\u7bb1\uff0c\u8212\u9002\u81ea\u5728\u3002.<\/li>\n<li><strong>\u673a\u4e0a\u65e0\u7ebf\u7f51\u7edc\u8fde\u63a5<\/strong> \u5728\u65c5\u9014\u4e2d\u4fdd\u6301\u8054\u7cfb\u3002.<\/li>\n<li>\ufe0f <strong>\u9884\u7559\u5ea7\u4f4d\uff1a<\/strong> \u4eab\u53d7\u8212\u9002\u7684\u6307\u5b9a\u5ea7\u4f4d\u3002.<\/li>\n<li>\ufe0f <strong>\u4f4d\u4e8e\u4e2d\u5fc3\u4f4d\u7f6e\u7684\u7ad9\u70b9<\/strong> \u76f4\u8fbe\u5e02\u4e2d\u5fc3\u4e3b\u8981\u5730\u70b9\u7684\u8def\u7ebf\u3002.<\/li>\n<li><strong>\u5b83\u6bcf\u5929\u90fd\u5728\u8fd0\u884c\uff1a<\/strong> \u53ef\u5728<\/li>\n<\/ul>","protected":false},"featured_media":5604,"comment_status":"open","ping_status":"closed","template":"","meta":[],"product_brand":[],"product_cat":[160,203],"product_tag":[],"tipo-de-experiencia":[],"class_list":{"0":"post-5602","1":"product","2":"type-product","3":"status-publish","4":"has-post-thumbnail","6":"product_cat-barcelona","7":"product_cat-transportes","9":"first","10":"instock","11":"shipping-taxable","12":"product-type-external"},"yoast_head":"<!-- This site is optimized with the Yoast SEO Premium plugin v24.5 (Yoast SEO v27.5) - https:\/\/yoast.com\/product\/yoast-seo-premium-wordpress\/ -->\n<title>AEROB\u00daS: Transporte desde\/hacia el Aeropuerto de Barcelona - Tectickets CN<\/title>\n<meta name=\"description\" content=\"Descubre todo sobre el Aerob\u00fas Barcelona: paradas, horarios, precios y m\u00e1s. Viaja c\u00f3modamente entre el aeropuerto y el centro de la ciudad. Compra tus billetes en l\u00ednea en TecTickets.\" \/>\n<meta name=\"robots\" content=\"index, follow, max-snippet:-1, max-image-preview:large, max-video-preview:-1\" \/>\n<link rel=\"canonical\" href=\"https:\/\/tectickets.es\/cn\/zh\/product\/\u7a7a\u4e2d\u5df4\u58eb\/\" \/>\n<meta property=\"og:locale\" content=\"zh_CN\" \/>\n<meta property=\"og:type\" content=\"article\" \/>\n<meta property=\"og:title\" content=\"AEROB\u00daS: Transporte desde\/hacia el Aeropuerto de Barcelona\" \/>\n<meta property=\"og:description\" content=\"Descubre todo sobre el Aerob\u00fas Barcelona: paradas, horarios, precios y m\u00e1s. Viaja c\u00f3modamente entre el aeropuerto y el centro de la ciudad. Compra tus billetes en l\u00ednea en TecTickets.\" \/>\n<meta property=\"og:url\" content=\"https:\/\/tectickets.es\/cn\/zh\/product\/\u7a7a\u4e2d\u5df4\u58eb\/\" \/>\n<meta property=\"og:site_name\" content=\"Tectickets CN\" \/>\n<meta property=\"article:publisher\" content=\"https:\/\/www.instagram.com\/tectickets\/\" \/>\n<meta property=\"article:modified_time\" content=\"2025-10-17T14:19:25+00:00\" \/>\n<meta property=\"og:image\" content=\"https:\/\/tectickets.es\/cn\/wp-content\/uploads\/sites\/5\/2024\/03\/4-3.jpg\" \/>\n\t<meta property=\"og:image:width\" content=\"1024\" \/>\n\t<meta property=\"og:image:height\" content=\"768\" \/>\n\t<meta property=\"og:image:type\" content=\"image\/jpeg\" \/>\n<meta name=\"twitter:card\" content=\"summary_large_image\" \/>\n<meta name=\"twitter:site\" content=\"@tectickets\" \/>\n<meta name=\"twitter:label1\" content=\"Price\" \/>\n\t<meta name=\"twitter:data1\" content=\"9,20&nbsp;\u20ac\" \/>\n\t<meta name=\"twitter:label2\" content=\"Availability\" \/>\n\t<meta name=\"twitter:data2\" content=\"In stock\" \/>\n<script type=\"application\/ld+json\" class=\"yoast-schema-graph\">{\"@context\":\"https:\\\/\\\/schema.org\",\"@graph\":[{\"@type\":\"WebPage\",\"@id\":\"https:\\\/\\\/tectickets.es\\\/cn\\\/producto\\\/aerobus\\\/\",\"url\":\"https:\\\/\\\/tectickets.es\\\/cn\\\/producto\\\/aerobus\\\/\",\"name\":\"AEROB\u00daS: Transporte desde\\\/hacia el Aeropuerto de Barcelona - Tectickets CN\",\"isPartOf\":{\"@id\":\"https:\\\/\\\/tectickets.es\\\/cn\\\/#website\"},\"primaryImageOfPage\":{\"@id\":\"https:\\\/\\\/tectickets.es\\\/cn\\\/producto\\\/aerobus\\\/#primaryimage\"},\"image\":{\"@id\":\"https:\\\/\\\/tectickets.es\\\/cn\\\/producto\\\/aerobus\\\/#primaryimage\"},\"thumbnailUrl\":\"https:\\\/\\\/tectickets.es\\\/cn\\\/wp-content\\\/uploads\\\/sites\\\/5\\\/2024\\\/03\\\/4-3.jpg\",\"datePublished\":\"2024-03-04T17:13:46+00:00\",\"dateModified\":\"2025-10-17T14:19:25+00:00\",\"description\":\"Descubre todo sobre el Aerob\u00fas Barcelona: paradas, horarios, precios y m\u00e1s. Viaja c\u00f3modamente entre el aeropuerto y el centro de la ciudad. Compra tus billetes en l\u00ednea en TecTickets.\",\"breadcrumb\":{\"@id\":\"https:\\\/\\\/tectickets.es\\\/cn\\\/producto\\\/aerobus\\\/#breadcrumb\"},\"inLanguage\":\"zh-Hans\",\"potentialAction\":[{\"@type\":\"ReadAction\",\"target\":[\"https:\\\/\\\/tectickets.es\\\/cn\\\/producto\\\/aerobus\\\/\"]}]},{\"@type\":\"ImageObject\",\"inLanguage\":\"zh-Hans\",\"@id\":\"https:\\\/\\\/tectickets.es\\\/cn\\\/producto\\\/aerobus\\\/#primaryimage\",\"url\":\"https:\\\/\\\/tectickets.es\\\/cn\\\/wp-content\\\/uploads\\\/sites\\\/5\\\/2024\\\/03\\\/4-3.jpg\",\"contentUrl\":\"https:\\\/\\\/tectickets.es\\\/cn\\\/wp-content\\\/uploads\\\/sites\\\/5\\\/2024\\\/03\\\/4-3.jpg\",\"width\":1024,\"height\":768,\"caption\":\"El Aerobus proporciona un enlace directo y eficiente entre el Aeropuerto de Barcelona-El Prat y el vibrante coraz\u00f3n de la ciudad, Plaza Catalunya\"},{\"@type\":\"BreadcrumbList\",\"@id\":\"https:\\\/\\\/tectickets.es\\\/cn\\\/producto\\\/aerobus\\\/#breadcrumb\",\"itemListElement\":[{\"@type\":\"ListItem\",\"position\":1,\"name\":\"Portada\",\"item\":\"https:\\\/\\\/tectickets.es\\\/cn\\\/\"},{\"@type\":\"ListItem\",\"position\":2,\"name\":\"Tienda\",\"item\":\"https:\\\/\\\/tectickets.es\\\/cn\\\/tienda\\\/\"},{\"@type\":\"ListItem\",\"position\":3,\"name\":\"AEROB\u00daS: Transporte desde\\\/hacia el Aeropuerto de Barcelona\"}]},{\"@type\":\"WebSite\",\"@id\":\"https:\\\/\\\/tectickets.es\\\/cn\\\/#website\",\"url\":\"https:\\\/\\\/tectickets.es\\\/cn\\\/\",\"name\":\"Tectickets CN\",\"description\":\"\u53ea\u9700\u70b9\u51fb\u4e00\u4e0b\uff0c\u5373\u53ef\u63a2\u7d22\u65c5\u6e38\u3001\u6d3b\u52a8\u548c\u6587\u5316\u4e16\u754c\uff01\",\"publisher\":{\"@id\":\"https:\\\/\\\/tectickets.es\\\/cn\\\/#organization\"},\"potentialAction\":[{\"@type\":\"SearchAction\",\"target\":{\"@type\":\"EntryPoint\",\"urlTemplate\":\"https:\\\/\\\/tectickets.es\\\/cn\\\/?s={search_term_string}\"},\"query-input\":{\"@type\":\"PropertyValueSpecification\",\"valueRequired\":true,\"valueName\":\"search_term_string\"}}],\"inLanguage\":\"zh-Hans\"},{\"@type\":\"Organization\",\"@id\":\"https:\\\/\\\/tectickets.es\\\/cn\\\/#organization\",\"name\":\"el teu tiquet.sl\",\"url\":\"https:\\\/\\\/tectickets.es\\\/cn\\\/\",\"logo\":{\"@type\":\"ImageObject\",\"inLanguage\":\"zh-Hans\",\"@id\":\"https:\\\/\\\/tectickets.es\\\/cn\\\/#\\\/schema\\\/logo\\\/image\\\/\",\"url\":\"https:\\\/\\\/tectickets.es\\\/cn\\\/wp-content\\\/uploads\\\/sites\\\/5\\\/2023\\\/06\\\/cropped-Agregar-un-titulo-800-\u00d7-600-px.png\",\"contentUrl\":\"https:\\\/\\\/tectickets.es\\\/cn\\\/wp-content\\\/uploads\\\/sites\\\/5\\\/2023\\\/06\\\/cropped-Agregar-un-titulo-800-\u00d7-600-px.png\",\"width\":733,\"height\":334,\"caption\":\"el teu tiquet.sl\"},\"image\":{\"@id\":\"https:\\\/\\\/tectickets.es\\\/cn\\\/#\\\/schema\\\/logo\\\/image\\\/\"},\"sameAs\":[\"https:\\\/\\\/www.instagram.com\\\/tectickets\\\/\",\"https:\\\/\\\/x.com\\\/tectickets\",\"https:\\\/\\\/www.pinterest.es\\\/tectickets\\\/\",\"https:\\\/\\\/www.tiktok.com\\\/@tectickets\",\"https:\\\/\\\/www.youtube.com\\\/@TecTickets\"],\"publishingPrinciples\":\"https:\\\/\\\/tectickets.es\\\/cn\\\/reembolso_devoluciones\\\/\",\"ownershipFundingInfo\":\"https:\\\/\\\/tectickets.es\\\/cn\\\/contacto\\\/\",\"actionableFeedbackPolicy\":\"https:\\\/\\\/tectickets.es\\\/cn\\\/condiciones-generales\\\/\"}]}<\/script>\n<meta property=\"product:price:amount\" content=\"9.20\" \/>\n<meta property=\"product:price:currency\" content=\"EUR\" \/>\n<meta property=\"og:availability\" content=\"instock\" \/>\n<meta property=\"product:availability\" content=\"instock\" \/>\n<meta property=\"product:condition\" content=\"new\" \/>\n<!-- \/ Yoast SEO Premium plugin. -->","yoast_head_json":{"title":"AEROB\u00daS\uff1a\u5f80\u8fd4\u5df4\u585e\u7f57\u90a3\u673a\u573a\u7684\u4ea4\u901a - Tectickets CN","description":"\u4e86\u89e3\u5df4\u585e\u7f57\u90a3\u822a\u7a7a\u5df4\u58eb\u7684\u6240\u6709\u4fe1\u606f\uff1a\u7ad9\u70b9\u3001\u65f6\u523b\u8868\u3001\u4ef7\u683c\u7b49\u3002\u8212\u9002\u5730\u5f80\u8fd4\u4e8e\u673a\u573a\u548c\u5e02\u4e2d\u5fc3\u4e4b\u95f4\u3002\u5728 TecTickets \u5728\u7ebf\u8d2d\u7968\u3002.","robots":{"index":"index","follow":"follow","max-snippet":"max-snippet:-1","max-image-preview":"max-image-preview:large","max-video-preview":"max-video-preview:-1"},"canonical":"https:\/\/tectickets.es\/cn\/zh\/product\/\u7a7a\u4e2d\u5df4\u58eb\/","og_locale":"zh_CN","og_type":"article","og_title":"AEROB\u00daS: Transporte desde\/hacia el Aeropuerto de Barcelona","og_description":"Descubre todo sobre el Aerob\u00fas Barcelona: paradas, horarios, precios y m\u00e1s. Viaja c\u00f3modamente entre el aeropuerto y el centro de la ciudad. Compra tus billetes en l\u00ednea en TecTickets.","og_url":"https:\/\/tectickets.es\/cn\/zh\/product\/\u7a7a\u4e2d\u5df4\u58eb\/","og_site_name":"Tectickets CN","article_publisher":"https:\/\/www.instagram.com\/tectickets\/","article_modified_time":"2025-10-17T14:19:25+00:00","og_image":[{"width":1024,"height":768,"url":"https:\/\/tectickets.es\/cn\/wp-content\/uploads\/sites\/5\/2024\/03\/4-3.jpg","type":"image\/jpeg"}],"twitter_card":"summary_large_image","twitter_site":"@tectickets","twitter_misc":{"Price":"9,20&nbsp;\u20ac","Availability":"In stock"},"schema":{"@context":"https:\/\/schema.org","@graph":[{"@type":"WebPage","@id":"https:\/\/tectickets.es\/cn\/producto\/aerobus\/","url":"https:\/\/tectickets.es\/cn\/producto\/aerobus\/","name":"AEROB\u00daS\uff1a\u5f80\u8fd4\u5df4\u585e\u7f57\u90a3\u673a\u573a\u7684\u4ea4\u901a - Tectickets CN","isPartOf":{"@id":"https:\/\/tectickets.es\/cn\/#website"},"primaryImageOfPage":{"@id":"https:\/\/tectickets.es\/cn\/producto\/aerobus\/#primaryimage"},"image":{"@id":"https:\/\/tectickets.es\/cn\/producto\/aerobus\/#primaryimage"},"thumbnailUrl":"https:\/\/tectickets.es\/cn\/wp-content\/uploads\/sites\/5\/2024\/03\/4-3.jpg","datePublished":"2024-03-04T17:13:46+00:00","dateModified":"2025-10-17T14:19:25+00:00","description":"\u4e86\u89e3\u5df4\u585e\u7f57\u90a3\u822a\u7a7a\u5df4\u58eb\u7684\u6240\u6709\u4fe1\u606f\uff1a\u7ad9\u70b9\u3001\u65f6\u523b\u8868\u3001\u4ef7\u683c\u7b49\u3002\u8212\u9002\u5730\u5f80\u8fd4\u4e8e\u673a\u573a\u548c\u5e02\u4e2d\u5fc3\u4e4b\u95f4\u3002\u5728 TecTickets \u5728\u7ebf\u8d2d\u7968\u3002.","breadcrumb":{"@id":"https:\/\/tectickets.es\/cn\/producto\/aerobus\/#breadcrumb"},"inLanguage":"zh-Hans","potentialAction":[{"@type":"ReadAction","target":["https:\/\/tectickets.es\/cn\/producto\/aerobus\/"]}]},{"@type":"ImageObject","inLanguage":"zh-Hans","@id":"https:\/\/tectickets.es\/cn\/producto\/aerobus\/#primaryimage","url":"https:\/\/tectickets.es\/cn\/wp-content\/uploads\/sites\/5\/2024\/03\/4-3.jpg","contentUrl":"https:\/\/tectickets.es\/cn\/wp-content\/uploads\/sites\/5\/2024\/03\/4-3.jpg","width":1024,"height":768,"caption":"El Aerobus proporciona un enlace directo y eficiente entre el Aeropuerto de Barcelona-El Prat y el vibrante coraz\u00f3n de la ciudad, Plaza Catalunya"},{"@type":"BreadcrumbList","@id":"https:\/\/tectickets.es\/cn\/producto\/aerobus\/#breadcrumb","itemListElement":[{"@type":"ListItem","position":1,"name":"Portada","item":"https:\/\/tectickets.es\/cn\/"},{"@type":"ListItem","position":2,"name":"Tienda","item":"https:\/\/tectickets.es\/cn\/tienda\/"},{"@type":"ListItem","position":3,"name":"AEROB\u00daS: Transporte desde\/hacia el Aeropuerto de Barcelona"}]},{"@type":"WebSite","@id":"https:\/\/tectickets.es\/cn\/#website","url":"https:\/\/tectickets.es\/cn\/","name":"Tectickets CN","description":"\u53ea\u9700\u70b9\u51fb\u4e00\u4e0b\uff0c\u5373\u53ef\u63a2\u7d22\u65c5\u6e38\u3001\u6d3b\u52a8\u548c\u6587\u5316\u4e16\u754c\uff01","publisher":{"@id":"https:\/\/tectickets.es\/cn\/#organization"},"potentialAction":[{"@type":"SearchAction","target":{"@type":"EntryPoint","urlTemplate":"https:\/\/tectickets.es\/cn\/?s={search_term_string}"},"query-input":{"@type":"PropertyValueSpecification","valueRequired":true,"valueName":"search_term_string"}}],"inLanguage":"zh-Hans"},{"@type":"Organization","@id":"https:\/\/tectickets.es\/cn\/#organization","name":"el teu tiquet.sl","url":"https:\/\/tectickets.es\/cn\/","logo":{"@type":"ImageObject","inLanguage":"zh-Hans","@id":"https:\/\/tectickets.es\/cn\/#\/schema\/logo\/image\/","url":"https:\/\/tectickets.es\/cn\/wp-content\/uploads\/sites\/5\/2023\/06\/cropped-Agregar-un-titulo-800-\u00d7-600-px.png","contentUrl":"https:\/\/tectickets.es\/cn\/wp-content\/uploads\/sites\/5\/2023\/06\/cropped-Agregar-un-titulo-800-\u00d7-600-px.png","width":733,"height":334,"caption":"el teu tiquet.sl"},"image":{"@id":"https:\/\/tectickets.es\/cn\/#\/schema\/logo\/image\/"},"sameAs":["https:\/\/www.instagram.com\/tectickets\/","https:\/\/x.com\/tectickets","https:\/\/www.pinterest.es\/tectickets\/","https:\/\/www.tiktok.com\/@tectickets","https:\/\/www.youtube.com\/@TecTickets"],"publishingPrinciples":"https:\/\/tectickets.es\/cn\/reembolso_devoluciones\/","ownershipFundingInfo":"https:\/\/tectickets.es\/cn\/contacto\/","actionableFeedbackPolicy":"https:\/\/tectickets.es\/cn\/condiciones-generales\/"}]},"product_price_amount":"9.20","product_price_currency":"EUR","og_availability":"instock","product_availability":"instock","product_condition":"new"},"_links":{"self":[{"href":"https:\/\/tectickets.es\/cn\/zh\/wp-json\/wp\/v2\/product\/5602","targetHints":{"allow":["GET"]}}],"collection":[{"href":"https:\/\/tectickets.es\/cn\/zh\/wp-json\/wp\/v2\/product"}],"about":[{"href":"https:\/\/tectickets.es\/cn\/zh\/wp-json\/wp\/v2\/types\/product"}],"replies":[{"embeddable":true,"href":"https:\/\/tectickets.es\/cn\/zh\/wp-json\/wp\/v2\/comments?post=5602"}],"version-history":[{"count":1,"href":"https:\/\/tectickets.es\/cn\/zh\/wp-json\/wp\/v2\/product\/5602\/revisions"}],"predecessor-version":[{"id":7404,"href":"https:\/\/tectickets.es\/cn\/zh\/wp-json\/wp\/v2\/product\/5602\/revisions\/7404"}],"wp:featuredmedia":[{"embeddable":true,"href":"https:\/\/tectickets.es\/cn\/zh\/wp-json\/wp\/v2\/media\/5604"}],"wp:attachment":[{"href":"https:\/\/tectickets.es\/cn\/zh\/wp-json\/wp\/v2\/media?parent=5602"}],"wp:term":[{"taxonomy":"product_brand","embeddable":true,"href":"https:\/\/tectickets.es\/cn\/zh\/wp-json\/wp\/v2\/product_brand?post=5602"},{"taxonomy":"product_cat","embeddable":true,"href":"https:\/\/tectickets.es\/cn\/zh\/wp-json\/wp\/v2\/product_cat?post=5602"},{"taxonomy":"product_tag","embeddable":true,"href":"https:\/\/tectickets.es\/cn\/zh\/wp-json\/wp\/v2\/product_tag?post=5602"},{"taxonomy":"tipo-de-experiencia","embeddable":true,"href":"https:\/\/tectickets.es\/cn\/zh\/wp-json\/wp\/v2\/tipo-de-experiencia?post=5602"}],"curies":[{"name":"wp","href":"https:\/\/api.w.org\/{rel}","templated":true}]}}