{"id":6222,"date":"2024-04-22T15:02:10","date_gmt":"2024-04-22T15:02:10","guid":{"rendered":"https:\/\/tectickets.es\/cn\/?post_type=product&#038;p=6222"},"modified":"2025-10-21T09:22:38","modified_gmt":"2025-10-21T09:22:38","slug":"pase-a-la-alhambra-experiencia-completa-y-10-monumentos","status":"publish","type":"product","link":"https:\/\/tectickets.es\/cn\/zh\/product\/pase-a-la-alhambra-experiencia-completa-y-10-monumentos\/","title":{"rendered":"\u963f\u5c14\u7f55\u5e03\u62c9\u901a\u7968\uff1a\u5b8c\u6574\u4f53\u9a8c\u548c 10 \u4e2a\u53e4\u8ff9"},"content":{"rendered":"<h2><strong>Explora Granada a tu Manera con el Pase Alhambra<\/strong><\/h2>\n<p>Tu Viaje Personalizado por la Alhambra<\/p>\n<h3><strong>Descubre los Tesoros de Granada<\/strong><\/h3>\n<p>Emb\u00e1rcate en un viaje por Granada como nunca antes con nuestro Pase Alhambra, que te ofrece la flexibilidad de dise\u00f1ar tu propio itinerario. V\u00e1lido por 2 d\u00edas, este pase te permite dictar el ritmo de tu exploraci\u00f3n, asegurando una experiencia inolvidable del rico patrimonio cultural de la ciudad.<\/p>\n<p>Con el Pase Alhambra, obtienes acceso a una mir\u00edada de lugares emblem\u00e1ticos que definen el encanto de Granada. Visita la majestuosa Alhambra, incluidos los Palacios Nazar\u00edes, y ad\u00e9ntrate en la <a href=\"https:\/\/tectickets.es\/cn\/zh\/%e6%9a%97%e7%9b%92\/santa-maria-del-mar-viaje-gotico-barcelona\/\">historia de la ciudad en la Catedral<\/a>, la Capilla Real y el Monasterio de La Cartuja. Explora joyas ocultas como la Abad\u00eda del Sacromonte, la Casa de Zafra y el <a href=\"https:\/\/tectickets.es\/cn\/zh\/product\/%e8%be%be%e5%88%a9%e6%96%af-%e8%8f%b2%e6%a0%bc%e9%9b%b7%e6%96%af-%e8%b5%ab%e7%bd%97%e7%ba%b3%e4%b9%8b%e6%97%85\/\"  data-wpil-monitor-id=\"42\">\u535a\u7269\u9986<\/a> de Bellas Artes, sumergi\u00e9ndote en el tapiz cultural de Granada.<\/p>\n<h3><strong>Sum\u00e9rgete en la Cultura de Granada<\/strong><\/h3>\n<p>Disfruta explorando los barrios m\u00e1s emblem\u00e1ticos de Granada, el Albayc\u00edn y Sacromonte, con el recorrido <a href=\"https:\/\/tectickets.es\/cn\/zh\/navega-por-destinos-extraordinarios\/\">guiado<\/a> donde la historia y la tradici\u00f3n se entrelazan entre estrechas calles empedradas y vistas impresionantes. Utiliza tus boletos de <a href=\"https:\/\/tectickets.es\/cn\/zh\/%e6%9a%97%e7%9b%92\/%e5%b7%b4%e5%a1%9e%e7%bd%97%e9%82%a3-116-%e8%b7%af%e5%85%ac%e4%ba%a4%e8%bd%a6%e6%b8%b8%e5%ae%a2\/\">autob\u00fas urbano para recorrer<\/a> la ciudad sin esfuerzo y disfruta de un recorrido panor\u00e1mico en el Tour por la Ciudad de Granada, que ofrece una visi\u00f3n de la historia y el presente de la ciudad.<\/p>\n<p>&nbsp;<\/p>\n<h2><strong>Monumentos y Museos Emblem\u00e1ticos con Acceso Exclusivo:<\/strong><\/h2>\n<ul>\n<li style=\"font-weight: 400;\"><strong>Catedral:<\/strong>\n<ul>\n<li style=\"font-weight: 400;\"><span style=\"font-weight: 400;\">Situada en el coraz\u00f3n de Granada, la Catedral es una <a href=\"https:\/\/tectickets.es\/cn\/zh\/%e6%9a%97%e7%9b%92\/batllo-%e5%b1%8b%e9%a1%b6\/\">\u9876\u5cf0<\/a> de la arquitectura del Renacimiento espa\u00f1ol.<\/span><\/li>\n<\/ul>\n<\/li>\n<li style=\"font-weight: 400;\"><strong>Capilla Real:<\/strong>\n<ul>\n<li style=\"font-weight: 400;\"><span style=\"font-weight: 400;\">Adyacente a la Catedral, la Capilla Real es un mausoleo que contiene los restos de la Reina Isabel I y el Rey Fernando II, conocidos como los Reyes Cat\u00f3licos.<\/span><\/li>\n<\/ul>\n<\/li>\n<li style=\"font-weight: 400;\"><strong>Monasterio de La Cartuja:<\/strong>\n<ul>\n<li style=\"font-weight: 400;\"><span style=\"font-weight: 400;\">Un impresionante ejemplo de arquitectura barroca, antiguo monasterio para monjes cartujos que cuenta con intrincados <a href=\"https:\/\/tectickets.es\/cn\/zh\/%e6%9a%97%e7%9b%92\/%e5%b7%b4%e5%a1%9e%e7%bd%97%e9%82%a3%e6%91%84%e5%bd%b1%e8%ae%b2%e4%b9%a0%e7%8f%ad\/\">tallados<\/a> en m\u00e1rmol, frescos y capillas adornadas con retablos ornamentados.<\/span><\/li>\n<\/ul>\n<\/li>\n<li style=\"font-weight: 400;\"><strong>Real Monasterio de San Jer\u00f3nimo:<\/strong>\n<ul>\n<li style=\"font-weight: 400;\"><span style=\"font-weight: 400;\">Arquitectura g\u00f3tica espa\u00f1ola, f<\/span><span style=\"font-weight: 400;\">undado a finales del siglo XV, sirvi\u00f3 como lugar de entierro para los Reyes Cat\u00f3licos antes de ser sepultados en la Capilla Real.<\/span><\/li>\n<\/ul>\n<\/li>\n<li style=\"font-weight: 400;\"><strong>Abad\u00eda del Sacromonte:<\/strong>\n<ul>\n<li style=\"font-weight: 400;\"><span style=\"font-weight: 400;\">Famosa por sus cuevas y espect\u00e1culos de flamenco, la Abad\u00eda del Sacromonte ofrece <a href=\"https:\/\/tectickets.es\/cn\/zh\/%e6%9a%97%e7%9b%92\/%e5%b7%b4%e5%a1%9e%e7%bd%97%e9%82%a3-tibidabo-%e5%a4%a7%e8%a1%97\/\">\u5168\u666f<\/a> de la ciudad y celebra la rica herencia gitana de Granada.<\/span><\/li>\n<\/ul>\n<\/li>\n<li style=\"font-weight: 400;\"><strong>Parque de las Ciencias <\/strong><em>(Sin acceso al Planetario ni al Biodomo)<\/em><strong>:<\/strong>\n<ul>\n<li style=\"font-weight: 400;\"><span style=\"font-weight: 400;\">El Parque de las Ciencias de Granada es un museo interactivo dedicado a la exploraci\u00f3n cient\u00edfica y educaci\u00f3n.<\/span><\/li>\n<\/ul>\n<\/li>\n<li style=\"font-weight: 400;\"><strong>Casa de Zafra:<\/strong>\n<ul>\n<li style=\"font-weight: 400;\"><span style=\"font-weight: 400;\">Un bien conservado ejemplo de arquitectura morisca, la Casa de Zafra es un museo ubicado en el barrio del Albaic\u00edn de Granada.<\/span><\/li>\n<\/ul>\n<\/li>\n<li style=\"font-weight: 400;\"><strong>Cuarto Real de Santo Domingo:<\/strong>\n<ul>\n<li style=\"font-weight: 400;\"><span style=\"font-weight: 400;\">Una joya medieval escondida en Granada, el Cuarto Real de Santo Domingo es un palacio que alguna vez sirvi\u00f3 como residencia real.<\/span><\/li>\n<\/ul>\n<\/li>\n<li style=\"font-weight: 400;\"><strong>Museo de Bellas Artes:<\/strong>\n<ul>\n<li style=\"font-weight: 400;\"><span style=\"font-weight: 400;\">Ubicado en el Palacio de Carlos V dentro del complejo de la Alhambra, el Museo de Bellas Artes exhibe una colecci\u00f3n diversa de arte espa\u00f1ol. I<\/span><span style=\"font-weight: 400;\">ncluyen pinturas, esculturas y artes decorativas desde la Edad Media hasta el siglo XX, con obras de reconocidos artistas como Diego Vel\u00e1zquez, Francisco de Goya y Pablo Picasso.<\/span><\/li>\n<\/ul>\n<\/li>\n<li style=\"font-weight: 400;\"><strong>Museo-Casa de los Tiros:<\/strong>\n<ul>\n<li style=\"font-weight: 400;\"><span style=\"font-weight: 400;\">Situado en una mansi\u00f3n hist\u00f3rica en el distrito del Albaic\u00edn de Granada, el Museo de <a href=\"https:\/\/tectickets.es\/cn\/zh\/product\/%e6%8b%89%e4%bd%a9%e5%be%b7%e9%9b%b7%e6%8b%89%e7%b1%b3%e6%8b%89%e4%b9%8b%e5%ae%b6\/\">Casa de los Tiros ofrece informaci\u00f3n sobre la historia<\/a>, arqueolog\u00eda y cultura de la ciudad.<\/span><\/li>\n<\/ul>\n<\/li>\n<li style=\"font-weight: 400;\"><strong>Museo Arqueol\u00f3gico:<\/strong>\n<ul>\n<li style=\"font-weight: 400;\"><span style=\"font-weight: 400;\">Situado dentro del complejo de la Alhambra, el Museo Arqueol\u00f3gico exhibe artefactos desde la prehistoria hasta la \u00e9poca isl\u00e1mica, ofreciendo una visi\u00f3n del rico pasado de Granada.<\/span><\/li>\n<\/ul>\n<\/li>\n<\/ul>\n<p>&nbsp;<\/p>\n<h2><strong>Tu Viaje, a tu Manera<\/strong><\/h2>\n<p>Dise\u00f1a tu experiencia perfecta en Granada con el Pase Alhambra, que ofrece flexibilidad y conveniencia incomparables. Ya seas un entusiasta de la historia, un aficionado a la arquitectura o un buscador de cultura, este pase asegura que tu visita a Granada se adapte a tus intereses y preferencias.<\/p>\n<p>&nbsp;<\/p>\n<p><em><strong>\u00a1Experimenta Granada como nunca antes con el Pase Alhambra! \u00a1Reserva ahora y desbloquea las puertas a un <a href=\"https:\/\/tectickets.es\/cn\/zh\/%e6%9a%97%e7%9b%92\/%e5%8f%91%e7%8e%b0%e5%b7%b4%e5%a1%9e%e7%bd%97%e9%82%a3%e6%b0%b4%e6%97%8f%e9%a6%86%e7%9a%84%e9%ad%85%e5%8a%9b\/\">mundo de descubrimiento en una de las ciudades m\u00e1s encantadoras<\/a> de Espa\u00f1a.<\/strong><\/em><\/p>","protected":false},"excerpt":{"rendered":"<ul>\n<li>Personaliza tu aventura en Granada con el Pase Alhambra.<\/li>\n<li>Explora lugares emblem\u00e1ticos como la Alhambra y los Palacios Nazar\u00edes.<\/li>\n<li>Sum\u00e9rgete en la rica historia de Granada en la Catedral y la Capilla Real.<\/li>\n<li>Disfruta de <a href=\"https:\/\/tectickets.es\/cn\/zh\/%e6%9a%97%e7%9b%92\/sagrada-familia-sin-colas-guia-completa\/\">\u5bfc\u8d4f\u56e2<\/a> por el Albayc\u00edn y Sacromonte.<\/li>\n<li>Transporte sin complicaciones con 9 tickets de autob\u00fas urbano.<\/li>\n<li>Reserva ahora para una experiencia inolvidable en Granada.<\/li>\n<\/ul>","protected":false},"featured_media":6147,"comment_status":"open","ping_status":"closed","template":"","meta":[],"product_brand":[],"product_cat":[224,287,223],"product_tag":[],"tipo-de-experiencia":[66,54,67,65,53],"class_list":{"0":"post-6222","1":"product","2":"type-product","3":"status-publish","4":"has-post-thumbnail","6":"product_cat-alhambra","7":"product_cat-cultural-e-historico","8":"product_cat-granada","9":"tipo-de-experiencia-atracciones","10":"tipo-de-experiencia-entradas","11":"tipo-de-experiencia-monumentos","12":"tipo-de-experiencia-museos","13":"tipo-de-experiencia-tour-guiado","15":"first","16":"instock","17":"shipping-taxable","18":"product-type-external"},"yoast_head":"<!-- This site is optimized with the Yoast SEO Premium plugin v24.5 (Yoast SEO v27.4) - https:\/\/yoast.com\/product\/yoast-seo-premium-wordpress\/ -->\n<title>Pase a la Alhambra: Experiencia completa y 10 monumentos - Tectickets CN<\/title>\n<meta name=\"description\" content=\"Descubre Granada a tu manera con el Pase Alhambra. V\u00e1lido por 2 d\u00edas, personaliza tu itinerario para visitar lugares emblem\u00e1ticos como la Alhambra, la Catedral, el Albayc\u00edn y Sacromonte. Disfruta de flexibilidad y comodidad mientras descubres la rica herencia cultural de la ciudad. Reserva ahora para una experiencia inolvidable.\" \/>\n<meta name=\"robots\" content=\"index, follow, max-snippet:-1, max-image-preview:large, max-video-preview:-1\" \/>\n<link rel=\"canonical\" href=\"https:\/\/tectickets.es\/cn\/zh\/product\/pase-a-la-alhambra-experiencia-completa-y-10-monumentos\/\" \/>\n<meta property=\"og:locale\" content=\"zh_CN\" \/>\n<meta property=\"og:type\" content=\"article\" \/>\n<meta property=\"og:title\" content=\"Pase a la Alhambra: Experiencia completa y 10 monumentos\" \/>\n<meta property=\"og:description\" content=\"Descubre Granada a tu manera con el Pase Alhambra. V\u00e1lido por 2 d\u00edas, personaliza tu itinerario para visitar lugares emblem\u00e1ticos como la Alhambra, la Catedral, el Albayc\u00edn y Sacromonte. Disfruta de flexibilidad y comodidad mientras descubres la rica herencia cultural de la ciudad. Reserva ahora para una experiencia inolvidable.\" \/>\n<meta property=\"og:url\" content=\"https:\/\/tectickets.es\/cn\/zh\/product\/pase-a-la-alhambra-experiencia-completa-y-10-monumentos\/\" \/>\n<meta property=\"og:site_name\" content=\"Tectickets CN\" \/>\n<meta property=\"article:publisher\" content=\"https:\/\/www.instagram.com\/tectickets\/\" \/>\n<meta property=\"article:modified_time\" content=\"2025-10-21T09:22:38+00:00\" \/>\n<meta property=\"og:image\" content=\"https:\/\/tectickets.es\/cn\/wp-content\/uploads\/sites\/5\/2024\/04\/7-1.jpg\" \/>\n\t<meta property=\"og:image:width\" content=\"1024\" \/>\n\t<meta property=\"og:image:height\" content=\"768\" \/>\n\t<meta property=\"og:image:type\" content=\"image\/jpeg\" \/>\n<meta name=\"twitter:card\" content=\"summary_large_image\" \/>\n<meta name=\"twitter:site\" content=\"@tectickets\" \/>\n<meta name=\"twitter:label1\" content=\"Price\" \/>\n\t<meta name=\"twitter:data1\" content=\"\" \/>\n\t<meta name=\"twitter:label2\" content=\"Availability\" \/>\n\t<meta name=\"twitter:data2\" content=\"In stock\" \/>\n<script type=\"application\/ld+json\" class=\"yoast-schema-graph\">{\"@context\":\"https:\\\/\\\/schema.org\",\"@graph\":[{\"@type\":\"WebPage\",\"@id\":\"https:\\\/\\\/tectickets.es\\\/cn\\\/producto\\\/pase-a-la-alhambra-experiencia-completa-y-10-monumentos\\\/\",\"url\":\"https:\\\/\\\/tectickets.es\\\/cn\\\/producto\\\/pase-a-la-alhambra-experiencia-completa-y-10-monumentos\\\/\",\"name\":\"Pase a la Alhambra: Experiencia completa y 10 monumentos - Tectickets CN\",\"isPartOf\":{\"@id\":\"https:\\\/\\\/tectickets.es\\\/cn\\\/#website\"},\"primaryImageOfPage\":{\"@id\":\"https:\\\/\\\/tectickets.es\\\/cn\\\/producto\\\/pase-a-la-alhambra-experiencia-completa-y-10-monumentos\\\/#primaryimage\"},\"image\":{\"@id\":\"https:\\\/\\\/tectickets.es\\\/cn\\\/producto\\\/pase-a-la-alhambra-experiencia-completa-y-10-monumentos\\\/#primaryimage\"},\"thumbnailUrl\":\"https:\\\/\\\/tectickets.es\\\/cn\\\/wp-content\\\/uploads\\\/sites\\\/5\\\/2024\\\/04\\\/7-1.jpg\",\"datePublished\":\"2024-04-22T15:02:10+00:00\",\"dateModified\":\"2025-10-21T09:22:38+00:00\",\"description\":\"Descubre Granada a tu manera con el Pase Alhambra. V\u00e1lido por 2 d\u00edas, personaliza tu itinerario para visitar lugares emblem\u00e1ticos como la Alhambra, la Catedral, el Albayc\u00edn y Sacromonte. Disfruta de flexibilidad y comodidad mientras descubres la rica herencia cultural de la ciudad. Reserva ahora para una experiencia inolvidable.\",\"breadcrumb\":{\"@id\":\"https:\\\/\\\/tectickets.es\\\/cn\\\/producto\\\/pase-a-la-alhambra-experiencia-completa-y-10-monumentos\\\/#breadcrumb\"},\"inLanguage\":\"zh-Hans\",\"potentialAction\":[{\"@type\":\"ReadAction\",\"target\":[\"https:\\\/\\\/tectickets.es\\\/cn\\\/producto\\\/pase-a-la-alhambra-experiencia-completa-y-10-monumentos\\\/\"]}]},{\"@type\":\"ImageObject\",\"inLanguage\":\"zh-Hans\",\"@id\":\"https:\\\/\\\/tectickets.es\\\/cn\\\/producto\\\/pase-a-la-alhambra-experiencia-completa-y-10-monumentos\\\/#primaryimage\",\"url\":\"https:\\\/\\\/tectickets.es\\\/cn\\\/wp-content\\\/uploads\\\/sites\\\/5\\\/2024\\\/04\\\/7-1.jpg\",\"contentUrl\":\"https:\\\/\\\/tectickets.es\\\/cn\\\/wp-content\\\/uploads\\\/sites\\\/5\\\/2024\\\/04\\\/7-1.jpg\",\"width\":1024,\"height\":768,\"caption\":\"xr:d:DAF-MnLbsm0:61,j:2942400915173034865,t:24041018\"},{\"@type\":\"BreadcrumbList\",\"@id\":\"https:\\\/\\\/tectickets.es\\\/cn\\\/producto\\\/pase-a-la-alhambra-experiencia-completa-y-10-monumentos\\\/#breadcrumb\",\"itemListElement\":[{\"@type\":\"ListItem\",\"position\":1,\"name\":\"Portada\",\"item\":\"https:\\\/\\\/tectickets.es\\\/cn\\\/\"},{\"@type\":\"ListItem\",\"position\":2,\"name\":\"Tienda\",\"item\":\"https:\\\/\\\/tectickets.es\\\/cn\\\/tienda\\\/\"},{\"@type\":\"ListItem\",\"position\":3,\"name\":\"Pase a la Alhambra: Experiencia completa y 10 monumentos\"}]},{\"@type\":\"WebSite\",\"@id\":\"https:\\\/\\\/tectickets.es\\\/cn\\\/#website\",\"url\":\"https:\\\/\\\/tectickets.es\\\/cn\\\/\",\"name\":\"Tectickets CN\",\"description\":\"\u53ea\u9700\u70b9\u51fb\u4e00\u4e0b\uff0c\u5373\u53ef\u63a2\u7d22\u65c5\u6e38\u3001\u6d3b\u52a8\u548c\u6587\u5316\u4e16\u754c\uff01\",\"publisher\":{\"@id\":\"https:\\\/\\\/tectickets.es\\\/cn\\\/#organization\"},\"potentialAction\":[{\"@type\":\"SearchAction\",\"target\":{\"@type\":\"EntryPoint\",\"urlTemplate\":\"https:\\\/\\\/tectickets.es\\\/cn\\\/?s={search_term_string}\"},\"query-input\":{\"@type\":\"PropertyValueSpecification\",\"valueRequired\":true,\"valueName\":\"search_term_string\"}}],\"inLanguage\":\"zh-Hans\"},{\"@type\":\"Organization\",\"@id\":\"https:\\\/\\\/tectickets.es\\\/cn\\\/#organization\",\"name\":\"el teu tiquet.sl\",\"url\":\"https:\\\/\\\/tectickets.es\\\/cn\\\/\",\"logo\":{\"@type\":\"ImageObject\",\"inLanguage\":\"zh-Hans\",\"@id\":\"https:\\\/\\\/tectickets.es\\\/cn\\\/#\\\/schema\\\/logo\\\/image\\\/\",\"url\":\"https:\\\/\\\/tectickets.es\\\/cn\\\/wp-content\\\/uploads\\\/sites\\\/5\\\/2023\\\/06\\\/cropped-Agregar-un-titulo-800-\u00d7-600-px.png\",\"contentUrl\":\"https:\\\/\\\/tectickets.es\\\/cn\\\/wp-content\\\/uploads\\\/sites\\\/5\\\/2023\\\/06\\\/cropped-Agregar-un-titulo-800-\u00d7-600-px.png\",\"width\":733,\"height\":334,\"caption\":\"el teu tiquet.sl\"},\"image\":{\"@id\":\"https:\\\/\\\/tectickets.es\\\/cn\\\/#\\\/schema\\\/logo\\\/image\\\/\"},\"sameAs\":[\"https:\\\/\\\/www.instagram.com\\\/tectickets\\\/\",\"https:\\\/\\\/x.com\\\/tectickets\",\"https:\\\/\\\/www.pinterest.es\\\/tectickets\\\/\",\"https:\\\/\\\/www.tiktok.com\\\/@tectickets\",\"https:\\\/\\\/www.youtube.com\\\/@TecTickets\"],\"publishingPrinciples\":\"https:\\\/\\\/tectickets.es\\\/cn\\\/reembolso_devoluciones\\\/\",\"ownershipFundingInfo\":\"https:\\\/\\\/tectickets.es\\\/cn\\\/contacto\\\/\",\"actionableFeedbackPolicy\":\"https:\\\/\\\/tectickets.es\\\/cn\\\/condiciones-generales\\\/\"}]}<\/script>\n<meta property=\"product:price:currency\" content=\"EUR\" \/>\n<meta property=\"og:availability\" content=\"instock\" \/>\n<meta property=\"product:availability\" content=\"instock\" \/>\n<meta property=\"product:condition\" content=\"new\" \/>\n<!-- \/ Yoast SEO Premium plugin. -->","yoast_head_json":{"title":"Pase a la Alhambra: Experiencia completa y 10 monumentos - Tectickets CN","description":"Descubre Granada a tu manera con el Pase Alhambra. V\u00e1lido por 2 d\u00edas, personaliza tu itinerario para visitar lugares emblem\u00e1ticos como la Alhambra, la Catedral, el Albayc\u00edn y Sacromonte. Disfruta de flexibilidad y comodidad mientras descubres la rica herencia cultural de la ciudad. Reserva ahora para una experiencia inolvidable.","robots":{"index":"index","follow":"follow","max-snippet":"max-snippet:-1","max-image-preview":"max-image-preview:large","max-video-preview":"max-video-preview:-1"},"canonical":"https:\/\/tectickets.es\/cn\/zh\/product\/pase-a-la-alhambra-experiencia-completa-y-10-monumentos\/","og_locale":"zh_CN","og_type":"article","og_title":"Pase a la Alhambra: Experiencia completa y 10 monumentos","og_description":"Descubre Granada a tu manera con el Pase Alhambra. V\u00e1lido por 2 d\u00edas, personaliza tu itinerario para visitar lugares emblem\u00e1ticos como la Alhambra, la Catedral, el Albayc\u00edn y Sacromonte. Disfruta de flexibilidad y comodidad mientras descubres la rica herencia cultural de la ciudad. Reserva ahora para una experiencia inolvidable.","og_url":"https:\/\/tectickets.es\/cn\/zh\/product\/pase-a-la-alhambra-experiencia-completa-y-10-monumentos\/","og_site_name":"Tectickets CN","article_publisher":"https:\/\/www.instagram.com\/tectickets\/","article_modified_time":"2025-10-21T09:22:38+00:00","og_image":[{"width":1024,"height":768,"url":"https:\/\/tectickets.es\/cn\/wp-content\/uploads\/sites\/5\/2024\/04\/7-1.jpg","type":"image\/jpeg"}],"twitter_card":"summary_large_image","twitter_site":"@tectickets","twitter_misc":{"Price":"","Availability":"In stock"},"schema":{"@context":"https:\/\/schema.org","@graph":[{"@type":"WebPage","@id":"https:\/\/tectickets.es\/cn\/producto\/pase-a-la-alhambra-experiencia-completa-y-10-monumentos\/","url":"https:\/\/tectickets.es\/cn\/producto\/pase-a-la-alhambra-experiencia-completa-y-10-monumentos\/","name":"Pase a la Alhambra: Experiencia completa y 10 monumentos - Tectickets CN","isPartOf":{"@id":"https:\/\/tectickets.es\/cn\/#website"},"primaryImageOfPage":{"@id":"https:\/\/tectickets.es\/cn\/producto\/pase-a-la-alhambra-experiencia-completa-y-10-monumentos\/#primaryimage"},"image":{"@id":"https:\/\/tectickets.es\/cn\/producto\/pase-a-la-alhambra-experiencia-completa-y-10-monumentos\/#primaryimage"},"thumbnailUrl":"https:\/\/tectickets.es\/cn\/wp-content\/uploads\/sites\/5\/2024\/04\/7-1.jpg","datePublished":"2024-04-22T15:02:10+00:00","dateModified":"2025-10-21T09:22:38+00:00","description":"Descubre Granada a tu manera con el Pase Alhambra. V\u00e1lido por 2 d\u00edas, personaliza tu itinerario para visitar lugares emblem\u00e1ticos como la Alhambra, la Catedral, el Albayc\u00edn y Sacromonte. Disfruta de flexibilidad y comodidad mientras descubres la rica herencia cultural de la ciudad. Reserva ahora para una experiencia inolvidable.","breadcrumb":{"@id":"https:\/\/tectickets.es\/cn\/producto\/pase-a-la-alhambra-experiencia-completa-y-10-monumentos\/#breadcrumb"},"inLanguage":"zh-Hans","potentialAction":[{"@type":"ReadAction","target":["https:\/\/tectickets.es\/cn\/producto\/pase-a-la-alhambra-experiencia-completa-y-10-monumentos\/"]}]},{"@type":"ImageObject","inLanguage":"zh-Hans","@id":"https:\/\/tectickets.es\/cn\/producto\/pase-a-la-alhambra-experiencia-completa-y-10-monumentos\/#primaryimage","url":"https:\/\/tectickets.es\/cn\/wp-content\/uploads\/sites\/5\/2024\/04\/7-1.jpg","contentUrl":"https:\/\/tectickets.es\/cn\/wp-content\/uploads\/sites\/5\/2024\/04\/7-1.jpg","width":1024,"height":768,"caption":"xr:d:DAF-MnLbsm0:61,j:2942400915173034865,t:24041018"},{"@type":"BreadcrumbList","@id":"https:\/\/tectickets.es\/cn\/producto\/pase-a-la-alhambra-experiencia-completa-y-10-monumentos\/#breadcrumb","itemListElement":[{"@type":"ListItem","position":1,"name":"Portada","item":"https:\/\/tectickets.es\/cn\/"},{"@type":"ListItem","position":2,"name":"Tienda","item":"https:\/\/tectickets.es\/cn\/tienda\/"},{"@type":"ListItem","position":3,"name":"Pase a la Alhambra: Experiencia completa y 10 monumentos"}]},{"@type":"WebSite","@id":"https:\/\/tectickets.es\/cn\/#website","url":"https:\/\/tectickets.es\/cn\/","name":"Tectickets CN","description":"\u53ea\u9700\u70b9\u51fb\u4e00\u4e0b\uff0c\u5373\u53ef\u63a2\u7d22\u65c5\u6e38\u3001\u6d3b\u52a8\u548c\u6587\u5316\u4e16\u754c\uff01","publisher":{"@id":"https:\/\/tectickets.es\/cn\/#organization"},"potentialAction":[{"@type":"SearchAction","target":{"@type":"EntryPoint","urlTemplate":"https:\/\/tectickets.es\/cn\/?s={search_term_string}"},"query-input":{"@type":"PropertyValueSpecification","valueRequired":true,"valueName":"search_term_string"}}],"inLanguage":"zh-Hans"},{"@type":"Organization","@id":"https:\/\/tectickets.es\/cn\/#organization","name":"el teu tiquet.sl","url":"https:\/\/tectickets.es\/cn\/","logo":{"@type":"ImageObject","inLanguage":"zh-Hans","@id":"https:\/\/tectickets.es\/cn\/#\/schema\/logo\/image\/","url":"https:\/\/tectickets.es\/cn\/wp-content\/uploads\/sites\/5\/2023\/06\/cropped-Agregar-un-titulo-800-\u00d7-600-px.png","contentUrl":"https:\/\/tectickets.es\/cn\/wp-content\/uploads\/sites\/5\/2023\/06\/cropped-Agregar-un-titulo-800-\u00d7-600-px.png","width":733,"height":334,"caption":"el teu tiquet.sl"},"image":{"@id":"https:\/\/tectickets.es\/cn\/#\/schema\/logo\/image\/"},"sameAs":["https:\/\/www.instagram.com\/tectickets\/","https:\/\/x.com\/tectickets","https:\/\/www.pinterest.es\/tectickets\/","https:\/\/www.tiktok.com\/@tectickets","https:\/\/www.youtube.com\/@TecTickets"],"publishingPrinciples":"https:\/\/tectickets.es\/cn\/reembolso_devoluciones\/","ownershipFundingInfo":"https:\/\/tectickets.es\/cn\/contacto\/","actionableFeedbackPolicy":"https:\/\/tectickets.es\/cn\/condiciones-generales\/"}]},"product_price_currency":"EUR","og_availability":"instock","product_availability":"instock","product_condition":"new"},"_links":{"self":[{"href":"https:\/\/tectickets.es\/cn\/zh\/wp-json\/wp\/v2\/product\/6222","targetHints":{"allow":["GET"]}}],"collection":[{"href":"https:\/\/tectickets.es\/cn\/zh\/wp-json\/wp\/v2\/product"}],"about":[{"href":"https:\/\/tectickets.es\/cn\/zh\/wp-json\/wp\/v2\/types\/product"}],"replies":[{"embeddable":true,"href":"https:\/\/tectickets.es\/cn\/zh\/wp-json\/wp\/v2\/comments?post=6222"}],"version-history":[{"count":2,"href":"https:\/\/tectickets.es\/cn\/zh\/wp-json\/wp\/v2\/product\/6222\/revisions"}],"predecessor-version":[{"id":7497,"href":"https:\/\/tectickets.es\/cn\/zh\/wp-json\/wp\/v2\/product\/6222\/revisions\/7497"}],"wp:featuredmedia":[{"embeddable":true,"href":"https:\/\/tectickets.es\/cn\/zh\/wp-json\/wp\/v2\/media\/6147"}],"wp:attachment":[{"href":"https:\/\/tectickets.es\/cn\/zh\/wp-json\/wp\/v2\/media?parent=6222"}],"wp:term":[{"taxonomy":"product_brand","embeddable":true,"href":"https:\/\/tectickets.es\/cn\/zh\/wp-json\/wp\/v2\/product_brand?post=6222"},{"taxonomy":"product_cat","embeddable":true,"href":"https:\/\/tectickets.es\/cn\/zh\/wp-json\/wp\/v2\/product_cat?post=6222"},{"taxonomy":"product_tag","embeddable":true,"href":"https:\/\/tectickets.es\/cn\/zh\/wp-json\/wp\/v2\/product_tag?post=6222"},{"taxonomy":"tipo-de-experiencia","embeddable":true,"href":"https:\/\/tectickets.es\/cn\/zh\/wp-json\/wp\/v2\/tipo-de-experiencia?post=6222"}],"curies":[{"name":"wp","href":"https:\/\/api.w.org\/{rel}","templated":true}]}}