{"id":6737,"date":"2024-05-15T09:14:38","date_gmt":"2024-05-15T09:14:38","guid":{"rendered":"https:\/\/tectickets.es\/cn\/?post_type=product&#038;p=6737"},"modified":"2025-10-17T12:19:31","modified_gmt":"2025-10-17T12:19:31","slug":"montserrat-teleferico","status":"publish","type":"product","link":"https:\/\/tectickets.es\/cn\/zh\/product\/montserrat-teleferico\/","title":{"rendered":"\u8499\u7279\u585e\u62c9\u7279\uff1a\u7f06\u8f66"},"content":{"rendered":"<h3>Prep\u00e1rate para un Viaje Hist\u00f3rico<\/h3>\n<p>El telef\u00e9rico Aeri de Montserrat no es solo un medio de transporte, es parte de la historia. Desde 1930, esta maravilla de la ingenier\u00eda ha llevado a los visitantes en un emocionante ascenso hacia la cima sagrada. Ag\u00e1rrate fuerte mientras te desplazas a 5 metros por segundo, ascendiendo por pendientes de hasta 45 grados, en direcci\u00f3n al Monasterio de Montserrat.<\/p>\n<h3>Minutos que Crean Recuerdos Inolvidables<\/h3>\n<p>Aunque el viaje en telef\u00e9rico puede ser r\u00e1pido, apenas cinco minutos, los recuerdos que se crean duran para siempre. Siente la adrenalina mientras subes 1.350 metros, observando c\u00f3mo el mundo se hace m\u00e1s peque\u00f1o bajo <a href=\"https:\/\/tectickets.es\/cn\/zh\/product\/cullera-la-albufera-a-tus-pies\/\">\u4f60\u7684\u811a<\/a>.<\/p>\n<h3>Disfruta del Espect\u00e1culo Panor\u00e1mico<\/h3>\n<p>Rel\u00e1jate y disfruta de las impresionantes <a href=\"https:\/\/tectickets.es\/cn\/zh\/product\/%e8%92%99%e7%89%b9%e6%9c%b1%e4%bc%8a%e5%a5%87%e7%bc%86%e8%bd%a6\/\">vistas desde la comodidad de tu telef\u00e9rico<\/a>. Contempla la majestuosidad del r\u00edo Llobregat serpenteando por el valle, admira el encantador pueblo de Monistrol y echa un vistazo al venerado santuario de Santa Cova. Deja que la belleza agreste de Catalu\u00f1a se despliegue ante tus ojos.<\/p>","protected":false},"excerpt":{"rendered":"<ul>\n<li>Viaje de ida y vuelta en el Telef\u00e9rico Aeri de <a href=\"https:\/\/tectickets.es\/cn\/zh\/product\/%e6%b8%b8%e8%a7%88%e8%92%99%e7%89%b9%e5%a1%9e%e6%8b%89%e7%89%b9-%e8%92%99%e7%89%b9%e5%a1%9e%e6%8b%89%e7%89%b9%e4%b9%8b%e6%97%85%e5%85%a8%e9%83%a8%e5%8c%85%e6%8b%ac\/\">\u8499\u7279\u585e\u62c9\u7279<\/a>.<\/li>\n<li>Oportunidad de explorar <a href=\"https:\/\/tectickets.es\/cn\/zh\/%e5%88%97%e8%a1%a8\/%e8%92%99%e7%89%b9%e5%a1%9e%e6%8b%89%e7%89%b9%e4%bf%ae%e9%81%93%e9%99%a2-%e9%ad%94%e6%b3%95%e8%a7%92\/\">el Monasterio de Montserrat<\/a> y sus alrededores.<\/li>\n<li>Vistas incomparables del campo catal\u00e1n<\/li>\n<\/ul>","protected":false},"featured_media":6740,"comment_status":"open","ping_status":"closed","template":"","meta":[],"product_brand":[],"product_cat":[160,278,288,279,258],"product_tag":[],"tipo-de-experiencia":[],"class_list":{"0":"post-6737","1":"product","2":"type-product","3":"status-publish","4":"has-post-thumbnail","6":"product_cat-barcelona","7":"product_cat-montserrat","8":"product_cat-movilidad-sostenible","9":"product_cat-teleferico","10":"product_cat-trasnporte","12":"first","13":"instock","14":"shipping-taxable","15":"product-type-external"},"yoast_head":"<!-- This site is optimized with the Yoast SEO Premium plugin v24.5 (Yoast SEO v27.4) - https:\/\/yoast.com\/product\/yoast-seo-premium-wordpress\/ -->\n<title>Montserrat: Telef\u00e9rico - Tectickets CN<\/title>\n<meta name=\"description\" content=\"Ag\u00e1rrate fuerte mientras te desplazas a 5 metros por segundo, ascendiendo por pendientes de hasta 45 grados, en direcci\u00f3n al Monasterio de Montserrat.\" \/>\n<meta name=\"robots\" content=\"index, follow, max-snippet:-1, max-image-preview:large, max-video-preview:-1\" \/>\n<link rel=\"canonical\" href=\"https:\/\/tectickets.es\/cn\/zh\/product\/montserrat-teleferico\/\" \/>\n<meta property=\"og:locale\" content=\"zh_CN\" \/>\n<meta property=\"og:type\" content=\"article\" \/>\n<meta property=\"og:title\" content=\"Montserrat: Telef\u00e9rico\" \/>\n<meta property=\"og:description\" content=\"Ag\u00e1rrate fuerte mientras te desplazas a 5 metros por segundo, ascendiendo por pendientes de hasta 45 grados, en direcci\u00f3n al Monasterio de Montserrat.\" \/>\n<meta property=\"og:url\" content=\"https:\/\/tectickets.es\/cn\/zh\/product\/montserrat-teleferico\/\" \/>\n<meta property=\"og:site_name\" content=\"Tectickets CN\" \/>\n<meta property=\"article:publisher\" content=\"https:\/\/www.instagram.com\/tectickets\/\" \/>\n<meta property=\"article:modified_time\" content=\"2025-10-17T12:19:31+00:00\" \/>\n<meta property=\"og:image\" content=\"https:\/\/tectickets.es\/cn\/wp-content\/uploads\/sites\/5\/2024\/05\/6-1.jpg\" \/>\n\t<meta property=\"og:image:width\" content=\"1024\" \/>\n\t<meta property=\"og:image:height\" content=\"768\" \/>\n\t<meta property=\"og:image:type\" content=\"image\/jpeg\" \/>\n<meta name=\"twitter:card\" content=\"summary_large_image\" \/>\n<meta name=\"twitter:site\" content=\"@tectickets\" \/>\n<meta name=\"twitter:label1\" content=\"Price\" \/>\n\t<meta name=\"twitter:data1\" content=\"8,95&nbsp;\u20ac\" \/>\n\t<meta name=\"twitter:label2\" content=\"Availability\" \/>\n\t<meta name=\"twitter:data2\" content=\"In stock\" \/>\n<script type=\"application\/ld+json\" class=\"yoast-schema-graph\">{\"@context\":\"https:\\\/\\\/schema.org\",\"@graph\":[{\"@type\":\"WebPage\",\"@id\":\"https:\\\/\\\/tectickets.es\\\/cn\\\/producto\\\/montserrat-teleferico\\\/\",\"url\":\"https:\\\/\\\/tectickets.es\\\/cn\\\/producto\\\/montserrat-teleferico\\\/\",\"name\":\"Montserrat: Telef\u00e9rico - Tectickets CN\",\"isPartOf\":{\"@id\":\"https:\\\/\\\/tectickets.es\\\/cn\\\/#website\"},\"primaryImageOfPage\":{\"@id\":\"https:\\\/\\\/tectickets.es\\\/cn\\\/producto\\\/montserrat-teleferico\\\/#primaryimage\"},\"image\":{\"@id\":\"https:\\\/\\\/tectickets.es\\\/cn\\\/producto\\\/montserrat-teleferico\\\/#primaryimage\"},\"thumbnailUrl\":\"https:\\\/\\\/tectickets.es\\\/cn\\\/wp-content\\\/uploads\\\/sites\\\/5\\\/2024\\\/05\\\/6-1.jpg\",\"datePublished\":\"2024-05-15T09:14:38+00:00\",\"dateModified\":\"2025-10-17T12:19:31+00:00\",\"description\":\"Ag\u00e1rrate fuerte mientras te desplazas a 5 metros por segundo, ascendiendo por pendientes de hasta 45 grados, en direcci\u00f3n al Monasterio de Montserrat.\",\"breadcrumb\":{\"@id\":\"https:\\\/\\\/tectickets.es\\\/cn\\\/producto\\\/montserrat-teleferico\\\/#breadcrumb\"},\"inLanguage\":\"zh-Hans\",\"potentialAction\":[{\"@type\":\"ReadAction\",\"target\":[\"https:\\\/\\\/tectickets.es\\\/cn\\\/producto\\\/montserrat-teleferico\\\/\"]}]},{\"@type\":\"ImageObject\",\"inLanguage\":\"zh-Hans\",\"@id\":\"https:\\\/\\\/tectickets.es\\\/cn\\\/producto\\\/montserrat-teleferico\\\/#primaryimage\",\"url\":\"https:\\\/\\\/tectickets.es\\\/cn\\\/wp-content\\\/uploads\\\/sites\\\/5\\\/2024\\\/05\\\/6-1.jpg\",\"contentUrl\":\"https:\\\/\\\/tectickets.es\\\/cn\\\/wp-content\\\/uploads\\\/sites\\\/5\\\/2024\\\/05\\\/6-1.jpg\",\"width\":1024,\"height\":768},{\"@type\":\"BreadcrumbList\",\"@id\":\"https:\\\/\\\/tectickets.es\\\/cn\\\/producto\\\/montserrat-teleferico\\\/#breadcrumb\",\"itemListElement\":[{\"@type\":\"ListItem\",\"position\":1,\"name\":\"Portada\",\"item\":\"https:\\\/\\\/tectickets.es\\\/cn\\\/\"},{\"@type\":\"ListItem\",\"position\":2,\"name\":\"Tienda\",\"item\":\"https:\\\/\\\/tectickets.es\\\/cn\\\/tienda\\\/\"},{\"@type\":\"ListItem\",\"position\":3,\"name\":\"Montserrat: Telef\u00e9rico\"}]},{\"@type\":\"WebSite\",\"@id\":\"https:\\\/\\\/tectickets.es\\\/cn\\\/#website\",\"url\":\"https:\\\/\\\/tectickets.es\\\/cn\\\/\",\"name\":\"Tectickets CN\",\"description\":\"\u53ea\u9700\u70b9\u51fb\u4e00\u4e0b\uff0c\u5373\u53ef\u63a2\u7d22\u65c5\u6e38\u3001\u6d3b\u52a8\u548c\u6587\u5316\u4e16\u754c\uff01\",\"publisher\":{\"@id\":\"https:\\\/\\\/tectickets.es\\\/cn\\\/#organization\"},\"potentialAction\":[{\"@type\":\"SearchAction\",\"target\":{\"@type\":\"EntryPoint\",\"urlTemplate\":\"https:\\\/\\\/tectickets.es\\\/cn\\\/?s={search_term_string}\"},\"query-input\":{\"@type\":\"PropertyValueSpecification\",\"valueRequired\":true,\"valueName\":\"search_term_string\"}}],\"inLanguage\":\"zh-Hans\"},{\"@type\":\"Organization\",\"@id\":\"https:\\\/\\\/tectickets.es\\\/cn\\\/#organization\",\"name\":\"el teu tiquet.sl\",\"url\":\"https:\\\/\\\/tectickets.es\\\/cn\\\/\",\"logo\":{\"@type\":\"ImageObject\",\"inLanguage\":\"zh-Hans\",\"@id\":\"https:\\\/\\\/tectickets.es\\\/cn\\\/#\\\/schema\\\/logo\\\/image\\\/\",\"url\":\"https:\\\/\\\/tectickets.es\\\/cn\\\/wp-content\\\/uploads\\\/sites\\\/5\\\/2023\\\/06\\\/cropped-Agregar-un-titulo-800-\u00d7-600-px.png\",\"contentUrl\":\"https:\\\/\\\/tectickets.es\\\/cn\\\/wp-content\\\/uploads\\\/sites\\\/5\\\/2023\\\/06\\\/cropped-Agregar-un-titulo-800-\u00d7-600-px.png\",\"width\":733,\"height\":334,\"caption\":\"el teu tiquet.sl\"},\"image\":{\"@id\":\"https:\\\/\\\/tectickets.es\\\/cn\\\/#\\\/schema\\\/logo\\\/image\\\/\"},\"sameAs\":[\"https:\\\/\\\/www.instagram.com\\\/tectickets\\\/\",\"https:\\\/\\\/x.com\\\/tectickets\",\"https:\\\/\\\/www.pinterest.es\\\/tectickets\\\/\",\"https:\\\/\\\/www.tiktok.com\\\/@tectickets\",\"https:\\\/\\\/www.youtube.com\\\/@TecTickets\"],\"publishingPrinciples\":\"https:\\\/\\\/tectickets.es\\\/cn\\\/reembolso_devoluciones\\\/\",\"ownershipFundingInfo\":\"https:\\\/\\\/tectickets.es\\\/cn\\\/contacto\\\/\",\"actionableFeedbackPolicy\":\"https:\\\/\\\/tectickets.es\\\/cn\\\/condiciones-generales\\\/\"}]}<\/script>\n<meta property=\"product:price:amount\" content=\"8.95\" \/>\n<meta property=\"product:price:currency\" content=\"EUR\" \/>\n<meta property=\"og:availability\" content=\"instock\" \/>\n<meta property=\"product:availability\" content=\"instock\" \/>\n<meta property=\"product:condition\" content=\"new\" \/>\n<!-- \/ Yoast SEO Premium plugin. -->","yoast_head_json":{"title":"Montserrat: Telef\u00e9rico - Tectickets CN","description":"Ag\u00e1rrate fuerte mientras te desplazas a 5 metros por segundo, ascendiendo por pendientes de hasta 45 grados, en direcci\u00f3n al Monasterio de Montserrat.","robots":{"index":"index","follow":"follow","max-snippet":"max-snippet:-1","max-image-preview":"max-image-preview:large","max-video-preview":"max-video-preview:-1"},"canonical":"https:\/\/tectickets.es\/cn\/zh\/product\/montserrat-teleferico\/","og_locale":"zh_CN","og_type":"article","og_title":"Montserrat: Telef\u00e9rico","og_description":"Ag\u00e1rrate fuerte mientras te desplazas a 5 metros por segundo, ascendiendo por pendientes de hasta 45 grados, en direcci\u00f3n al Monasterio de Montserrat.","og_url":"https:\/\/tectickets.es\/cn\/zh\/product\/montserrat-teleferico\/","og_site_name":"Tectickets CN","article_publisher":"https:\/\/www.instagram.com\/tectickets\/","article_modified_time":"2025-10-17T12:19:31+00:00","og_image":[{"width":1024,"height":768,"url":"https:\/\/tectickets.es\/cn\/wp-content\/uploads\/sites\/5\/2024\/05\/6-1.jpg","type":"image\/jpeg"}],"twitter_card":"summary_large_image","twitter_site":"@tectickets","twitter_misc":{"Price":"8,95&nbsp;\u20ac","Availability":"In stock"},"schema":{"@context":"https:\/\/schema.org","@graph":[{"@type":"WebPage","@id":"https:\/\/tectickets.es\/cn\/producto\/montserrat-teleferico\/","url":"https:\/\/tectickets.es\/cn\/producto\/montserrat-teleferico\/","name":"Montserrat: Telef\u00e9rico - Tectickets CN","isPartOf":{"@id":"https:\/\/tectickets.es\/cn\/#website"},"primaryImageOfPage":{"@id":"https:\/\/tectickets.es\/cn\/producto\/montserrat-teleferico\/#primaryimage"},"image":{"@id":"https:\/\/tectickets.es\/cn\/producto\/montserrat-teleferico\/#primaryimage"},"thumbnailUrl":"https:\/\/tectickets.es\/cn\/wp-content\/uploads\/sites\/5\/2024\/05\/6-1.jpg","datePublished":"2024-05-15T09:14:38+00:00","dateModified":"2025-10-17T12:19:31+00:00","description":"Ag\u00e1rrate fuerte mientras te desplazas a 5 metros por segundo, ascendiendo por pendientes de hasta 45 grados, en direcci\u00f3n al Monasterio de Montserrat.","breadcrumb":{"@id":"https:\/\/tectickets.es\/cn\/producto\/montserrat-teleferico\/#breadcrumb"},"inLanguage":"zh-Hans","potentialAction":[{"@type":"ReadAction","target":["https:\/\/tectickets.es\/cn\/producto\/montserrat-teleferico\/"]}]},{"@type":"ImageObject","inLanguage":"zh-Hans","@id":"https:\/\/tectickets.es\/cn\/producto\/montserrat-teleferico\/#primaryimage","url":"https:\/\/tectickets.es\/cn\/wp-content\/uploads\/sites\/5\/2024\/05\/6-1.jpg","contentUrl":"https:\/\/tectickets.es\/cn\/wp-content\/uploads\/sites\/5\/2024\/05\/6-1.jpg","width":1024,"height":768},{"@type":"BreadcrumbList","@id":"https:\/\/tectickets.es\/cn\/producto\/montserrat-teleferico\/#breadcrumb","itemListElement":[{"@type":"ListItem","position":1,"name":"Portada","item":"https:\/\/tectickets.es\/cn\/"},{"@type":"ListItem","position":2,"name":"Tienda","item":"https:\/\/tectickets.es\/cn\/tienda\/"},{"@type":"ListItem","position":3,"name":"Montserrat: Telef\u00e9rico"}]},{"@type":"WebSite","@id":"https:\/\/tectickets.es\/cn\/#website","url":"https:\/\/tectickets.es\/cn\/","name":"Tectickets CN","description":"\u53ea\u9700\u70b9\u51fb\u4e00\u4e0b\uff0c\u5373\u53ef\u63a2\u7d22\u65c5\u6e38\u3001\u6d3b\u52a8\u548c\u6587\u5316\u4e16\u754c\uff01","publisher":{"@id":"https:\/\/tectickets.es\/cn\/#organization"},"potentialAction":[{"@type":"SearchAction","target":{"@type":"EntryPoint","urlTemplate":"https:\/\/tectickets.es\/cn\/?s={search_term_string}"},"query-input":{"@type":"PropertyValueSpecification","valueRequired":true,"valueName":"search_term_string"}}],"inLanguage":"zh-Hans"},{"@type":"Organization","@id":"https:\/\/tectickets.es\/cn\/#organization","name":"el teu tiquet.sl","url":"https:\/\/tectickets.es\/cn\/","logo":{"@type":"ImageObject","inLanguage":"zh-Hans","@id":"https:\/\/tectickets.es\/cn\/#\/schema\/logo\/image\/","url":"https:\/\/tectickets.es\/cn\/wp-content\/uploads\/sites\/5\/2023\/06\/cropped-Agregar-un-titulo-800-\u00d7-600-px.png","contentUrl":"https:\/\/tectickets.es\/cn\/wp-content\/uploads\/sites\/5\/2023\/06\/cropped-Agregar-un-titulo-800-\u00d7-600-px.png","width":733,"height":334,"caption":"el teu tiquet.sl"},"image":{"@id":"https:\/\/tectickets.es\/cn\/#\/schema\/logo\/image\/"},"sameAs":["https:\/\/www.instagram.com\/tectickets\/","https:\/\/x.com\/tectickets","https:\/\/www.pinterest.es\/tectickets\/","https:\/\/www.tiktok.com\/@tectickets","https:\/\/www.youtube.com\/@TecTickets"],"publishingPrinciples":"https:\/\/tectickets.es\/cn\/reembolso_devoluciones\/","ownershipFundingInfo":"https:\/\/tectickets.es\/cn\/contacto\/","actionableFeedbackPolicy":"https:\/\/tectickets.es\/cn\/condiciones-generales\/"}]},"product_price_amount":"8.95","product_price_currency":"EUR","og_availability":"instock","product_availability":"instock","product_condition":"new"},"_links":{"self":[{"href":"https:\/\/tectickets.es\/cn\/zh\/wp-json\/wp\/v2\/product\/6737","targetHints":{"allow":["GET"]}}],"collection":[{"href":"https:\/\/tectickets.es\/cn\/zh\/wp-json\/wp\/v2\/product"}],"about":[{"href":"https:\/\/tectickets.es\/cn\/zh\/wp-json\/wp\/v2\/types\/product"}],"replies":[{"embeddable":true,"href":"https:\/\/tectickets.es\/cn\/zh\/wp-json\/wp\/v2\/comments?post=6737"}],"version-history":[{"count":1,"href":"https:\/\/tectickets.es\/cn\/zh\/wp-json\/wp\/v2\/product\/6737\/revisions"}],"predecessor-version":[{"id":7376,"href":"https:\/\/tectickets.es\/cn\/zh\/wp-json\/wp\/v2\/product\/6737\/revisions\/7376"}],"wp:featuredmedia":[{"embeddable":true,"href":"https:\/\/tectickets.es\/cn\/zh\/wp-json\/wp\/v2\/media\/6740"}],"wp:attachment":[{"href":"https:\/\/tectickets.es\/cn\/zh\/wp-json\/wp\/v2\/media?parent=6737"}],"wp:term":[{"taxonomy":"product_brand","embeddable":true,"href":"https:\/\/tectickets.es\/cn\/zh\/wp-json\/wp\/v2\/product_brand?post=6737"},{"taxonomy":"product_cat","embeddable":true,"href":"https:\/\/tectickets.es\/cn\/zh\/wp-json\/wp\/v2\/product_cat?post=6737"},{"taxonomy":"product_tag","embeddable":true,"href":"https:\/\/tectickets.es\/cn\/zh\/wp-json\/wp\/v2\/product_tag?post=6737"},{"taxonomy":"tipo-de-experiencia","embeddable":true,"href":"https:\/\/tectickets.es\/cn\/zh\/wp-json\/wp\/v2\/tipo-de-experiencia?post=6737"}],"curies":[{"name":"wp","href":"https:\/\/api.w.org\/{rel}","templated":true}]}}