{"id":6562,"date":"2024-05-06T10:02:06","date_gmt":"2024-05-06T10:02:06","guid":{"rendered":"https:\/\/tectickets.es\/?page_id=6562"},"modified":"2024-05-06T10:38:11","modified_gmt":"2024-05-06T10:38:11","slug":"taller-de-fotografia","status":"publish","type":"page","link":"https:\/\/tectickets.es\/zh\/taller-de-fotografia\/","title":{"rendered":"Taller de fotograf\u00eda"},"content":{"rendered":"<div data-elementor-type=\"wp-page\" data-elementor-id=\"6562\" class=\"elementor elementor-6562\" data-elementor-post-type=\"page\">\n\t\t\t\t\t\t<section class=\"elementor-section elementor-top-section elementor-element elementor-element-9c04886 elementor-section-boxed elementor-section-height-default elementor-section-height-default\" data-id=\"9c04886\" data-element_type=\"section\" data-e-type=\"section\" data-settings=\"{&quot;jet_parallax_layout_list&quot;:[]}\">\n\t\t\t\t\t\t<div class=\"elementor-container elementor-column-gap-default\">\n\t\t\t\t\t<div class=\"elementor-column elementor-col-100 elementor-top-column elementor-element elementor-element-8920781\" data-id=\"8920781\" data-element_type=\"column\" data-e-type=\"column\">\n\t\t\t<div class=\"elementor-widget-wrap elementor-element-populated\">\n\t\t\t\t\t\t<div class=\"elementor-element elementor-element-acd1cfe elementor-widget elementor-widget-video\" data-id=\"acd1cfe\" data-element_type=\"widget\" data-e-type=\"widget\" data-settings=\"{&quot;youtube_url&quot;:&quot;https:\\\/\\\/www.youtube.com\\\/watch?v=Hr2er_GSs5A&quot;,&quot;autoplay&quot;:&quot;yes&quot;,&quot;loop&quot;:&quot;yes&quot;,&quot;play_on_mobile&quot;:&quot;yes&quot;,&quot;mute&quot;:&quot;yes&quot;,&quot;video_type&quot;:&quot;youtube&quot;}\" data-widget_type=\"video.default\">\n\t\t\t\t<div class=\"elementor-widget-container\">\n\t\t\t\t\t\t\t<div class=\"elementor-wrapper elementor-open-inline\">\n\t\t\t<div class=\"elementor-video\"><\/div>\t\t<\/div>\n\t\t\t\t\t\t<\/div>\n\t\t\t\t<\/div>\n\t\t\t\t<div class=\"elementor-element elementor-element-866d93f elementor-widget__width-initial elementor-widget elementor-widget-heading\" data-id=\"866d93f\" data-element_type=\"widget\" data-e-type=\"widget\" data-widget_type=\"heading.default\">\n\t\t\t\t<div class=\"elementor-widget-container\">\n\t\t\t\t\t<h1 class=\"elementor-heading-title elementor-size-default\">Elige tu Taller de Fotograf\u00eda<\/h1>\t\t\t\t<\/div>\n\t\t\t\t<\/div>\n\t\t\t\t<div class=\"elementor-element elementor-element-e0040bb elementor-widget elementor-widget-text-editor\" data-id=\"e0040bb\" data-element_type=\"widget\" data-e-type=\"widget\" data-widget_type=\"text-editor.default\">\n\t\t\t\t<div class=\"elementor-widget-container\">\n\t\t\t\t\t\t\t\t\t<p>Sum\u00e9rgete en los barrios hist\u00f3ricos de Barcelona con nuestros Talleres de Fotograf\u00eda. Elige tu experiencia, desde explorar lugares emblem\u00e1ticos hasta crear recuerdos \u00fanicos.<\/p>\t\t\t\t\t\t\t\t<\/div>\n\t\t\t\t<\/div>\n\t\t\t\t\t<\/div>\n\t\t<\/div>\n\t\t\t\t\t<\/div>\n\t\t<\/section>\n\t\t\t\t<section class=\"elementor-section elementor-top-section elementor-element elementor-element-ab68b61 elementor-section-boxed elementor-section-height-default elementor-section-height-default\" data-id=\"ab68b61\" data-element_type=\"section\" data-e-type=\"section\" data-settings=\"{&quot;jet_parallax_layout_list&quot;:[]}\">\n\t\t\t\t\t\t<div class=\"elementor-container elementor-column-gap-default\">\n\t\t\t\t\t<div class=\"elementor-column elementor-col-100 elementor-top-column elementor-element elementor-element-63985ab\" data-id=\"63985ab\" data-element_type=\"column\" data-e-type=\"column\">\n\t\t\t<div class=\"elementor-widget-wrap elementor-element-populated\">\n\t\t\t\t\t\t<div class=\"elementor-element elementor-element-6ba5efb elementor-widget elementor-widget-jet-woo-products\" data-id=\"6ba5efb\" data-element_type=\"widget\" data-e-type=\"widget\" data-settings=\"{&quot;columns_tablet&quot;:&quot;3&quot;,&quot;columns_mobile&quot;:&quot;1&quot;,&quot;columns&quot;:&quot;3&quot;}\" data-widget_type=\"jet-woo-products.default\">\n\t\t\t\t<div class=\"elementor-widget-container\">\n\t\t\t\t\t<div class=\"elementor-jet-woo-products jet-woo-builder\"><div class=\"jet-woo-products jet-woo-products--preset-2 col-row  jet-equal-cols\" data-mobile-hover=\"1\" >\n<div class=\"jet-woo-products__item jet-woo-builder-product\" data-product-id=\"2636\">\n\t<div class=\"jet-woo-products__inner-box jet-woo-item-overlay-wrap\" data-url=\"https:\/\/tectickets.es\/zh\/product\/taller-fotografico-en-gotic-y-born\/\" >\n\t\t\n<div class=\"jet-woo-products__thumb-wrap\">\n\t\n<div class=\"jet-woo-product-thumbnail\">\n\t\n\t<a href=\"https:\/\/tectickets.es\/zh\/product\/taller-fotografico-en-gotic-y-born\/\"><img fetchpriority=\"high\" decoding=\"async\" width=\"300\" height=\"300\" src=\"https:\/\/tectickets.es\/wp-content\/uploads\/2023\/11\/6-3-300x300.png\" class=\"attachment-woocommerce_thumbnail size-woocommerce_thumbnail\" alt=\"\" \/><\/a>\n\t<div class=\"jet-woo-product-img-overlay\"><\/div>\n\n\t\n\t<\/div>\n\t<div class=\"hovered-content\">\n\t\t\n<div class=\"jet-woo-product-button\">\n\t<a href=\"\/zh\/wp-json\/wp\/v2\/pages\/6562?add-to-cart=2636\" aria-describedby=\"woocommerce_loop_add_to_cart_link_describedby_2636\" data-quantity=\"1\" class=\"button product_type_simple add_to_cart_button ajax_add_to_cart\" data-product_id=\"2636\" data-product_sku=\"\" aria-label=\"\u52a0\u5165\u8d2d\u7269\u8f66\uff1a\u201cExplorando la Historia a trav\u00e9s del Objetivo: Taller Fotogr\u00e1fico en Gotic y Born\u201d\" rel=\"nofollow\" data-no-translation=\"\" data-trp-gettext=\"\" data-no-translation-aria-label=\"\">\u52a0\u5165\u8d2d\u7269\u8f66<\/a>\t<span id=\"woocommerce_loop_add_to_cart_link_describedby_2636\" class=\"screen-reader-text\">\n\t\t\t<\/span>\n<\/div>\t<\/div>\n<\/div>\n\n\n<div class=\"jet-woo-product-categories\">\n\t<ul><li><a href=\"https:\/\/tectickets.es\/zh\/product-category\/barcelona\/\" rel=\"tag\">Barcelona<\/a><span class=\"separator\">&#044;&nbsp;<\/span><\/li><li><a href=\"https:\/\/tectickets.es\/zh\/product-category\/cultural-e-historico\/\" rel=\"tag\">Cultural e hist\u00f3rico<\/a><span class=\"separator\"><\/ul>\n<\/div><h5 class=\"jet-woo-product-title\" title=\"Explorando la Historia a trav\u00e9s del Objetivo: Taller Fotogr\u00e1fico en Gotic y Born\"><a href=\"https:\/\/tectickets.es\/zh\/product\/taller-fotografico-en-gotic-y-born\/\">Explorando la Historia a trav\u00e9s del Objetivo: Taller Fotogr\u00e1fico...<\/a><\/h5>\n<div class=\"jet-woo-product-price\">\n\t<span class=\"price\"><span class=\"woocommerce-Price-amount amount\">20,00&nbsp;<span class=\"woocommerce-Price-currencySymbol\">\u20ac<\/span><\/span><\/span>\n<\/div>\n<div class=\"jet-woo-product-excerpt\">\n\tTaller \u00fanico en Barcelona Explora El Gotic y El Born...<\/div>\n<div class=\"jet-woo-products-cqw-wrapper\">\n\t<\/div>\t<\/div>\n\n\t\t\t<a href=\"https:\/\/tectickets.es\/zh\/product\/taller-fotografico-en-gotic-y-born\/\" class=\"jet-woo-item-overlay-link\"  ><\/a>\n\t<\/div>\n<div class=\"jet-woo-products__item jet-woo-builder-product\" data-product-id=\"5634\">\n\t<div class=\"jet-woo-products__inner-box jet-woo-item-overlay-wrap\" data-url=\"https:\/\/tectickets.es\/zh\/product\/taller-fotografia-y-vino-barcelona\/\" >\n\t\t\n<div class=\"jet-woo-products__thumb-wrap\">\n\t\n<div class=\"jet-woo-product-thumbnail\">\n\t\n\t<a href=\"https:\/\/tectickets.es\/zh\/product\/taller-fotografia-y-vino-barcelona\/\"><img decoding=\"async\" width=\"300\" height=\"300\" src=\"https:\/\/tectickets.es\/wp-content\/uploads\/2024\/03\/27-300x300.png\" class=\"attachment-woocommerce_thumbnail size-woocommerce_thumbnail\" alt=\"\" \/><\/a>\n\t<div class=\"jet-woo-product-img-overlay\"><\/div>\n\n\t\n\t<\/div>\n\t<div class=\"hovered-content\">\n\t\t\n<div class=\"jet-woo-product-button\">\n\t<a href=\"\/zh\/wp-json\/wp\/v2\/pages\/6562?add-to-cart=5634\" aria-describedby=\"woocommerce_loop_add_to_cart_link_describedby_5634\" data-quantity=\"1\" class=\"button product_type_simple add_to_cart_button ajax_add_to_cart\" data-product_id=\"5634\" data-product_sku=\"\" aria-label=\"\u52a0\u5165\u8d2d\u7269\u8f66\uff1a\u201cTaller Fotogr\u00e1fico con Tapa+ Copa de Vino - Parc de la Ciutadella y Eixample\u201d\" rel=\"nofollow\" data-no-translation=\"\" data-trp-gettext=\"\" data-no-translation-aria-label=\"\">\u52a0\u5165\u8d2d\u7269\u8f66<\/a>\t<span id=\"woocommerce_loop_add_to_cart_link_describedby_5634\" class=\"screen-reader-text\">\n\t\t\t<\/span>\n<\/div>\t<\/div>\n<\/div>\n\n\n<div class=\"jet-woo-product-categories\">\n\t<ul><li><a href=\"https:\/\/tectickets.es\/zh\/product-category\/barcelona\/\" rel=\"tag\">Barcelona<\/a><span class=\"separator\">&#044;&nbsp;<\/span><\/li><li><a href=\"https:\/\/tectickets.es\/zh\/product-category\/experiencias-sostenibles\/\" rel=\"tag\">Experiencias sostenibles<\/a><span class=\"separator\"><\/ul>\n<\/div><h5 class=\"jet-woo-product-title\" title=\"Taller Fotogr\u00e1fico con Tapa+ Copa de Vino &#8211; Parc de la Ciutadella y Eixample\"><a href=\"https:\/\/tectickets.es\/zh\/product\/taller-fotografia-y-vino-barcelona\/\">Taller Fotogr\u00e1fico con Tapa+ Copa de Vino &#8211; Parc...<\/a><\/h5>\n<div class=\"jet-woo-product-price\">\n\t<span class=\"price\"><span class=\"woocommerce-Price-amount amount\">30,00&nbsp;<span class=\"woocommerce-Price-currencySymbol\">\u20ac<\/span><\/span><\/span>\n<\/div>\n<div class=\"jet-woo-product-excerpt\">\n\tTaller fotogr\u00e1fico guiado Lugares emblem\u00e1ticos Degustaci\u00f3n de vinos y tapas<\/div>\n<div class=\"jet-woo-products-cqw-wrapper\">\n\t<\/div>\t<\/div>\n\n\t\t\t<a href=\"https:\/\/tectickets.es\/zh\/product\/taller-fotografia-y-vino-barcelona\/\" class=\"jet-woo-item-overlay-link\"  ><\/a>\n\t<\/div>\n<div class=\"jet-woo-products__item jet-woo-builder-product\" data-product-id=\"5861\">\n\t<div class=\"jet-woo-products__inner-box jet-woo-item-overlay-wrap\" data-url=\"https:\/\/tectickets.es\/zh\/product\/taller-fotografico-en-barcelona\/\" >\n\t\t\n<div class=\"jet-woo-products__thumb-wrap\">\n\t\n<div class=\"jet-woo-product-thumbnail\">\n\t\n\t<a href=\"https:\/\/tectickets.es\/zh\/product\/taller-fotografico-en-barcelona\/\"><img decoding=\"async\" width=\"300\" height=\"300\" src=\"https:\/\/tectickets.es\/wp-content\/uploads\/2024\/03\/2-9-300x300.jpg\" class=\"attachment-woocommerce_thumbnail size-woocommerce_thumbnail\" alt=\"Personas s\u00f3n fotograf\u00edadas espont\u00e0neamente haciendo tareas mundanas en el eixamle de Barcelona. Sus caras est\u00e1n difuminadas y la autora juega con la luz de el dia para obtener movimiento.\" \/><\/a>\n\t<div class=\"jet-woo-product-img-overlay\"><\/div>\n\n\t\n\t<\/div>\n\t<div class=\"hovered-content\">\n\t\t\n<div class=\"jet-woo-product-button\">\n\t<a href=\"\/zh\/wp-json\/wp\/v2\/pages\/6562?add-to-cart=5861\" aria-describedby=\"woocommerce_loop_add_to_cart_link_describedby_5861\" data-quantity=\"1\" class=\"button product_type_simple add_to_cart_button ajax_add_to_cart\" data-product_id=\"5861\" data-product_sku=\"\" aria-label=\"\u52a0\u5165\u8d2d\u7269\u8f66\uff1a\u201cTaller Fotogr\u00e1fico con m\u00f3vil: Narrativa visual en Barcelona\u201d\" rel=\"nofollow\" data-no-translation=\"\" data-trp-gettext=\"\" data-no-translation-aria-label=\"\">\u52a0\u5165\u8d2d\u7269\u8f66<\/a>\t<span id=\"woocommerce_loop_add_to_cart_link_describedby_5861\" class=\"screen-reader-text\">\n\t\t\t<\/span>\n<\/div>\t<\/div>\n<\/div>\n\n\n<div class=\"jet-woo-product-categories\">\n\t<ul><li><a href=\"https:\/\/tectickets.es\/zh\/product-category\/barcelona\/\" rel=\"tag\">Barcelona<\/a><span class=\"separator\">&#044;&nbsp;<\/span><\/li><li><a href=\"https:\/\/tectickets.es\/zh\/product-category\/taller-fotografico\/\" rel=\"tag\">Taller Fotogr\u00e1fico<\/a><\/li><\/ul>\n<\/div><h5 class=\"jet-woo-product-title\" title=\"Taller Fotogr\u00e1fico con m\u00f3vil: Narrativa visual en Barcelona\"><a href=\"https:\/\/tectickets.es\/zh\/product\/taller-fotografico-en-barcelona\/\">Taller Fotogr\u00e1fico con m\u00f3vil: Narrativa visual en Barcelona<\/a><\/h5>\n<div class=\"jet-woo-product-price\">\n\t<span class=\"price\"><span class=\"woocommerce-Price-amount amount\">30,00&nbsp;<span class=\"woocommerce-Price-currencySymbol\">\u20ac<\/span><\/span><\/span>\n<\/div>\n<div class=\"jet-woo-product-excerpt\">\n\tExplora Barcelona a trav\u00e9s de tus lentes en nuestro Taller...<\/div>\n<div class=\"jet-woo-products-cqw-wrapper\">\n\t<\/div>\t<\/div>\n\n\t\t\t<a href=\"https:\/\/tectickets.es\/zh\/product\/taller-fotografico-en-barcelona\/\" class=\"jet-woo-item-overlay-link\"  ><\/a>\n\t<\/div><\/div>\n<\/div>\t\t\t\t<\/div>\n\t\t\t\t<\/div>\n\t\t\t\t\t<\/div>\n\t\t<\/div>\n\t\t\t\t\t<\/div>\n\t\t<\/section>\n\t\t\t\t<\/div>","protected":false},"excerpt":{"rendered":"<p>Elige tu Taller de Fotograf\u00eda Sum\u00e9rgete en los barrios hist\u00f3ricos de Barcelona con nuestros Talleres de Fotograf\u00eda. Elige tu experiencia, desde explorar lugares emblem\u00e1ticos hasta crear recuerdos \u00fanicos. Read more Barcelona&#44;&nbsp; Taller Fotogr\u00e1fico Taller Fotogr\u00e1fico con Tapa+ Copa de Vino &#8211; Parc&#8230; From: 41,99&nbsp;\u20ac Taller fotogr\u00e1fico guiado Lugares emblem\u00e1ticos Degustaci\u00f3n de vinos y tapas Read [&hellip;]<\/p>\n","protected":false},"author":1,"featured_media":5096,"parent":0,"menu_order":0,"comment_status":"closed","ping_status":"closed","template":"","meta":{"footnotes":""},"class_list":["post-6562","page","type-page","status-publish","has-post-thumbnail","hentry"],"yoast_head":"<!-- This site is optimized with the Yoast SEO Premium plugin v24.5 (Yoast SEO v27.5) - https:\/\/yoast.com\/product\/yoast-seo-premium-wordpress\/ -->\n<title>Taller de fotograf\u00eda - TecTickets<\/title>\n<meta name=\"description\" content=\"Captura la esencia de los barrios hist\u00f3ricos de Barcelona en nuestro inmersivo Taller de Fotograf\u00eda. Explora lugares emblem\u00e1ticos, crea recuerdos \u00fanicos y desata tu creatividad con la gu\u00eda de expertos. \u00a1Reserva ahora y embarca en un viaje visual por el coraz\u00f3n de la ciudad!\" \/>\n<meta name=\"robots\" content=\"index, follow, max-snippet:-1, max-image-preview:large, max-video-preview:-1\" \/>\n<link rel=\"canonical\" href=\"https:\/\/tectickets.es\/zh\/taller-de-fotografia\/\" \/>\n<meta property=\"og:locale\" content=\"zh_CN\" \/>\n<meta property=\"og:type\" content=\"article\" \/>\n<meta property=\"og:title\" content=\"Taller de fotograf\u00eda\" \/>\n<meta property=\"og:description\" content=\"Captura la esencia de los barrios hist\u00f3ricos de Barcelona en nuestro inmersivo Taller de Fotograf\u00eda. Explora lugares emblem\u00e1ticos, crea recuerdos \u00fanicos y desata tu creatividad con la gu\u00eda de expertos. \u00a1Reserva ahora y embarca en un viaje visual por el coraz\u00f3n de la ciudad!\" \/>\n<meta property=\"og:url\" content=\"https:\/\/tectickets.es\/zh\/taller-de-fotografia\/\" \/>\n<meta property=\"og:site_name\" content=\"TecTickets\" \/>\n<meta property=\"article:publisher\" content=\"https:\/\/www.instagram.com\/tectickets\/\" \/>\n<meta property=\"article:modified_time\" content=\"2024-05-06T10:38:11+00:00\" \/>\n<meta property=\"og:image\" content=\"https:\/\/tectickets.es\/wp-content\/uploads\/2024\/02\/Barcelona-Mujer-con-Camara-Sagrada-Familia.jpg\" \/>\n\t<meta property=\"og:image:width\" content=\"1024\" \/>\n\t<meta property=\"og:image:height\" content=\"768\" \/>\n\t<meta property=\"og:image:type\" content=\"image\/jpeg\" \/>\n<meta name=\"twitter:card\" content=\"summary_large_image\" \/>\n<meta name=\"twitter:site\" content=\"@tectickets\" \/>\n<meta name=\"twitter:label1\" content=\"\u9884\u8ba1\u9605\u8bfb\u65f6\u95f4\" \/>\n\t<meta name=\"twitter:data1\" content=\"2 \u5206\" \/>\n<script type=\"application\/ld+json\" class=\"yoast-schema-graph\">{\"@context\":\"https:\\\/\\\/schema.org\",\"@graph\":[{\"@type\":\"WebPage\",\"@id\":\"https:\\\/\\\/tectickets.es\\\/taller-de-fotografia\\\/\",\"url\":\"https:\\\/\\\/tectickets.es\\\/taller-de-fotografia\\\/\",\"name\":\"Taller de fotograf\u00eda - TecTickets\",\"isPartOf\":{\"@id\":\"https:\\\/\\\/tectickets.es\\\/#website\"},\"primaryImageOfPage\":{\"@id\":\"https:\\\/\\\/tectickets.es\\\/taller-de-fotografia\\\/#primaryimage\"},\"image\":{\"@id\":\"https:\\\/\\\/tectickets.es\\\/taller-de-fotografia\\\/#primaryimage\"},\"thumbnailUrl\":\"https:\\\/\\\/tectickets.es\\\/wp-content\\\/uploads\\\/2024\\\/02\\\/Barcelona-Mujer-con-Camara-Sagrada-Familia.jpg\",\"datePublished\":\"2024-05-06T10:02:06+00:00\",\"dateModified\":\"2024-05-06T10:38:11+00:00\",\"description\":\"Captura la esencia de los barrios hist\u00f3ricos de Barcelona en nuestro inmersivo Taller de Fotograf\u00eda. Explora lugares emblem\u00e1ticos, crea recuerdos \u00fanicos y desata tu creatividad con la gu\u00eda de expertos. \u00a1Reserva ahora y embarca en un viaje visual por el coraz\u00f3n de la ciudad!\",\"breadcrumb\":{\"@id\":\"https:\\\/\\\/tectickets.es\\\/taller-de-fotografia\\\/#breadcrumb\"},\"inLanguage\":\"zh-Hans\",\"potentialAction\":[{\"@type\":\"ReadAction\",\"target\":[\"https:\\\/\\\/tectickets.es\\\/taller-de-fotografia\\\/\"]}]},{\"@type\":\"ImageObject\",\"inLanguage\":\"zh-Hans\",\"@id\":\"https:\\\/\\\/tectickets.es\\\/taller-de-fotografia\\\/#primaryimage\",\"url\":\"https:\\\/\\\/tectickets.es\\\/wp-content\\\/uploads\\\/2024\\\/02\\\/Barcelona-Mujer-con-Camara-Sagrada-Familia.jpg\",\"contentUrl\":\"https:\\\/\\\/tectickets.es\\\/wp-content\\\/uploads\\\/2024\\\/02\\\/Barcelona-Mujer-con-Camara-Sagrada-Familia.jpg\",\"width\":1024,\"height\":768,\"caption\":\"Explorando la magia de Barcelona: Una mirada fotogr\u00e1fica frente a la Sagrada Familia.\"},{\"@type\":\"BreadcrumbList\",\"@id\":\"https:\\\/\\\/tectickets.es\\\/taller-de-fotografia\\\/#breadcrumb\",\"itemListElement\":[{\"@type\":\"ListItem\",\"position\":1,\"name\":\"Portada\",\"item\":\"https:\\\/\\\/tectickets.es\\\/\"},{\"@type\":\"ListItem\",\"position\":2,\"name\":\"Taller de fotograf\u00eda\"}]},{\"@type\":\"WebSite\",\"@id\":\"https:\\\/\\\/tectickets.es\\\/#website\",\"url\":\"https:\\\/\\\/tectickets.es\\\/\",\"name\":\"TecTickets\",\"description\":\"\u00a1Explora el universo del turismo, eventos y cultura con solo un clic!\",\"publisher\":{\"@id\":\"https:\\\/\\\/tectickets.es\\\/#organization\"},\"potentialAction\":[{\"@type\":\"SearchAction\",\"target\":{\"@type\":\"EntryPoint\",\"urlTemplate\":\"https:\\\/\\\/tectickets.es\\\/?s={search_term_string}\"},\"query-input\":{\"@type\":\"PropertyValueSpecification\",\"valueRequired\":true,\"valueName\":\"search_term_string\"}}],\"inLanguage\":\"zh-Hans\"},{\"@type\":\"Organization\",\"@id\":\"https:\\\/\\\/tectickets.es\\\/#organization\",\"name\":\"el teu tiquet.sl\",\"url\":\"https:\\\/\\\/tectickets.es\\\/\",\"logo\":{\"@type\":\"ImageObject\",\"inLanguage\":\"zh-Hans\",\"@id\":\"https:\\\/\\\/tectickets.es\\\/#\\\/schema\\\/logo\\\/image\\\/\",\"url\":\"https:\\\/\\\/tectickets.es\\\/wp-content\\\/uploads\\\/2023\\\/06\\\/cropped-Agregar-un-titulo-800-\u00d7-600-px.png\",\"contentUrl\":\"https:\\\/\\\/tectickets.es\\\/wp-content\\\/uploads\\\/2023\\\/06\\\/cropped-Agregar-un-titulo-800-\u00d7-600-px.png\",\"width\":733,\"height\":334,\"caption\":\"el teu tiquet.sl\"},\"image\":{\"@id\":\"https:\\\/\\\/tectickets.es\\\/#\\\/schema\\\/logo\\\/image\\\/\"},\"sameAs\":[\"https:\\\/\\\/www.instagram.com\\\/tectickets\\\/\",\"https:\\\/\\\/x.com\\\/tectickets\",\"https:\\\/\\\/www.pinterest.es\\\/tectickets\\\/\",\"https:\\\/\\\/www.tiktok.com\\\/@tectickets\",\"https:\\\/\\\/www.youtube.com\\\/@TecTickets\"],\"publishingPrinciples\":\"https:\\\/\\\/tectickets.es\\\/reembolso_devoluciones\\\/\",\"ownershipFundingInfo\":\"https:\\\/\\\/tectickets.es\\\/contacto\\\/\",\"actionableFeedbackPolicy\":\"https:\\\/\\\/tectickets.es\\\/condiciones-generales\\\/\"}]}<\/script>\n<!-- \/ Yoast SEO Premium plugin. -->","yoast_head_json":{"title":"Taller de fotograf\u00eda - TecTickets","description":"Captura la esencia de los barrios hist\u00f3ricos de Barcelona en nuestro inmersivo Taller de Fotograf\u00eda. Explora lugares emblem\u00e1ticos, crea recuerdos \u00fanicos y desata tu creatividad con la gu\u00eda de expertos. \u00a1Reserva ahora y embarca en un viaje visual por el coraz\u00f3n de la ciudad!","robots":{"index":"index","follow":"follow","max-snippet":"max-snippet:-1","max-image-preview":"max-image-preview:large","max-video-preview":"max-video-preview:-1"},"canonical":"https:\/\/tectickets.es\/zh\/taller-de-fotografia\/","og_locale":"zh_CN","og_type":"article","og_title":"Taller de fotograf\u00eda","og_description":"Captura la esencia de los barrios hist\u00f3ricos de Barcelona en nuestro inmersivo Taller de Fotograf\u00eda. Explora lugares emblem\u00e1ticos, crea recuerdos \u00fanicos y desata tu creatividad con la gu\u00eda de expertos. \u00a1Reserva ahora y embarca en un viaje visual por el coraz\u00f3n de la ciudad!","og_url":"https:\/\/tectickets.es\/zh\/taller-de-fotografia\/","og_site_name":"TecTickets","article_publisher":"https:\/\/www.instagram.com\/tectickets\/","article_modified_time":"2024-05-06T10:38:11+00:00","og_image":[{"width":1024,"height":768,"url":"https:\/\/tectickets.es\/wp-content\/uploads\/2024\/02\/Barcelona-Mujer-con-Camara-Sagrada-Familia.jpg","type":"image\/jpeg"}],"twitter_card":"summary_large_image","twitter_site":"@tectickets","twitter_misc":{"\u9884\u8ba1\u9605\u8bfb\u65f6\u95f4":"2 \u5206"},"schema":{"@context":"https:\/\/schema.org","@graph":[{"@type":"WebPage","@id":"https:\/\/tectickets.es\/taller-de-fotografia\/","url":"https:\/\/tectickets.es\/taller-de-fotografia\/","name":"Taller de fotograf\u00eda - TecTickets","isPartOf":{"@id":"https:\/\/tectickets.es\/#website"},"primaryImageOfPage":{"@id":"https:\/\/tectickets.es\/taller-de-fotografia\/#primaryimage"},"image":{"@id":"https:\/\/tectickets.es\/taller-de-fotografia\/#primaryimage"},"thumbnailUrl":"https:\/\/tectickets.es\/wp-content\/uploads\/2024\/02\/Barcelona-Mujer-con-Camara-Sagrada-Familia.jpg","datePublished":"2024-05-06T10:02:06+00:00","dateModified":"2024-05-06T10:38:11+00:00","description":"Captura la esencia de los barrios hist\u00f3ricos de Barcelona en nuestro inmersivo Taller de Fotograf\u00eda. Explora lugares emblem\u00e1ticos, crea recuerdos \u00fanicos y desata tu creatividad con la gu\u00eda de expertos. \u00a1Reserva ahora y embarca en un viaje visual por el coraz\u00f3n de la ciudad!","breadcrumb":{"@id":"https:\/\/tectickets.es\/taller-de-fotografia\/#breadcrumb"},"inLanguage":"zh-Hans","potentialAction":[{"@type":"ReadAction","target":["https:\/\/tectickets.es\/taller-de-fotografia\/"]}]},{"@type":"ImageObject","inLanguage":"zh-Hans","@id":"https:\/\/tectickets.es\/taller-de-fotografia\/#primaryimage","url":"https:\/\/tectickets.es\/wp-content\/uploads\/2024\/02\/Barcelona-Mujer-con-Camara-Sagrada-Familia.jpg","contentUrl":"https:\/\/tectickets.es\/wp-content\/uploads\/2024\/02\/Barcelona-Mujer-con-Camara-Sagrada-Familia.jpg","width":1024,"height":768,"caption":"Explorando la magia de Barcelona: Una mirada fotogr\u00e1fica frente a la Sagrada Familia."},{"@type":"BreadcrumbList","@id":"https:\/\/tectickets.es\/taller-de-fotografia\/#breadcrumb","itemListElement":[{"@type":"ListItem","position":1,"name":"Portada","item":"https:\/\/tectickets.es\/"},{"@type":"ListItem","position":2,"name":"Taller de fotograf\u00eda"}]},{"@type":"WebSite","@id":"https:\/\/tectickets.es\/#website","url":"https:\/\/tectickets.es\/","name":"TecTickets","description":"\u00a1Explora el universo del turismo, eventos y cultura con solo un clic!","publisher":{"@id":"https:\/\/tectickets.es\/#organization"},"potentialAction":[{"@type":"SearchAction","target":{"@type":"EntryPoint","urlTemplate":"https:\/\/tectickets.es\/?s={search_term_string}"},"query-input":{"@type":"PropertyValueSpecification","valueRequired":true,"valueName":"search_term_string"}}],"inLanguage":"zh-Hans"},{"@type":"Organization","@id":"https:\/\/tectickets.es\/#organization","name":"el teu tiquet.sl","url":"https:\/\/tectickets.es\/","logo":{"@type":"ImageObject","inLanguage":"zh-Hans","@id":"https:\/\/tectickets.es\/#\/schema\/logo\/image\/","url":"https:\/\/tectickets.es\/wp-content\/uploads\/2023\/06\/cropped-Agregar-un-titulo-800-\u00d7-600-px.png","contentUrl":"https:\/\/tectickets.es\/wp-content\/uploads\/2023\/06\/cropped-Agregar-un-titulo-800-\u00d7-600-px.png","width":733,"height":334,"caption":"el teu tiquet.sl"},"image":{"@id":"https:\/\/tectickets.es\/#\/schema\/logo\/image\/"},"sameAs":["https:\/\/www.instagram.com\/tectickets\/","https:\/\/x.com\/tectickets","https:\/\/www.pinterest.es\/tectickets\/","https:\/\/www.tiktok.com\/@tectickets","https:\/\/www.youtube.com\/@TecTickets"],"publishingPrinciples":"https:\/\/tectickets.es\/reembolso_devoluciones\/","ownershipFundingInfo":"https:\/\/tectickets.es\/contacto\/","actionableFeedbackPolicy":"https:\/\/tectickets.es\/condiciones-generales\/"}]}},"_links":{"self":[{"href":"https:\/\/tectickets.es\/zh\/wp-json\/wp\/v2\/pages\/6562","targetHints":{"allow":["GET"]}}],"collection":[{"href":"https:\/\/tectickets.es\/zh\/wp-json\/wp\/v2\/pages"}],"about":[{"href":"https:\/\/tectickets.es\/zh\/wp-json\/wp\/v2\/types\/page"}],"author":[{"embeddable":true,"href":"https:\/\/tectickets.es\/zh\/wp-json\/wp\/v2\/users\/1"}],"replies":[{"embeddable":true,"href":"https:\/\/tectickets.es\/zh\/wp-json\/wp\/v2\/comments?post=6562"}],"version-history":[{"count":0,"href":"https:\/\/tectickets.es\/zh\/wp-json\/wp\/v2\/pages\/6562\/revisions"}],"wp:featuredmedia":[{"embeddable":true,"href":"https:\/\/tectickets.es\/zh\/wp-json\/wp\/v2\/media\/5096"}],"wp:attachment":[{"href":"https:\/\/tectickets.es\/zh\/wp-json\/wp\/v2\/media?parent=6562"}],"curies":[{"name":"wp","href":"https:\/\/api.w.org\/{rel}","templated":true}]}}