{"id":7009,"date":"2024-09-04T10:43:05","date_gmt":"2024-09-04T10:43:05","guid":{"rendered":"https:\/\/tectickets.es\/?page_id=7009"},"modified":"2024-09-04T11:12:48","modified_gmt":"2024-09-04T11:12:48","slug":"programa-de-colaboracion-de-tectickets","status":"publish","type":"page","link":"https:\/\/tectickets.es\/zh\/programa-de-colaboracion-de-tectickets\/","title":{"rendered":"\u00daNETE A NUESTRO PROGRAMA DE COLABORACI\u00d3N"},"content":{"rendered":"<div data-elementor-type=\"wp-page\" data-elementor-id=\"7009\" class=\"elementor elementor-7009\" data-elementor-post-type=\"page\">\n\t\t\t\t\t\t<section class=\"elementor-section elementor-top-section elementor-element elementor-element-147e4b7 elementor-section-content-middle elementor-section-boxed elementor-section-height-default elementor-section-height-default\" data-id=\"147e4b7\" data-element_type=\"section\" data-e-type=\"section\" data-settings=\"{&quot;jet_parallax_layout_list&quot;:[]}\">\n\t\t\t\t\t\t<div class=\"elementor-container elementor-column-gap-no\">\n\t\t\t\t\t<div class=\"elementor-column elementor-col-100 elementor-top-column elementor-element elementor-element-baab702\" data-id=\"baab702\" data-element_type=\"column\" data-e-type=\"column\">\n\t\t\t<div class=\"elementor-widget-wrap elementor-element-populated\">\n\t\t\t\t\t\t<div class=\"elementor-element elementor-element-a748ca1 elementor-widget elementor-widget-heading\" data-id=\"a748ca1\" data-element_type=\"widget\" data-e-type=\"widget\" data-widget_type=\"heading.default\">\n\t\t\t\t<div class=\"elementor-widget-container\">\n\t\t\t\t\t<h1 class=\"elementor-heading-title elementor-size-default\">\u00daNETE A NUESTRO PROGRAMA DE COLABORACI\u00d3N\n<\/h1>\t\t\t\t<\/div>\n\t\t\t\t<\/div>\n\t\t\t\t<div class=\"elementor-element elementor-element-b9bba94 elementor-widget elementor-widget-text-editor\" data-id=\"b9bba94\" data-element_type=\"widget\" data-e-type=\"widget\" data-widget_type=\"text-editor.default\">\n\t\t\t\t<div class=\"elementor-widget-container\">\n\t\t\t\t\t\t\t\t\t<p>\u00danete al programa de colaboraci\u00f3n de TecTickets y maximiza tus reservas, con nuestra publicidad efectiva, bajas comisiones y un sistema de reservas y facturaci\u00f3n transparente. Reg\u00edstrate hoy y aumenta tu visibilidad durante todo el a\u00f1o<\/p>\t\t\t\t\t\t\t\t<\/div>\n\t\t\t\t<\/div>\n\t\t\t\t<div class=\"elementor-element elementor-element-d170619 elementor-widget elementor-widget-image\" data-id=\"d170619\" data-element_type=\"widget\" data-e-type=\"widget\" data-widget_type=\"image.default\">\n\t\t\t\t<div class=\"elementor-widget-container\">\n\t\t\t\t\t\t\t\t\t\t\t\t\t\t\t<img fetchpriority=\"high\" decoding=\"async\" width=\"1024\" height=\"768\" src=\"https:\/\/tectickets.es\/wp-content\/uploads\/2023\/11\/2-4.png\" class=\"attachment-full size-full wp-image-6946\" alt=\"\" srcset=\"https:\/\/tectickets.es\/wp-content\/uploads\/2023\/11\/2-4.png 1024w, https:\/\/tectickets.es\/wp-content\/uploads\/2023\/11\/2-4-300x225.png 300w, https:\/\/tectickets.es\/wp-content\/uploads\/2023\/11\/2-4-768x576.png 768w, https:\/\/tectickets.es\/wp-content\/uploads\/2023\/11\/2-4-600x450.png 600w\" sizes=\"(max-width: 1024px) 100vw, 1024px\" \/>\t\t\t\t\t\t\t\t\t\t\t\t\t\t\t<\/div>\n\t\t\t\t<\/div>\n\t\t\t\t<div class=\"elementor-element elementor-element-ebf5810 elementor-widget elementor-widget-heading\" data-id=\"ebf5810\" data-element_type=\"widget\" data-e-type=\"widget\" data-widget_type=\"heading.default\">\n\t\t\t\t<div class=\"elementor-widget-container\">\n\t\t\t\t\t<h2 class=\"elementor-heading-title elementor-size-default\">\u00bfQU\u00c9 OFRECEMOS?<\/h2>\t\t\t\t<\/div>\n\t\t\t\t<\/div>\n\t\t\t\t<div class=\"elementor-element elementor-element-296cb6d elementor-widget elementor-widget-heading\" data-id=\"296cb6d\" data-element_type=\"widget\" data-e-type=\"widget\" data-widget_type=\"heading.default\">\n\t\t\t\t<div class=\"elementor-widget-container\">\n\t\t\t\t\t<h3 class=\"elementor-heading-title elementor-size-default\">Publicidad y Marketing Digital<\/h3>\t\t\t\t<\/div>\n\t\t\t\t<\/div>\n\t\t\t\t<div class=\"elementor-element elementor-element-fcee058 elementor-widget elementor-widget-text-editor\" data-id=\"fcee058\" data-element_type=\"widget\" data-e-type=\"widget\" data-widget_type=\"text-editor.default\">\n\t\t\t\t<div class=\"elementor-widget-container\">\n\t\t\t\t\t\t\t\t\t<p>Deja la promoci\u00f3n de tus tours en nuestras manos. Nuestro equipo de marketing digital se encargar\u00e1 de atraer a los clientes adecuados para ti.<\/p>\t\t\t\t\t\t\t\t<\/div>\n\t\t\t\t<\/div>\n\t\t\t\t<div class=\"elementor-element elementor-element-f07865e elementor-widget elementor-widget-heading\" data-id=\"f07865e\" data-element_type=\"widget\" data-e-type=\"widget\" data-widget_type=\"heading.default\">\n\t\t\t\t<div class=\"elementor-widget-container\">\n\t\t\t\t\t<h3 class=\"elementor-heading-title elementor-size-default\">Sin Cuotas Fijas\n<\/h3>\t\t\t\t<\/div>\n\t\t\t\t<\/div>\n\t\t\t\t<div class=\"elementor-element elementor-element-be5e4ad elementor-widget elementor-widget-text-editor\" data-id=\"be5e4ad\" data-element_type=\"widget\" data-e-type=\"widget\" data-widget_type=\"text-editor.default\">\n\t\t\t\t<div class=\"elementor-widget-container\">\n\t\t\t\t\t\t\t\t\t<p>Disfruta de bajas comisiones sin cuotas fijas ni costes adicionales. Solo pagas por ticket vendido.<\/p>\t\t\t\t\t\t\t\t<\/div>\n\t\t\t\t<\/div>\n\t\t\t\t<div class=\"elementor-element elementor-element-5859c61 elementor-widget elementor-widget-heading\" data-id=\"5859c61\" data-element_type=\"widget\" data-e-type=\"widget\" data-widget_type=\"heading.default\">\n\t\t\t\t<div class=\"elementor-widget-container\">\n\t\t\t\t\t<h3 class=\"elementor-heading-title elementor-size-default\">Transparencia en la Facturaci\u00f3n<\/h3>\t\t\t\t<\/div>\n\t\t\t\t<\/div>\n\t\t\t\t<div class=\"elementor-element elementor-element-f58373b elementor-widget elementor-widget-text-editor\" data-id=\"f58373b\" data-element_type=\"widget\" data-e-type=\"widget\" data-widget_type=\"text-editor.default\">\n\t\t\t\t<div class=\"elementor-widget-container\">\n\t\t\t\t\t\t\t\t\t<p>Recibe facturas claras y realiza el cobro de tus ingresos de manera eficiente y puntual.<\/p>\t\t\t\t\t\t\t\t<\/div>\n\t\t\t\t<\/div>\n\t\t\t\t<div class=\"elementor-element elementor-element-73eb99a elementor-widget elementor-widget-heading\" data-id=\"73eb99a\" data-element_type=\"widget\" data-e-type=\"widget\" data-widget_type=\"heading.default\">\n\t\t\t\t<div class=\"elementor-widget-container\">\n\t\t\t\t\t<h3 class=\"elementor-heading-title elementor-size-default\">Incrementa tu Clientela\n<\/h3>\t\t\t\t<\/div>\n\t\t\t\t<\/div>\n\t\t\t\t<div class=\"elementor-element elementor-element-10d1b9d elementor-widget elementor-widget-text-editor\" data-id=\"10d1b9d\" data-element_type=\"widget\" data-e-type=\"widget\" data-widget_type=\"text-editor.default\">\n\t\t\t\t<div class=\"elementor-widget-container\">\n\t\t\t\t\t\t\t\t\t<p>Aumenta tu visibilidad y asegura ingresos estables durante todo el a\u00f1o, sin importar la temporada.<\/p>\t\t\t\t\t\t\t\t<\/div>\n\t\t\t\t<\/div>\n\t\t\t\t<div class=\"elementor-element elementor-element-2ffc847 elementor-widget elementor-widget-heading\" data-id=\"2ffc847\" data-element_type=\"widget\" data-e-type=\"widget\" data-widget_type=\"heading.default\">\n\t\t\t\t<div class=\"elementor-widget-container\">\n\t\t\t\t\t<h2 class=\"elementor-heading-title elementor-size-default\">\u00bfC\u00f3mo funciona?<\/h2>\t\t\t\t<\/div>\n\t\t\t\t<\/div>\n\t\t\t\t<div class=\"elementor-element elementor-element-cb83943 elementor-widget elementor-widget-text-editor\" data-id=\"cb83943\" data-element_type=\"widget\" data-e-type=\"widget\" data-widget_type=\"text-editor.default\">\n\t\t\t\t<div class=\"elementor-widget-container\">\n\t\t\t\t\t\t\t\t\t<ol><li><p><strong>Registro y Activaci\u00f3n<\/strong><br \/>Completa el formulario de inscripci\u00f3n y nuestros expertos revisar\u00e1n tu informaci\u00f3n para activarte en nuestro sistema.<\/p><\/li><li><p><strong>Publicaci\u00f3n de Tours<\/strong><br \/>Publicamos tus tours en nuestra plataforma y nos encargamos de la promoci\u00f3n para atraer clientes.<\/p><\/li><li><p><strong>Gesti\u00f3n de Reservas y Facturaci\u00f3n<\/strong><br \/>Recibe notificaciones de reservas, factura tus tickets y recibe tus pagos mensuales, sin complicaciones.<\/p><\/li><\/ol>\t\t\t\t\t\t\t\t<\/div>\n\t\t\t\t<\/div>\n\t\t\t\t\t<\/div>\n\t\t<\/div>\n\t\t\t\t\t<\/div>\n\t\t<\/section>\n\t\t\t\t<section class=\"elementor-section elementor-top-section elementor-element elementor-element-5918444 elementor-section-boxed elementor-section-height-default elementor-section-height-default\" data-id=\"5918444\" data-element_type=\"section\" data-e-type=\"section\" data-settings=\"{&quot;jet_parallax_layout_list&quot;:[]}\">\n\t\t\t\t\t\t<div class=\"elementor-container elementor-column-gap-default\">\n\t\t\t\t\t<div class=\"elementor-column elementor-col-100 elementor-top-column elementor-element elementor-element-a134ae9\" data-id=\"a134ae9\" data-element_type=\"column\" data-e-type=\"column\">\n\t\t\t<div class=\"elementor-widget-wrap elementor-element-populated\">\n\t\t\t\t\t\t<div class=\"elementor-element elementor-element-e7700a3 elementor-widget elementor-widget-html\" data-id=\"e7700a3\" data-element_type=\"widget\" data-e-type=\"widget\" data-widget_type=\"html.default\">\n\t\t\t\t<div class=\"elementor-widget-container\">\n\t\t\t\t\t<iframe src=\"https:\/\/docs.google.com\/forms\/d\/e\/1FAIpQLSdTNdp9QzkPsY4RYwiAGCvH4iwXvTGKIMwLRSgDPKt3TUWKzA\/viewform?embedded=true\" width=\"640\" height=\"2235\" frameborder=\"0\" marginheight=\"0\" marginwidth=\"0\">Cargando\u2026<\/iframe>\t\t\t\t<\/div>\n\t\t\t\t<\/div>\n\t\t\t\t\t<\/div>\n\t\t<\/div>\n\t\t\t\t\t<\/div>\n\t\t<\/section>\n\t\t\t\t<\/div>","protected":false},"excerpt":{"rendered":"<p>\u00daNETE A NUESTRO PROGRAMA DE COLABORACI\u00d3N \u00danete al programa de colaboraci\u00f3n de TecTickets y maximiza tus reservas, con nuestra publicidad efectiva, bajas comisiones y un sistema de reservas y facturaci\u00f3n transparente. Reg\u00edstrate hoy y aumenta tu visibilidad durante todo el a\u00f1o \u00bfQU\u00c9 OFRECEMOS? Publicidad y Marketing Digital Deja la promoci\u00f3n de tus tours en nuestras [&hellip;]<\/p>\n","protected":false},"author":1,"featured_media":6,"parent":0,"menu_order":0,"comment_status":"closed","ping_status":"closed","template":"","meta":{"footnotes":""},"class_list":["post-7009","page","type-page","status-publish","has-post-thumbnail","hentry"],"yoast_head":"<!-- This site is optimized with the Yoast SEO Premium plugin v24.5 (Yoast SEO v27.5) - https:\/\/yoast.com\/product\/yoast-seo-premium-wordpress\/ -->\n<title>\u00daNETE A NUESTRO PROGRAMA DE COLABORACI\u00d3N - TecTickets<\/title>\n<meta name=\"description\" content=\"\u00danete al programa de colaboraci\u00f3n de TecTickets y potencia tus tours con nuestra publicidad efectiva, bajas comisiones y un sistema de reservas y facturaci\u00f3n claro. Reg\u00edstrate hoy y maximiza tu visibilidad durante todo el a\u00f1o.\" \/>\n<meta name=\"robots\" content=\"index, follow, max-snippet:-1, max-image-preview:large, max-video-preview:-1\" \/>\n<link rel=\"canonical\" href=\"https:\/\/tectickets.es\/zh\/programa-de-colaboracion-de-tectickets\/\" \/>\n<meta property=\"og:locale\" content=\"zh_CN\" \/>\n<meta property=\"og:type\" content=\"article\" \/>\n<meta property=\"og:title\" content=\"\u00daNETE A NUESTRO PROGRAMA DE COLABORACI\u00d3N\" \/>\n<meta property=\"og:description\" content=\"\u00danete al programa de colaboraci\u00f3n de TecTickets y potencia tus tours con nuestra publicidad efectiva, bajas comisiones y un sistema de reservas y facturaci\u00f3n claro. Reg\u00edstrate hoy y maximiza tu visibilidad durante todo el a\u00f1o.\" \/>\n<meta property=\"og:url\" content=\"https:\/\/tectickets.es\/zh\/programa-de-colaboracion-de-tectickets\/\" \/>\n<meta property=\"og:site_name\" content=\"TecTickets\" \/>\n<meta property=\"article:publisher\" content=\"https:\/\/www.instagram.com\/tectickets\/\" \/>\n<meta property=\"article:modified_time\" content=\"2024-09-04T11:12:48+00:00\" \/>\n<meta property=\"og:image\" content=\"https:\/\/tectickets.es\/wp-content\/uploads\/2023\/06\/Sin-titulo-800-\u00d7-800-px.png\" \/>\n\t<meta property=\"og:image:width\" content=\"800\" \/>\n\t<meta property=\"og:image:height\" content=\"800\" \/>\n\t<meta property=\"og:image:type\" content=\"image\/png\" \/>\n<meta name=\"twitter:card\" content=\"summary_large_image\" \/>\n<meta name=\"twitter:site\" content=\"@tectickets\" \/>\n<meta name=\"twitter:label1\" content=\"\u9884\u8ba1\u9605\u8bfb\u65f6\u95f4\" \/>\n\t<meta name=\"twitter:data1\" content=\"2 \u5206\" \/>\n<script type=\"application\/ld+json\" class=\"yoast-schema-graph\">{\"@context\":\"https:\\\/\\\/schema.org\",\"@graph\":[{\"@type\":\"WebPage\",\"@id\":\"https:\\\/\\\/tectickets.es\\\/programa-de-colaboracion-de-tectickets\\\/\",\"url\":\"https:\\\/\\\/tectickets.es\\\/programa-de-colaboracion-de-tectickets\\\/\",\"name\":\"\u00daNETE A NUESTRO PROGRAMA DE COLABORACI\u00d3N - TecTickets\",\"isPartOf\":{\"@id\":\"https:\\\/\\\/tectickets.es\\\/#website\"},\"primaryImageOfPage\":{\"@id\":\"https:\\\/\\\/tectickets.es\\\/programa-de-colaboracion-de-tectickets\\\/#primaryimage\"},\"image\":{\"@id\":\"https:\\\/\\\/tectickets.es\\\/programa-de-colaboracion-de-tectickets\\\/#primaryimage\"},\"thumbnailUrl\":\"https:\\\/\\\/tectickets.es\\\/wp-content\\\/uploads\\\/2023\\\/06\\\/Sin-titulo-800-\u00d7-800-px.png\",\"datePublished\":\"2024-09-04T10:43:05+00:00\",\"dateModified\":\"2024-09-04T11:12:48+00:00\",\"description\":\"\u00danete al programa de colaboraci\u00f3n de TecTickets y potencia tus tours con nuestra publicidad efectiva, bajas comisiones y un sistema de reservas y facturaci\u00f3n claro. Reg\u00edstrate hoy y maximiza tu visibilidad durante todo el a\u00f1o.\",\"breadcrumb\":{\"@id\":\"https:\\\/\\\/tectickets.es\\\/programa-de-colaboracion-de-tectickets\\\/#breadcrumb\"},\"inLanguage\":\"zh-Hans\",\"potentialAction\":[{\"@type\":\"ReadAction\",\"target\":[\"https:\\\/\\\/tectickets.es\\\/programa-de-colaboracion-de-tectickets\\\/\"]}]},{\"@type\":\"ImageObject\",\"inLanguage\":\"zh-Hans\",\"@id\":\"https:\\\/\\\/tectickets.es\\\/programa-de-colaboracion-de-tectickets\\\/#primaryimage\",\"url\":\"https:\\\/\\\/tectickets.es\\\/wp-content\\\/uploads\\\/2023\\\/06\\\/Sin-titulo-800-\u00d7-800-px.png\",\"contentUrl\":\"https:\\\/\\\/tectickets.es\\\/wp-content\\\/uploads\\\/2023\\\/06\\\/Sin-titulo-800-\u00d7-800-px.png\",\"width\":800,\"height\":800},{\"@type\":\"BreadcrumbList\",\"@id\":\"https:\\\/\\\/tectickets.es\\\/programa-de-colaboracion-de-tectickets\\\/#breadcrumb\",\"itemListElement\":[{\"@type\":\"ListItem\",\"position\":1,\"name\":\"Portada\",\"item\":\"https:\\\/\\\/tectickets.es\\\/\"},{\"@type\":\"ListItem\",\"position\":2,\"name\":\"\u00daNETE A NUESTRO PROGRAMA DE COLABORACI\u00d3N\"}]},{\"@type\":\"WebSite\",\"@id\":\"https:\\\/\\\/tectickets.es\\\/#website\",\"url\":\"https:\\\/\\\/tectickets.es\\\/\",\"name\":\"TecTickets\",\"description\":\"\u00a1Explora el universo del turismo, eventos y cultura con solo un clic!\",\"publisher\":{\"@id\":\"https:\\\/\\\/tectickets.es\\\/#organization\"},\"potentialAction\":[{\"@type\":\"SearchAction\",\"target\":{\"@type\":\"EntryPoint\",\"urlTemplate\":\"https:\\\/\\\/tectickets.es\\\/?s={search_term_string}\"},\"query-input\":{\"@type\":\"PropertyValueSpecification\",\"valueRequired\":true,\"valueName\":\"search_term_string\"}}],\"inLanguage\":\"zh-Hans\"},{\"@type\":\"Organization\",\"@id\":\"https:\\\/\\\/tectickets.es\\\/#organization\",\"name\":\"el teu tiquet.sl\",\"url\":\"https:\\\/\\\/tectickets.es\\\/\",\"logo\":{\"@type\":\"ImageObject\",\"inLanguage\":\"zh-Hans\",\"@id\":\"https:\\\/\\\/tectickets.es\\\/#\\\/schema\\\/logo\\\/image\\\/\",\"url\":\"https:\\\/\\\/tectickets.es\\\/wp-content\\\/uploads\\\/2023\\\/06\\\/cropped-Agregar-un-titulo-800-\u00d7-600-px.png\",\"contentUrl\":\"https:\\\/\\\/tectickets.es\\\/wp-content\\\/uploads\\\/2023\\\/06\\\/cropped-Agregar-un-titulo-800-\u00d7-600-px.png\",\"width\":733,\"height\":334,\"caption\":\"el teu tiquet.sl\"},\"image\":{\"@id\":\"https:\\\/\\\/tectickets.es\\\/#\\\/schema\\\/logo\\\/image\\\/\"},\"sameAs\":[\"https:\\\/\\\/www.instagram.com\\\/tectickets\\\/\",\"https:\\\/\\\/x.com\\\/tectickets\",\"https:\\\/\\\/www.pinterest.es\\\/tectickets\\\/\",\"https:\\\/\\\/www.tiktok.com\\\/@tectickets\",\"https:\\\/\\\/www.youtube.com\\\/@TecTickets\"],\"publishingPrinciples\":\"https:\\\/\\\/tectickets.es\\\/reembolso_devoluciones\\\/\",\"ownershipFundingInfo\":\"https:\\\/\\\/tectickets.es\\\/contacto\\\/\",\"actionableFeedbackPolicy\":\"https:\\\/\\\/tectickets.es\\\/condiciones-generales\\\/\"}]}<\/script>\n<!-- \/ Yoast SEO Premium plugin. -->","yoast_head_json":{"title":"\u00daNETE A NUESTRO PROGRAMA DE COLABORACI\u00d3N - TecTickets","description":"\u00danete al programa de colaboraci\u00f3n de TecTickets y potencia tus tours con nuestra publicidad efectiva, bajas comisiones y un sistema de reservas y facturaci\u00f3n claro. Reg\u00edstrate hoy y maximiza tu visibilidad durante todo el a\u00f1o.","robots":{"index":"index","follow":"follow","max-snippet":"max-snippet:-1","max-image-preview":"max-image-preview:large","max-video-preview":"max-video-preview:-1"},"canonical":"https:\/\/tectickets.es\/zh\/programa-de-colaboracion-de-tectickets\/","og_locale":"zh_CN","og_type":"article","og_title":"\u00daNETE A NUESTRO PROGRAMA DE COLABORACI\u00d3N","og_description":"\u00danete al programa de colaboraci\u00f3n de TecTickets y potencia tus tours con nuestra publicidad efectiva, bajas comisiones y un sistema de reservas y facturaci\u00f3n claro. Reg\u00edstrate hoy y maximiza tu visibilidad durante todo el a\u00f1o.","og_url":"https:\/\/tectickets.es\/zh\/programa-de-colaboracion-de-tectickets\/","og_site_name":"TecTickets","article_publisher":"https:\/\/www.instagram.com\/tectickets\/","article_modified_time":"2024-09-04T11:12:48+00:00","og_image":[{"width":800,"height":800,"url":"https:\/\/tectickets.es\/wp-content\/uploads\/2023\/06\/Sin-titulo-800-\u00d7-800-px.png","type":"image\/png"}],"twitter_card":"summary_large_image","twitter_site":"@tectickets","twitter_misc":{"\u9884\u8ba1\u9605\u8bfb\u65f6\u95f4":"2 \u5206"},"schema":{"@context":"https:\/\/schema.org","@graph":[{"@type":"WebPage","@id":"https:\/\/tectickets.es\/programa-de-colaboracion-de-tectickets\/","url":"https:\/\/tectickets.es\/programa-de-colaboracion-de-tectickets\/","name":"\u00daNETE A NUESTRO PROGRAMA DE COLABORACI\u00d3N - TecTickets","isPartOf":{"@id":"https:\/\/tectickets.es\/#website"},"primaryImageOfPage":{"@id":"https:\/\/tectickets.es\/programa-de-colaboracion-de-tectickets\/#primaryimage"},"image":{"@id":"https:\/\/tectickets.es\/programa-de-colaboracion-de-tectickets\/#primaryimage"},"thumbnailUrl":"https:\/\/tectickets.es\/wp-content\/uploads\/2023\/06\/Sin-titulo-800-\u00d7-800-px.png","datePublished":"2024-09-04T10:43:05+00:00","dateModified":"2024-09-04T11:12:48+00:00","description":"\u00danete al programa de colaboraci\u00f3n de TecTickets y potencia tus tours con nuestra publicidad efectiva, bajas comisiones y un sistema de reservas y facturaci\u00f3n claro. Reg\u00edstrate hoy y maximiza tu visibilidad durante todo el a\u00f1o.","breadcrumb":{"@id":"https:\/\/tectickets.es\/programa-de-colaboracion-de-tectickets\/#breadcrumb"},"inLanguage":"zh-Hans","potentialAction":[{"@type":"ReadAction","target":["https:\/\/tectickets.es\/programa-de-colaboracion-de-tectickets\/"]}]},{"@type":"ImageObject","inLanguage":"zh-Hans","@id":"https:\/\/tectickets.es\/programa-de-colaboracion-de-tectickets\/#primaryimage","url":"https:\/\/tectickets.es\/wp-content\/uploads\/2023\/06\/Sin-titulo-800-\u00d7-800-px.png","contentUrl":"https:\/\/tectickets.es\/wp-content\/uploads\/2023\/06\/Sin-titulo-800-\u00d7-800-px.png","width":800,"height":800},{"@type":"BreadcrumbList","@id":"https:\/\/tectickets.es\/programa-de-colaboracion-de-tectickets\/#breadcrumb","itemListElement":[{"@type":"ListItem","position":1,"name":"Portada","item":"https:\/\/tectickets.es\/"},{"@type":"ListItem","position":2,"name":"\u00daNETE A NUESTRO PROGRAMA DE COLABORACI\u00d3N"}]},{"@type":"WebSite","@id":"https:\/\/tectickets.es\/#website","url":"https:\/\/tectickets.es\/","name":"TecTickets","description":"\u00a1Explora el universo del turismo, eventos y cultura con solo un clic!","publisher":{"@id":"https:\/\/tectickets.es\/#organization"},"potentialAction":[{"@type":"SearchAction","target":{"@type":"EntryPoint","urlTemplate":"https:\/\/tectickets.es\/?s={search_term_string}"},"query-input":{"@type":"PropertyValueSpecification","valueRequired":true,"valueName":"search_term_string"}}],"inLanguage":"zh-Hans"},{"@type":"Organization","@id":"https:\/\/tectickets.es\/#organization","name":"el teu tiquet.sl","url":"https:\/\/tectickets.es\/","logo":{"@type":"ImageObject","inLanguage":"zh-Hans","@id":"https:\/\/tectickets.es\/#\/schema\/logo\/image\/","url":"https:\/\/tectickets.es\/wp-content\/uploads\/2023\/06\/cropped-Agregar-un-titulo-800-\u00d7-600-px.png","contentUrl":"https:\/\/tectickets.es\/wp-content\/uploads\/2023\/06\/cropped-Agregar-un-titulo-800-\u00d7-600-px.png","width":733,"height":334,"caption":"el teu tiquet.sl"},"image":{"@id":"https:\/\/tectickets.es\/#\/schema\/logo\/image\/"},"sameAs":["https:\/\/www.instagram.com\/tectickets\/","https:\/\/x.com\/tectickets","https:\/\/www.pinterest.es\/tectickets\/","https:\/\/www.tiktok.com\/@tectickets","https:\/\/www.youtube.com\/@TecTickets"],"publishingPrinciples":"https:\/\/tectickets.es\/reembolso_devoluciones\/","ownershipFundingInfo":"https:\/\/tectickets.es\/contacto\/","actionableFeedbackPolicy":"https:\/\/tectickets.es\/condiciones-generales\/"}]}},"_links":{"self":[{"href":"https:\/\/tectickets.es\/zh\/wp-json\/wp\/v2\/pages\/7009","targetHints":{"allow":["GET"]}}],"collection":[{"href":"https:\/\/tectickets.es\/zh\/wp-json\/wp\/v2\/pages"}],"about":[{"href":"https:\/\/tectickets.es\/zh\/wp-json\/wp\/v2\/types\/page"}],"author":[{"embeddable":true,"href":"https:\/\/tectickets.es\/zh\/wp-json\/wp\/v2\/users\/1"}],"replies":[{"embeddable":true,"href":"https:\/\/tectickets.es\/zh\/wp-json\/wp\/v2\/comments?post=7009"}],"version-history":[{"count":0,"href":"https:\/\/tectickets.es\/zh\/wp-json\/wp\/v2\/pages\/7009\/revisions"}],"wp:featuredmedia":[{"embeddable":true,"href":"https:\/\/tectickets.es\/zh\/wp-json\/wp\/v2\/media\/6"}],"wp:attachment":[{"href":"https:\/\/tectickets.es\/zh\/wp-json\/wp\/v2\/media?parent=7009"}],"curies":[{"name":"wp","href":"https:\/\/api.w.org\/{rel}","templated":true}]}}