{"id":1359,"date":"2023-08-14T10:18:19","date_gmt":"2023-08-14T10:18:19","guid":{"rendered":"https:\/\/tectickets.es\/?post_type=product&#038;p=1359"},"modified":"2025-10-21T09:34:25","modified_gmt":"2025-10-21T09:34:25","slug":"casa-museo-de-portlligat-hogar-de-salvador-dali","status":"publish","type":"product","link":"https:\/\/tectickets.es\/zh\/product\/casa-museo-de-portlligat-hogar-de-salvador-dali\/","title":{"rendered":"Casa-Museo de Portlligat, Hogar de Salvador Dal\u00ed"},"content":{"rendered":"<p><strong>Sum\u00e9rgete en el arte dentro de la casa de <a href=\"https:\/\/tectickets.es\/zh\/product\/dalis-figueres-girona-tour\/\">Dal\u00ed<\/a><\/strong>. Esta fascinante experiencia te permitir\u00e1 adentrarte en el mundo del genio surrealista Salvador Dal\u00ed, quien habit\u00f3 esta singular vivienda en <a href=\"http:\/\/www.visitcadaques.org\/?lang=es&amp;sec=natura&amp;sub=cap_creus\">Portlligat<\/a> durante m\u00e1s de cinco d\u00e9cadas. \u00a1No te pierdas esta oportunidad \u00fanica!<\/p>\n<h2>Un tesoro personal en cada rinc\u00f3n<\/h2>\n<p>Lo que originalmente eran unas modestas barracas de pescadores, Dal\u00ed transform\u00f3 en una verdadera obra maestra. Explora las <strong>habitaciones laber\u00ednticas<\/strong> que conforman la casa y descubre c\u00f3mo el artista expandi\u00f3 este espacio hasta convertirlo en una manifestaci\u00f3n de su creatividad sin l\u00edmites.<\/p>\n<h2>Admira las famosas esculturas<\/h2>\n<p>En los jardines de la villa, podr\u00e1s contemplar <strong>esculturas ic\u00f3nicas<\/strong> que adornan el paisaje. Entre ellas se encuentran el gigantesco huevo y un par de inmensas cabezas, que te dejar\u00e1n maravillado con la visi\u00f3n \u00fanica de Dal\u00ed plasmada en el espacio.<\/p>\n<h2>Sum\u00e9rgete en el surrealismo<\/h2>\n<p>Al igual que las obras del artista, la estructura de la casa de Dal\u00ed tiene m\u00e1s de un toque surrealista. Con <strong>ventanas de formas inusuales<\/strong>, pasajes ciegos y una l\u00e1mpara que no encontrar\u00e1s en ning\u00fan otro lugar, la Casa de Dal\u00ed te transportar\u00e1 directamente al mundo imaginativo del genio.<\/p>\n<h2>Vistas impresionantes de la Bah\u00eda de Portlligat<\/h2>\n<p>Desde la casa, disfrutar\u00e1s de <strong>vistas impresionantes<\/strong> de la <a href=\"http:\/\/www.visitcadaques.org\/?lang=es&amp;sec=natura&amp;sub=cap_creus\">Bah\u00eda de Portlligat<\/a>, la misma que fue una fuente constante de inspiraci\u00f3n para el artista. Durante el recorrido, conocer\u00e1s detalles sobre la vida que Dal\u00ed comparti\u00f3 con su amada Gala en este lugar \u00fanico y m\u00e1gico.<\/p>\n<h2>El estudio donde nacieron las obras maestras<\/h2>\n<p>Visitar\u00e1s el estudio donde <strong>las <a href=\"https:\/\/tectickets.es\/zh\/product\/dalis-figueres-girona-tour\/\">obras atemporales de Dal\u00ed<\/a> cobraron vida<\/strong>. Este espacio sagrado fue testigo de la creaci\u00f3n de algunas de las pinturas y esculturas m\u00e1s famosas de la historia del arte. Ad\u00e9ntrate en el proceso creativo del genio y d\u00e9jate sorprender por su genialidad.<\/p>\n<p><em>\u00a1No pierdas la oportunidad de vivir una experiencia inolvidable en la Casa-Museo de Portlligat, el hogar de Salvador Dal\u00ed!<\/em><\/p>\n<p>&nbsp;<\/p>","protected":false},"excerpt":{"rendered":"<ul>\n<li>Admira el arte dentro de la casa de Dal\u00ed, donde vivi\u00f3 por m\u00e1s de 50 a\u00f1os.<\/li>\n<li>Explora las laber\u00ednticas habitaciones y descubre su <a href=\"https:\/\/tectickets.es\/zh\/magazine\/tejado-de-casa-batllo\/\">obra maestra<\/a> personal.<\/li>\n<li>Contempla las famosas esculturas en los jardines, como el gigantesco huevo y las inmensas cabezas.<\/li>\n<li>Sum\u00e9rgete en el surrealismo con ventanas de formas inusuales y pasajes ciegos.<\/li>\n<li>Disfruta de las impresionantes vistas de la Bah\u00eda de Portlligat, fuente de inspiraci\u00f3n para el artista.<\/li>\n<li>Visita el estudio donde nacieron sus obras maestras atemporales.<\/li>\n<\/ul>\n<p>&nbsp;<\/p>","protected":false},"featured_media":2466,"comment_status":"open","ping_status":"closed","template":"","meta":[],"product_brand":[],"product_cat":[164,284,285,166],"product_tag":[],"tipo-de-experiencia":[54,67],"class_list":{"0":"post-1359","1":"product","2":"type-product","3":"status-publish","4":"has-post-thumbnail","6":"product_cat-cadaques","7":"product_cat-experiencias-inclusivas","8":"product_cat-experiencias-sostenibles","9":"product_cat-girona","10":"tipo-de-experiencia-entradas","11":"tipo-de-experiencia-monumentos","13":"first","14":"instock","15":"shipping-taxable","16":"product-type-external"},"yoast_head":"<!-- This site is optimized with the Yoast SEO Premium plugin v24.5 (Yoast SEO v27.4) - https:\/\/yoast.com\/product\/yoast-seo-premium-wordpress\/ -->\n<title>Casa-Museo de Portlligat, Hogar de Salvador Dal\u00ed - TecTickets<\/title>\n<meta name=\"description\" content=\"Visita la Casa-Museo de Portlligat en Cadaqu\u00e9s, el hogar y taller de Salvador Dal\u00ed. Descubre su mundo creativo, su entorno natural y su legado art\u00edstico.\" \/>\n<meta name=\"robots\" content=\"index, follow, max-snippet:-1, max-image-preview:large, max-video-preview:-1\" \/>\n<link rel=\"canonical\" href=\"https:\/\/tectickets.es\/zh\/product\/casa-museo-de-portlligat-hogar-de-salvador-dali\/\" \/>\n<meta property=\"og:locale\" content=\"zh_CN\" \/>\n<meta property=\"og:type\" content=\"article\" \/>\n<meta property=\"og:title\" content=\"Casa-Museo de Portlligat, Hogar de Salvador Dal\u00ed\" \/>\n<meta property=\"og:description\" content=\"Visita la Casa-Museo de Portlligat en Cadaqu\u00e9s, el hogar y taller de Salvador Dal\u00ed. Descubre su mundo creativo, su entorno natural y su legado art\u00edstico.\" \/>\n<meta property=\"og:url\" content=\"https:\/\/tectickets.es\/zh\/product\/casa-museo-de-portlligat-hogar-de-salvador-dali\/\" \/>\n<meta property=\"og:site_name\" content=\"TecTickets\" \/>\n<meta property=\"article:publisher\" content=\"https:\/\/www.instagram.com\/tectickets\/\" \/>\n<meta property=\"article:modified_time\" content=\"2025-10-21T09:34:25+00:00\" \/>\n<meta property=\"og:image\" content=\"https:\/\/tectickets.es\/wp-content\/uploads\/2023\/08\/port-lligat-barca-y-casa-de-salvador-dali.png\" \/>\n\t<meta property=\"og:image:width\" content=\"1024\" \/>\n\t<meta property=\"og:image:height\" content=\"768\" \/>\n\t<meta property=\"og:image:type\" content=\"image\/png\" \/>\n<meta name=\"twitter:card\" content=\"summary_large_image\" \/>\n<meta name=\"twitter:site\" content=\"@tectickets\" \/>\n<meta name=\"twitter:label1\" content=\"Price\" \/>\n\t<meta name=\"twitter:data1\" content=\"22,00&nbsp;\u20ac\" \/>\n\t<meta name=\"twitter:label2\" content=\"Availability\" \/>\n\t<meta name=\"twitter:data2\" content=\"In stock\" \/>\n<script type=\"application\/ld+json\" class=\"yoast-schema-graph\">{\"@context\":\"https:\\\/\\\/schema.org\",\"@graph\":[{\"@type\":\"WebPage\",\"@id\":\"https:\\\/\\\/tectickets.es\\\/producto\\\/casa-museo-de-portlligat-hogar-de-salvador-dali\\\/\",\"url\":\"https:\\\/\\\/tectickets.es\\\/producto\\\/casa-museo-de-portlligat-hogar-de-salvador-dali\\\/\",\"name\":\"Casa-Museo de Portlligat, Hogar de Salvador Dal\u00ed - TecTickets\",\"isPartOf\":{\"@id\":\"https:\\\/\\\/tectickets.es\\\/#website\"},\"primaryImageOfPage\":{\"@id\":\"https:\\\/\\\/tectickets.es\\\/producto\\\/casa-museo-de-portlligat-hogar-de-salvador-dali\\\/#primaryimage\"},\"image\":{\"@id\":\"https:\\\/\\\/tectickets.es\\\/producto\\\/casa-museo-de-portlligat-hogar-de-salvador-dali\\\/#primaryimage\"},\"thumbnailUrl\":\"https:\\\/\\\/tectickets.es\\\/wp-content\\\/uploads\\\/2023\\\/08\\\/port-lligat-barca-y-casa-de-salvador-dali.png\",\"datePublished\":\"2023-08-14T10:18:19+00:00\",\"dateModified\":\"2025-10-21T09:34:25+00:00\",\"description\":\"Visita la Casa-Museo de Portlligat en Cadaqu\u00e9s, el hogar y taller de Salvador Dal\u00ed. Descubre su mundo creativo, su entorno natural y su legado art\u00edstico.\",\"breadcrumb\":{\"@id\":\"https:\\\/\\\/tectickets.es\\\/producto\\\/casa-museo-de-portlligat-hogar-de-salvador-dali\\\/#breadcrumb\"},\"inLanguage\":\"zh-Hans\",\"potentialAction\":[{\"@type\":\"ReadAction\",\"target\":[\"https:\\\/\\\/tectickets.es\\\/producto\\\/casa-museo-de-portlligat-hogar-de-salvador-dali\\\/\"]}]},{\"@type\":\"ImageObject\",\"inLanguage\":\"zh-Hans\",\"@id\":\"https:\\\/\\\/tectickets.es\\\/producto\\\/casa-museo-de-portlligat-hogar-de-salvador-dali\\\/#primaryimage\",\"url\":\"https:\\\/\\\/tectickets.es\\\/wp-content\\\/uploads\\\/2023\\\/08\\\/port-lligat-barca-y-casa-de-salvador-dali.png\",\"contentUrl\":\"https:\\\/\\\/tectickets.es\\\/wp-content\\\/uploads\\\/2023\\\/08\\\/port-lligat-barca-y-casa-de-salvador-dali.png\",\"width\":1024,\"height\":768},{\"@type\":\"BreadcrumbList\",\"@id\":\"https:\\\/\\\/tectickets.es\\\/producto\\\/casa-museo-de-portlligat-hogar-de-salvador-dali\\\/#breadcrumb\",\"itemListElement\":[{\"@type\":\"ListItem\",\"position\":1,\"name\":\"Portada\",\"item\":\"https:\\\/\\\/tectickets.es\\\/\"},{\"@type\":\"ListItem\",\"position\":2,\"name\":\"Tienda\",\"item\":\"https:\\\/\\\/tectickets.es\\\/tienda\\\/\"},{\"@type\":\"ListItem\",\"position\":3,\"name\":\"Casa-Museo de Portlligat, Hogar de Salvador Dal\u00ed\"}]},{\"@type\":\"WebSite\",\"@id\":\"https:\\\/\\\/tectickets.es\\\/#website\",\"url\":\"https:\\\/\\\/tectickets.es\\\/\",\"name\":\"TecTickets\",\"description\":\"\u00a1Explora el universo del turismo, eventos y cultura con solo un clic!\",\"publisher\":{\"@id\":\"https:\\\/\\\/tectickets.es\\\/#organization\"},\"potentialAction\":[{\"@type\":\"SearchAction\",\"target\":{\"@type\":\"EntryPoint\",\"urlTemplate\":\"https:\\\/\\\/tectickets.es\\\/?s={search_term_string}\"},\"query-input\":{\"@type\":\"PropertyValueSpecification\",\"valueRequired\":true,\"valueName\":\"search_term_string\"}}],\"inLanguage\":\"zh-Hans\"},{\"@type\":\"Organization\",\"@id\":\"https:\\\/\\\/tectickets.es\\\/#organization\",\"name\":\"el teu tiquet.sl\",\"url\":\"https:\\\/\\\/tectickets.es\\\/\",\"logo\":{\"@type\":\"ImageObject\",\"inLanguage\":\"zh-Hans\",\"@id\":\"https:\\\/\\\/tectickets.es\\\/#\\\/schema\\\/logo\\\/image\\\/\",\"url\":\"https:\\\/\\\/tectickets.es\\\/wp-content\\\/uploads\\\/2023\\\/06\\\/cropped-Agregar-un-titulo-800-\u00d7-600-px.png\",\"contentUrl\":\"https:\\\/\\\/tectickets.es\\\/wp-content\\\/uploads\\\/2023\\\/06\\\/cropped-Agregar-un-titulo-800-\u00d7-600-px.png\",\"width\":733,\"height\":334,\"caption\":\"el teu tiquet.sl\"},\"image\":{\"@id\":\"https:\\\/\\\/tectickets.es\\\/#\\\/schema\\\/logo\\\/image\\\/\"},\"sameAs\":[\"https:\\\/\\\/www.instagram.com\\\/tectickets\\\/\",\"https:\\\/\\\/x.com\\\/tectickets\",\"https:\\\/\\\/www.pinterest.es\\\/tectickets\\\/\",\"https:\\\/\\\/www.tiktok.com\\\/@tectickets\",\"https:\\\/\\\/www.youtube.com\\\/@TecTickets\"],\"publishingPrinciples\":\"https:\\\/\\\/tectickets.es\\\/reembolso_devoluciones\\\/\",\"ownershipFundingInfo\":\"https:\\\/\\\/tectickets.es\\\/contacto\\\/\",\"actionableFeedbackPolicy\":\"https:\\\/\\\/tectickets.es\\\/condiciones-generales\\\/\"}]}<\/script>\n<meta property=\"product:price:amount\" content=\"22.00\" \/>\n<meta property=\"product:price:currency\" content=\"EUR\" \/>\n<meta property=\"og:availability\" content=\"instock\" \/>\n<meta property=\"product:availability\" content=\"instock\" \/>\n<meta property=\"product:condition\" content=\"new\" \/>\n<!-- \/ Yoast SEO Premium plugin. -->","yoast_head_json":{"title":"Casa-Museo de Portlligat, Hogar de Salvador Dal\u00ed - TecTickets","description":"Visita la Casa-Museo de Portlligat en Cadaqu\u00e9s, el hogar y taller de Salvador Dal\u00ed. Descubre su mundo creativo, su entorno natural y su legado art\u00edstico.","robots":{"index":"index","follow":"follow","max-snippet":"max-snippet:-1","max-image-preview":"max-image-preview:large","max-video-preview":"max-video-preview:-1"},"canonical":"https:\/\/tectickets.es\/zh\/product\/casa-museo-de-portlligat-hogar-de-salvador-dali\/","og_locale":"zh_CN","og_type":"article","og_title":"Casa-Museo de Portlligat, Hogar de Salvador Dal\u00ed","og_description":"Visita la Casa-Museo de Portlligat en Cadaqu\u00e9s, el hogar y taller de Salvador Dal\u00ed. Descubre su mundo creativo, su entorno natural y su legado art\u00edstico.","og_url":"https:\/\/tectickets.es\/zh\/product\/casa-museo-de-portlligat-hogar-de-salvador-dali\/","og_site_name":"TecTickets","article_publisher":"https:\/\/www.instagram.com\/tectickets\/","article_modified_time":"2025-10-21T09:34:25+00:00","og_image":[{"width":1024,"height":768,"url":"https:\/\/tectickets.es\/wp-content\/uploads\/2023\/08\/port-lligat-barca-y-casa-de-salvador-dali.png","type":"image\/png"}],"twitter_card":"summary_large_image","twitter_site":"@tectickets","twitter_misc":{"Price":"22,00&nbsp;\u20ac","Availability":"In stock"},"schema":{"@context":"https:\/\/schema.org","@graph":[{"@type":"WebPage","@id":"https:\/\/tectickets.es\/producto\/casa-museo-de-portlligat-hogar-de-salvador-dali\/","url":"https:\/\/tectickets.es\/producto\/casa-museo-de-portlligat-hogar-de-salvador-dali\/","name":"Casa-Museo de Portlligat, Hogar de Salvador Dal\u00ed - TecTickets","isPartOf":{"@id":"https:\/\/tectickets.es\/#website"},"primaryImageOfPage":{"@id":"https:\/\/tectickets.es\/producto\/casa-museo-de-portlligat-hogar-de-salvador-dali\/#primaryimage"},"image":{"@id":"https:\/\/tectickets.es\/producto\/casa-museo-de-portlligat-hogar-de-salvador-dali\/#primaryimage"},"thumbnailUrl":"https:\/\/tectickets.es\/wp-content\/uploads\/2023\/08\/port-lligat-barca-y-casa-de-salvador-dali.png","datePublished":"2023-08-14T10:18:19+00:00","dateModified":"2025-10-21T09:34:25+00:00","description":"Visita la Casa-Museo de Portlligat en Cadaqu\u00e9s, el hogar y taller de Salvador Dal\u00ed. Descubre su mundo creativo, su entorno natural y su legado art\u00edstico.","breadcrumb":{"@id":"https:\/\/tectickets.es\/producto\/casa-museo-de-portlligat-hogar-de-salvador-dali\/#breadcrumb"},"inLanguage":"zh-Hans","potentialAction":[{"@type":"ReadAction","target":["https:\/\/tectickets.es\/producto\/casa-museo-de-portlligat-hogar-de-salvador-dali\/"]}]},{"@type":"ImageObject","inLanguage":"zh-Hans","@id":"https:\/\/tectickets.es\/producto\/casa-museo-de-portlligat-hogar-de-salvador-dali\/#primaryimage","url":"https:\/\/tectickets.es\/wp-content\/uploads\/2023\/08\/port-lligat-barca-y-casa-de-salvador-dali.png","contentUrl":"https:\/\/tectickets.es\/wp-content\/uploads\/2023\/08\/port-lligat-barca-y-casa-de-salvador-dali.png","width":1024,"height":768},{"@type":"BreadcrumbList","@id":"https:\/\/tectickets.es\/producto\/casa-museo-de-portlligat-hogar-de-salvador-dali\/#breadcrumb","itemListElement":[{"@type":"ListItem","position":1,"name":"Portada","item":"https:\/\/tectickets.es\/"},{"@type":"ListItem","position":2,"name":"Tienda","item":"https:\/\/tectickets.es\/tienda\/"},{"@type":"ListItem","position":3,"name":"Casa-Museo de Portlligat, Hogar de Salvador Dal\u00ed"}]},{"@type":"WebSite","@id":"https:\/\/tectickets.es\/#website","url":"https:\/\/tectickets.es\/","name":"TecTickets","description":"\u00a1Explora el universo del turismo, eventos y cultura con solo un clic!","publisher":{"@id":"https:\/\/tectickets.es\/#organization"},"potentialAction":[{"@type":"SearchAction","target":{"@type":"EntryPoint","urlTemplate":"https:\/\/tectickets.es\/?s={search_term_string}"},"query-input":{"@type":"PropertyValueSpecification","valueRequired":true,"valueName":"search_term_string"}}],"inLanguage":"zh-Hans"},{"@type":"Organization","@id":"https:\/\/tectickets.es\/#organization","name":"el teu tiquet.sl","url":"https:\/\/tectickets.es\/","logo":{"@type":"ImageObject","inLanguage":"zh-Hans","@id":"https:\/\/tectickets.es\/#\/schema\/logo\/image\/","url":"https:\/\/tectickets.es\/wp-content\/uploads\/2023\/06\/cropped-Agregar-un-titulo-800-\u00d7-600-px.png","contentUrl":"https:\/\/tectickets.es\/wp-content\/uploads\/2023\/06\/cropped-Agregar-un-titulo-800-\u00d7-600-px.png","width":733,"height":334,"caption":"el teu tiquet.sl"},"image":{"@id":"https:\/\/tectickets.es\/#\/schema\/logo\/image\/"},"sameAs":["https:\/\/www.instagram.com\/tectickets\/","https:\/\/x.com\/tectickets","https:\/\/www.pinterest.es\/tectickets\/","https:\/\/www.tiktok.com\/@tectickets","https:\/\/www.youtube.com\/@TecTickets"],"publishingPrinciples":"https:\/\/tectickets.es\/reembolso_devoluciones\/","ownershipFundingInfo":"https:\/\/tectickets.es\/contacto\/","actionableFeedbackPolicy":"https:\/\/tectickets.es\/condiciones-generales\/"}]},"product_price_amount":"22.00","product_price_currency":"EUR","og_availability":"instock","product_availability":"instock","product_condition":"new"},"_links":{"self":[{"href":"https:\/\/tectickets.es\/zh\/wp-json\/wp\/v2\/product\/1359","targetHints":{"allow":["GET"]}}],"collection":[{"href":"https:\/\/tectickets.es\/zh\/wp-json\/wp\/v2\/product"}],"about":[{"href":"https:\/\/tectickets.es\/zh\/wp-json\/wp\/v2\/types\/product"}],"replies":[{"embeddable":true,"href":"https:\/\/tectickets.es\/zh\/wp-json\/wp\/v2\/comments?post=1359"}],"version-history":[{"count":2,"href":"https:\/\/tectickets.es\/zh\/wp-json\/wp\/v2\/product\/1359\/revisions"}],"predecessor-version":[{"id":7544,"href":"https:\/\/tectickets.es\/zh\/wp-json\/wp\/v2\/product\/1359\/revisions\/7544"}],"wp:featuredmedia":[{"embeddable":true,"href":"https:\/\/tectickets.es\/zh\/wp-json\/wp\/v2\/media\/2466"}],"wp:attachment":[{"href":"https:\/\/tectickets.es\/zh\/wp-json\/wp\/v2\/media?parent=1359"}],"wp:term":[{"taxonomy":"product_brand","embeddable":true,"href":"https:\/\/tectickets.es\/zh\/wp-json\/wp\/v2\/product_brand?post=1359"},{"taxonomy":"product_cat","embeddable":true,"href":"https:\/\/tectickets.es\/zh\/wp-json\/wp\/v2\/product_cat?post=1359"},{"taxonomy":"product_tag","embeddable":true,"href":"https:\/\/tectickets.es\/zh\/wp-json\/wp\/v2\/product_tag?post=1359"},{"taxonomy":"tipo-de-experiencia","embeddable":true,"href":"https:\/\/tectickets.es\/zh\/wp-json\/wp\/v2\/tipo-de-experiencia?post=1359"}],"curies":[{"name":"wp","href":"https:\/\/api.w.org\/{rel}","templated":true}]}}