{"id":1776,"date":"2023-09-07T10:53:27","date_gmt":"2023-09-07T10:53:27","guid":{"rendered":"https:\/\/tectickets.es\/?post_type=product&#038;p=1776"},"modified":"2025-10-21T09:22:37","modified_gmt":"2025-10-21T09:22:37","slug":"dalis-figueres-girona-tour","status":"publish","type":"product","link":"https:\/\/tectickets.es\/zh\/product\/dalis-figueres-girona-tour\/","title":{"rendered":"Dal\u00ed\u2019s Figueres &#038; Girona Tour"},"content":{"rendered":"<h2>Salida desde Barcelona<\/h2>\n<p>Partimos desde la Estaci\u00f3 del Nord en Barcelona para embarcarnos en un viaje cultural \u00fanico.<\/p>\n<h2>Llegada a Girona<\/h2>\n<p>Nuestra primera parada es Girona, la capital de la provincia, una ciudad que te llevar\u00e1 atr\u00e1s en el tiempo.<\/p>\n<h3>Visita guiada a Girona:<\/h3>\n<p>Disfruta de una visita de tres horas por el casco antiguo de Girona, donde explorar\u00e1s calles empedradas, iglesias g\u00f3ticas y uno de los barrios jud\u00edos mejor conservados de Europa.<\/p>\n<h2>Llegada a Figueres<\/h2>\n<p>Continuamos nuestro viaje hacia Figueres, la ciudad natal de <a href=\"https:\/\/tectickets.es\/zh\/product\/casa-museo-de-portlligat-hogar-de-salvador-dali\/\"  data-wpil-monitor-id=\"39\">Salvador Dal\u00ed<\/a>.<\/p>\n<h3>Entrada al Teatro Museo Dal\u00ed<\/h3>\n<p>Sum\u00e9rgete en el mundo surrealista de Dal\u00ed con una entrada prioritaria al Teatro Museo Dal\u00ed. Aqu\u00ed, admirar\u00e1s las mejores obras del genio y sus instalaciones m\u00e1s sorprendentes.<\/p>\n<h3>Visita guiada introductoria<\/h3>\n<p>Nuestro gu\u00eda te llevar\u00e1 a trav\u00e9s de las <a href=\"https:\/\/tectickets.es\/zh\/magazine\/obras-de-arte-censuradas-museo-art-prohibit\/\">obras m\u00e1s destacadas del museo<\/a>, brind\u00e1ndote una comprensi\u00f3n profunda de la mente creativa de Dal\u00ed.<\/p>\n<h3>Entrada a \u00abDal\u00ed Joyas\u00bb<\/h3>\n<p><a href=\"https:\/\/tectickets.es\/zh\/magazine\/explora-vida-marina-aquarium-barcelona\/\">Explora la exposici\u00f3n permanente \u00abDal\u00ed Joyas\u00bb y admira las fascinantes<\/a> joyas dise\u00f1adas por Dal\u00ed, una muestra \u00fanica de su talento art\u00edstico.<\/p>\n<h2>Llegada a Barcelona<\/h2>\n<p>Regresamos a <a href=\"https:\/\/tectickets.es\/zh\/magazine\/casa-ramos\/\">Barcelona despu\u00e9s de un d\u00eda lleno de arte y cultura<\/a> surrealista.<\/p>\n<p>&nbsp;<\/p>","protected":false},"excerpt":{"rendered":"<ul>\n<li><a href=\"https:\/\/tectickets.es\/zh\/product\/visita-guiada-palau-de-la-musica-catalana\/\">Visita guiada<\/a> a Girona y su barrio jud\u00edo.<\/li>\n<li>Entrada prioritaria al Teatro Museo Dal\u00ed de Figueres.<\/li>\n<li>Acceso a la exposici\u00f3n permanente \u00abDal\u00ed Joyas\u00bb.<\/li>\n<\/ul>","protected":false},"featured_media":2455,"comment_status":"open","ping_status":"closed","template":"","meta":[],"product_brand":[],"product_cat":[160,166,273,286],"product_tag":[],"tipo-de-experiencia":[54,65,53],"class_list":{"0":"post-1776","1":"product","2":"type-product","3":"status-publish","4":"has-post-thumbnail","6":"product_cat-barcelona","7":"product_cat-girona","8":"product_cat-tours-guiados","9":"product_cat-turismo-responsable","10":"tipo-de-experiencia-entradas","11":"tipo-de-experiencia-museos","12":"tipo-de-experiencia-tour-guiado","14":"first","15":"instock","16":"shipping-taxable","17":"product-type-external"},"yoast_head":"<!-- This site is optimized with the Yoast SEO Premium plugin v24.5 (Yoast SEO v27.5) - https:\/\/yoast.com\/product\/yoast-seo-premium-wordpress\/ -->\n<title>Dal\u00ed\u2019s Figueres &amp; Girona Tour - TecTickets<\/title>\n<meta name=\"robots\" content=\"index, follow, max-snippet:-1, max-image-preview:large, max-video-preview:-1\" \/>\n<link rel=\"canonical\" href=\"https:\/\/tectickets.es\/zh\/product\/dalis-figueres-girona-tour\/\" \/>\n<meta property=\"og:locale\" content=\"zh_CN\" \/>\n<meta property=\"og:type\" content=\"article\" \/>\n<meta property=\"og:title\" content=\"Dal\u00ed\u2019s Figueres &amp; Girona Tour\" \/>\n<meta property=\"og:description\" content=\"Visita guiada a Girona y su barrio jud\u00edo.  Entrada prioritaria al Teatro Museo Dal\u00ed de Figueres.  Acceso a la exposici\u00f3n permanente &quot;Dal\u00ed Joyas&quot;.\" \/>\n<meta property=\"og:url\" content=\"https:\/\/tectickets.es\/zh\/product\/dalis-figueres-girona-tour\/\" \/>\n<meta property=\"og:site_name\" content=\"TecTickets\" \/>\n<meta property=\"article:publisher\" content=\"https:\/\/www.instagram.com\/tectickets\/\" \/>\n<meta property=\"article:modified_time\" content=\"2025-10-21T09:22:37+00:00\" \/>\n<meta property=\"og:image\" content=\"https:\/\/tectickets.es\/wp-content\/uploads\/2023\/09\/Fachada-lateral-museo-Dali.png\" \/>\n\t<meta property=\"og:image:width\" content=\"1024\" \/>\n\t<meta property=\"og:image:height\" content=\"768\" \/>\n\t<meta property=\"og:image:type\" content=\"image\/png\" \/>\n<meta name=\"twitter:card\" content=\"summary_large_image\" \/>\n<meta name=\"twitter:site\" content=\"@tectickets\" \/>\n<meta name=\"twitter:label1\" content=\"Price\" \/>\n\t<meta name=\"twitter:data1\" content=\"73,80&nbsp;\u20ac\" \/>\n\t<meta name=\"twitter:label2\" content=\"Availability\" \/>\n\t<meta name=\"twitter:data2\" content=\"In stock\" \/>\n<script type=\"application\/ld+json\" class=\"yoast-schema-graph\">{\"@context\":\"https:\\\/\\\/schema.org\",\"@graph\":[{\"@type\":\"WebPage\",\"@id\":\"https:\\\/\\\/tectickets.es\\\/producto\\\/dalis-figueres-girona-tour\\\/\",\"url\":\"https:\\\/\\\/tectickets.es\\\/producto\\\/dalis-figueres-girona-tour\\\/\",\"name\":\"Dal\u00ed\u2019s Figueres & Girona Tour - TecTickets\",\"isPartOf\":{\"@id\":\"https:\\\/\\\/tectickets.es\\\/#website\"},\"primaryImageOfPage\":{\"@id\":\"https:\\\/\\\/tectickets.es\\\/producto\\\/dalis-figueres-girona-tour\\\/#primaryimage\"},\"image\":{\"@id\":\"https:\\\/\\\/tectickets.es\\\/producto\\\/dalis-figueres-girona-tour\\\/#primaryimage\"},\"thumbnailUrl\":\"https:\\\/\\\/tectickets.es\\\/wp-content\\\/uploads\\\/2023\\\/09\\\/Fachada-lateral-museo-Dali.png\",\"datePublished\":\"2023-09-07T10:53:27+00:00\",\"dateModified\":\"2025-10-21T09:22:37+00:00\",\"breadcrumb\":{\"@id\":\"https:\\\/\\\/tectickets.es\\\/producto\\\/dalis-figueres-girona-tour\\\/#breadcrumb\"},\"inLanguage\":\"zh-Hans\",\"potentialAction\":[{\"@type\":\"ReadAction\",\"target\":[\"https:\\\/\\\/tectickets.es\\\/producto\\\/dalis-figueres-girona-tour\\\/\"]}]},{\"@type\":\"ImageObject\",\"inLanguage\":\"zh-Hans\",\"@id\":\"https:\\\/\\\/tectickets.es\\\/producto\\\/dalis-figueres-girona-tour\\\/#primaryimage\",\"url\":\"https:\\\/\\\/tectickets.es\\\/wp-content\\\/uploads\\\/2023\\\/09\\\/Fachada-lateral-museo-Dali.png\",\"contentUrl\":\"https:\\\/\\\/tectickets.es\\\/wp-content\\\/uploads\\\/2023\\\/09\\\/Fachada-lateral-museo-Dali.png\",\"width\":1024,\"height\":768},{\"@type\":\"BreadcrumbList\",\"@id\":\"https:\\\/\\\/tectickets.es\\\/producto\\\/dalis-figueres-girona-tour\\\/#breadcrumb\",\"itemListElement\":[{\"@type\":\"ListItem\",\"position\":1,\"name\":\"Portada\",\"item\":\"https:\\\/\\\/tectickets.es\\\/\"},{\"@type\":\"ListItem\",\"position\":2,\"name\":\"Tienda\",\"item\":\"https:\\\/\\\/tectickets.es\\\/tienda\\\/\"},{\"@type\":\"ListItem\",\"position\":3,\"name\":\"Dal\u00ed\u2019s Figueres &#038; Girona Tour\"}]},{\"@type\":\"WebSite\",\"@id\":\"https:\\\/\\\/tectickets.es\\\/#website\",\"url\":\"https:\\\/\\\/tectickets.es\\\/\",\"name\":\"TecTickets\",\"description\":\"\u00a1Explora el universo del turismo, eventos y cultura con solo un clic!\",\"publisher\":{\"@id\":\"https:\\\/\\\/tectickets.es\\\/#organization\"},\"potentialAction\":[{\"@type\":\"SearchAction\",\"target\":{\"@type\":\"EntryPoint\",\"urlTemplate\":\"https:\\\/\\\/tectickets.es\\\/?s={search_term_string}\"},\"query-input\":{\"@type\":\"PropertyValueSpecification\",\"valueRequired\":true,\"valueName\":\"search_term_string\"}}],\"inLanguage\":\"zh-Hans\"},{\"@type\":\"Organization\",\"@id\":\"https:\\\/\\\/tectickets.es\\\/#organization\",\"name\":\"el teu tiquet.sl\",\"url\":\"https:\\\/\\\/tectickets.es\\\/\",\"logo\":{\"@type\":\"ImageObject\",\"inLanguage\":\"zh-Hans\",\"@id\":\"https:\\\/\\\/tectickets.es\\\/#\\\/schema\\\/logo\\\/image\\\/\",\"url\":\"https:\\\/\\\/tectickets.es\\\/wp-content\\\/uploads\\\/2023\\\/06\\\/cropped-Agregar-un-titulo-800-\u00d7-600-px.png\",\"contentUrl\":\"https:\\\/\\\/tectickets.es\\\/wp-content\\\/uploads\\\/2023\\\/06\\\/cropped-Agregar-un-titulo-800-\u00d7-600-px.png\",\"width\":733,\"height\":334,\"caption\":\"el teu tiquet.sl\"},\"image\":{\"@id\":\"https:\\\/\\\/tectickets.es\\\/#\\\/schema\\\/logo\\\/image\\\/\"},\"sameAs\":[\"https:\\\/\\\/www.instagram.com\\\/tectickets\\\/\",\"https:\\\/\\\/x.com\\\/tectickets\",\"https:\\\/\\\/www.pinterest.es\\\/tectickets\\\/\",\"https:\\\/\\\/www.tiktok.com\\\/@tectickets\",\"https:\\\/\\\/www.youtube.com\\\/@TecTickets\"],\"publishingPrinciples\":\"https:\\\/\\\/tectickets.es\\\/reembolso_devoluciones\\\/\",\"ownershipFundingInfo\":\"https:\\\/\\\/tectickets.es\\\/contacto\\\/\",\"actionableFeedbackPolicy\":\"https:\\\/\\\/tectickets.es\\\/condiciones-generales\\\/\"}]}<\/script>\n<meta property=\"product:price:amount\" content=\"73.80\" \/>\n<meta property=\"product:price:currency\" content=\"EUR\" \/>\n<meta property=\"og:availability\" content=\"instock\" \/>\n<meta property=\"product:availability\" content=\"instock\" \/>\n<meta property=\"product:condition\" content=\"new\" \/>\n<!-- \/ Yoast SEO Premium plugin. -->","yoast_head_json":{"title":"Dal\u00ed\u2019s Figueres & Girona Tour - TecTickets","robots":{"index":"index","follow":"follow","max-snippet":"max-snippet:-1","max-image-preview":"max-image-preview:large","max-video-preview":"max-video-preview:-1"},"canonical":"https:\/\/tectickets.es\/zh\/product\/dalis-figueres-girona-tour\/","og_locale":"zh_CN","og_type":"article","og_title":"Dal\u00ed\u2019s Figueres & Girona Tour","og_description":"Visita guiada a Girona y su barrio jud\u00edo.  Entrada prioritaria al Teatro Museo Dal\u00ed de Figueres.  Acceso a la exposici\u00f3n permanente \"Dal\u00ed Joyas\".","og_url":"https:\/\/tectickets.es\/zh\/product\/dalis-figueres-girona-tour\/","og_site_name":"TecTickets","article_publisher":"https:\/\/www.instagram.com\/tectickets\/","article_modified_time":"2025-10-21T09:22:37+00:00","og_image":[{"width":1024,"height":768,"url":"https:\/\/tectickets.es\/wp-content\/uploads\/2023\/09\/Fachada-lateral-museo-Dali.png","type":"image\/png"}],"twitter_card":"summary_large_image","twitter_site":"@tectickets","twitter_misc":{"Price":"73,80&nbsp;\u20ac","Availability":"In stock"},"schema":{"@context":"https:\/\/schema.org","@graph":[{"@type":"WebPage","@id":"https:\/\/tectickets.es\/producto\/dalis-figueres-girona-tour\/","url":"https:\/\/tectickets.es\/producto\/dalis-figueres-girona-tour\/","name":"Dal\u00ed\u2019s Figueres & Girona Tour - TecTickets","isPartOf":{"@id":"https:\/\/tectickets.es\/#website"},"primaryImageOfPage":{"@id":"https:\/\/tectickets.es\/producto\/dalis-figueres-girona-tour\/#primaryimage"},"image":{"@id":"https:\/\/tectickets.es\/producto\/dalis-figueres-girona-tour\/#primaryimage"},"thumbnailUrl":"https:\/\/tectickets.es\/wp-content\/uploads\/2023\/09\/Fachada-lateral-museo-Dali.png","datePublished":"2023-09-07T10:53:27+00:00","dateModified":"2025-10-21T09:22:37+00:00","breadcrumb":{"@id":"https:\/\/tectickets.es\/producto\/dalis-figueres-girona-tour\/#breadcrumb"},"inLanguage":"zh-Hans","potentialAction":[{"@type":"ReadAction","target":["https:\/\/tectickets.es\/producto\/dalis-figueres-girona-tour\/"]}]},{"@type":"ImageObject","inLanguage":"zh-Hans","@id":"https:\/\/tectickets.es\/producto\/dalis-figueres-girona-tour\/#primaryimage","url":"https:\/\/tectickets.es\/wp-content\/uploads\/2023\/09\/Fachada-lateral-museo-Dali.png","contentUrl":"https:\/\/tectickets.es\/wp-content\/uploads\/2023\/09\/Fachada-lateral-museo-Dali.png","width":1024,"height":768},{"@type":"BreadcrumbList","@id":"https:\/\/tectickets.es\/producto\/dalis-figueres-girona-tour\/#breadcrumb","itemListElement":[{"@type":"ListItem","position":1,"name":"Portada","item":"https:\/\/tectickets.es\/"},{"@type":"ListItem","position":2,"name":"Tienda","item":"https:\/\/tectickets.es\/tienda\/"},{"@type":"ListItem","position":3,"name":"Dal\u00ed\u2019s Figueres &#038; Girona Tour"}]},{"@type":"WebSite","@id":"https:\/\/tectickets.es\/#website","url":"https:\/\/tectickets.es\/","name":"TecTickets","description":"\u00a1Explora el universo del turismo, eventos y cultura con solo un clic!","publisher":{"@id":"https:\/\/tectickets.es\/#organization"},"potentialAction":[{"@type":"SearchAction","target":{"@type":"EntryPoint","urlTemplate":"https:\/\/tectickets.es\/?s={search_term_string}"},"query-input":{"@type":"PropertyValueSpecification","valueRequired":true,"valueName":"search_term_string"}}],"inLanguage":"zh-Hans"},{"@type":"Organization","@id":"https:\/\/tectickets.es\/#organization","name":"el teu tiquet.sl","url":"https:\/\/tectickets.es\/","logo":{"@type":"ImageObject","inLanguage":"zh-Hans","@id":"https:\/\/tectickets.es\/#\/schema\/logo\/image\/","url":"https:\/\/tectickets.es\/wp-content\/uploads\/2023\/06\/cropped-Agregar-un-titulo-800-\u00d7-600-px.png","contentUrl":"https:\/\/tectickets.es\/wp-content\/uploads\/2023\/06\/cropped-Agregar-un-titulo-800-\u00d7-600-px.png","width":733,"height":334,"caption":"el teu tiquet.sl"},"image":{"@id":"https:\/\/tectickets.es\/#\/schema\/logo\/image\/"},"sameAs":["https:\/\/www.instagram.com\/tectickets\/","https:\/\/x.com\/tectickets","https:\/\/www.pinterest.es\/tectickets\/","https:\/\/www.tiktok.com\/@tectickets","https:\/\/www.youtube.com\/@TecTickets"],"publishingPrinciples":"https:\/\/tectickets.es\/reembolso_devoluciones\/","ownershipFundingInfo":"https:\/\/tectickets.es\/contacto\/","actionableFeedbackPolicy":"https:\/\/tectickets.es\/condiciones-generales\/"}]},"product_price_amount":"73.80","product_price_currency":"EUR","og_availability":"instock","product_availability":"instock","product_condition":"new"},"_links":{"self":[{"href":"https:\/\/tectickets.es\/zh\/wp-json\/wp\/v2\/product\/1776","targetHints":{"allow":["GET"]}}],"collection":[{"href":"https:\/\/tectickets.es\/zh\/wp-json\/wp\/v2\/product"}],"about":[{"href":"https:\/\/tectickets.es\/zh\/wp-json\/wp\/v2\/types\/product"}],"replies":[{"embeddable":true,"href":"https:\/\/tectickets.es\/zh\/wp-json\/wp\/v2\/comments?post=1776"}],"version-history":[{"count":2,"href":"https:\/\/tectickets.es\/zh\/wp-json\/wp\/v2\/product\/1776\/revisions"}],"predecessor-version":[{"id":7494,"href":"https:\/\/tectickets.es\/zh\/wp-json\/wp\/v2\/product\/1776\/revisions\/7494"}],"wp:featuredmedia":[{"embeddable":true,"href":"https:\/\/tectickets.es\/zh\/wp-json\/wp\/v2\/media\/2455"}],"wp:attachment":[{"href":"https:\/\/tectickets.es\/zh\/wp-json\/wp\/v2\/media?parent=1776"}],"wp:term":[{"taxonomy":"product_brand","embeddable":true,"href":"https:\/\/tectickets.es\/zh\/wp-json\/wp\/v2\/product_brand?post=1776"},{"taxonomy":"product_cat","embeddable":true,"href":"https:\/\/tectickets.es\/zh\/wp-json\/wp\/v2\/product_cat?post=1776"},{"taxonomy":"product_tag","embeddable":true,"href":"https:\/\/tectickets.es\/zh\/wp-json\/wp\/v2\/product_tag?post=1776"},{"taxonomy":"tipo-de-experiencia","embeddable":true,"href":"https:\/\/tectickets.es\/zh\/wp-json\/wp\/v2\/tipo-de-experiencia?post=1776"}],"curies":[{"name":"wp","href":"https:\/\/api.w.org\/{rel}","templated":true}]}}