{"id":1871,"date":"2023-09-12T11:19:25","date_gmt":"2023-09-12T11:19:25","guid":{"rendered":"https:\/\/tectickets.es\/?post_type=product&#038;p=1871"},"modified":"2025-10-21T09:22:35","modified_gmt":"2025-10-21T09:22:35","slug":"laquarium-de-barcelona","status":"publish","type":"product","link":"https:\/\/tectickets.es\/zh\/product\/laquarium-de-barcelona\/","title":{"rendered":"L&#8217;Aqu\u00e0rium de Barcelona"},"content":{"rendered":"<p>L&#8217;Aqu\u00e0rium de Barcelona, ubicado en el <a href=\"https:\/\/goo.gl\/maps\/GBhT3dtayoQeeEyz5\">Puerto Viejo de Barcelona<\/a>, es el principal y \u00fanico gran acuario de la ciudad y de Catalu\u00f1a. Es un centro de renombre mundial en la tem\u00e1tica mediterr\u00e1nea y se inaugur\u00f3 en 1995. El acuario alberga una asombrosa variedad de vida marina, con 35 acuarios diferentes que contienen alrededor de 11,000 animales pertenecientes a 450 especies distintas.<\/p>\n<h2>Instalaciones Destacadas<\/h2>\n<h3>El Oceanario<\/h3>\n<p>El Oceanario es el punto culminante de L&#8217;Aqu\u00e0rium, con un tanque de 36 metros de di\u00e1metro y 5 metros de profundidad que contiene 3.7 millones de litros de agua salada. Este impresionante tanque incluye un t\u00fanel subacu\u00e1tico transparente de m\u00e1s de 80 metros de longitud, ofreciendo a los visitantes una <a href=\"https:\/\/tectickets.es\/zh\/magazine\/avenida-tibidabo-barcelona\/\">vista panor\u00e1mica<\/a> de la vida marina mediterr\u00e1nea, incluyendo morenas, peces luna, doradas, rayas y tiburones.<\/p>\n<h3>Acuarios Mediterr\u00e1neos<\/h3>\n<p>L&#8217;Aqu\u00e0rium cuenta con <strong>14 acuarios<\/strong> que representan las diversas comunidades mediterr\u00e1neas y las especies m\u00e1s caracter\u00edsticas. Tambi\u00e9n recrea dos zonas protegidas de la costa catalana: el Delta del Ebro y las Islas Medas. Estos acuarios ofrecen una visi\u00f3n fascinante de la vida bajo el agua en estas \u00e1reas, incluyendo la comunidad de Posidonia y la comunidad del coral rojo.<\/p>\n<h3>Acuarios Tem\u00e1ticos<\/h3>\n<p>Los acuarios tem\u00e1ticos de <a href=\"https:\/\/tectickets.es\/zh\/listados\/descubre-maravillas-aquarium-barcelona\/\"><strong>L&#8217;Aqu\u00e0rium<\/strong><\/a> est\u00e1n dise\u00f1ados para exhibir especies de peque\u00f1as dimensiones. Aqu\u00ed, los <a href=\"https:\/\/tectickets.es\/zh\/product\/sagrada-familia-explora-sin-colas\/\">visitantes pueden explorar<\/a> invertebrados marinos, caballitos de mar, huevos de pintarroja, corales tropicales y dragones marinos, entre otros.<\/p>\n<h3>Acuarios Tropicales<\/h3>\n<p>El complejo cuenta con siete acuarios tropicales que representan los ecosistemas t\u00edpicos del Mar Rojo, la Gran Barrera de Coral Australiana, el Mar Caribe y otras regiones tropicales. Estos acuarios albergan peces venenosos y <a href=\"https:\/\/tectickets.es\/zh\/magazine\/tiburones-en-barcelona-playa\/\">tiburones<\/a> de aguas tropicales, brindando a los visitantes una experiencia inmersiva en los oc\u00e9anos tropicales.<\/p>\n<h3>Planeta Aqua<\/h3>\n<p>Planeta Aqua es un pabell\u00f3n emocionante al final del recorrido por el acuario. Aqu\u00ed, los visitantes encontrar\u00e1n varias instalaciones con especies adaptadas a diferentes condiciones acu\u00e1ticas. El punto focal es un tanque de poca profundidad con <a href=\"https:\/\/tectickets.es\/zh\/listados\/descubre-maravillas-aquarium-barcelona\/\"><strong>peces guitarra y rayas<\/strong><\/a>. Adem\u00e1s, hay acuarios dedicados a especies \u00fanicas, camuflaje, simbiosis y f\u00f3siles vivientes. Paneles informativos sobre oceanograf\u00eda y aspectos medioambientales tambi\u00e9n enriquecen la experiencia.<\/p>\n<h3>Exhibiciones Adicionales<\/h3>\n<ul>\n<li><strong>La Vida en el Fr\u00edo:<\/strong> Una colonia de ping\u00fcinos es una de las principales atracciones, con la posibilidad de observarlos tanto en la superficie como bajo el agua.<\/li>\n<li><strong>El Universo Tropical:<\/strong> Este espacio recrea tramos de un r\u00edo amaz\u00f3nico y permite a los visitantes observar iguanas, pira\u00f1as, camaleones y m\u00e1s.<\/li>\n<li><strong>El Mundo de la Oscuridad:<\/strong> Los acuarios dedicados a medusas y especies bent\u00f3nicas se encuentran en una r\u00e9plica a escala real de un cachalote.<\/li>\n<li><strong>Una B\u00fasqueda Pendiente:<\/strong> Este espacio, principalmente para ni\u00f1os, <a href=\"https:\/\/tectickets.es\/zh\/magazine\/historia-antiguo-hospital-barcelona\/\">explora la historia<\/a> del conocimiento de los oc\u00e9anos y el uso de instrumentos oceanogr\u00e1ficos.<\/li>\n<li><strong>\u00a1Explora!<\/strong>: El principal espacio interactivo para ni\u00f1os, representando tres ambientes de la costa mediterr\u00e1nea.<\/li>\n<\/ul>\n<p>L&#8217;Aqu\u00e0rium de <a href=\"https:\/\/tectickets.es\/zh\/magazine\/los-must-de-barcelona-lugares-imperdibles\/\">Barcelona es una joya acu\u00e1tica que ofrece a los visitantes<\/a> una oportunidad \u00fanica para explorar el fascinante mundo marino del Mediterr\u00e1neo y otras regiones tropicales. Con una amplia variedad de acuarios y exhibiciones tem\u00e1ticas, es un destino imperdible para los amantes de la vida marina y una de las principales atracciones de <a href=\"https:\/\/tectickets.es\/zh\/explora-barcelona-guia\/\">Barcelona<\/a>.<\/p>\n<p>&nbsp;<\/p>","protected":false},"excerpt":{"rendered":"<ul>\n<li>Sum\u00e9rgete en el asombroso mundo marino de L&#8217;Aqu\u00e0rium de Barcelona.<\/li>\n<li>Explora m\u00e1s de 35 acuarios con 11,000 ejemplares de 450 especies diferentes.<\/li>\n<li>Camina por un t\u00fanel submarino de 80 metros rodeado de vida marina.<\/li>\n<li><a href=\"https:\/\/tectickets.es\/zh\/product\/explora-la-pedrera-sunrise-un-tour-unico-en-barcelona\/\">Descubre el inmenso oceanario \u00fanico<\/a> en Europa.<\/li>\n<li>Encuentra tiburones, ping\u00fcinos y peces fascinantes en una experiencia \u00fanica.<\/li>\n<li>Disfruta de una actividad accesible para personas de movilidad reducida.<\/li>\n<li>El <a href=\"https:\/\/tectickets.es\/zh\/product\/dalis-figueres-girona-tour\/\"  data-wpil-monitor-id=\"37\">tour incluye entrada<\/a> y acceso a las principales atracciones.<\/li>\n<\/ul>","protected":false},"featured_media":2454,"comment_status":"open","ping_status":"closed","template":"","meta":[],"product_brand":[],"product_cat":[160,284,290],"product_tag":[209,158],"tipo-de-experiencia":[66,54],"class_list":{"0":"post-1871","1":"product","2":"type-product","3":"status-publish","4":"has-post-thumbnail","6":"product_cat-barcelona","7":"product_cat-experiencias-inclusivas","8":"product_cat-naturaleza-y-conservacion","9":"product_tag-aquarium","10":"product_tag-tectickets","11":"tipo-de-experiencia-atracciones","12":"tipo-de-experiencia-entradas","14":"first","15":"instock","16":"shipping-taxable","17":"product-type-external"},"yoast_head":"<!-- This site is optimized with the Yoast SEO Premium plugin v24.5 (Yoast SEO v27.4) - https:\/\/yoast.com\/product\/yoast-seo-premium-wordpress\/ -->\n<title>L&#039;Aqu\u00e0rium de Barcelona - TecTickets<\/title>\n<meta name=\"description\" content=\"L&#039;Aqu\u00e0rium de Barcelona: Un viaje submarino fascinante en el coraz\u00f3n de la ciudad. \u00a1Descubre el oc\u00e9ano en un d\u00eda inolvidable!\" \/>\n<meta name=\"robots\" content=\"index, follow, max-snippet:-1, max-image-preview:large, max-video-preview:-1\" \/>\n<link rel=\"canonical\" href=\"https:\/\/tectickets.es\/zh\/product\/laquarium-de-barcelona\/\" \/>\n<meta property=\"og:locale\" content=\"zh_CN\" \/>\n<meta property=\"og:type\" content=\"article\" \/>\n<meta property=\"og:title\" content=\"L&#039;Aqu\u00e0rium de Barcelona\" \/>\n<meta property=\"og:description\" content=\"L&#039;Aqu\u00e0rium de Barcelona: Un viaje submarino fascinante en el coraz\u00f3n de la ciudad. \u00a1Descubre el oc\u00e9ano en un d\u00eda inolvidable!\" \/>\n<meta property=\"og:url\" content=\"https:\/\/tectickets.es\/zh\/product\/laquarium-de-barcelona\/\" \/>\n<meta property=\"og:site_name\" content=\"TecTickets\" \/>\n<meta property=\"article:publisher\" content=\"https:\/\/www.instagram.com\/tectickets\/\" \/>\n<meta property=\"article:modified_time\" content=\"2025-10-21T09:22:35+00:00\" \/>\n<meta property=\"og:image\" content=\"https:\/\/tectickets.es\/wp-content\/uploads\/2023\/09\/tunel-aquarium.png\" \/>\n\t<meta property=\"og:image:width\" content=\"1024\" \/>\n\t<meta property=\"og:image:height\" content=\"768\" \/>\n\t<meta property=\"og:image:type\" content=\"image\/png\" \/>\n<meta name=\"twitter:card\" content=\"summary_large_image\" \/>\n<meta name=\"twitter:site\" content=\"@tectickets\" \/>\n<meta name=\"twitter:label1\" content=\"Price\" \/>\n\t<meta name=\"twitter:data1\" content=\"20,00&nbsp;\u20ac\" \/>\n\t<meta name=\"twitter:label2\" content=\"Availability\" \/>\n\t<meta name=\"twitter:data2\" content=\"In stock\" \/>\n<script type=\"application\/ld+json\" class=\"yoast-schema-graph\">{\"@context\":\"https:\\\/\\\/schema.org\",\"@graph\":[{\"@type\":\"WebPage\",\"@id\":\"https:\\\/\\\/tectickets.es\\\/producto\\\/laquarium-de-barcelona\\\/\",\"url\":\"https:\\\/\\\/tectickets.es\\\/producto\\\/laquarium-de-barcelona\\\/\",\"name\":\"L'Aqu\u00e0rium de Barcelona - TecTickets\",\"isPartOf\":{\"@id\":\"https:\\\/\\\/tectickets.es\\\/#website\"},\"primaryImageOfPage\":{\"@id\":\"https:\\\/\\\/tectickets.es\\\/producto\\\/laquarium-de-barcelona\\\/#primaryimage\"},\"image\":{\"@id\":\"https:\\\/\\\/tectickets.es\\\/producto\\\/laquarium-de-barcelona\\\/#primaryimage\"},\"thumbnailUrl\":\"https:\\\/\\\/tectickets.es\\\/wp-content\\\/uploads\\\/2023\\\/09\\\/tunel-aquarium.png\",\"datePublished\":\"2023-09-12T11:19:25+00:00\",\"dateModified\":\"2025-10-21T09:22:35+00:00\",\"description\":\"L'Aqu\u00e0rium de Barcelona: Un viaje submarino fascinante en el coraz\u00f3n de la ciudad. \u00a1Descubre el oc\u00e9ano en un d\u00eda inolvidable!\",\"breadcrumb\":{\"@id\":\"https:\\\/\\\/tectickets.es\\\/producto\\\/laquarium-de-barcelona\\\/#breadcrumb\"},\"inLanguage\":\"zh-Hans\",\"potentialAction\":[{\"@type\":\"ReadAction\",\"target\":[\"https:\\\/\\\/tectickets.es\\\/producto\\\/laquarium-de-barcelona\\\/\"]}]},{\"@type\":\"ImageObject\",\"inLanguage\":\"zh-Hans\",\"@id\":\"https:\\\/\\\/tectickets.es\\\/producto\\\/laquarium-de-barcelona\\\/#primaryimage\",\"url\":\"https:\\\/\\\/tectickets.es\\\/wp-content\\\/uploads\\\/2023\\\/09\\\/tunel-aquarium.png\",\"contentUrl\":\"https:\\\/\\\/tectickets.es\\\/wp-content\\\/uploads\\\/2023\\\/09\\\/tunel-aquarium.png\",\"width\":1024,\"height\":768},{\"@type\":\"BreadcrumbList\",\"@id\":\"https:\\\/\\\/tectickets.es\\\/producto\\\/laquarium-de-barcelona\\\/#breadcrumb\",\"itemListElement\":[{\"@type\":\"ListItem\",\"position\":1,\"name\":\"Portada\",\"item\":\"https:\\\/\\\/tectickets.es\\\/\"},{\"@type\":\"ListItem\",\"position\":2,\"name\":\"Tienda\",\"item\":\"https:\\\/\\\/tectickets.es\\\/tienda\\\/\"},{\"@type\":\"ListItem\",\"position\":3,\"name\":\"L&#8217;Aqu\u00e0rium de Barcelona\"}]},{\"@type\":\"WebSite\",\"@id\":\"https:\\\/\\\/tectickets.es\\\/#website\",\"url\":\"https:\\\/\\\/tectickets.es\\\/\",\"name\":\"TecTickets\",\"description\":\"\u00a1Explora el universo del turismo, eventos y cultura con solo un clic!\",\"publisher\":{\"@id\":\"https:\\\/\\\/tectickets.es\\\/#organization\"},\"potentialAction\":[{\"@type\":\"SearchAction\",\"target\":{\"@type\":\"EntryPoint\",\"urlTemplate\":\"https:\\\/\\\/tectickets.es\\\/?s={search_term_string}\"},\"query-input\":{\"@type\":\"PropertyValueSpecification\",\"valueRequired\":true,\"valueName\":\"search_term_string\"}}],\"inLanguage\":\"zh-Hans\"},{\"@type\":\"Organization\",\"@id\":\"https:\\\/\\\/tectickets.es\\\/#organization\",\"name\":\"el teu tiquet.sl\",\"url\":\"https:\\\/\\\/tectickets.es\\\/\",\"logo\":{\"@type\":\"ImageObject\",\"inLanguage\":\"zh-Hans\",\"@id\":\"https:\\\/\\\/tectickets.es\\\/#\\\/schema\\\/logo\\\/image\\\/\",\"url\":\"https:\\\/\\\/tectickets.es\\\/wp-content\\\/uploads\\\/2023\\\/06\\\/cropped-Agregar-un-titulo-800-\u00d7-600-px.png\",\"contentUrl\":\"https:\\\/\\\/tectickets.es\\\/wp-content\\\/uploads\\\/2023\\\/06\\\/cropped-Agregar-un-titulo-800-\u00d7-600-px.png\",\"width\":733,\"height\":334,\"caption\":\"el teu tiquet.sl\"},\"image\":{\"@id\":\"https:\\\/\\\/tectickets.es\\\/#\\\/schema\\\/logo\\\/image\\\/\"},\"sameAs\":[\"https:\\\/\\\/www.instagram.com\\\/tectickets\\\/\",\"https:\\\/\\\/x.com\\\/tectickets\",\"https:\\\/\\\/www.pinterest.es\\\/tectickets\\\/\",\"https:\\\/\\\/www.tiktok.com\\\/@tectickets\",\"https:\\\/\\\/www.youtube.com\\\/@TecTickets\"],\"publishingPrinciples\":\"https:\\\/\\\/tectickets.es\\\/reembolso_devoluciones\\\/\",\"ownershipFundingInfo\":\"https:\\\/\\\/tectickets.es\\\/contacto\\\/\",\"actionableFeedbackPolicy\":\"https:\\\/\\\/tectickets.es\\\/condiciones-generales\\\/\"}]}<\/script>\n<meta property=\"product:price:amount\" content=\"20.00\" \/>\n<meta property=\"product:price:currency\" content=\"EUR\" \/>\n<meta property=\"og:availability\" content=\"instock\" \/>\n<meta property=\"product:availability\" content=\"instock\" \/>\n<meta property=\"product:condition\" content=\"new\" \/>\n<!-- \/ Yoast SEO Premium plugin. -->","yoast_head_json":{"title":"L'Aqu\u00e0rium de Barcelona - TecTickets","description":"L'Aqu\u00e0rium de Barcelona: Un viaje submarino fascinante en el coraz\u00f3n de la ciudad. \u00a1Descubre el oc\u00e9ano en un d\u00eda inolvidable!","robots":{"index":"index","follow":"follow","max-snippet":"max-snippet:-1","max-image-preview":"max-image-preview:large","max-video-preview":"max-video-preview:-1"},"canonical":"https:\/\/tectickets.es\/zh\/product\/laquarium-de-barcelona\/","og_locale":"zh_CN","og_type":"article","og_title":"L'Aqu\u00e0rium de Barcelona","og_description":"L'Aqu\u00e0rium de Barcelona: Un viaje submarino fascinante en el coraz\u00f3n de la ciudad. \u00a1Descubre el oc\u00e9ano en un d\u00eda inolvidable!","og_url":"https:\/\/tectickets.es\/zh\/product\/laquarium-de-barcelona\/","og_site_name":"TecTickets","article_publisher":"https:\/\/www.instagram.com\/tectickets\/","article_modified_time":"2025-10-21T09:22:35+00:00","og_image":[{"width":1024,"height":768,"url":"https:\/\/tectickets.es\/wp-content\/uploads\/2023\/09\/tunel-aquarium.png","type":"image\/png"}],"twitter_card":"summary_large_image","twitter_site":"@tectickets","twitter_misc":{"Price":"20,00&nbsp;\u20ac","Availability":"In stock"},"schema":{"@context":"https:\/\/schema.org","@graph":[{"@type":"WebPage","@id":"https:\/\/tectickets.es\/producto\/laquarium-de-barcelona\/","url":"https:\/\/tectickets.es\/producto\/laquarium-de-barcelona\/","name":"L'Aqu\u00e0rium de Barcelona - TecTickets","isPartOf":{"@id":"https:\/\/tectickets.es\/#website"},"primaryImageOfPage":{"@id":"https:\/\/tectickets.es\/producto\/laquarium-de-barcelona\/#primaryimage"},"image":{"@id":"https:\/\/tectickets.es\/producto\/laquarium-de-barcelona\/#primaryimage"},"thumbnailUrl":"https:\/\/tectickets.es\/wp-content\/uploads\/2023\/09\/tunel-aquarium.png","datePublished":"2023-09-12T11:19:25+00:00","dateModified":"2025-10-21T09:22:35+00:00","description":"L'Aqu\u00e0rium de Barcelona: Un viaje submarino fascinante en el coraz\u00f3n de la ciudad. \u00a1Descubre el oc\u00e9ano en un d\u00eda inolvidable!","breadcrumb":{"@id":"https:\/\/tectickets.es\/producto\/laquarium-de-barcelona\/#breadcrumb"},"inLanguage":"zh-Hans","potentialAction":[{"@type":"ReadAction","target":["https:\/\/tectickets.es\/producto\/laquarium-de-barcelona\/"]}]},{"@type":"ImageObject","inLanguage":"zh-Hans","@id":"https:\/\/tectickets.es\/producto\/laquarium-de-barcelona\/#primaryimage","url":"https:\/\/tectickets.es\/wp-content\/uploads\/2023\/09\/tunel-aquarium.png","contentUrl":"https:\/\/tectickets.es\/wp-content\/uploads\/2023\/09\/tunel-aquarium.png","width":1024,"height":768},{"@type":"BreadcrumbList","@id":"https:\/\/tectickets.es\/producto\/laquarium-de-barcelona\/#breadcrumb","itemListElement":[{"@type":"ListItem","position":1,"name":"Portada","item":"https:\/\/tectickets.es\/"},{"@type":"ListItem","position":2,"name":"Tienda","item":"https:\/\/tectickets.es\/tienda\/"},{"@type":"ListItem","position":3,"name":"L&#8217;Aqu\u00e0rium de Barcelona"}]},{"@type":"WebSite","@id":"https:\/\/tectickets.es\/#website","url":"https:\/\/tectickets.es\/","name":"TecTickets","description":"\u00a1Explora el universo del turismo, eventos y cultura con solo un clic!","publisher":{"@id":"https:\/\/tectickets.es\/#organization"},"potentialAction":[{"@type":"SearchAction","target":{"@type":"EntryPoint","urlTemplate":"https:\/\/tectickets.es\/?s={search_term_string}"},"query-input":{"@type":"PropertyValueSpecification","valueRequired":true,"valueName":"search_term_string"}}],"inLanguage":"zh-Hans"},{"@type":"Organization","@id":"https:\/\/tectickets.es\/#organization","name":"el teu tiquet.sl","url":"https:\/\/tectickets.es\/","logo":{"@type":"ImageObject","inLanguage":"zh-Hans","@id":"https:\/\/tectickets.es\/#\/schema\/logo\/image\/","url":"https:\/\/tectickets.es\/wp-content\/uploads\/2023\/06\/cropped-Agregar-un-titulo-800-\u00d7-600-px.png","contentUrl":"https:\/\/tectickets.es\/wp-content\/uploads\/2023\/06\/cropped-Agregar-un-titulo-800-\u00d7-600-px.png","width":733,"height":334,"caption":"el teu tiquet.sl"},"image":{"@id":"https:\/\/tectickets.es\/#\/schema\/logo\/image\/"},"sameAs":["https:\/\/www.instagram.com\/tectickets\/","https:\/\/x.com\/tectickets","https:\/\/www.pinterest.es\/tectickets\/","https:\/\/www.tiktok.com\/@tectickets","https:\/\/www.youtube.com\/@TecTickets"],"publishingPrinciples":"https:\/\/tectickets.es\/reembolso_devoluciones\/","ownershipFundingInfo":"https:\/\/tectickets.es\/contacto\/","actionableFeedbackPolicy":"https:\/\/tectickets.es\/condiciones-generales\/"}]},"product_price_amount":"20.00","product_price_currency":"EUR","og_availability":"instock","product_availability":"instock","product_condition":"new"},"_links":{"self":[{"href":"https:\/\/tectickets.es\/zh\/wp-json\/wp\/v2\/product\/1871","targetHints":{"allow":["GET"]}}],"collection":[{"href":"https:\/\/tectickets.es\/zh\/wp-json\/wp\/v2\/product"}],"about":[{"href":"https:\/\/tectickets.es\/zh\/wp-json\/wp\/v2\/types\/product"}],"replies":[{"embeddable":true,"href":"https:\/\/tectickets.es\/zh\/wp-json\/wp\/v2\/comments?post=1871"}],"version-history":[{"count":2,"href":"https:\/\/tectickets.es\/zh\/wp-json\/wp\/v2\/product\/1871\/revisions"}],"predecessor-version":[{"id":7492,"href":"https:\/\/tectickets.es\/zh\/wp-json\/wp\/v2\/product\/1871\/revisions\/7492"}],"wp:featuredmedia":[{"embeddable":true,"href":"https:\/\/tectickets.es\/zh\/wp-json\/wp\/v2\/media\/2454"}],"wp:attachment":[{"href":"https:\/\/tectickets.es\/zh\/wp-json\/wp\/v2\/media?parent=1871"}],"wp:term":[{"taxonomy":"product_brand","embeddable":true,"href":"https:\/\/tectickets.es\/zh\/wp-json\/wp\/v2\/product_brand?post=1871"},{"taxonomy":"product_cat","embeddable":true,"href":"https:\/\/tectickets.es\/zh\/wp-json\/wp\/v2\/product_cat?post=1871"},{"taxonomy":"product_tag","embeddable":true,"href":"https:\/\/tectickets.es\/zh\/wp-json\/wp\/v2\/product_tag?post=1871"},{"taxonomy":"tipo-de-experiencia","embeddable":true,"href":"https:\/\/tectickets.es\/zh\/wp-json\/wp\/v2\/tipo-de-experiencia?post=1871"}],"curies":[{"name":"wp","href":"https:\/\/api.w.org\/{rel}","templated":true}]}}