{"id":2276,"date":"2023-09-27T16:04:31","date_gmt":"2023-09-27T16:04:31","guid":{"rendered":"https:\/\/tectickets.es\/?post_type=product&#038;p=2276"},"modified":"2025-10-21T09:12:48","modified_gmt":"2025-10-21T09:12:48","slug":"roca-village-desde-barcelona","status":"publish","type":"product","link":"https:\/\/tectickets.es\/zh\/product\/roca-village-desde-barcelona\/","title":{"rendered":"Shopping Express-Explora La Roca Village"},"content":{"rendered":"<p>\u00bfEst\u00e1s listo para una emocionante jornada de compras y lujo en La Roca Village? \u00danete a nuestro tour desde Barcelona y sum\u00e9rgete en una experiencia de compra \u00fanica en este destino de compras de lujo al aire libre.<\/p>\n<h2>Descripci\u00f3n del Tour:<\/h2>\n<p>La Roca Village es un para\u00edso para los amantes de las compras, ubicado a tan solo 40 minutos de la vibrante Barcelona. Aqu\u00ed, encontrar\u00e1s m\u00e1s de <a href=\"https:\/\/tectickets.es\/listados\/10-tiendas-mas-visitadas-la-roca-village\/\">150 boutiques<\/a> de las principales marcas con descuentos de hasta el 60% durante todo el a\u00f1o. Te invitamos a descubrir este destino de <a href=\"https:\/\/tectickets.es\/listados\/10-tiendas-mas-visitadas-la-roca-village\/\">compras<\/a> de renombre internacional.<\/p>\n<h2>Salida y Llegada:<\/h2>\n<h3>Salida desde Barcelona:<\/h3>\n<p>Nos encontraremos en<a href=\"https:\/\/barcelonanord.barcelona\/es\/como-llegar\"> Estaci\u00f3 del Nord<\/a>, Barcelona, And\u00e9n n\u00ba 17\/18.<\/p>\n<ul>\n<li><a href=\"https:\/\/tectickets.es\/paso-a-paso-\/horario-ruta-compras-la-roca-village\/\">Horarios de salida<\/a>: Ofrecemos salidas regulares desde las 9:00 am hasta las 20:00 pm durante todo el a\u00f1o.<\/li>\n<li>Duraci\u00f3n del viaje: El trayecto dura tan solo 40 minutos.<\/li>\n<li>Nota: Ten en cuenta que no hay servicio los d\u00edas 11 de septiembre, 25 y 26 de diciembre, y 1 y 6 de enero debido al cierre del Village.<\/li>\n<\/ul>\n<h3>Regreso desde La Roca Village a Barcelona:<\/h3>\n<ul>\n<li><a href=\"https:\/\/tectickets.es\/paso-a-paso-\/horario-ruta-compras-la-roca-village\/\">Horarios de regreso<\/a>: Disponibles desde las 10:00 am hasta las 21:15 pm.<\/li>\n<li>Disfruta de un c\u00f3modo <a href=\"https:\/\/tectickets.es\/magazine\/descubriendo-patrimonio-industrial-barcelona-poblenou\/\">viaje de regreso a Barcelona<\/a> despu\u00e9s de tu d\u00eda de compras.<\/li>\n<\/ul>\n<h2>Accesibilidad para Personas de Movilidad Reducida:<\/h2>\n<p>Nuestro servicio de Shopping Express se preocupa por la comodidad de todos nuestros visitantes. Ofrecemos acceso con silla de ruedas con reserva previa para garantizar que todos disfruten de la experiencia sin problemas.<\/p>\n<h2>Lo que Incluye:<\/h2>\n<ul>\n<li>Billete de ida y vuelta desde <a href=\"https:\/\/tectickets.es\/explora-barcelona-guia\/\">Barcelona<\/a> a La Roca Village.<\/li>\n<li>EVIP <a href=\"https:\/\/tectickets.es\/producto\/barcelona-card-express\/\">Card con un 10% adicional de descuento<\/a> en tus compras (No acumulable con otras ofertas).<\/li>\n<li>Gu\u00eda multiling\u00fce a bordo para proporcionarte informaci\u00f3n \u00fatil durante el viaje.<\/li>\n<li>Wi-Fi gratuito para mantenerte conectado mientras te trasladas al <a href=\"https:\/\/tectickets.es\/listados\/la-roca-village-tiendas-deporte\/\">para\u00edso de las compras<\/a>.<\/li>\n<\/ul>\n<h2>Informaci\u00f3n Adicional:<\/h2>\n<h3>Qu\u00e9 Llevar:<\/h3>\n<ul>\n<li>Tarjeta de cr\u00e9dito\/d\u00e9bito para aprovechar al m\u00e1ximo tus compras.<\/li>\n<li>Ropa y calzado c\u00f3modos para un d\u00eda de compras sin igual.<\/li>\n<li>Identificaci\u00f3n y pasaporte si eres visitante fuera de la UE para beneficiarte del tax-free.<\/li>\n<li>M\u00f3vil o c\u00e1mara para capturar tus momentos de compras.<\/li>\n<\/ul>\n<h3>Qu\u00e9 No Llevar:<\/h3>\n<p>Evita llevar grandes mochilas o equipaje pesado, ya que las boutiques pueden estar concurridas. No es necesario llevar alimentos ni <a href=\"https:\/\/tectickets.es\/producto\/alquiler-de-articulos-para-bebes-barcelona\/\">bebidas<\/a>, ya que el Village cuenta con una amplia selecci\u00f3n de restaurantes y caf\u00e9s.<\/p>\n<h3>Informaci\u00f3n Relevante:<\/h3>\n<ul>\n<li>Te recomendamos adquirir tus billetes con anticipaci\u00f3n debido a la capacidad limitada del <a href=\"https:\/\/tectickets.es\/magazine\/excursiones-dia-autocar-barcelona\/\">autocar<\/a>.<\/li>\n<li>Aseg\u00farate de llegar al punto de encuentro al menos 15 minutos antes de la salida del autocar.<\/li>\n<li>Ten en cuenta que los <a href=\"https:\/\/tectickets.es\/magazine\/aparcamiento-montserrat-opciones-tarifas\/\">horarios y precios<\/a> est\u00e1n sujetos a confirmaci\u00f3n al momento de realizar la compra.<\/li>\n<\/ul>\n<p>\u00danete a nuestro tour y experimenta un d\u00eda de compras inolvidable en La <a href=\"https:\/\/tectickets.es\/magazine\/servicios-clientes-la-roca-village\/\">Roca Village<\/a>, donde la moda de lujo se encuentra con descuentos excepcionales. \u00a1:<\/p>\n<ul>\n<li>Guia paso a paso de La Roca Village[<a href=\"https:\/\/tectickets.es\/paso-a-paso-\/horario-ruta-compras-la-roca-village\/\">Enlace<\/a>]<\/li>\n<li>Las tiendas mas visitadas en La Roca Village[<a href=\"https:\/\/tectickets.es\/paso-a-paso-\/horario-ruta-compras-la-roca-village\/\">Enlace<\/a>]<\/li>\n<li>Tax Free, para visitantes fuera de la Union Europea [<a href=\"https:\/\/www.barcelonaturisme.com\/wv3\/es\/page\/4669\/horario-comercial-y-tax-free-.html\">Enlace<\/a>]<\/li>\n<\/ul>\n","protected":false},"excerpt":{"rendered":"<ul>\n<li><strong>Billete de ida y vuelta:<\/strong> El <a href=\"https:\/\/tectickets.es\/zh\/product\/barcelona-city-tour\/\">tour incluye un billete de ida y vuelta desde Barcelona<\/a> a La Roca Village, lo que te permite un c\u00f3modo transporte de ida y vuelta al destino de compras.<\/li>\n<li><strong>EVIP Card:<\/strong> Se proporciona una EVIP Card que ofrece un 10% de descuento adicional en tus compras en La Roca Village (no acumulable con otras ofertas), lo que te brinda la oportunidad de ahorrar a\u00fan m\u00e1s en tus compras de lujo.<\/li>\n<li><a href=\"https:\/\/tectickets.es\/zh\/navega-por-destinos-extraordinarios\/\">Gu\u00eda Multiling\u00fce: Durante el viaje<\/a>, contar\u00e1s con una gu\u00eda multiling\u00fce a bordo que te proporcionar\u00e1 informaci\u00f3n \u00fatil sobre el destino y el tour, asegur\u00e1ndote una experiencia informativa y enriquecedora.<\/li>\n<li><a href=\"https:\/\/tectickets.es\/zh\/magazine\/guia-acceso-wifi-gratuito-barcelona\/\">Wi-Fi Gratuito: Durante el traslado desde Barcelona<\/a> a La Roca Village, dispondr\u00e1s de acceso gratuito a Wi-Fi, lo que te permitir\u00e1 mantenerte conectado y entretenido durante el viaje.<\/li>\n<\/ul>","protected":false},"featured_media":2453,"comment_status":"open","ping_status":"closed","template":"","meta":[],"product_brand":[],"product_cat":[160,159,273,203,264],"product_tag":[280],"tipo-de-experiencia":[53],"class_list":{"0":"post-2276","1":"product","2":"type-product","3":"status-publish","4":"has-post-thumbnail","6":"product_cat-barcelona","7":"product_cat-tectickets","8":"product_cat-tours-guiados","9":"product_cat-transportes","10":"product_cat-traslados-privados","11":"product_tag-shopping","12":"tipo-de-experiencia-tour-guiado","14":"first","15":"instock","16":"sale","17":"shipping-taxable","18":"product-type-external"},"yoast_head":"<!-- This site is optimized with the Yoast SEO Premium plugin v24.5 (Yoast SEO v27.5) - https:\/\/yoast.com\/product\/yoast-seo-premium-wordpress\/ -->\n<title>Shopping Express-Explora La Roca Village - TecTickets<\/title>\n<meta name=\"description\" content=\"\u00a1Un d\u00eda de compras de lujo en La Roca Village te espera a solo 40 minutos de Barcelona! \u00a1No te lo pierdas!\" \/>\n<meta name=\"robots\" content=\"index, follow, max-snippet:-1, max-image-preview:large, max-video-preview:-1\" \/>\n<link rel=\"canonical\" href=\"https:\/\/tectickets.es\/zh\/product\/roca-village-desde-barcelona\/\" \/>\n<meta property=\"og:locale\" content=\"zh_CN\" \/>\n<meta property=\"og:type\" content=\"article\" \/>\n<meta property=\"og:title\" content=\"Shopping Express-Explora La Roca Village\" \/>\n<meta property=\"og:description\" content=\"\u00a1Un d\u00eda de compras de lujo en La Roca Village te espera a solo 40 minutos de Barcelona! \u00a1No te lo pierdas!\" \/>\n<meta property=\"og:url\" content=\"https:\/\/tectickets.es\/zh\/product\/roca-village-desde-barcelona\/\" \/>\n<meta property=\"og:site_name\" content=\"TecTickets\" \/>\n<meta property=\"article:publisher\" content=\"https:\/\/www.instagram.com\/tectickets\/\" \/>\n<meta property=\"article:modified_time\" content=\"2025-10-21T09:12:48+00:00\" \/>\n<meta property=\"og:image\" content=\"https:\/\/tectickets.es\/wp-content\/uploads\/2023\/09\/la-roca-village-shopping-express.png\" \/>\n\t<meta property=\"og:image:width\" content=\"1200\" \/>\n\t<meta property=\"og:image:height\" content=\"600\" \/>\n\t<meta property=\"og:image:type\" content=\"image\/png\" \/>\n<meta name=\"twitter:card\" content=\"summary_large_image\" \/>\n<meta name=\"twitter:site\" content=\"@tectickets\" \/>\n<meta name=\"twitter:label1\" content=\"Price\" \/>\n\t<meta name=\"twitter:data1\" content=\"22,00&nbsp;\u20ac\" \/>\n\t<meta name=\"twitter:label2\" content=\"Availability\" \/>\n\t<meta name=\"twitter:data2\" content=\"In stock\" \/>\n<script type=\"application\/ld+json\" class=\"yoast-schema-graph\">{\"@context\":\"https:\\\/\\\/schema.org\",\"@graph\":[{\"@type\":\"WebPage\",\"@id\":\"https:\\\/\\\/tectickets.es\\\/producto\\\/roca-village-desde-barcelona\\\/\",\"url\":\"https:\\\/\\\/tectickets.es\\\/producto\\\/roca-village-desde-barcelona\\\/\",\"name\":\"Shopping Express-Explora La Roca Village - TecTickets\",\"isPartOf\":{\"@id\":\"https:\\\/\\\/tectickets.es\\\/#website\"},\"primaryImageOfPage\":{\"@id\":\"https:\\\/\\\/tectickets.es\\\/producto\\\/roca-village-desde-barcelona\\\/#primaryimage\"},\"image\":{\"@id\":\"https:\\\/\\\/tectickets.es\\\/producto\\\/roca-village-desde-barcelona\\\/#primaryimage\"},\"thumbnailUrl\":\"https:\\\/\\\/tectickets.es\\\/wp-content\\\/uploads\\\/2023\\\/09\\\/Clienta-La-Roca-Village-subiendo-al-autobus-oficial.png\",\"datePublished\":\"2023-09-27T16:04:31+00:00\",\"dateModified\":\"2025-10-21T09:12:48+00:00\",\"description\":\"\u00a1Un d\u00eda de compras de lujo en La Roca Village te espera a solo 40 minutos de Barcelona! \u00a1No te lo pierdas!\",\"breadcrumb\":{\"@id\":\"https:\\\/\\\/tectickets.es\\\/producto\\\/roca-village-desde-barcelona\\\/#breadcrumb\"},\"inLanguage\":\"zh-Hans\",\"potentialAction\":[{\"@type\":\"ReadAction\",\"target\":[\"https:\\\/\\\/tectickets.es\\\/producto\\\/roca-village-desde-barcelona\\\/\"]}]},{\"@type\":\"ImageObject\",\"inLanguage\":\"zh-Hans\",\"@id\":\"https:\\\/\\\/tectickets.es\\\/producto\\\/roca-village-desde-barcelona\\\/#primaryimage\",\"url\":\"https:\\\/\\\/tectickets.es\\\/wp-content\\\/uploads\\\/2023\\\/09\\\/Clienta-La-Roca-Village-subiendo-al-autobus-oficial.png\",\"contentUrl\":\"https:\\\/\\\/tectickets.es\\\/wp-content\\\/uploads\\\/2023\\\/09\\\/Clienta-La-Roca-Village-subiendo-al-autobus-oficial.png\",\"width\":1024,\"height\":768,\"caption\":\"Una clienta felizmente sube al autob\u00fas oficial de La Roca Village, comenzando su jornada de compras con comodidad y estilo.\"},{\"@type\":\"BreadcrumbList\",\"@id\":\"https:\\\/\\\/tectickets.es\\\/producto\\\/roca-village-desde-barcelona\\\/#breadcrumb\",\"itemListElement\":[{\"@type\":\"ListItem\",\"position\":1,\"name\":\"Portada\",\"item\":\"https:\\\/\\\/tectickets.es\\\/\"},{\"@type\":\"ListItem\",\"position\":2,\"name\":\"Tienda\",\"item\":\"https:\\\/\\\/tectickets.es\\\/tienda\\\/\"},{\"@type\":\"ListItem\",\"position\":3,\"name\":\"Shopping Express-Explora La Roca Village\"}]},{\"@type\":\"WebSite\",\"@id\":\"https:\\\/\\\/tectickets.es\\\/#website\",\"url\":\"https:\\\/\\\/tectickets.es\\\/\",\"name\":\"TecTickets\",\"description\":\"\u00a1Explora el universo del turismo, eventos y cultura con solo un clic!\",\"publisher\":{\"@id\":\"https:\\\/\\\/tectickets.es\\\/#organization\"},\"potentialAction\":[{\"@type\":\"SearchAction\",\"target\":{\"@type\":\"EntryPoint\",\"urlTemplate\":\"https:\\\/\\\/tectickets.es\\\/?s={search_term_string}\"},\"query-input\":{\"@type\":\"PropertyValueSpecification\",\"valueRequired\":true,\"valueName\":\"search_term_string\"}}],\"inLanguage\":\"zh-Hans\"},{\"@type\":\"Organization\",\"@id\":\"https:\\\/\\\/tectickets.es\\\/#organization\",\"name\":\"el teu tiquet.sl\",\"url\":\"https:\\\/\\\/tectickets.es\\\/\",\"logo\":{\"@type\":\"ImageObject\",\"inLanguage\":\"zh-Hans\",\"@id\":\"https:\\\/\\\/tectickets.es\\\/#\\\/schema\\\/logo\\\/image\\\/\",\"url\":\"https:\\\/\\\/tectickets.es\\\/wp-content\\\/uploads\\\/2023\\\/06\\\/cropped-Agregar-un-titulo-800-\u00d7-600-px.png\",\"contentUrl\":\"https:\\\/\\\/tectickets.es\\\/wp-content\\\/uploads\\\/2023\\\/06\\\/cropped-Agregar-un-titulo-800-\u00d7-600-px.png\",\"width\":733,\"height\":334,\"caption\":\"el teu tiquet.sl\"},\"image\":{\"@id\":\"https:\\\/\\\/tectickets.es\\\/#\\\/schema\\\/logo\\\/image\\\/\"},\"sameAs\":[\"https:\\\/\\\/www.instagram.com\\\/tectickets\\\/\",\"https:\\\/\\\/x.com\\\/tectickets\",\"https:\\\/\\\/www.pinterest.es\\\/tectickets\\\/\",\"https:\\\/\\\/www.tiktok.com\\\/@tectickets\",\"https:\\\/\\\/www.youtube.com\\\/@TecTickets\"],\"publishingPrinciples\":\"https:\\\/\\\/tectickets.es\\\/reembolso_devoluciones\\\/\",\"ownershipFundingInfo\":\"https:\\\/\\\/tectickets.es\\\/contacto\\\/\",\"actionableFeedbackPolicy\":\"https:\\\/\\\/tectickets.es\\\/condiciones-generales\\\/\"}]}<\/script>\n<meta property=\"product:price:amount\" content=\"22.00\" \/>\n<meta property=\"product:price:currency\" content=\"EUR\" \/>\n<meta property=\"og:availability\" content=\"instock\" \/>\n<meta property=\"product:availability\" content=\"instock\" \/>\n<meta property=\"product:condition\" content=\"new\" \/>\n<!-- \/ Yoast SEO Premium plugin. -->","yoast_head_json":{"title":"Shopping Express-Explora La Roca Village - TecTickets","description":"\u00a1Un d\u00eda de compras de lujo en La Roca Village te espera a solo 40 minutos de Barcelona! \u00a1No te lo pierdas!","robots":{"index":"index","follow":"follow","max-snippet":"max-snippet:-1","max-image-preview":"max-image-preview:large","max-video-preview":"max-video-preview:-1"},"canonical":"https:\/\/tectickets.es\/zh\/product\/roca-village-desde-barcelona\/","og_locale":"zh_CN","og_type":"article","og_title":"Shopping Express-Explora La Roca Village","og_description":"\u00a1Un d\u00eda de compras de lujo en La Roca Village te espera a solo 40 minutos de Barcelona! \u00a1No te lo pierdas!","og_url":"https:\/\/tectickets.es\/zh\/product\/roca-village-desde-barcelona\/","og_site_name":"TecTickets","article_publisher":"https:\/\/www.instagram.com\/tectickets\/","article_modified_time":"2025-10-21T09:12:48+00:00","og_image":[{"width":1200,"height":600,"url":"https:\/\/tectickets.es\/wp-content\/uploads\/2023\/09\/la-roca-village-shopping-express.png","type":"image\/png"}],"twitter_card":"summary_large_image","twitter_site":"@tectickets","twitter_misc":{"Price":"22,00&nbsp;\u20ac","Availability":"In stock"},"schema":{"@context":"https:\/\/schema.org","@graph":[{"@type":"WebPage","@id":"https:\/\/tectickets.es\/producto\/roca-village-desde-barcelona\/","url":"https:\/\/tectickets.es\/producto\/roca-village-desde-barcelona\/","name":"Shopping Express-Explora La Roca Village - TecTickets","isPartOf":{"@id":"https:\/\/tectickets.es\/#website"},"primaryImageOfPage":{"@id":"https:\/\/tectickets.es\/producto\/roca-village-desde-barcelona\/#primaryimage"},"image":{"@id":"https:\/\/tectickets.es\/producto\/roca-village-desde-barcelona\/#primaryimage"},"thumbnailUrl":"https:\/\/tectickets.es\/wp-content\/uploads\/2023\/09\/Clienta-La-Roca-Village-subiendo-al-autobus-oficial.png","datePublished":"2023-09-27T16:04:31+00:00","dateModified":"2025-10-21T09:12:48+00:00","description":"\u00a1Un d\u00eda de compras de lujo en La Roca Village te espera a solo 40 minutos de Barcelona! \u00a1No te lo pierdas!","breadcrumb":{"@id":"https:\/\/tectickets.es\/producto\/roca-village-desde-barcelona\/#breadcrumb"},"inLanguage":"zh-Hans","potentialAction":[{"@type":"ReadAction","target":["https:\/\/tectickets.es\/producto\/roca-village-desde-barcelona\/"]}]},{"@type":"ImageObject","inLanguage":"zh-Hans","@id":"https:\/\/tectickets.es\/producto\/roca-village-desde-barcelona\/#primaryimage","url":"https:\/\/tectickets.es\/wp-content\/uploads\/2023\/09\/Clienta-La-Roca-Village-subiendo-al-autobus-oficial.png","contentUrl":"https:\/\/tectickets.es\/wp-content\/uploads\/2023\/09\/Clienta-La-Roca-Village-subiendo-al-autobus-oficial.png","width":1024,"height":768,"caption":"Una clienta felizmente sube al autob\u00fas oficial de La Roca Village, comenzando su jornada de compras con comodidad y estilo."},{"@type":"BreadcrumbList","@id":"https:\/\/tectickets.es\/producto\/roca-village-desde-barcelona\/#breadcrumb","itemListElement":[{"@type":"ListItem","position":1,"name":"Portada","item":"https:\/\/tectickets.es\/"},{"@type":"ListItem","position":2,"name":"Tienda","item":"https:\/\/tectickets.es\/tienda\/"},{"@type":"ListItem","position":3,"name":"Shopping Express-Explora La Roca Village"}]},{"@type":"WebSite","@id":"https:\/\/tectickets.es\/#website","url":"https:\/\/tectickets.es\/","name":"TecTickets","description":"\u00a1Explora el universo del turismo, eventos y cultura con solo un clic!","publisher":{"@id":"https:\/\/tectickets.es\/#organization"},"potentialAction":[{"@type":"SearchAction","target":{"@type":"EntryPoint","urlTemplate":"https:\/\/tectickets.es\/?s={search_term_string}"},"query-input":{"@type":"PropertyValueSpecification","valueRequired":true,"valueName":"search_term_string"}}],"inLanguage":"zh-Hans"},{"@type":"Organization","@id":"https:\/\/tectickets.es\/#organization","name":"el teu tiquet.sl","url":"https:\/\/tectickets.es\/","logo":{"@type":"ImageObject","inLanguage":"zh-Hans","@id":"https:\/\/tectickets.es\/#\/schema\/logo\/image\/","url":"https:\/\/tectickets.es\/wp-content\/uploads\/2023\/06\/cropped-Agregar-un-titulo-800-\u00d7-600-px.png","contentUrl":"https:\/\/tectickets.es\/wp-content\/uploads\/2023\/06\/cropped-Agregar-un-titulo-800-\u00d7-600-px.png","width":733,"height":334,"caption":"el teu tiquet.sl"},"image":{"@id":"https:\/\/tectickets.es\/#\/schema\/logo\/image\/"},"sameAs":["https:\/\/www.instagram.com\/tectickets\/","https:\/\/x.com\/tectickets","https:\/\/www.pinterest.es\/tectickets\/","https:\/\/www.tiktok.com\/@tectickets","https:\/\/www.youtube.com\/@TecTickets"],"publishingPrinciples":"https:\/\/tectickets.es\/reembolso_devoluciones\/","ownershipFundingInfo":"https:\/\/tectickets.es\/contacto\/","actionableFeedbackPolicy":"https:\/\/tectickets.es\/condiciones-generales\/"}]},"product_price_amount":"22.00","product_price_currency":"EUR","og_availability":"instock","product_availability":"instock","product_condition":"new"},"_links":{"self":[{"href":"https:\/\/tectickets.es\/zh\/wp-json\/wp\/v2\/product\/2276","targetHints":{"allow":["GET"]}}],"collection":[{"href":"https:\/\/tectickets.es\/zh\/wp-json\/wp\/v2\/product"}],"about":[{"href":"https:\/\/tectickets.es\/zh\/wp-json\/wp\/v2\/types\/product"}],"replies":[{"embeddable":true,"href":"https:\/\/tectickets.es\/zh\/wp-json\/wp\/v2\/comments?post=2276"}],"version-history":[{"count":1,"href":"https:\/\/tectickets.es\/zh\/wp-json\/wp\/v2\/product\/2276\/revisions"}],"predecessor-version":[{"id":7479,"href":"https:\/\/tectickets.es\/zh\/wp-json\/wp\/v2\/product\/2276\/revisions\/7479"}],"wp:featuredmedia":[{"embeddable":true,"href":"https:\/\/tectickets.es\/zh\/wp-json\/wp\/v2\/media\/2453"}],"wp:attachment":[{"href":"https:\/\/tectickets.es\/zh\/wp-json\/wp\/v2\/media?parent=2276"}],"wp:term":[{"taxonomy":"product_brand","embeddable":true,"href":"https:\/\/tectickets.es\/zh\/wp-json\/wp\/v2\/product_brand?post=2276"},{"taxonomy":"product_cat","embeddable":true,"href":"https:\/\/tectickets.es\/zh\/wp-json\/wp\/v2\/product_cat?post=2276"},{"taxonomy":"product_tag","embeddable":true,"href":"https:\/\/tectickets.es\/zh\/wp-json\/wp\/v2\/product_tag?post=2276"},{"taxonomy":"tipo-de-experiencia","embeddable":true,"href":"https:\/\/tectickets.es\/zh\/wp-json\/wp\/v2\/tipo-de-experiencia?post=2276"}],"curies":[{"name":"wp","href":"https:\/\/api.w.org\/{rel}","templated":true}]}}