{"id":2793,"date":"2023-12-05T13:04:48","date_gmt":"2023-12-05T13:04:48","guid":{"rendered":"https:\/\/tectickets.es\/?post_type=product&#038;p=2793"},"modified":"2025-10-21T09:22:51","modified_gmt":"2025-10-21T09:22:51","slug":"museo-de-cera-de-barcelona","status":"publish","type":"product","link":"https:\/\/tectickets.es\/zh\/product\/museo-de-cera-de-barcelona\/","title":{"rendered":"Museo de Cera de Barcelona: Una experiencia \u00fanica para toda la familia"},"content":{"rendered":"<h3>Un Paseo por la Historia y el Arte<\/h3>\n<p>Explora los diferentes aspectos del <a href=\"https:\/\/tickets.museocerabcn.com\/es\/564\/3245?aff=tecticketsmcb&amp;utm_medium=afiliados&amp;utm_campaign=Afiliados&amp;utm_source=tectickets.es\">Museo de Cera<\/a> mientras te maravillas con la arquitectura ecl\u00e9ctica del edificio. Desde sus escaleras ochocentistas hasta el Sal\u00f3 del Tinell neog\u00f3tico, cada rinc\u00f3n es una obra maestra. Conoce la conexi\u00f3n con el proyecto Raval Cultural y su oferta de m\u00e1s de trescientas experiencias culturales.<\/p>\n<h3>El Bosc de les Fades y el Passatge del Temps<\/h3>\n<p>Sum\u00e9rgete en la magia del Passatge del Temps, dedicado al arte del origami, y descubre El Bosc de les Fades, un espacio lleno de criaturas m\u00e1gicas en un bosque encantado. Una experiencia que va m\u00e1s all\u00e1 de las figuras de cera.<\/p>\n<h3>Historia del Edificio<\/h3>\n<p>Viaja en el tiempo al siglo XIX, cuando el edificio fue construido por la Compa\u00f1\u00eda General de Cr\u00e9dito \u00abEl comercio\u00bb. Conoce las transformaciones que sufri\u00f3, desde la adici\u00f3n de un piso por Pablo Sad\u00f3 P\u00e9rez hasta su conversi\u00f3n en un <a href=\"https:\/\/tectickets.es\/zh\/product\/dalis-figueres-girona-tour\/\"  data-wpil-monitor-id=\"56\">museo<\/a> de cera en 1973, gracias a la visi\u00f3n de Enrique Alarc\u00f3n.<\/p>\n<h3>El Nuevo Museo de Cera de Barcelona<\/h3>\n<p>Descubre la renovaci\u00f3n total del <a href=\"https:\/\/tickets.museocerabcn.com\/es\/564\/3245?aff=tecticketsmcb&amp;utm_medium=afiliados&amp;utm_campaign=Afiliados&amp;utm_source=tectickets.es\">museo<\/a> en 2020, inaugurando un espacio inmersivo con tecnolog\u00eda de vanguardia. Una fusi\u00f3n de lo cl\u00e1sico y lo moderno para ofrecer una <a href=\"https:\/\/tectickets.es\/zh\/experiencias-unicas-en-espana\/\">experiencia \u00fanica<\/a>.<\/p>","protected":false},"excerpt":{"rendered":"<ul>\n<li><strong>Figuras \u00danicas<\/strong>: M\u00e1s de 150 figuras y 28 escenarios te esperan.<\/li>\n<li><strong>Selfies Inolvidables<\/strong>: Espacios \u00abselfie-friendly\u00bb dise\u00f1ados para compartir tus recuerdos.<\/li>\n<li><strong>Sal\u00f3n de la Fama<\/strong>: Interact\u00faa con <a href=\"https:\/\/tectickets.es\/zh\/magazine\/el-deporte-del-kayak\/\">deportistas y ad\u00e9ntrate en mundos<\/a> como Star Wars y La Casa de Papel.<\/li>\n<li><strong>Experiencia Inmersiva<\/strong>: Tecnolog\u00eda audiovisual, lum\u00ednica y digital para una vivencia \u00fanica.<\/li>\n<li><strong>Historia y Arte<\/strong>: <a href=\"https:\/\/tectickets.es\/zh\/magazine\/manzana-de-la-discordia-barcelona\/\">Explora la arquitectura<\/a> ecl\u00e9ctica del siglo XIX y la rica historia del edificio.<\/li>\n<li><strong>Pasaje del Tiempo<\/strong>: Sum\u00e9rgete en el arte del origami y en El Bosc de les Fades, un bosque m\u00e1gico. \u2728<\/li>\n<li><strong>Duraci\u00f3n<\/strong>: Un viaje inmersivo de 2 horas. \u23f0<\/li>\n<li><strong>Accesibilidad<\/strong>: Incluso para personas de movilidad reducida. \u267f<\/li>\n<\/ul>","protected":false},"featured_media":2799,"comment_status":"open","ping_status":"closed","template":"","meta":[],"product_brand":[],"product_cat":[270],"product_tag":[],"tipo-de-experiencia":[54],"class_list":{"0":"post-2793","1":"product","2":"type-product","3":"status-publish","4":"has-post-thumbnail","6":"product_cat-museos","7":"tipo-de-experiencia-entradas","9":"first","10":"instock","11":"shipping-taxable","12":"product-type-external"},"yoast_head":"<!-- This site is optimized with the Yoast SEO Premium plugin v24.5 (Yoast SEO v27.5) - https:\/\/yoast.com\/product\/yoast-seo-premium-wordpress\/ -->\n<title>Museo de Cera de Barcelona: Una experiencia \u00fanica para toda la familia - TecTickets<\/title>\n<meta name=\"description\" content=\"\u00bfTe imaginas poder conocer a tus personajes favoritos de la historia, el cine, la m\u00fasica o el deporte? \u00a1Es posible en el Museo de Cera de Barcelona!\" \/>\n<meta name=\"robots\" content=\"index, follow, max-snippet:-1, max-image-preview:large, max-video-preview:-1\" \/>\n<link rel=\"canonical\" href=\"https:\/\/tectickets.es\/zh\/product\/museo-de-cera-de-barcelona\/\" \/>\n<meta property=\"og:locale\" content=\"zh_CN\" \/>\n<meta property=\"og:type\" content=\"article\" \/>\n<meta property=\"og:title\" content=\"Museo de Cera de Barcelona: Una experiencia \u00fanica para toda la familia\" \/>\n<meta property=\"og:description\" content=\"\u00bfTe imaginas poder conocer a tus personajes favoritos de la historia, el cine, la m\u00fasica o el deporte? \u00a1Es posible en el Museo de Cera de Barcelona!\" \/>\n<meta property=\"og:url\" content=\"https:\/\/tectickets.es\/zh\/product\/museo-de-cera-de-barcelona\/\" \/>\n<meta property=\"og:site_name\" content=\"TecTickets\" \/>\n<meta property=\"article:publisher\" content=\"https:\/\/www.instagram.com\/tectickets\/\" \/>\n<meta property=\"article:modified_time\" content=\"2025-10-21T09:22:51+00:00\" \/>\n<meta property=\"og:image\" content=\"https:\/\/tectickets.es\/wp-content\/uploads\/2023\/12\/the-beattles.png\" \/>\n\t<meta property=\"og:image:width\" content=\"1024\" \/>\n\t<meta property=\"og:image:height\" content=\"768\" \/>\n\t<meta property=\"og:image:type\" content=\"image\/png\" \/>\n<meta name=\"twitter:card\" content=\"summary_large_image\" \/>\n<meta name=\"twitter:site\" content=\"@tectickets\" \/>\n<meta name=\"twitter:label1\" content=\"Price\" \/>\n\t<meta name=\"twitter:data1\" content=\"22,00&nbsp;\u20ac\" \/>\n\t<meta name=\"twitter:label2\" content=\"Availability\" \/>\n\t<meta name=\"twitter:data2\" content=\"In stock\" \/>\n<script type=\"application\/ld+json\" class=\"yoast-schema-graph\">{\"@context\":\"https:\\\/\\\/schema.org\",\"@graph\":[{\"@type\":\"WebPage\",\"@id\":\"https:\\\/\\\/tectickets.es\\\/producto\\\/museo-de-cera-de-barcelona\\\/\",\"url\":\"https:\\\/\\\/tectickets.es\\\/producto\\\/museo-de-cera-de-barcelona\\\/\",\"name\":\"Museo de Cera de Barcelona: Una experiencia \u00fanica para toda la familia - TecTickets\",\"isPartOf\":{\"@id\":\"https:\\\/\\\/tectickets.es\\\/#website\"},\"primaryImageOfPage\":{\"@id\":\"https:\\\/\\\/tectickets.es\\\/producto\\\/museo-de-cera-de-barcelona\\\/#primaryimage\"},\"image\":{\"@id\":\"https:\\\/\\\/tectickets.es\\\/producto\\\/museo-de-cera-de-barcelona\\\/#primaryimage\"},\"thumbnailUrl\":\"https:\\\/\\\/tectickets.es\\\/wp-content\\\/uploads\\\/2023\\\/12\\\/the-beattles.png\",\"datePublished\":\"2023-12-05T13:04:48+00:00\",\"dateModified\":\"2025-10-21T09:22:51+00:00\",\"description\":\"\u00bfTe imaginas poder conocer a tus personajes favoritos de la historia, el cine, la m\u00fasica o el deporte? \u00a1Es posible en el Museo de Cera de Barcelona!\",\"breadcrumb\":{\"@id\":\"https:\\\/\\\/tectickets.es\\\/producto\\\/museo-de-cera-de-barcelona\\\/#breadcrumb\"},\"inLanguage\":\"zh-Hans\",\"potentialAction\":[{\"@type\":\"ReadAction\",\"target\":[\"https:\\\/\\\/tectickets.es\\\/producto\\\/museo-de-cera-de-barcelona\\\/\"]}]},{\"@type\":\"ImageObject\",\"inLanguage\":\"zh-Hans\",\"@id\":\"https:\\\/\\\/tectickets.es\\\/producto\\\/museo-de-cera-de-barcelona\\\/#primaryimage\",\"url\":\"https:\\\/\\\/tectickets.es\\\/wp-content\\\/uploads\\\/2023\\\/12\\\/the-beattles.png\",\"contentUrl\":\"https:\\\/\\\/tectickets.es\\\/wp-content\\\/uploads\\\/2023\\\/12\\\/the-beattles.png\",\"width\":1024,\"height\":768},{\"@type\":\"BreadcrumbList\",\"@id\":\"https:\\\/\\\/tectickets.es\\\/producto\\\/museo-de-cera-de-barcelona\\\/#breadcrumb\",\"itemListElement\":[{\"@type\":\"ListItem\",\"position\":1,\"name\":\"Portada\",\"item\":\"https:\\\/\\\/tectickets.es\\\/\"},{\"@type\":\"ListItem\",\"position\":2,\"name\":\"Tienda\",\"item\":\"https:\\\/\\\/tectickets.es\\\/tienda\\\/\"},{\"@type\":\"ListItem\",\"position\":3,\"name\":\"Museo de Cera de Barcelona: Una experiencia \u00fanica para toda la familia\"}]},{\"@type\":\"WebSite\",\"@id\":\"https:\\\/\\\/tectickets.es\\\/#website\",\"url\":\"https:\\\/\\\/tectickets.es\\\/\",\"name\":\"TecTickets\",\"description\":\"\u00a1Explora el universo del turismo, eventos y cultura con solo un clic!\",\"publisher\":{\"@id\":\"https:\\\/\\\/tectickets.es\\\/#organization\"},\"potentialAction\":[{\"@type\":\"SearchAction\",\"target\":{\"@type\":\"EntryPoint\",\"urlTemplate\":\"https:\\\/\\\/tectickets.es\\\/?s={search_term_string}\"},\"query-input\":{\"@type\":\"PropertyValueSpecification\",\"valueRequired\":true,\"valueName\":\"search_term_string\"}}],\"inLanguage\":\"zh-Hans\"},{\"@type\":\"Organization\",\"@id\":\"https:\\\/\\\/tectickets.es\\\/#organization\",\"name\":\"el teu tiquet.sl\",\"url\":\"https:\\\/\\\/tectickets.es\\\/\",\"logo\":{\"@type\":\"ImageObject\",\"inLanguage\":\"zh-Hans\",\"@id\":\"https:\\\/\\\/tectickets.es\\\/#\\\/schema\\\/logo\\\/image\\\/\",\"url\":\"https:\\\/\\\/tectickets.es\\\/wp-content\\\/uploads\\\/2023\\\/06\\\/cropped-Agregar-un-titulo-800-\u00d7-600-px.png\",\"contentUrl\":\"https:\\\/\\\/tectickets.es\\\/wp-content\\\/uploads\\\/2023\\\/06\\\/cropped-Agregar-un-titulo-800-\u00d7-600-px.png\",\"width\":733,\"height\":334,\"caption\":\"el teu tiquet.sl\"},\"image\":{\"@id\":\"https:\\\/\\\/tectickets.es\\\/#\\\/schema\\\/logo\\\/image\\\/\"},\"sameAs\":[\"https:\\\/\\\/www.instagram.com\\\/tectickets\\\/\",\"https:\\\/\\\/x.com\\\/tectickets\",\"https:\\\/\\\/www.pinterest.es\\\/tectickets\\\/\",\"https:\\\/\\\/www.tiktok.com\\\/@tectickets\",\"https:\\\/\\\/www.youtube.com\\\/@TecTickets\"],\"publishingPrinciples\":\"https:\\\/\\\/tectickets.es\\\/reembolso_devoluciones\\\/\",\"ownershipFundingInfo\":\"https:\\\/\\\/tectickets.es\\\/contacto\\\/\",\"actionableFeedbackPolicy\":\"https:\\\/\\\/tectickets.es\\\/condiciones-generales\\\/\"}]}<\/script>\n<meta property=\"product:price:amount\" content=\"22.00\" \/>\n<meta property=\"product:price:currency\" content=\"EUR\" \/>\n<meta property=\"og:availability\" content=\"instock\" \/>\n<meta property=\"product:availability\" content=\"instock\" \/>\n<meta property=\"product:condition\" content=\"new\" \/>\n<!-- \/ Yoast SEO Premium plugin. -->","yoast_head_json":{"title":"Museo de Cera de Barcelona: Una experiencia \u00fanica para toda la familia - TecTickets","description":"\u00bfTe imaginas poder conocer a tus personajes favoritos de la historia, el cine, la m\u00fasica o el deporte? \u00a1Es posible en el Museo de Cera de Barcelona!","robots":{"index":"index","follow":"follow","max-snippet":"max-snippet:-1","max-image-preview":"max-image-preview:large","max-video-preview":"max-video-preview:-1"},"canonical":"https:\/\/tectickets.es\/zh\/product\/museo-de-cera-de-barcelona\/","og_locale":"zh_CN","og_type":"article","og_title":"Museo de Cera de Barcelona: Una experiencia \u00fanica para toda la familia","og_description":"\u00bfTe imaginas poder conocer a tus personajes favoritos de la historia, el cine, la m\u00fasica o el deporte? \u00a1Es posible en el Museo de Cera de Barcelona!","og_url":"https:\/\/tectickets.es\/zh\/product\/museo-de-cera-de-barcelona\/","og_site_name":"TecTickets","article_publisher":"https:\/\/www.instagram.com\/tectickets\/","article_modified_time":"2025-10-21T09:22:51+00:00","og_image":[{"width":1024,"height":768,"url":"https:\/\/tectickets.es\/wp-content\/uploads\/2023\/12\/the-beattles.png","type":"image\/png"}],"twitter_card":"summary_large_image","twitter_site":"@tectickets","twitter_misc":{"Price":"22,00&nbsp;\u20ac","Availability":"In stock"},"schema":{"@context":"https:\/\/schema.org","@graph":[{"@type":"WebPage","@id":"https:\/\/tectickets.es\/producto\/museo-de-cera-de-barcelona\/","url":"https:\/\/tectickets.es\/producto\/museo-de-cera-de-barcelona\/","name":"Museo de Cera de Barcelona: Una experiencia \u00fanica para toda la familia - TecTickets","isPartOf":{"@id":"https:\/\/tectickets.es\/#website"},"primaryImageOfPage":{"@id":"https:\/\/tectickets.es\/producto\/museo-de-cera-de-barcelona\/#primaryimage"},"image":{"@id":"https:\/\/tectickets.es\/producto\/museo-de-cera-de-barcelona\/#primaryimage"},"thumbnailUrl":"https:\/\/tectickets.es\/wp-content\/uploads\/2023\/12\/the-beattles.png","datePublished":"2023-12-05T13:04:48+00:00","dateModified":"2025-10-21T09:22:51+00:00","description":"\u00bfTe imaginas poder conocer a tus personajes favoritos de la historia, el cine, la m\u00fasica o el deporte? \u00a1Es posible en el Museo de Cera de Barcelona!","breadcrumb":{"@id":"https:\/\/tectickets.es\/producto\/museo-de-cera-de-barcelona\/#breadcrumb"},"inLanguage":"zh-Hans","potentialAction":[{"@type":"ReadAction","target":["https:\/\/tectickets.es\/producto\/museo-de-cera-de-barcelona\/"]}]},{"@type":"ImageObject","inLanguage":"zh-Hans","@id":"https:\/\/tectickets.es\/producto\/museo-de-cera-de-barcelona\/#primaryimage","url":"https:\/\/tectickets.es\/wp-content\/uploads\/2023\/12\/the-beattles.png","contentUrl":"https:\/\/tectickets.es\/wp-content\/uploads\/2023\/12\/the-beattles.png","width":1024,"height":768},{"@type":"BreadcrumbList","@id":"https:\/\/tectickets.es\/producto\/museo-de-cera-de-barcelona\/#breadcrumb","itemListElement":[{"@type":"ListItem","position":1,"name":"Portada","item":"https:\/\/tectickets.es\/"},{"@type":"ListItem","position":2,"name":"Tienda","item":"https:\/\/tectickets.es\/tienda\/"},{"@type":"ListItem","position":3,"name":"Museo de Cera de Barcelona: Una experiencia \u00fanica para toda la familia"}]},{"@type":"WebSite","@id":"https:\/\/tectickets.es\/#website","url":"https:\/\/tectickets.es\/","name":"TecTickets","description":"\u00a1Explora el universo del turismo, eventos y cultura con solo un clic!","publisher":{"@id":"https:\/\/tectickets.es\/#organization"},"potentialAction":[{"@type":"SearchAction","target":{"@type":"EntryPoint","urlTemplate":"https:\/\/tectickets.es\/?s={search_term_string}"},"query-input":{"@type":"PropertyValueSpecification","valueRequired":true,"valueName":"search_term_string"}}],"inLanguage":"zh-Hans"},{"@type":"Organization","@id":"https:\/\/tectickets.es\/#organization","name":"el teu tiquet.sl","url":"https:\/\/tectickets.es\/","logo":{"@type":"ImageObject","inLanguage":"zh-Hans","@id":"https:\/\/tectickets.es\/#\/schema\/logo\/image\/","url":"https:\/\/tectickets.es\/wp-content\/uploads\/2023\/06\/cropped-Agregar-un-titulo-800-\u00d7-600-px.png","contentUrl":"https:\/\/tectickets.es\/wp-content\/uploads\/2023\/06\/cropped-Agregar-un-titulo-800-\u00d7-600-px.png","width":733,"height":334,"caption":"el teu tiquet.sl"},"image":{"@id":"https:\/\/tectickets.es\/#\/schema\/logo\/image\/"},"sameAs":["https:\/\/www.instagram.com\/tectickets\/","https:\/\/x.com\/tectickets","https:\/\/www.pinterest.es\/tectickets\/","https:\/\/www.tiktok.com\/@tectickets","https:\/\/www.youtube.com\/@TecTickets"],"publishingPrinciples":"https:\/\/tectickets.es\/reembolso_devoluciones\/","ownershipFundingInfo":"https:\/\/tectickets.es\/contacto\/","actionableFeedbackPolicy":"https:\/\/tectickets.es\/condiciones-generales\/"}]},"product_price_amount":"22.00","product_price_currency":"EUR","og_availability":"instock","product_availability":"instock","product_condition":"new"},"_links":{"self":[{"href":"https:\/\/tectickets.es\/zh\/wp-json\/wp\/v2\/product\/2793","targetHints":{"allow":["GET"]}}],"collection":[{"href":"https:\/\/tectickets.es\/zh\/wp-json\/wp\/v2\/product"}],"about":[{"href":"https:\/\/tectickets.es\/zh\/wp-json\/wp\/v2\/types\/product"}],"replies":[{"embeddable":true,"href":"https:\/\/tectickets.es\/zh\/wp-json\/wp\/v2\/comments?post=2793"}],"version-history":[{"count":2,"href":"https:\/\/tectickets.es\/zh\/wp-json\/wp\/v2\/product\/2793\/revisions"}],"predecessor-version":[{"id":7510,"href":"https:\/\/tectickets.es\/zh\/wp-json\/wp\/v2\/product\/2793\/revisions\/7510"}],"wp:featuredmedia":[{"embeddable":true,"href":"https:\/\/tectickets.es\/zh\/wp-json\/wp\/v2\/media\/2799"}],"wp:attachment":[{"href":"https:\/\/tectickets.es\/zh\/wp-json\/wp\/v2\/media?parent=2793"}],"wp:term":[{"taxonomy":"product_brand","embeddable":true,"href":"https:\/\/tectickets.es\/zh\/wp-json\/wp\/v2\/product_brand?post=2793"},{"taxonomy":"product_cat","embeddable":true,"href":"https:\/\/tectickets.es\/zh\/wp-json\/wp\/v2\/product_cat?post=2793"},{"taxonomy":"product_tag","embeddable":true,"href":"https:\/\/tectickets.es\/zh\/wp-json\/wp\/v2\/product_tag?post=2793"},{"taxonomy":"tipo-de-experiencia","embeddable":true,"href":"https:\/\/tectickets.es\/zh\/wp-json\/wp\/v2\/tipo-de-experiencia?post=2793"}],"curies":[{"name":"wp","href":"https:\/\/api.w.org\/{rel}","templated":true}]}}