{"id":4939,"date":"2024-04-04T07:43:34","date_gmt":"2024-04-04T07:43:34","guid":{"rendered":"https:\/\/tectickets.es\/?post_type=product&#038;p=4939"},"modified":"2025-10-17T13:55:29","modified_gmt":"2025-10-17T13:55:29","slug":"vuelo-en-globo-estandar-minimo-5-personas","status":"publish","type":"product","link":"https:\/\/tectickets.es\/zh\/product\/vuelo-en-globo-estandar-minimo-5-personas\/","title":{"rendered":"Vuelo en Globo Est\u00e1ndar (compartido) m\u00ednimo 5 personas"},"content":{"rendered":"<h2><strong>El Encanto de Elevarse en Globo<\/strong><\/h2>\n<p><strong>\u00bfEst\u00e1s buscando una experiencia inolvidable para regalar o compartir con tus seres queridos?<\/strong><\/p>\n<p>Sum\u00e9rgete en una aventura \u00fanica con un emocionante vuelo en globo sobre el hermoso <strong>Empord\u00e0 en Girona, de un m\u00ednimo de 5 personas<\/strong>. Nuestros vuelos en globo ofrecen una experiencia inolvidable a precios asequibles, permiti\u00e9ndote descubrir la majestuosidad del paisaje catal\u00e1n desde una perspectiva completamente nueva. Imagina elevarse suavemente sobre la tierra mientras el horizonte se despliega ante ti en todas direcciones.<\/p>\n<h3><strong>Una Vista Privilegiada<\/strong><\/h3>\n<p>Durante tu <a href=\"https:\/\/tectickets.es\/zh\/product\/vuelo-aeroestatico-girona-figueres\/\">vuelo en globo<\/a>, ser\u00e1s testigo de vistas espectaculares desde alturas que oscilan entre <strong>500 y 1.200 metros<\/strong> sobre el nivel del mar. Desde las impresionantes <strong>Islas Medes<\/strong> hasta el ic\u00f3nico <strong>Cabo de Creu<\/strong>s, pasando por el serpenteante <strong>r\u00edo Ter<\/strong> y los pintorescos golfos de <strong>Roses y Pals<\/strong>, cada momento en el aire te dejar\u00e1 maravillado por la belleza del Empord\u00e0.<\/p>\n<h3><strong>Un Aterrizaje con desayuno<\/strong><\/h3>\n<p>Despu\u00e9s de aterrizar, el equipo de Globus se encargar\u00e1 de todos los detalles finales, garantizando un regreso seguro. Para culminar esta <a href=\"https:\/\/tectickets.es\/zh\/experiencias-unicas-en-espana\/\">experiencia \u00fanica<\/a>, te invitamos a disfrutar de un delicioso almuerzo acompa\u00f1ado de las tradicionales <strong>cocas de almendras<\/strong> de la regi\u00f3n, seguido de un <strong>brindis con cava o zumo<\/strong> para celebrar este momento especial.<\/p>\n<h2><strong>Vuelo en Globo Compartido<\/strong><\/h2>\n<ul>\n<li><strong>Salida:<\/strong> Desde Colomers, entre las <strong>6:30 h y las 8:00 h.<\/strong><\/li>\n<li><strong>Punto de Encuentro:<\/strong> Parc del Ter, s\/n, 17144 Colomers, Girona.<\/li>\n<li><strong>Vistas Inolvidables:<\/strong> Disfruta del Ampurd\u00e1n desde alturas de <strong>500 a 1200 metros<\/strong>.<\/li>\n<li><strong>Destinos Destacados:<\/strong> Islas Medes, r\u00edo Ter, golfo de Rosas, golfo de Pals, cabo de Creus.<\/li>\n<li><strong>Post-Vuelo:<\/strong> Almuerzo con coca de almendras y cava o zumo.<\/li>\n<li><strong>Incluye:<\/strong> Vuelo de 60 minutos, foto im\u00e1n personalizada, grabaci\u00f3n GPS de tu trayecto, reportaje fotogr\u00e1fico profesional, cava(zumos para los ni\u00f1os) y cocas de almendras.<\/li>\n<li><strong>Ni\u00f1os a Partir de 5 A\u00f1os.<\/strong><\/li>\n<\/ul>\n<h2><strong>RESERVA<\/strong><\/h2>\n<p>Reserva tu <a href=\"https:\/\/tectickets.es\/zh\/product\/vuelo-en-globo-los-viernes\/\">vuelo en globo<\/a> ahora mismo seleccionando la fecha que mejor se adapte a tu agenda. Una vez recibido tu pedido, el equipo de <a href=\"https:\/\/tectickets.es\/zh\/\">Tectickets<\/a> confirmar\u00e1 tu reserva y recibir\u00e1s la confirmaci\u00f3n por correo electr\u00f3nico y WhatsApp junto con el n\u00famero de ticket.<\/p>\n<p>No dejes pasar esta oportunidad de vivir una experiencia inolvidable de <a href=\"https:\/\/tectickets.es\/zh\/product\/vuelo-en-globo-de-6-8-personas\/\">vuelo en globo<\/a> a 1 hora y media de Barcelona.<\/p>\n<p><strong>\u00a1Te esperamos para hacer realidad tus <a href=\"https:\/\/tectickets.es\/zh\/listados\/obras-maestras-museo-dali\/\">sue\u00f1os de vuelo!<\/a><\/strong><\/p>","protected":false},"excerpt":{"rendered":"<ul>\n<li><a href=\"https:\/\/tectickets.es\/zh\/product\/vuelo-en-globo-familiar\/\">Vuelo en Globo<\/a>: Sobrevuela el Empord\u00e0 y sus maravillas.<\/li>\n<li>Foto im\u00e1n personalizada y reportaje fotogr\u00e1fico.<\/li>\n<li>Almuerzo con coca de almendras y copa de cava o zumo<\/li>\n<li>Descubre Desde las Alturas : Islas Medes, Cap de Creus y m\u00e1s.<\/li>\n<\/ul>","protected":false},"featured_media":4941,"comment_status":"open","ping_status":"closed","template":"","meta":[],"product_brand":[],"product_cat":[166,207,159],"product_tag":[],"tipo-de-experiencia":[],"class_list":{"0":"post-4939","1":"product","2":"type-product","3":"status-publish","4":"has-post-thumbnail","6":"product_cat-girona","7":"product_cat-parc-del-ter","8":"product_cat-tectickets","10":"first","11":"instock","12":"sale","13":"shipping-taxable","14":"product-type-external"},"yoast_head":"<!-- This site is optimized with the Yoast SEO Premium plugin v24.5 (Yoast SEO v27.5) - https:\/\/yoast.com\/product\/yoast-seo-premium-wordpress\/ -->\n<title>Vuelo en Globo Est\u00e1ndar (compartido) m\u00ednimo 5 personas - TecTickets<\/title>\n<meta name=\"description\" content=\"Descubre la magia del vuelo en globo sobre el Empord\u00e0 en Girona. Contempla vistas panor\u00e1micas desde 500 hasta 1.200 metros de altura. Tras el vuelo, celebra con un almuerzo de cocas de almendras y brindis con cava.\" \/>\n<meta name=\"robots\" content=\"index, follow, max-snippet:-1, max-image-preview:large, max-video-preview:-1\" \/>\n<link rel=\"canonical\" href=\"https:\/\/tectickets.es\/zh\/product\/vuelo-en-globo-estandar-minimo-5-personas\/\" \/>\n<meta property=\"og:locale\" content=\"zh_CN\" \/>\n<meta property=\"og:type\" content=\"article\" \/>\n<meta property=\"og:title\" content=\"Vuelo en Globo Est\u00e1ndar (compartido) m\u00ednimo 5 personas\" \/>\n<meta property=\"og:description\" content=\"Descubre la magia del vuelo en globo sobre el Empord\u00e0 en Girona. Contempla vistas panor\u00e1micas desde 500 hasta 1.200 metros de altura. Tras el vuelo, celebra con un almuerzo de cocas de almendras y brindis con cava.\" \/>\n<meta property=\"og:url\" content=\"https:\/\/tectickets.es\/zh\/product\/vuelo-en-globo-estandar-minimo-5-personas\/\" \/>\n<meta property=\"og:site_name\" content=\"TecTickets\" \/>\n<meta property=\"article:publisher\" content=\"https:\/\/www.instagram.com\/tectickets\/\" \/>\n<meta property=\"article:modified_time\" content=\"2025-10-17T13:55:29+00:00\" \/>\n<meta property=\"og:image\" content=\"https:\/\/tectickets.es\/wp-content\/uploads\/2024\/02\/3-2.jpg\" \/>\n\t<meta property=\"og:image:width\" content=\"1024\" \/>\n\t<meta property=\"og:image:height\" content=\"768\" \/>\n\t<meta property=\"og:image:type\" content=\"image\/jpeg\" \/>\n<meta name=\"twitter:card\" content=\"summary_large_image\" \/>\n<meta name=\"twitter:site\" content=\"@tectickets\" \/>\n<meta name=\"twitter:label1\" content=\"Price\" \/>\n\t<meta name=\"twitter:data1\" content=\"153,00&nbsp;\u20ac\" \/>\n\t<meta name=\"twitter:label2\" content=\"Availability\" \/>\n\t<meta name=\"twitter:data2\" content=\"In stock\" \/>\n<script type=\"application\/ld+json\" class=\"yoast-schema-graph\">{\"@context\":\"https:\\\/\\\/schema.org\",\"@graph\":[{\"@type\":\"WebPage\",\"@id\":\"https:\\\/\\\/tectickets.es\\\/producto\\\/vuelo-en-globo-estandar-minimo-5-personas\\\/\",\"url\":\"https:\\\/\\\/tectickets.es\\\/producto\\\/vuelo-en-globo-estandar-minimo-5-personas\\\/\",\"name\":\"Vuelo en Globo Est\u00e1ndar (compartido) m\u00ednimo 5 personas - TecTickets\",\"isPartOf\":{\"@id\":\"https:\\\/\\\/tectickets.es\\\/#website\"},\"primaryImageOfPage\":{\"@id\":\"https:\\\/\\\/tectickets.es\\\/producto\\\/vuelo-en-globo-estandar-minimo-5-personas\\\/#primaryimage\"},\"image\":{\"@id\":\"https:\\\/\\\/tectickets.es\\\/producto\\\/vuelo-en-globo-estandar-minimo-5-personas\\\/#primaryimage\"},\"thumbnailUrl\":\"https:\\\/\\\/tectickets.es\\\/wp-content\\\/uploads\\\/2024\\\/02\\\/3-2.jpg\",\"datePublished\":\"2024-04-04T07:43:34+00:00\",\"dateModified\":\"2025-10-17T13:55:29+00:00\",\"description\":\"Descubre la magia del vuelo en globo sobre el Empord\u00e0 en Girona. Contempla vistas panor\u00e1micas desde 500 hasta 1.200 metros de altura. Tras el vuelo, celebra con un almuerzo de cocas de almendras y brindis con cava.\",\"breadcrumb\":{\"@id\":\"https:\\\/\\\/tectickets.es\\\/producto\\\/vuelo-en-globo-estandar-minimo-5-personas\\\/#breadcrumb\"},\"inLanguage\":\"zh-Hans\",\"potentialAction\":[{\"@type\":\"ReadAction\",\"target\":[\"https:\\\/\\\/tectickets.es\\\/producto\\\/vuelo-en-globo-estandar-minimo-5-personas\\\/\"]}]},{\"@type\":\"ImageObject\",\"inLanguage\":\"zh-Hans\",\"@id\":\"https:\\\/\\\/tectickets.es\\\/producto\\\/vuelo-en-globo-estandar-minimo-5-personas\\\/#primaryimage\",\"url\":\"https:\\\/\\\/tectickets.es\\\/wp-content\\\/uploads\\\/2024\\\/02\\\/3-2.jpg\",\"contentUrl\":\"https:\\\/\\\/tectickets.es\\\/wp-content\\\/uploads\\\/2024\\\/02\\\/3-2.jpg\",\"width\":1024,\"height\":768,\"caption\":\"Vive una aventura inolvidable: vuelo en globo por el Empord\u00e0 con toda la familia, explorando las maravillas desde el cielo.\"},{\"@type\":\"BreadcrumbList\",\"@id\":\"https:\\\/\\\/tectickets.es\\\/producto\\\/vuelo-en-globo-estandar-minimo-5-personas\\\/#breadcrumb\",\"itemListElement\":[{\"@type\":\"ListItem\",\"position\":1,\"name\":\"Portada\",\"item\":\"https:\\\/\\\/tectickets.es\\\/\"},{\"@type\":\"ListItem\",\"position\":2,\"name\":\"Tienda\",\"item\":\"https:\\\/\\\/tectickets.es\\\/tienda\\\/\"},{\"@type\":\"ListItem\",\"position\":3,\"name\":\"Vuelo en Globo Est\u00e1ndar (compartido) m\u00ednimo 5 personas\"}]},{\"@type\":\"WebSite\",\"@id\":\"https:\\\/\\\/tectickets.es\\\/#website\",\"url\":\"https:\\\/\\\/tectickets.es\\\/\",\"name\":\"TecTickets\",\"description\":\"\u00a1Explora el universo del turismo, eventos y cultura con solo un clic!\",\"publisher\":{\"@id\":\"https:\\\/\\\/tectickets.es\\\/#organization\"},\"potentialAction\":[{\"@type\":\"SearchAction\",\"target\":{\"@type\":\"EntryPoint\",\"urlTemplate\":\"https:\\\/\\\/tectickets.es\\\/?s={search_term_string}\"},\"query-input\":{\"@type\":\"PropertyValueSpecification\",\"valueRequired\":true,\"valueName\":\"search_term_string\"}}],\"inLanguage\":\"zh-Hans\"},{\"@type\":\"Organization\",\"@id\":\"https:\\\/\\\/tectickets.es\\\/#organization\",\"name\":\"el teu tiquet.sl\",\"url\":\"https:\\\/\\\/tectickets.es\\\/\",\"logo\":{\"@type\":\"ImageObject\",\"inLanguage\":\"zh-Hans\",\"@id\":\"https:\\\/\\\/tectickets.es\\\/#\\\/schema\\\/logo\\\/image\\\/\",\"url\":\"https:\\\/\\\/tectickets.es\\\/wp-content\\\/uploads\\\/2023\\\/06\\\/cropped-Agregar-un-titulo-800-\u00d7-600-px.png\",\"contentUrl\":\"https:\\\/\\\/tectickets.es\\\/wp-content\\\/uploads\\\/2023\\\/06\\\/cropped-Agregar-un-titulo-800-\u00d7-600-px.png\",\"width\":733,\"height\":334,\"caption\":\"el teu tiquet.sl\"},\"image\":{\"@id\":\"https:\\\/\\\/tectickets.es\\\/#\\\/schema\\\/logo\\\/image\\\/\"},\"sameAs\":[\"https:\\\/\\\/www.instagram.com\\\/tectickets\\\/\",\"https:\\\/\\\/x.com\\\/tectickets\",\"https:\\\/\\\/www.pinterest.es\\\/tectickets\\\/\",\"https:\\\/\\\/www.tiktok.com\\\/@tectickets\",\"https:\\\/\\\/www.youtube.com\\\/@TecTickets\"],\"publishingPrinciples\":\"https:\\\/\\\/tectickets.es\\\/reembolso_devoluciones\\\/\",\"ownershipFundingInfo\":\"https:\\\/\\\/tectickets.es\\\/contacto\\\/\",\"actionableFeedbackPolicy\":\"https:\\\/\\\/tectickets.es\\\/condiciones-generales\\\/\"}]}<\/script>\n<meta property=\"product:price:amount\" content=\"153.00\" \/>\n<meta property=\"product:price:currency\" content=\"EUR\" \/>\n<meta property=\"og:availability\" content=\"instock\" \/>\n<meta property=\"product:availability\" content=\"instock\" \/>\n<meta property=\"product:condition\" content=\"new\" \/>\n<!-- \/ Yoast SEO Premium plugin. -->","yoast_head_json":{"title":"Vuelo en Globo Est\u00e1ndar (compartido) m\u00ednimo 5 personas - TecTickets","description":"Descubre la magia del vuelo en globo sobre el Empord\u00e0 en Girona. Contempla vistas panor\u00e1micas desde 500 hasta 1.200 metros de altura. Tras el vuelo, celebra con un almuerzo de cocas de almendras y brindis con cava.","robots":{"index":"index","follow":"follow","max-snippet":"max-snippet:-1","max-image-preview":"max-image-preview:large","max-video-preview":"max-video-preview:-1"},"canonical":"https:\/\/tectickets.es\/zh\/product\/vuelo-en-globo-estandar-minimo-5-personas\/","og_locale":"zh_CN","og_type":"article","og_title":"Vuelo en Globo Est\u00e1ndar (compartido) m\u00ednimo 5 personas","og_description":"Descubre la magia del vuelo en globo sobre el Empord\u00e0 en Girona. Contempla vistas panor\u00e1micas desde 500 hasta 1.200 metros de altura. Tras el vuelo, celebra con un almuerzo de cocas de almendras y brindis con cava.","og_url":"https:\/\/tectickets.es\/zh\/product\/vuelo-en-globo-estandar-minimo-5-personas\/","og_site_name":"TecTickets","article_publisher":"https:\/\/www.instagram.com\/tectickets\/","article_modified_time":"2025-10-17T13:55:29+00:00","og_image":[{"width":1024,"height":768,"url":"https:\/\/tectickets.es\/wp-content\/uploads\/2024\/02\/3-2.jpg","type":"image\/jpeg"}],"twitter_card":"summary_large_image","twitter_site":"@tectickets","twitter_misc":{"Price":"153,00&nbsp;\u20ac","Availability":"In stock"},"schema":{"@context":"https:\/\/schema.org","@graph":[{"@type":"WebPage","@id":"https:\/\/tectickets.es\/producto\/vuelo-en-globo-estandar-minimo-5-personas\/","url":"https:\/\/tectickets.es\/producto\/vuelo-en-globo-estandar-minimo-5-personas\/","name":"Vuelo en Globo Est\u00e1ndar (compartido) m\u00ednimo 5 personas - TecTickets","isPartOf":{"@id":"https:\/\/tectickets.es\/#website"},"primaryImageOfPage":{"@id":"https:\/\/tectickets.es\/producto\/vuelo-en-globo-estandar-minimo-5-personas\/#primaryimage"},"image":{"@id":"https:\/\/tectickets.es\/producto\/vuelo-en-globo-estandar-minimo-5-personas\/#primaryimage"},"thumbnailUrl":"https:\/\/tectickets.es\/wp-content\/uploads\/2024\/02\/3-2.jpg","datePublished":"2024-04-04T07:43:34+00:00","dateModified":"2025-10-17T13:55:29+00:00","description":"Descubre la magia del vuelo en globo sobre el Empord\u00e0 en Girona. Contempla vistas panor\u00e1micas desde 500 hasta 1.200 metros de altura. Tras el vuelo, celebra con un almuerzo de cocas de almendras y brindis con cava.","breadcrumb":{"@id":"https:\/\/tectickets.es\/producto\/vuelo-en-globo-estandar-minimo-5-personas\/#breadcrumb"},"inLanguage":"zh-Hans","potentialAction":[{"@type":"ReadAction","target":["https:\/\/tectickets.es\/producto\/vuelo-en-globo-estandar-minimo-5-personas\/"]}]},{"@type":"ImageObject","inLanguage":"zh-Hans","@id":"https:\/\/tectickets.es\/producto\/vuelo-en-globo-estandar-minimo-5-personas\/#primaryimage","url":"https:\/\/tectickets.es\/wp-content\/uploads\/2024\/02\/3-2.jpg","contentUrl":"https:\/\/tectickets.es\/wp-content\/uploads\/2024\/02\/3-2.jpg","width":1024,"height":768,"caption":"Vive una aventura inolvidable: vuelo en globo por el Empord\u00e0 con toda la familia, explorando las maravillas desde el cielo."},{"@type":"BreadcrumbList","@id":"https:\/\/tectickets.es\/producto\/vuelo-en-globo-estandar-minimo-5-personas\/#breadcrumb","itemListElement":[{"@type":"ListItem","position":1,"name":"Portada","item":"https:\/\/tectickets.es\/"},{"@type":"ListItem","position":2,"name":"Tienda","item":"https:\/\/tectickets.es\/tienda\/"},{"@type":"ListItem","position":3,"name":"Vuelo en Globo Est\u00e1ndar (compartido) m\u00ednimo 5 personas"}]},{"@type":"WebSite","@id":"https:\/\/tectickets.es\/#website","url":"https:\/\/tectickets.es\/","name":"TecTickets","description":"\u00a1Explora el universo del turismo, eventos y cultura con solo un clic!","publisher":{"@id":"https:\/\/tectickets.es\/#organization"},"potentialAction":[{"@type":"SearchAction","target":{"@type":"EntryPoint","urlTemplate":"https:\/\/tectickets.es\/?s={search_term_string}"},"query-input":{"@type":"PropertyValueSpecification","valueRequired":true,"valueName":"search_term_string"}}],"inLanguage":"zh-Hans"},{"@type":"Organization","@id":"https:\/\/tectickets.es\/#organization","name":"el teu tiquet.sl","url":"https:\/\/tectickets.es\/","logo":{"@type":"ImageObject","inLanguage":"zh-Hans","@id":"https:\/\/tectickets.es\/#\/schema\/logo\/image\/","url":"https:\/\/tectickets.es\/wp-content\/uploads\/2023\/06\/cropped-Agregar-un-titulo-800-\u00d7-600-px.png","contentUrl":"https:\/\/tectickets.es\/wp-content\/uploads\/2023\/06\/cropped-Agregar-un-titulo-800-\u00d7-600-px.png","width":733,"height":334,"caption":"el teu tiquet.sl"},"image":{"@id":"https:\/\/tectickets.es\/#\/schema\/logo\/image\/"},"sameAs":["https:\/\/www.instagram.com\/tectickets\/","https:\/\/x.com\/tectickets","https:\/\/www.pinterest.es\/tectickets\/","https:\/\/www.tiktok.com\/@tectickets","https:\/\/www.youtube.com\/@TecTickets"],"publishingPrinciples":"https:\/\/tectickets.es\/reembolso_devoluciones\/","ownershipFundingInfo":"https:\/\/tectickets.es\/contacto\/","actionableFeedbackPolicy":"https:\/\/tectickets.es\/condiciones-generales\/"}]},"product_price_amount":"153.00","product_price_currency":"EUR","og_availability":"instock","product_availability":"instock","product_condition":"new"},"_links":{"self":[{"href":"https:\/\/tectickets.es\/zh\/wp-json\/wp\/v2\/product\/4939","targetHints":{"allow":["GET"]}}],"collection":[{"href":"https:\/\/tectickets.es\/zh\/wp-json\/wp\/v2\/product"}],"about":[{"href":"https:\/\/tectickets.es\/zh\/wp-json\/wp\/v2\/types\/product"}],"replies":[{"embeddable":true,"href":"https:\/\/tectickets.es\/zh\/wp-json\/wp\/v2\/comments?post=4939"}],"version-history":[{"count":1,"href":"https:\/\/tectickets.es\/zh\/wp-json\/wp\/v2\/product\/4939\/revisions"}],"predecessor-version":[{"id":7400,"href":"https:\/\/tectickets.es\/zh\/wp-json\/wp\/v2\/product\/4939\/revisions\/7400"}],"wp:featuredmedia":[{"embeddable":true,"href":"https:\/\/tectickets.es\/zh\/wp-json\/wp\/v2\/media\/4941"}],"wp:attachment":[{"href":"https:\/\/tectickets.es\/zh\/wp-json\/wp\/v2\/media?parent=4939"}],"wp:term":[{"taxonomy":"product_brand","embeddable":true,"href":"https:\/\/tectickets.es\/zh\/wp-json\/wp\/v2\/product_brand?post=4939"},{"taxonomy":"product_cat","embeddable":true,"href":"https:\/\/tectickets.es\/zh\/wp-json\/wp\/v2\/product_cat?post=4939"},{"taxonomy":"product_tag","embeddable":true,"href":"https:\/\/tectickets.es\/zh\/wp-json\/wp\/v2\/product_tag?post=4939"},{"taxonomy":"tipo-de-experiencia","embeddable":true,"href":"https:\/\/tectickets.es\/zh\/wp-json\/wp\/v2\/tipo-de-experiencia?post=4939"}],"curies":[{"name":"wp","href":"https:\/\/api.w.org\/{rel}","templated":true}]}}