{"id":5372,"date":"2024-04-04T15:41:27","date_gmt":"2024-04-04T15:41:27","guid":{"rendered":"https:\/\/tectickets.es\/?post_type=product&#038;p=5372"},"modified":"2025-10-17T13:54:32","modified_gmt":"2025-10-17T13:54:32","slug":"vuelo-aeroestatico-girona-figueres","status":"publish","type":"product","link":"https:\/\/tectickets.es\/zh\/product\/vuelo-aeroestatico-girona-figueres\/","title":{"rendered":"Vuelo en Globo de Colomer a Figueras"},"content":{"rendered":"<h2>Una aventura en globo sobre los aires<\/h2>\n<p><em>Descubre la Belleza de Catalu\u00f1a desde las Alturasm de un emocionante globo aerost\u00e1tico en esta experiencia \u00fanica. <\/em>Servicio en el cual podr\u00e1s disfrutar <strong>en grupo de m\u00ednimo 6 personas<\/strong> de el espl\u00e9ndido paisaje del Ampurd\u00e1n, partiendo desde Colomer hasta llegar a Figueras.<\/p>\n<h3><strong>C\u00f3mo funciona el vuelo en globo<\/strong><\/h3>\n<p>Desde tempranas horas de la ma\u00f1ana, entre las <strong>6:30 h y las 8:00 h<\/strong>, nos reunimos en <strong>Vilatenim<\/strong> para iniciar esta aventura. Elev\u00e1ndonos entre 500 y 1200 metros sobre el suelo en globo, disfrutar\u00e1s de <a href=\"https:\/\/tectickets.es\/zh\/magazine\/avenida-tibidabo-barcelona\/\">vistas panor\u00e1micas<\/a> del Ampurd\u00e1n, desde las Islas Medas hasta el cabo de Creus, pasando por el r\u00edo Ter y los golfos de Rosas y Pals.<\/p>\n<p>Al aterrizar, te espera un reconfortante almuerzo con delicias locales como la coca de almendras y refrescantes brindis con cava para celebrar el vuelo y los recuerdos que crear\u00e1s.<\/p>\n<h3>\u00a1Siente la emoci\u00f3n en compa\u00f1\u00eda!<\/h3>\n<p>Este paquete est\u00e1 dise\u00f1ado para compartir la aventura con un <a href=\"https:\/\/tectickets.es\/zh\/product\/vuelo-en-globo-de-6-8-personas\/\">grupo m\u00e1ximo de 6 personas<\/a>.<\/p>\n<p><em>\u00bfTienes un grupo m\u00e1s grande o planeas incluir a los m\u00e1s peque\u00f1os en esta <a href=\"https:\/\/tectickets.es\/zh\/experiencias-unicas-en-espana\/\">experiencia \u00fanica<\/a>?<\/em> \u00a1No hay problema! Contacta directamente con el <a href=\"https:\/\/tectickets.es\/zh\/contacto\/\">proveedor<\/a> para solicitar un presupuesto personalizado y asegurarte de que todos puedan unirse a esta aventura inolvidable en globo sobre el Ampurd\u00e1n.<\/p>\n<h2><strong>Vuelo en Globo Compartido: Colomers a Figueras<\/strong><\/h2>\n<ul>\n<li><strong>Salida:<\/strong> Desde Colomers, entre las 6:30 h y las 8:00 h.<\/li>\n<li><strong>Punto de Encuentro:<\/strong> Parc del Ter, s\/n, 17144 Colomers, Girona.<\/li>\n<li><strong>Vistas Inolvidables:<\/strong> Disfruta del Ampurd\u00e1n desde alturas de 500 a 1200 metros.<\/li>\n<li><strong>Destinos Destacados:<\/strong> Islas Medes, r\u00edo Ter, golfo de Rosas, golfo de Pals, cabo de Creus.<\/li>\n<li><strong>Post-Vuelo:<\/strong> Almuerzo con coca de almendras y cava.<\/li>\n<li><strong>Incluye:<\/strong> Vuelo de 60 minutos, foto im\u00e1n personalizada, grabaci\u00f3n GPS de tu trayecto, reportaje fotogr\u00e1fico profesional, cava y cocas de almendras.<\/li>\n<li><strong>Ni\u00f1os a Partir de 5 A\u00f1os.<\/strong><\/li>\n<\/ul>","protected":false},"excerpt":{"rendered":"<ul>\n<li>\u00a1Vive la Emoci\u00f3n del Vuelo! Explora el Ampurd\u00e1n desde las alturas con un <a href=\"https:\/\/tectickets.es\/zh\/product\/vuelo-en-globo-estandar-minimo-5-personas\/\">vuelo en globo<\/a> desde Gerona a Figueras.<\/li>\n<li>Amanece con Aventura: Desde las 6:30 h hasta las 8:00 h, despega desde Colomer para contemplar las maravillas del Ampurd\u00e1n.<\/li>\n<li>Captura Cada Momento: Disfruta de un vuelo compartido de 60 minutos con fotos im\u00e1n personalizadas y un reportaje fotogr\u00e1fico completo.<\/li>\n<li>Brinda por la Aventura: Al aterrizar, celebra con un almuerzo tradicional de coca de almendras y brindis de cava.<\/li>\n<\/ul>","protected":false},"featured_media":5364,"comment_status":"open","ping_status":"closed","template":"","meta":[],"product_brand":[],"product_cat":[166,207],"product_tag":[],"tipo-de-experiencia":[66,53],"class_list":{"0":"post-5372","1":"product","2":"type-product","3":"status-publish","4":"has-post-thumbnail","6":"product_cat-girona","7":"product_cat-parc-del-ter","8":"tipo-de-experiencia-atracciones","9":"tipo-de-experiencia-tour-guiado","11":"first","12":"instock","13":"sale","14":"shipping-taxable","15":"product-type-external"},"yoast_head":"<!-- This site is optimized with the Yoast SEO Premium plugin v24.5 (Yoast SEO v27.5) - https:\/\/yoast.com\/product\/yoast-seo-premium-wordpress\/ -->\n<title>Vuelo en Globo de Colomer a Figueras - TecTickets<\/title>\n<meta name=\"description\" content=\"Elev\u00e1ndonos entre 500 y 1200 metros sobre el suelo, con vistas panor\u00e1micas impresionantes, desde las majestuosas Islas Medas hasta el cabo de Creus.\" \/>\n<meta name=\"robots\" content=\"index, follow, max-snippet:-1, max-image-preview:large, max-video-preview:-1\" \/>\n<link rel=\"canonical\" href=\"https:\/\/tectickets.es\/zh\/product\/vuelo-aeroestatico-girona-figueres\/\" \/>\n<meta property=\"og:locale\" content=\"zh_CN\" \/>\n<meta property=\"og:type\" content=\"article\" \/>\n<meta property=\"og:title\" content=\"Vuelo en Globo de Colomer a Figueras\" \/>\n<meta property=\"og:description\" content=\"Elev\u00e1ndonos entre 500 y 1200 metros sobre el suelo, con vistas panor\u00e1micas impresionantes, desde las majestuosas Islas Medas hasta el cabo de Creus.\" \/>\n<meta property=\"og:url\" content=\"https:\/\/tectickets.es\/zh\/product\/vuelo-aeroestatico-girona-figueres\/\" \/>\n<meta property=\"og:site_name\" content=\"TecTickets\" \/>\n<meta property=\"article:publisher\" content=\"https:\/\/www.instagram.com\/tectickets\/\" \/>\n<meta property=\"article:modified_time\" content=\"2025-10-17T13:54:32+00:00\" \/>\n<meta property=\"og:image\" content=\"https:\/\/tectickets.es\/wp-content\/uploads\/2024\/02\/5-2.jpg\" \/>\n\t<meta property=\"og:image:width\" content=\"1024\" \/>\n\t<meta property=\"og:image:height\" content=\"768\" \/>\n\t<meta property=\"og:image:type\" content=\"image\/jpeg\" \/>\n<meta name=\"twitter:card\" content=\"summary_large_image\" \/>\n<meta name=\"twitter:site\" content=\"@tectickets\" \/>\n<meta name=\"twitter:label1\" content=\"Price\" \/>\n\t<meta name=\"twitter:data1\" content=\"153,00&nbsp;\u20ac\" \/>\n\t<meta name=\"twitter:label2\" content=\"Availability\" \/>\n\t<meta name=\"twitter:data2\" content=\"In stock\" \/>\n<script type=\"application\/ld+json\" class=\"yoast-schema-graph\">{\"@context\":\"https:\\\/\\\/schema.org\",\"@graph\":[{\"@type\":\"WebPage\",\"@id\":\"https:\\\/\\\/tectickets.es\\\/producto\\\/vuelo-aeroestatico-girona-figueres\\\/\",\"url\":\"https:\\\/\\\/tectickets.es\\\/producto\\\/vuelo-aeroestatico-girona-figueres\\\/\",\"name\":\"Vuelo en Globo de Colomer a Figueras - TecTickets\",\"isPartOf\":{\"@id\":\"https:\\\/\\\/tectickets.es\\\/#website\"},\"primaryImageOfPage\":{\"@id\":\"https:\\\/\\\/tectickets.es\\\/producto\\\/vuelo-aeroestatico-girona-figueres\\\/#primaryimage\"},\"image\":{\"@id\":\"https:\\\/\\\/tectickets.es\\\/producto\\\/vuelo-aeroestatico-girona-figueres\\\/#primaryimage\"},\"thumbnailUrl\":\"https:\\\/\\\/tectickets.es\\\/wp-content\\\/uploads\\\/2024\\\/02\\\/5-2.jpg\",\"datePublished\":\"2024-04-04T15:41:27+00:00\",\"dateModified\":\"2025-10-17T13:54:32+00:00\",\"description\":\"Elev\u00e1ndonos entre 500 y 1200 metros sobre el suelo, con vistas panor\u00e1micas impresionantes, desde las majestuosas Islas Medas hasta el cabo de Creus.\",\"breadcrumb\":{\"@id\":\"https:\\\/\\\/tectickets.es\\\/producto\\\/vuelo-aeroestatico-girona-figueres\\\/#breadcrumb\"},\"inLanguage\":\"zh-Hans\",\"potentialAction\":[{\"@type\":\"ReadAction\",\"target\":[\"https:\\\/\\\/tectickets.es\\\/producto\\\/vuelo-aeroestatico-girona-figueres\\\/\"]}]},{\"@type\":\"ImageObject\",\"inLanguage\":\"zh-Hans\",\"@id\":\"https:\\\/\\\/tectickets.es\\\/producto\\\/vuelo-aeroestatico-girona-figueres\\\/#primaryimage\",\"url\":\"https:\\\/\\\/tectickets.es\\\/wp-content\\\/uploads\\\/2024\\\/02\\\/5-2.jpg\",\"contentUrl\":\"https:\\\/\\\/tectickets.es\\\/wp-content\\\/uploads\\\/2024\\\/02\\\/5-2.jpg\",\"width\":1024,\"height\":768,\"caption\":\"Emb\u00e1rcate en un emocionante vuelo en globo sobre el hermoso paisaje catal\u00e1n del Empord\u00e0. Disfruta de vistas panor\u00e1micas impresionantes mientras te elevas entre las nubes. Una experiencia inolvidable llena de aventura y belleza natural.\"},{\"@type\":\"BreadcrumbList\",\"@id\":\"https:\\\/\\\/tectickets.es\\\/producto\\\/vuelo-aeroestatico-girona-figueres\\\/#breadcrumb\",\"itemListElement\":[{\"@type\":\"ListItem\",\"position\":1,\"name\":\"Portada\",\"item\":\"https:\\\/\\\/tectickets.es\\\/\"},{\"@type\":\"ListItem\",\"position\":2,\"name\":\"Tienda\",\"item\":\"https:\\\/\\\/tectickets.es\\\/tienda\\\/\"},{\"@type\":\"ListItem\",\"position\":3,\"name\":\"Vuelo en Globo de Colomer a Figueras\"}]},{\"@type\":\"WebSite\",\"@id\":\"https:\\\/\\\/tectickets.es\\\/#website\",\"url\":\"https:\\\/\\\/tectickets.es\\\/\",\"name\":\"TecTickets\",\"description\":\"\u00a1Explora el universo del turismo, eventos y cultura con solo un clic!\",\"publisher\":{\"@id\":\"https:\\\/\\\/tectickets.es\\\/#organization\"},\"potentialAction\":[{\"@type\":\"SearchAction\",\"target\":{\"@type\":\"EntryPoint\",\"urlTemplate\":\"https:\\\/\\\/tectickets.es\\\/?s={search_term_string}\"},\"query-input\":{\"@type\":\"PropertyValueSpecification\",\"valueRequired\":true,\"valueName\":\"search_term_string\"}}],\"inLanguage\":\"zh-Hans\"},{\"@type\":\"Organization\",\"@id\":\"https:\\\/\\\/tectickets.es\\\/#organization\",\"name\":\"el teu tiquet.sl\",\"url\":\"https:\\\/\\\/tectickets.es\\\/\",\"logo\":{\"@type\":\"ImageObject\",\"inLanguage\":\"zh-Hans\",\"@id\":\"https:\\\/\\\/tectickets.es\\\/#\\\/schema\\\/logo\\\/image\\\/\",\"url\":\"https:\\\/\\\/tectickets.es\\\/wp-content\\\/uploads\\\/2023\\\/06\\\/cropped-Agregar-un-titulo-800-\u00d7-600-px.png\",\"contentUrl\":\"https:\\\/\\\/tectickets.es\\\/wp-content\\\/uploads\\\/2023\\\/06\\\/cropped-Agregar-un-titulo-800-\u00d7-600-px.png\",\"width\":733,\"height\":334,\"caption\":\"el teu tiquet.sl\"},\"image\":{\"@id\":\"https:\\\/\\\/tectickets.es\\\/#\\\/schema\\\/logo\\\/image\\\/\"},\"sameAs\":[\"https:\\\/\\\/www.instagram.com\\\/tectickets\\\/\",\"https:\\\/\\\/x.com\\\/tectickets\",\"https:\\\/\\\/www.pinterest.es\\\/tectickets\\\/\",\"https:\\\/\\\/www.tiktok.com\\\/@tectickets\",\"https:\\\/\\\/www.youtube.com\\\/@TecTickets\"],\"publishingPrinciples\":\"https:\\\/\\\/tectickets.es\\\/reembolso_devoluciones\\\/\",\"ownershipFundingInfo\":\"https:\\\/\\\/tectickets.es\\\/contacto\\\/\",\"actionableFeedbackPolicy\":\"https:\\\/\\\/tectickets.es\\\/condiciones-generales\\\/\"}]}<\/script>\n<meta property=\"product:price:amount\" content=\"153.00\" \/>\n<meta property=\"product:price:currency\" content=\"EUR\" \/>\n<meta property=\"og:availability\" content=\"instock\" \/>\n<meta property=\"product:availability\" content=\"instock\" \/>\n<meta property=\"product:condition\" content=\"new\" \/>\n<!-- \/ Yoast SEO Premium plugin. -->","yoast_head_json":{"title":"Vuelo en Globo de Colomer a Figueras - TecTickets","description":"Elev\u00e1ndonos entre 500 y 1200 metros sobre el suelo, con vistas panor\u00e1micas impresionantes, desde las majestuosas Islas Medas hasta el cabo de Creus.","robots":{"index":"index","follow":"follow","max-snippet":"max-snippet:-1","max-image-preview":"max-image-preview:large","max-video-preview":"max-video-preview:-1"},"canonical":"https:\/\/tectickets.es\/zh\/product\/vuelo-aeroestatico-girona-figueres\/","og_locale":"zh_CN","og_type":"article","og_title":"Vuelo en Globo de Colomer a Figueras","og_description":"Elev\u00e1ndonos entre 500 y 1200 metros sobre el suelo, con vistas panor\u00e1micas impresionantes, desde las majestuosas Islas Medas hasta el cabo de Creus.","og_url":"https:\/\/tectickets.es\/zh\/product\/vuelo-aeroestatico-girona-figueres\/","og_site_name":"TecTickets","article_publisher":"https:\/\/www.instagram.com\/tectickets\/","article_modified_time":"2025-10-17T13:54:32+00:00","og_image":[{"width":1024,"height":768,"url":"https:\/\/tectickets.es\/wp-content\/uploads\/2024\/02\/5-2.jpg","type":"image\/jpeg"}],"twitter_card":"summary_large_image","twitter_site":"@tectickets","twitter_misc":{"Price":"153,00&nbsp;\u20ac","Availability":"In stock"},"schema":{"@context":"https:\/\/schema.org","@graph":[{"@type":"WebPage","@id":"https:\/\/tectickets.es\/producto\/vuelo-aeroestatico-girona-figueres\/","url":"https:\/\/tectickets.es\/producto\/vuelo-aeroestatico-girona-figueres\/","name":"Vuelo en Globo de Colomer a Figueras - TecTickets","isPartOf":{"@id":"https:\/\/tectickets.es\/#website"},"primaryImageOfPage":{"@id":"https:\/\/tectickets.es\/producto\/vuelo-aeroestatico-girona-figueres\/#primaryimage"},"image":{"@id":"https:\/\/tectickets.es\/producto\/vuelo-aeroestatico-girona-figueres\/#primaryimage"},"thumbnailUrl":"https:\/\/tectickets.es\/wp-content\/uploads\/2024\/02\/5-2.jpg","datePublished":"2024-04-04T15:41:27+00:00","dateModified":"2025-10-17T13:54:32+00:00","description":"Elev\u00e1ndonos entre 500 y 1200 metros sobre el suelo, con vistas panor\u00e1micas impresionantes, desde las majestuosas Islas Medas hasta el cabo de Creus.","breadcrumb":{"@id":"https:\/\/tectickets.es\/producto\/vuelo-aeroestatico-girona-figueres\/#breadcrumb"},"inLanguage":"zh-Hans","potentialAction":[{"@type":"ReadAction","target":["https:\/\/tectickets.es\/producto\/vuelo-aeroestatico-girona-figueres\/"]}]},{"@type":"ImageObject","inLanguage":"zh-Hans","@id":"https:\/\/tectickets.es\/producto\/vuelo-aeroestatico-girona-figueres\/#primaryimage","url":"https:\/\/tectickets.es\/wp-content\/uploads\/2024\/02\/5-2.jpg","contentUrl":"https:\/\/tectickets.es\/wp-content\/uploads\/2024\/02\/5-2.jpg","width":1024,"height":768,"caption":"Emb\u00e1rcate en un emocionante vuelo en globo sobre el hermoso paisaje catal\u00e1n del Empord\u00e0. Disfruta de vistas panor\u00e1micas impresionantes mientras te elevas entre las nubes. Una experiencia inolvidable llena de aventura y belleza natural."},{"@type":"BreadcrumbList","@id":"https:\/\/tectickets.es\/producto\/vuelo-aeroestatico-girona-figueres\/#breadcrumb","itemListElement":[{"@type":"ListItem","position":1,"name":"Portada","item":"https:\/\/tectickets.es\/"},{"@type":"ListItem","position":2,"name":"Tienda","item":"https:\/\/tectickets.es\/tienda\/"},{"@type":"ListItem","position":3,"name":"Vuelo en Globo de Colomer a Figueras"}]},{"@type":"WebSite","@id":"https:\/\/tectickets.es\/#website","url":"https:\/\/tectickets.es\/","name":"TecTickets","description":"\u00a1Explora el universo del turismo, eventos y cultura con solo un clic!","publisher":{"@id":"https:\/\/tectickets.es\/#organization"},"potentialAction":[{"@type":"SearchAction","target":{"@type":"EntryPoint","urlTemplate":"https:\/\/tectickets.es\/?s={search_term_string}"},"query-input":{"@type":"PropertyValueSpecification","valueRequired":true,"valueName":"search_term_string"}}],"inLanguage":"zh-Hans"},{"@type":"Organization","@id":"https:\/\/tectickets.es\/#organization","name":"el teu tiquet.sl","url":"https:\/\/tectickets.es\/","logo":{"@type":"ImageObject","inLanguage":"zh-Hans","@id":"https:\/\/tectickets.es\/#\/schema\/logo\/image\/","url":"https:\/\/tectickets.es\/wp-content\/uploads\/2023\/06\/cropped-Agregar-un-titulo-800-\u00d7-600-px.png","contentUrl":"https:\/\/tectickets.es\/wp-content\/uploads\/2023\/06\/cropped-Agregar-un-titulo-800-\u00d7-600-px.png","width":733,"height":334,"caption":"el teu tiquet.sl"},"image":{"@id":"https:\/\/tectickets.es\/#\/schema\/logo\/image\/"},"sameAs":["https:\/\/www.instagram.com\/tectickets\/","https:\/\/x.com\/tectickets","https:\/\/www.pinterest.es\/tectickets\/","https:\/\/www.tiktok.com\/@tectickets","https:\/\/www.youtube.com\/@TecTickets"],"publishingPrinciples":"https:\/\/tectickets.es\/reembolso_devoluciones\/","ownershipFundingInfo":"https:\/\/tectickets.es\/contacto\/","actionableFeedbackPolicy":"https:\/\/tectickets.es\/condiciones-generales\/"}]},"product_price_amount":"153.00","product_price_currency":"EUR","og_availability":"instock","product_availability":"instock","product_condition":"new"},"_links":{"self":[{"href":"https:\/\/tectickets.es\/zh\/wp-json\/wp\/v2\/product\/5372","targetHints":{"allow":["GET"]}}],"collection":[{"href":"https:\/\/tectickets.es\/zh\/wp-json\/wp\/v2\/product"}],"about":[{"href":"https:\/\/tectickets.es\/zh\/wp-json\/wp\/v2\/types\/product"}],"replies":[{"embeddable":true,"href":"https:\/\/tectickets.es\/zh\/wp-json\/wp\/v2\/comments?post=5372"}],"version-history":[{"count":1,"href":"https:\/\/tectickets.es\/zh\/wp-json\/wp\/v2\/product\/5372\/revisions"}],"predecessor-version":[{"id":7399,"href":"https:\/\/tectickets.es\/zh\/wp-json\/wp\/v2\/product\/5372\/revisions\/7399"}],"wp:featuredmedia":[{"embeddable":true,"href":"https:\/\/tectickets.es\/zh\/wp-json\/wp\/v2\/media\/5364"}],"wp:attachment":[{"href":"https:\/\/tectickets.es\/zh\/wp-json\/wp\/v2\/media?parent=5372"}],"wp:term":[{"taxonomy":"product_brand","embeddable":true,"href":"https:\/\/tectickets.es\/zh\/wp-json\/wp\/v2\/product_brand?post=5372"},{"taxonomy":"product_cat","embeddable":true,"href":"https:\/\/tectickets.es\/zh\/wp-json\/wp\/v2\/product_cat?post=5372"},{"taxonomy":"product_tag","embeddable":true,"href":"https:\/\/tectickets.es\/zh\/wp-json\/wp\/v2\/product_tag?post=5372"},{"taxonomy":"tipo-de-experiencia","embeddable":true,"href":"https:\/\/tectickets.es\/zh\/wp-json\/wp\/v2\/tipo-de-experiencia?post=5372"}],"curies":[{"name":"wp","href":"https:\/\/api.w.org\/{rel}","templated":true}]}}