{"id":5443,"date":"2024-04-05T10:10:55","date_gmt":"2024-04-05T10:10:55","guid":{"rendered":"https:\/\/tectickets.es\/?post_type=product&#038;p=5443"},"modified":"2025-10-17T13:53:11","modified_gmt":"2025-10-17T13:53:11","slug":"vuelo-en-globo-familiar","status":"publish","type":"product","link":"https:\/\/tectickets.es\/zh\/product\/vuelo-en-globo-familiar\/","title":{"rendered":"Vuelo en Globo Familiar"},"content":{"rendered":"<h2>Disfruta del Ampurd\u00e1n desde las Alturas con tu Familia<\/h2>\n<p><em>\u00bfQuieres una experiencia inolvidable para compartir con tu familia? <\/em>\u00danete a nosotros en un emocionante vuelo en globo sobre el Ampurd\u00e1n.<\/p>\n<h4><strong>Una aventura \u00fanica con tu familia<\/strong><\/h4>\n<p>Descubre la belleza del Ampurd\u00e1n desde las alturas. Desde tempranas horas de la ma\u00f1ana, entre las <strong>6:30 h y las 8:00 h<\/strong>, nos reunimos en <b>Colomer <\/b>para iniciar esta aventura.\u00a0 Nuestro <a href=\"https:\/\/tectickets.es\/zh\/product\/vuelo-en-globo-estandar-minimo-5-personas\/\">vuelo en globo<\/a> familiar es perfecto para crear recuerdos duraderos con tus seres queridos. Desde la majestuosidad de las Islas Medas hasta el tranquilo r\u00edo Ter, disfrutar\u00e1s de <a href=\"https:\/\/tectickets.es\/zh\/magazine\/avenida-tibidabo-barcelona\/\">vistas panor\u00e1micas<\/a> del Ampurd\u00e1n.<\/p>\n<p>La actividad dura aproximadamente 60 minutos, sujeta a condiciones clim\u00e1ticas. Al aterrizar, disfrutar\u00e1s de un delicioso almuerzo con coca de almendras y zumos, acompa\u00f1ado de un brindis con cava para celebrar la experiencia.<\/p>\n<p>El precio del <a href=\"https:\/\/tectickets.es\/zh\/product\/aventura-romantica-viaje-globo-ampurdan\/\">viaje en globo<\/a> es por familia e incluye una foto im\u00e1n personalizada, grabaci\u00f3n del vuelo con GPS, reportaje fotogr\u00e1fico, cava, y coca de almendras.<\/p>\n<h4>Packs<\/h4>\n<ol>\n<li><strong><a href=\"https:\/\/tectickets.es\/zh\/product\/vuelo-aeroestatico-girona-figueres\/\">Vuelo en Globo<\/a> Familiar (2 Adultos y 1 Ni\u00f1o.)<\/strong><\/li>\n<\/ol>\n<ul data-sourcepos=\"13:1-18:0\">\n<li data-sourcepos=\"14:1-14:27\"><strong>Precio:<\/strong>\u00a0Irresistible.<\/li>\n<li data-sourcepos=\"15:1-15:37\"><strong>Duraci\u00f3n del vuelo:<\/strong>\u00a060 minutos.<\/li>\n<li data-sourcepos=\"17:1-18:0\"><strong>Validez del ticket:<\/strong>\u00a02 a\u00f1os.<\/li>\n<\/ul>\n<ol>\n<li><strong><a href=\"https:\/\/tectickets.es\/zh\/product\/vuelo-en-globo-estandar-minimo-5-personas\/\">Vuelo en Globo<\/a> Familiar (2 Adultos y 2 Ni\u00f1os)<\/strong><\/li>\n<\/ol>\n<ul data-sourcepos=\"21:1-26:0\">\n<li data-sourcepos=\"22:1-22:42\"><strong>Precio:<\/strong>\u00a0Excepcionalmente encantador.<\/li>\n<li data-sourcepos=\"22:1-22:42\"><strong>Duraci\u00f3n del vuelo:<\/strong>\u00a060 minutos.<\/li>\n<li data-sourcepos=\"22:1-22:42\"><strong>Validez del ticket:<\/strong>\u00a02 a\u00f1os.<\/li>\n<li data-sourcepos=\"22:1-22:42\"><\/li>\n<\/ul>\n<h2><strong>RESERVA<\/strong><\/h2>\n<p>Reserva tu <a href=\"https:\/\/tectickets.es\/zh\/product\/vuelo-en-globo-los-viernes\/\">vuelo en globo<\/a> ahora mismo seleccionando la fecha que mejor se adapte a tu agenda. Una vez recibido tu pedido, el equipo de <a href=\"https:\/\/tectickets.es\/zh\/\">Tectickets<\/a> confirmar\u00e1 tu reserva y recibir\u00e1s la confirmaci\u00f3n por correo electr\u00f3nico y WhatsApp junto con el n\u00famero de ticket.<\/p>\n<p>No dejes pasar esta oportunidad de vivir una experiencia inolvidable de <a href=\"https:\/\/tectickets.es\/zh\/product\/vuelo-en-globo-de-6-8-personas\/\">vuelo en globo<\/a> a 1 hora y media de Barcelona.<\/p>\n<p>&nbsp;<\/p>\n<p><em><strong>\u00a1\u00danete a nosotros y crea recuerdos inolvidables con tu <a href=\"https:\/\/tectickets.es\/zh\/magazine\/mirando-al-cielo-sagrada-familia\/\">familia en el cielo<\/a> del Ampurd\u00e1n!<\/strong><\/em><\/p>","protected":false},"excerpt":{"rendered":"<ul>\n<li>Contempla vistas panor\u00e1micas del Ampurd\u00e1n.<\/li>\n<li>\ufe0f Almuerzo con cava y coca de almendras.<\/li>\n<li>Incluye foto im\u00e1n personalizada y reportaje fotogr\u00e1fico.<\/li>\n<li>Vuelo de 60 minutos compartido, sujeto a condiciones clim\u00e1ticas.<\/li>\n<li>\ufe0f Seguro incluidos.<\/li>\n<\/ul>","protected":false},"featured_media":5488,"comment_status":"open","ping_status":"closed","template":"","meta":[],"product_brand":[],"product_cat":[166,207],"product_tag":[],"tipo-de-experiencia":[66,54,68],"class_list":{"0":"post-5443","1":"product","2":"type-product","3":"status-publish","4":"has-post-thumbnail","6":"product_cat-girona","7":"product_cat-parc-del-ter","8":"tipo-de-experiencia-atracciones","9":"tipo-de-experiencia-entradas","10":"tipo-de-experiencia-gastronomia","12":"first","13":"instock","14":"shipping-taxable","15":"product-type-external"},"yoast_head":"<!-- This site is optimized with the Yoast SEO Premium plugin v24.5 (Yoast SEO v27.5) - https:\/\/yoast.com\/product\/yoast-seo-premium-wordpress\/ -->\n<title>Vuelo en Globo Familiar - TecTickets<\/title>\n<meta name=\"description\" content=\"Experimenta las alturas del Ampurd\u00e1n con tu familia. \u00danete a nosotros para un inolvidable paseo en globo sobre paisajes impresionantes, complementado con un fest\u00edn despu\u00e9s del vuelo.\" \/>\n<meta name=\"robots\" content=\"index, follow, max-snippet:-1, max-image-preview:large, max-video-preview:-1\" \/>\n<link rel=\"canonical\" href=\"https:\/\/tectickets.es\/zh\/product\/vuelo-en-globo-familiar\/\" \/>\n<meta property=\"og:locale\" content=\"zh_CN\" \/>\n<meta property=\"og:type\" content=\"article\" \/>\n<meta property=\"og:title\" content=\"Vuelo en Globo Familiar\" \/>\n<meta property=\"og:description\" content=\"Experimenta las alturas del Ampurd\u00e1n con tu familia. \u00danete a nosotros para un inolvidable paseo en globo sobre paisajes impresionantes, complementado con un fest\u00edn despu\u00e9s del vuelo.\" \/>\n<meta property=\"og:url\" content=\"https:\/\/tectickets.es\/zh\/product\/vuelo-en-globo-familiar\/\" \/>\n<meta property=\"og:site_name\" content=\"TecTickets\" \/>\n<meta property=\"article:publisher\" content=\"https:\/\/www.instagram.com\/tectickets\/\" \/>\n<meta property=\"article:modified_time\" content=\"2025-10-17T13:53:11+00:00\" \/>\n<meta property=\"og:image\" content=\"https:\/\/tectickets.es\/wp-content\/uploads\/2024\/03\/3-1.jpg\" \/>\n\t<meta property=\"og:image:width\" content=\"1024\" \/>\n\t<meta property=\"og:image:height\" content=\"768\" \/>\n\t<meta property=\"og:image:type\" content=\"image\/jpeg\" \/>\n<meta name=\"twitter:card\" content=\"summary_large_image\" \/>\n<meta name=\"twitter:site\" content=\"@tectickets\" \/>\n<meta name=\"twitter:label1\" content=\"Price\" \/>\n\t<meta name=\"twitter:data1\" content=\"\" \/>\n\t<meta name=\"twitter:label2\" content=\"Availability\" \/>\n\t<meta name=\"twitter:data2\" content=\"In stock\" \/>\n<script type=\"application\/ld+json\" class=\"yoast-schema-graph\">{\"@context\":\"https:\\\/\\\/schema.org\",\"@graph\":[{\"@type\":\"WebPage\",\"@id\":\"https:\\\/\\\/tectickets.es\\\/producto\\\/vuelo-en-globo-familiar\\\/\",\"url\":\"https:\\\/\\\/tectickets.es\\\/producto\\\/vuelo-en-globo-familiar\\\/\",\"name\":\"Vuelo en Globo Familiar - TecTickets\",\"isPartOf\":{\"@id\":\"https:\\\/\\\/tectickets.es\\\/#website\"},\"primaryImageOfPage\":{\"@id\":\"https:\\\/\\\/tectickets.es\\\/producto\\\/vuelo-en-globo-familiar\\\/#primaryimage\"},\"image\":{\"@id\":\"https:\\\/\\\/tectickets.es\\\/producto\\\/vuelo-en-globo-familiar\\\/#primaryimage\"},\"thumbnailUrl\":\"https:\\\/\\\/tectickets.es\\\/wp-content\\\/uploads\\\/2024\\\/03\\\/3-1.jpg\",\"datePublished\":\"2024-04-05T10:10:55+00:00\",\"dateModified\":\"2025-10-17T13:53:11+00:00\",\"description\":\"Experimenta las alturas del Ampurd\u00e1n con tu familia. \u00danete a nosotros para un inolvidable paseo en globo sobre paisajes impresionantes, complementado con un fest\u00edn despu\u00e9s del vuelo.\",\"breadcrumb\":{\"@id\":\"https:\\\/\\\/tectickets.es\\\/producto\\\/vuelo-en-globo-familiar\\\/#breadcrumb\"},\"inLanguage\":\"zh-Hans\",\"potentialAction\":[{\"@type\":\"ReadAction\",\"target\":[\"https:\\\/\\\/tectickets.es\\\/producto\\\/vuelo-en-globo-familiar\\\/\"]}]},{\"@type\":\"ImageObject\",\"inLanguage\":\"zh-Hans\",\"@id\":\"https:\\\/\\\/tectickets.es\\\/producto\\\/vuelo-en-globo-familiar\\\/#primaryimage\",\"url\":\"https:\\\/\\\/tectickets.es\\\/wp-content\\\/uploads\\\/2024\\\/03\\\/3-1.jpg\",\"contentUrl\":\"https:\\\/\\\/tectickets.es\\\/wp-content\\\/uploads\\\/2024\\\/03\\\/3-1.jpg\",\"width\":1024,\"height\":768,\"caption\":\"Disfruta de momentos inolvidables en familia mientras exploras el cielo del Empord\u00e0 en un emocionante recorrido en globo aerost\u00e1tico.\"},{\"@type\":\"BreadcrumbList\",\"@id\":\"https:\\\/\\\/tectickets.es\\\/producto\\\/vuelo-en-globo-familiar\\\/#breadcrumb\",\"itemListElement\":[{\"@type\":\"ListItem\",\"position\":1,\"name\":\"Portada\",\"item\":\"https:\\\/\\\/tectickets.es\\\/\"},{\"@type\":\"ListItem\",\"position\":2,\"name\":\"Tienda\",\"item\":\"https:\\\/\\\/tectickets.es\\\/tienda\\\/\"},{\"@type\":\"ListItem\",\"position\":3,\"name\":\"Vuelo en Globo Familiar\"}]},{\"@type\":\"WebSite\",\"@id\":\"https:\\\/\\\/tectickets.es\\\/#website\",\"url\":\"https:\\\/\\\/tectickets.es\\\/\",\"name\":\"TecTickets\",\"description\":\"\u00a1Explora el universo del turismo, eventos y cultura con solo un clic!\",\"publisher\":{\"@id\":\"https:\\\/\\\/tectickets.es\\\/#organization\"},\"potentialAction\":[{\"@type\":\"SearchAction\",\"target\":{\"@type\":\"EntryPoint\",\"urlTemplate\":\"https:\\\/\\\/tectickets.es\\\/?s={search_term_string}\"},\"query-input\":{\"@type\":\"PropertyValueSpecification\",\"valueRequired\":true,\"valueName\":\"search_term_string\"}}],\"inLanguage\":\"zh-Hans\"},{\"@type\":\"Organization\",\"@id\":\"https:\\\/\\\/tectickets.es\\\/#organization\",\"name\":\"el teu tiquet.sl\",\"url\":\"https:\\\/\\\/tectickets.es\\\/\",\"logo\":{\"@type\":\"ImageObject\",\"inLanguage\":\"zh-Hans\",\"@id\":\"https:\\\/\\\/tectickets.es\\\/#\\\/schema\\\/logo\\\/image\\\/\",\"url\":\"https:\\\/\\\/tectickets.es\\\/wp-content\\\/uploads\\\/2023\\\/06\\\/cropped-Agregar-un-titulo-800-\u00d7-600-px.png\",\"contentUrl\":\"https:\\\/\\\/tectickets.es\\\/wp-content\\\/uploads\\\/2023\\\/06\\\/cropped-Agregar-un-titulo-800-\u00d7-600-px.png\",\"width\":733,\"height\":334,\"caption\":\"el teu tiquet.sl\"},\"image\":{\"@id\":\"https:\\\/\\\/tectickets.es\\\/#\\\/schema\\\/logo\\\/image\\\/\"},\"sameAs\":[\"https:\\\/\\\/www.instagram.com\\\/tectickets\\\/\",\"https:\\\/\\\/x.com\\\/tectickets\",\"https:\\\/\\\/www.pinterest.es\\\/tectickets\\\/\",\"https:\\\/\\\/www.tiktok.com\\\/@tectickets\",\"https:\\\/\\\/www.youtube.com\\\/@TecTickets\"],\"publishingPrinciples\":\"https:\\\/\\\/tectickets.es\\\/reembolso_devoluciones\\\/\",\"ownershipFundingInfo\":\"https:\\\/\\\/tectickets.es\\\/contacto\\\/\",\"actionableFeedbackPolicy\":\"https:\\\/\\\/tectickets.es\\\/condiciones-generales\\\/\"}]}<\/script>\n<meta property=\"product:price:currency\" content=\"EUR\" \/>\n<meta property=\"og:availability\" content=\"instock\" \/>\n<meta property=\"product:availability\" content=\"instock\" \/>\n<meta property=\"product:condition\" content=\"new\" \/>\n<!-- \/ Yoast SEO Premium plugin. -->","yoast_head_json":{"title":"Vuelo en Globo Familiar - TecTickets","description":"Experimenta las alturas del Ampurd\u00e1n con tu familia. \u00danete a nosotros para un inolvidable paseo en globo sobre paisajes impresionantes, complementado con un fest\u00edn despu\u00e9s del vuelo.","robots":{"index":"index","follow":"follow","max-snippet":"max-snippet:-1","max-image-preview":"max-image-preview:large","max-video-preview":"max-video-preview:-1"},"canonical":"https:\/\/tectickets.es\/zh\/product\/vuelo-en-globo-familiar\/","og_locale":"zh_CN","og_type":"article","og_title":"Vuelo en Globo Familiar","og_description":"Experimenta las alturas del Ampurd\u00e1n con tu familia. \u00danete a nosotros para un inolvidable paseo en globo sobre paisajes impresionantes, complementado con un fest\u00edn despu\u00e9s del vuelo.","og_url":"https:\/\/tectickets.es\/zh\/product\/vuelo-en-globo-familiar\/","og_site_name":"TecTickets","article_publisher":"https:\/\/www.instagram.com\/tectickets\/","article_modified_time":"2025-10-17T13:53:11+00:00","og_image":[{"width":1024,"height":768,"url":"https:\/\/tectickets.es\/wp-content\/uploads\/2024\/03\/3-1.jpg","type":"image\/jpeg"}],"twitter_card":"summary_large_image","twitter_site":"@tectickets","twitter_misc":{"Price":"","Availability":"In stock"},"schema":{"@context":"https:\/\/schema.org","@graph":[{"@type":"WebPage","@id":"https:\/\/tectickets.es\/producto\/vuelo-en-globo-familiar\/","url":"https:\/\/tectickets.es\/producto\/vuelo-en-globo-familiar\/","name":"Vuelo en Globo Familiar - TecTickets","isPartOf":{"@id":"https:\/\/tectickets.es\/#website"},"primaryImageOfPage":{"@id":"https:\/\/tectickets.es\/producto\/vuelo-en-globo-familiar\/#primaryimage"},"image":{"@id":"https:\/\/tectickets.es\/producto\/vuelo-en-globo-familiar\/#primaryimage"},"thumbnailUrl":"https:\/\/tectickets.es\/wp-content\/uploads\/2024\/03\/3-1.jpg","datePublished":"2024-04-05T10:10:55+00:00","dateModified":"2025-10-17T13:53:11+00:00","description":"Experimenta las alturas del Ampurd\u00e1n con tu familia. \u00danete a nosotros para un inolvidable paseo en globo sobre paisajes impresionantes, complementado con un fest\u00edn despu\u00e9s del vuelo.","breadcrumb":{"@id":"https:\/\/tectickets.es\/producto\/vuelo-en-globo-familiar\/#breadcrumb"},"inLanguage":"zh-Hans","potentialAction":[{"@type":"ReadAction","target":["https:\/\/tectickets.es\/producto\/vuelo-en-globo-familiar\/"]}]},{"@type":"ImageObject","inLanguage":"zh-Hans","@id":"https:\/\/tectickets.es\/producto\/vuelo-en-globo-familiar\/#primaryimage","url":"https:\/\/tectickets.es\/wp-content\/uploads\/2024\/03\/3-1.jpg","contentUrl":"https:\/\/tectickets.es\/wp-content\/uploads\/2024\/03\/3-1.jpg","width":1024,"height":768,"caption":"Disfruta de momentos inolvidables en familia mientras exploras el cielo del Empord\u00e0 en un emocionante recorrido en globo aerost\u00e1tico."},{"@type":"BreadcrumbList","@id":"https:\/\/tectickets.es\/producto\/vuelo-en-globo-familiar\/#breadcrumb","itemListElement":[{"@type":"ListItem","position":1,"name":"Portada","item":"https:\/\/tectickets.es\/"},{"@type":"ListItem","position":2,"name":"Tienda","item":"https:\/\/tectickets.es\/tienda\/"},{"@type":"ListItem","position":3,"name":"Vuelo en Globo Familiar"}]},{"@type":"WebSite","@id":"https:\/\/tectickets.es\/#website","url":"https:\/\/tectickets.es\/","name":"TecTickets","description":"\u00a1Explora el universo del turismo, eventos y cultura con solo un clic!","publisher":{"@id":"https:\/\/tectickets.es\/#organization"},"potentialAction":[{"@type":"SearchAction","target":{"@type":"EntryPoint","urlTemplate":"https:\/\/tectickets.es\/?s={search_term_string}"},"query-input":{"@type":"PropertyValueSpecification","valueRequired":true,"valueName":"search_term_string"}}],"inLanguage":"zh-Hans"},{"@type":"Organization","@id":"https:\/\/tectickets.es\/#organization","name":"el teu tiquet.sl","url":"https:\/\/tectickets.es\/","logo":{"@type":"ImageObject","inLanguage":"zh-Hans","@id":"https:\/\/tectickets.es\/#\/schema\/logo\/image\/","url":"https:\/\/tectickets.es\/wp-content\/uploads\/2023\/06\/cropped-Agregar-un-titulo-800-\u00d7-600-px.png","contentUrl":"https:\/\/tectickets.es\/wp-content\/uploads\/2023\/06\/cropped-Agregar-un-titulo-800-\u00d7-600-px.png","width":733,"height":334,"caption":"el teu tiquet.sl"},"image":{"@id":"https:\/\/tectickets.es\/#\/schema\/logo\/image\/"},"sameAs":["https:\/\/www.instagram.com\/tectickets\/","https:\/\/x.com\/tectickets","https:\/\/www.pinterest.es\/tectickets\/","https:\/\/www.tiktok.com\/@tectickets","https:\/\/www.youtube.com\/@TecTickets"],"publishingPrinciples":"https:\/\/tectickets.es\/reembolso_devoluciones\/","ownershipFundingInfo":"https:\/\/tectickets.es\/contacto\/","actionableFeedbackPolicy":"https:\/\/tectickets.es\/condiciones-generales\/"}]},"product_price_currency":"EUR","og_availability":"instock","product_availability":"instock","product_condition":"new"},"_links":{"self":[{"href":"https:\/\/tectickets.es\/zh\/wp-json\/wp\/v2\/product\/5443","targetHints":{"allow":["GET"]}}],"collection":[{"href":"https:\/\/tectickets.es\/zh\/wp-json\/wp\/v2\/product"}],"about":[{"href":"https:\/\/tectickets.es\/zh\/wp-json\/wp\/v2\/types\/product"}],"replies":[{"embeddable":true,"href":"https:\/\/tectickets.es\/zh\/wp-json\/wp\/v2\/comments?post=5443"}],"version-history":[{"count":1,"href":"https:\/\/tectickets.es\/zh\/wp-json\/wp\/v2\/product\/5443\/revisions"}],"predecessor-version":[{"id":7398,"href":"https:\/\/tectickets.es\/zh\/wp-json\/wp\/v2\/product\/5443\/revisions\/7398"}],"wp:featuredmedia":[{"embeddable":true,"href":"https:\/\/tectickets.es\/zh\/wp-json\/wp\/v2\/media\/5488"}],"wp:attachment":[{"href":"https:\/\/tectickets.es\/zh\/wp-json\/wp\/v2\/media?parent=5443"}],"wp:term":[{"taxonomy":"product_brand","embeddable":true,"href":"https:\/\/tectickets.es\/zh\/wp-json\/wp\/v2\/product_brand?post=5443"},{"taxonomy":"product_cat","embeddable":true,"href":"https:\/\/tectickets.es\/zh\/wp-json\/wp\/v2\/product_cat?post=5443"},{"taxonomy":"product_tag","embeddable":true,"href":"https:\/\/tectickets.es\/zh\/wp-json\/wp\/v2\/product_tag?post=5443"},{"taxonomy":"tipo-de-experiencia","embeddable":true,"href":"https:\/\/tectickets.es\/zh\/wp-json\/wp\/v2\/tipo-de-experiencia?post=5443"}],"curies":[{"name":"wp","href":"https:\/\/api.w.org\/{rel}","templated":true}]}}