{"id":5613,"date":"2024-03-08T16:20:28","date_gmt":"2024-03-08T16:20:28","guid":{"rendered":"https:\/\/tectickets.es\/?post_type=product&#038;p=5613"},"modified":"2025-10-17T14:11:54","modified_gmt":"2025-10-17T14:11:54","slug":"aventura-romantica-viaje-globo-ampurdan","status":"publish","type":"product","link":"https:\/\/tectickets.es\/zh\/product\/aventura-romantica-viaje-globo-ampurdan\/","title":{"rendered":"Vuelo en globo rom\u00e1ntico"},"content":{"rendered":"<h2 data-sourcepos=\"1:1-1:68\">Explora el Cielo Juntos y Celebra el Amor con Vistas Inolvidables<\/h2>\n<p data-sourcepos=\"3:1-3:46\">Viaje en Globo Rom\u00e1ntico sobre el Ampurd\u00e1n.<\/p>\n<p data-sourcepos=\"5:1-5:64\">Disfruta de una experiencia \u00fanica y rom\u00e1ntica con tu pareja.<\/p>\n<p data-sourcepos=\"7:1-7:92\">Vuela sobre paisajes impresionantes como las Islas Medas, el r\u00edo Ter y el cabo de Creus.<\/p>\n<h4 data-sourcepos=\"9:1-9:40\"><strong>Elige entre dos packs irresistibles:<\/strong><\/h4>\n<p data-sourcepos=\"11:1-11:42\"><strong><a href=\"https:\/\/tectickets.es\/zh\/product\/vuelo-en-globo-estandar-minimo-5-personas\/\">Vuelo en Globo<\/a> Rom\u00e1ntico Entre Semana:<\/strong><\/p>\n<ul data-sourcepos=\"13:1-18:0\">\n<li data-sourcepos=\"13:1-13:43\"><strong>D\u00edas disponibles:<\/strong>\u00a0De lunes a viernes.<\/li>\n<li data-sourcepos=\"14:1-14:27\"><strong>Precio:<\/strong>\u00a0Irresistible.<\/li>\n<li data-sourcepos=\"15:1-15:37\"><strong>Duraci\u00f3n del vuelo:<\/strong>\u00a060 minutos.<\/li>\n<li data-sourcepos=\"16:1-16:59\"><strong>Reserva:<\/strong>\u00a0Por tel\u00e9fono, correo electr\u00f3nico o WhatsApp.<\/li>\n<li data-sourcepos=\"17:1-18:0\"><strong>Validez del ticket:<\/strong>\u00a02 a\u00f1os.<\/li>\n<\/ul>\n<p data-sourcepos=\"19:1-19:43\"><strong><a href=\"https:\/\/tectickets.es\/zh\/product\/vuelo-aeroestatico-girona-figueres\/\">Vuelo en Globo<\/a> Rom\u00e1ntico Fin de Semana:<\/strong><\/p>\n<ul data-sourcepos=\"21:1-26:0\">\n<li data-sourcepos=\"21:1-21:43\"><strong>D\u00edas disponibles:<\/strong>\u00a0S\u00e1bados y domingos.<\/li>\n<li data-sourcepos=\"22:1-22:42\"><strong>Precio:<\/strong>\u00a0Excepcionalmente encantador.<\/li>\n<li data-sourcepos=\"23:1-23:37\"><strong>Duraci\u00f3n del vuelo:<\/strong>\u00a060 minutos.<\/li>\n<li data-sourcepos=\"24:1-24:37\"><strong>Reserva:<\/strong>\u00a0En nuestra p\u00e1gina web.<\/li>\n<li data-sourcepos=\"25:1-26:0\"><strong>Validez del ticket:<\/strong>\u00a02 a\u00f1os.<\/li>\n<\/ul>\n<p data-sourcepos=\"27:1-27:132\"><strong>No importa qu\u00e9 opci\u00f3n elijas, cada <a href=\"https:\/\/tectickets.es\/zh\/product\/vuelo-en-globo-los-viernes\/\">vuelo en globo<\/a> es una oportunidad \u00fanica para celebrar el amor y crear recuerdos inolvidables.<\/strong><\/p>\n<p data-sourcepos=\"29:1-29:94\"><strong>Reserva tu Viaje en Globo sobre el Ampurd\u00e1n hoy mismo y eleva tu romance a nuevas alturas.<\/strong><\/p>\n<p data-sourcepos=\"38:1-38:18\"><strong>\u00a1Te esperamos!<\/strong><\/p>","protected":false},"excerpt":{"rendered":"<div class=\"w-full text-token-text-primary\" data-testid=\"conversation-turn-3\">\n<div class=\"px-4 py-2 justify-center text-base md:gap-6 m-auto\">\n<div class=\"flex flex-1 text-base mx-auto gap-3 md:px-5 lg:px-1 xl:px-5 md:max-w-3xl lg:max-w-[40rem] xl:max-w-[48rem] group\">\n<div class=\"relative flex w-full flex-col agent-turn\">\n<div class=\"flex-col gap-1 md:gap-3\">\n<div class=\"flex flex-grow flex-col max-w-full\">\n<div class=\"min-h-[20px] text-message flex flex-col items-start gap-3 whitespace-pre-wrap break-words [.text-message+&amp;]:mt-5 overflow-x-auto\" data-message-author-role=\"assistant\" data-message-id=\"e6dbbd15-ce7b-4d8a-86bc-420781728bd9\">\n<div class=\"markdown prose w-full break-words dark:prose-invert dark\">\n<ul>\n<li><a href=\"https:\/\/tectickets.es\/producto\/vuelo-en-globo-de-6-8-personas\/\">Vuelo en globo<\/a> sobre el Ampurd\u00e1n durante 60 minutos.<\/li>\n<li>Foto im\u00e1n personalizada como recuerdo.<\/li>\n<li>Grabaci\u00f3n del <a href=\"https:\/\/tectickets.es\/producto\/vuelo-en-globo-familiar\/\">vuelo en globo<\/a> con GPS.<\/li>\n<li>Reportaje fotogr\u00e1fico para capturar momentos especiales.<\/li>\n<li>Brindis con cava y degustaci\u00f3n de coca de almendras.<\/li>\n<li>IVA y seguro incluidos.<\/li>\n<\/ul>\n<\/div>\n<\/div>\n<\/div>\n<div class=\"mt-1 flex justify-start gap-3 empty:hidden\">\n<div class=\"text-gray-400 flex self-end lg:self-center justify-center lg:justify-start mt-0 -ml-1 h-7 visible\"><\/div>\n<\/div>\n<div class=\"pr-2 lg:pr-0\"><\/div>\n<\/div>\n<div class=\"absolute\">\n<div class=\"flex w-full gap-2 items-center justify-center\"><\/div>\n<\/div>\n<\/div>\n<\/div>\n<\/div>\n<\/div>\n<div class=\"w-full text-token-text-primary\" data-testid=\"conversation-turn-4\">\n<div class=\"px-4 py-2 justify-center text-base md:gap-6 m-auto\">\n<div class=\"flex flex-1 text-base mx-auto gap-3 md:px-5 lg:px-1 xl:px-5 md:max-w-3xl lg:max-w-[40rem] xl:max-w-[48rem] group\">\n<div class=\"flex-shrink-0 flex flex-col relative items-end\">\n<div>\n<div class=\"pt-0.5\">\n<div class=\"gizmo-shadow-stroke flex h-6 w-6 items-center justify-center overflow-hidden rounded-full\"><\/div>\n<\/div>\n<\/div>\n<\/div>\n<\/div>\n<\/div>\n<\/div>\n","protected":false},"featured_media":5616,"comment_status":"open","ping_status":"closed","template":"","meta":[],"product_brand":[],"product_cat":[166,207,159],"product_tag":[],"tipo-de-experiencia":[66,54],"class_list":{"0":"post-5613","1":"product","2":"type-product","3":"status-publish","4":"has-post-thumbnail","6":"product_cat-girona","7":"product_cat-parc-del-ter","8":"product_cat-tectickets","9":"tipo-de-experiencia-atracciones","10":"tipo-de-experiencia-entradas","12":"first","13":"instock","14":"sale","15":"shipping-taxable","16":"product-type-external"},"yoast_head":"<!-- This site is optimized with the Yoast SEO Premium plugin v24.5 (Yoast SEO v27.5) - https:\/\/yoast.com\/product\/yoast-seo-premium-wordpress\/ -->\n<title>Vuelo en globo rom\u00e1ntico - TecTickets<\/title>\n<meta name=\"description\" content=\"Experimenta la magia del amor en las alturas con nuestro Viaje en Globo Rom\u00e1ntico sobre el Ampurd\u00e1ny disfruta de vistas panor\u00e1micas.\" \/>\n<meta name=\"robots\" content=\"index, follow, max-snippet:-1, max-image-preview:large, max-video-preview:-1\" \/>\n<link rel=\"canonical\" href=\"https:\/\/tectickets.es\/zh\/product\/aventura-romantica-viaje-globo-ampurdan\/\" \/>\n<meta property=\"og:locale\" content=\"zh_CN\" \/>\n<meta property=\"og:type\" content=\"article\" \/>\n<meta property=\"og:title\" content=\"Vuelo en globo rom\u00e1ntico\" \/>\n<meta property=\"og:description\" content=\"Experimenta la magia del amor en las alturas con nuestro Viaje en Globo Rom\u00e1ntico sobre el Ampurd\u00e1ny disfruta de vistas panor\u00e1micas.\" \/>\n<meta property=\"og:url\" content=\"https:\/\/tectickets.es\/zh\/product\/aventura-romantica-viaje-globo-ampurdan\/\" \/>\n<meta property=\"og:site_name\" content=\"TecTickets\" \/>\n<meta property=\"article:publisher\" content=\"https:\/\/www.instagram.com\/tectickets\/\" \/>\n<meta property=\"article:modified_time\" content=\"2025-10-17T14:11:54+00:00\" \/>\n<meta property=\"og:image\" content=\"https:\/\/tectickets.es\/wp-content\/uploads\/2024\/03\/2-4.jpg\" \/>\n\t<meta property=\"og:image:width\" content=\"1024\" \/>\n\t<meta property=\"og:image:height\" content=\"768\" \/>\n\t<meta property=\"og:image:type\" content=\"image\/jpeg\" \/>\n<meta name=\"twitter:card\" content=\"summary_large_image\" \/>\n<meta name=\"twitter:site\" content=\"@tectickets\" \/>\n<meta name=\"twitter:label1\" content=\"Price\" \/>\n\t<meta name=\"twitter:data1\" content=\"153,00&nbsp;\u20ac\" \/>\n\t<meta name=\"twitter:label2\" content=\"Availability\" \/>\n\t<meta name=\"twitter:data2\" content=\"In stock\" \/>\n<script type=\"application\/ld+json\" class=\"yoast-schema-graph\">{\"@context\":\"https:\\\/\\\/schema.org\",\"@graph\":[{\"@type\":\"WebPage\",\"@id\":\"https:\\\/\\\/tectickets.es\\\/producto\\\/aventura-romantica-viaje-globo-ampurdan\\\/\",\"url\":\"https:\\\/\\\/tectickets.es\\\/producto\\\/aventura-romantica-viaje-globo-ampurdan\\\/\",\"name\":\"Vuelo en globo rom\u00e1ntico - TecTickets\",\"isPartOf\":{\"@id\":\"https:\\\/\\\/tectickets.es\\\/#website\"},\"primaryImageOfPage\":{\"@id\":\"https:\\\/\\\/tectickets.es\\\/producto\\\/aventura-romantica-viaje-globo-ampurdan\\\/#primaryimage\"},\"image\":{\"@id\":\"https:\\\/\\\/tectickets.es\\\/producto\\\/aventura-romantica-viaje-globo-ampurdan\\\/#primaryimage\"},\"thumbnailUrl\":\"https:\\\/\\\/tectickets.es\\\/wp-content\\\/uploads\\\/2024\\\/03\\\/2-4.jpg\",\"datePublished\":\"2024-03-08T16:20:28+00:00\",\"dateModified\":\"2025-10-17T14:11:54+00:00\",\"description\":\"Experimenta la magia del amor en las alturas con nuestro Viaje en Globo Rom\u00e1ntico sobre el Ampurd\u00e1ny disfruta de vistas panor\u00e1micas.\",\"breadcrumb\":{\"@id\":\"https:\\\/\\\/tectickets.es\\\/producto\\\/aventura-romantica-viaje-globo-ampurdan\\\/#breadcrumb\"},\"inLanguage\":\"zh-Hans\",\"potentialAction\":[{\"@type\":\"ReadAction\",\"target\":[\"https:\\\/\\\/tectickets.es\\\/producto\\\/aventura-romantica-viaje-globo-ampurdan\\\/\"]}]},{\"@type\":\"ImageObject\",\"inLanguage\":\"zh-Hans\",\"@id\":\"https:\\\/\\\/tectickets.es\\\/producto\\\/aventura-romantica-viaje-globo-ampurdan\\\/#primaryimage\",\"url\":\"https:\\\/\\\/tectickets.es\\\/wp-content\\\/uploads\\\/2024\\\/03\\\/2-4.jpg\",\"contentUrl\":\"https:\\\/\\\/tectickets.es\\\/wp-content\\\/uploads\\\/2024\\\/03\\\/2-4.jpg\",\"width\":1024,\"height\":768,\"caption\":\"Disfruta de un Viaje en Globo sobre el Impresionante Paisaje del Ampurd\u00e1n\"},{\"@type\":\"BreadcrumbList\",\"@id\":\"https:\\\/\\\/tectickets.es\\\/producto\\\/aventura-romantica-viaje-globo-ampurdan\\\/#breadcrumb\",\"itemListElement\":[{\"@type\":\"ListItem\",\"position\":1,\"name\":\"Portada\",\"item\":\"https:\\\/\\\/tectickets.es\\\/\"},{\"@type\":\"ListItem\",\"position\":2,\"name\":\"Tienda\",\"item\":\"https:\\\/\\\/tectickets.es\\\/tienda\\\/\"},{\"@type\":\"ListItem\",\"position\":3,\"name\":\"Vuelo en globo rom\u00e1ntico\"}]},{\"@type\":\"WebSite\",\"@id\":\"https:\\\/\\\/tectickets.es\\\/#website\",\"url\":\"https:\\\/\\\/tectickets.es\\\/\",\"name\":\"TecTickets\",\"description\":\"\u00a1Explora el universo del turismo, eventos y cultura con solo un clic!\",\"publisher\":{\"@id\":\"https:\\\/\\\/tectickets.es\\\/#organization\"},\"potentialAction\":[{\"@type\":\"SearchAction\",\"target\":{\"@type\":\"EntryPoint\",\"urlTemplate\":\"https:\\\/\\\/tectickets.es\\\/?s={search_term_string}\"},\"query-input\":{\"@type\":\"PropertyValueSpecification\",\"valueRequired\":true,\"valueName\":\"search_term_string\"}}],\"inLanguage\":\"zh-Hans\"},{\"@type\":\"Organization\",\"@id\":\"https:\\\/\\\/tectickets.es\\\/#organization\",\"name\":\"el teu tiquet.sl\",\"url\":\"https:\\\/\\\/tectickets.es\\\/\",\"logo\":{\"@type\":\"ImageObject\",\"inLanguage\":\"zh-Hans\",\"@id\":\"https:\\\/\\\/tectickets.es\\\/#\\\/schema\\\/logo\\\/image\\\/\",\"url\":\"https:\\\/\\\/tectickets.es\\\/wp-content\\\/uploads\\\/2023\\\/06\\\/cropped-Agregar-un-titulo-800-\u00d7-600-px.png\",\"contentUrl\":\"https:\\\/\\\/tectickets.es\\\/wp-content\\\/uploads\\\/2023\\\/06\\\/cropped-Agregar-un-titulo-800-\u00d7-600-px.png\",\"width\":733,\"height\":334,\"caption\":\"el teu tiquet.sl\"},\"image\":{\"@id\":\"https:\\\/\\\/tectickets.es\\\/#\\\/schema\\\/logo\\\/image\\\/\"},\"sameAs\":[\"https:\\\/\\\/www.instagram.com\\\/tectickets\\\/\",\"https:\\\/\\\/x.com\\\/tectickets\",\"https:\\\/\\\/www.pinterest.es\\\/tectickets\\\/\",\"https:\\\/\\\/www.tiktok.com\\\/@tectickets\",\"https:\\\/\\\/www.youtube.com\\\/@TecTickets\"],\"publishingPrinciples\":\"https:\\\/\\\/tectickets.es\\\/reembolso_devoluciones\\\/\",\"ownershipFundingInfo\":\"https:\\\/\\\/tectickets.es\\\/contacto\\\/\",\"actionableFeedbackPolicy\":\"https:\\\/\\\/tectickets.es\\\/condiciones-generales\\\/\"}]}<\/script>\n<meta property=\"product:price:amount\" content=\"153.00\" \/>\n<meta property=\"product:price:currency\" content=\"EUR\" \/>\n<meta property=\"og:availability\" content=\"instock\" \/>\n<meta property=\"product:availability\" content=\"instock\" \/>\n<meta property=\"product:condition\" content=\"new\" \/>\n<!-- \/ Yoast SEO Premium plugin. -->","yoast_head_json":{"title":"Vuelo en globo rom\u00e1ntico - TecTickets","description":"Experimenta la magia del amor en las alturas con nuestro Viaje en Globo Rom\u00e1ntico sobre el Ampurd\u00e1ny disfruta de vistas panor\u00e1micas.","robots":{"index":"index","follow":"follow","max-snippet":"max-snippet:-1","max-image-preview":"max-image-preview:large","max-video-preview":"max-video-preview:-1"},"canonical":"https:\/\/tectickets.es\/zh\/product\/aventura-romantica-viaje-globo-ampurdan\/","og_locale":"zh_CN","og_type":"article","og_title":"Vuelo en globo rom\u00e1ntico","og_description":"Experimenta la magia del amor en las alturas con nuestro Viaje en Globo Rom\u00e1ntico sobre el Ampurd\u00e1ny disfruta de vistas panor\u00e1micas.","og_url":"https:\/\/tectickets.es\/zh\/product\/aventura-romantica-viaje-globo-ampurdan\/","og_site_name":"TecTickets","article_publisher":"https:\/\/www.instagram.com\/tectickets\/","article_modified_time":"2025-10-17T14:11:54+00:00","og_image":[{"width":1024,"height":768,"url":"https:\/\/tectickets.es\/wp-content\/uploads\/2024\/03\/2-4.jpg","type":"image\/jpeg"}],"twitter_card":"summary_large_image","twitter_site":"@tectickets","twitter_misc":{"Price":"153,00&nbsp;\u20ac","Availability":"In stock"},"schema":{"@context":"https:\/\/schema.org","@graph":[{"@type":"WebPage","@id":"https:\/\/tectickets.es\/producto\/aventura-romantica-viaje-globo-ampurdan\/","url":"https:\/\/tectickets.es\/producto\/aventura-romantica-viaje-globo-ampurdan\/","name":"Vuelo en globo rom\u00e1ntico - TecTickets","isPartOf":{"@id":"https:\/\/tectickets.es\/#website"},"primaryImageOfPage":{"@id":"https:\/\/tectickets.es\/producto\/aventura-romantica-viaje-globo-ampurdan\/#primaryimage"},"image":{"@id":"https:\/\/tectickets.es\/producto\/aventura-romantica-viaje-globo-ampurdan\/#primaryimage"},"thumbnailUrl":"https:\/\/tectickets.es\/wp-content\/uploads\/2024\/03\/2-4.jpg","datePublished":"2024-03-08T16:20:28+00:00","dateModified":"2025-10-17T14:11:54+00:00","description":"Experimenta la magia del amor en las alturas con nuestro Viaje en Globo Rom\u00e1ntico sobre el Ampurd\u00e1ny disfruta de vistas panor\u00e1micas.","breadcrumb":{"@id":"https:\/\/tectickets.es\/producto\/aventura-romantica-viaje-globo-ampurdan\/#breadcrumb"},"inLanguage":"zh-Hans","potentialAction":[{"@type":"ReadAction","target":["https:\/\/tectickets.es\/producto\/aventura-romantica-viaje-globo-ampurdan\/"]}]},{"@type":"ImageObject","inLanguage":"zh-Hans","@id":"https:\/\/tectickets.es\/producto\/aventura-romantica-viaje-globo-ampurdan\/#primaryimage","url":"https:\/\/tectickets.es\/wp-content\/uploads\/2024\/03\/2-4.jpg","contentUrl":"https:\/\/tectickets.es\/wp-content\/uploads\/2024\/03\/2-4.jpg","width":1024,"height":768,"caption":"Disfruta de un Viaje en Globo sobre el Impresionante Paisaje del Ampurd\u00e1n"},{"@type":"BreadcrumbList","@id":"https:\/\/tectickets.es\/producto\/aventura-romantica-viaje-globo-ampurdan\/#breadcrumb","itemListElement":[{"@type":"ListItem","position":1,"name":"Portada","item":"https:\/\/tectickets.es\/"},{"@type":"ListItem","position":2,"name":"Tienda","item":"https:\/\/tectickets.es\/tienda\/"},{"@type":"ListItem","position":3,"name":"Vuelo en globo rom\u00e1ntico"}]},{"@type":"WebSite","@id":"https:\/\/tectickets.es\/#website","url":"https:\/\/tectickets.es\/","name":"TecTickets","description":"\u00a1Explora el universo del turismo, eventos y cultura con solo un clic!","publisher":{"@id":"https:\/\/tectickets.es\/#organization"},"potentialAction":[{"@type":"SearchAction","target":{"@type":"EntryPoint","urlTemplate":"https:\/\/tectickets.es\/?s={search_term_string}"},"query-input":{"@type":"PropertyValueSpecification","valueRequired":true,"valueName":"search_term_string"}}],"inLanguage":"zh-Hans"},{"@type":"Organization","@id":"https:\/\/tectickets.es\/#organization","name":"el teu tiquet.sl","url":"https:\/\/tectickets.es\/","logo":{"@type":"ImageObject","inLanguage":"zh-Hans","@id":"https:\/\/tectickets.es\/#\/schema\/logo\/image\/","url":"https:\/\/tectickets.es\/wp-content\/uploads\/2023\/06\/cropped-Agregar-un-titulo-800-\u00d7-600-px.png","contentUrl":"https:\/\/tectickets.es\/wp-content\/uploads\/2023\/06\/cropped-Agregar-un-titulo-800-\u00d7-600-px.png","width":733,"height":334,"caption":"el teu tiquet.sl"},"image":{"@id":"https:\/\/tectickets.es\/#\/schema\/logo\/image\/"},"sameAs":["https:\/\/www.instagram.com\/tectickets\/","https:\/\/x.com\/tectickets","https:\/\/www.pinterest.es\/tectickets\/","https:\/\/www.tiktok.com\/@tectickets","https:\/\/www.youtube.com\/@TecTickets"],"publishingPrinciples":"https:\/\/tectickets.es\/reembolso_devoluciones\/","ownershipFundingInfo":"https:\/\/tectickets.es\/contacto\/","actionableFeedbackPolicy":"https:\/\/tectickets.es\/condiciones-generales\/"}]},"product_price_amount":"153.00","product_price_currency":"EUR","og_availability":"instock","product_availability":"instock","product_condition":"new"},"_links":{"self":[{"href":"https:\/\/tectickets.es\/zh\/wp-json\/wp\/v2\/product\/5613","targetHints":{"allow":["GET"]}}],"collection":[{"href":"https:\/\/tectickets.es\/zh\/wp-json\/wp\/v2\/product"}],"about":[{"href":"https:\/\/tectickets.es\/zh\/wp-json\/wp\/v2\/types\/product"}],"replies":[{"embeddable":true,"href":"https:\/\/tectickets.es\/zh\/wp-json\/wp\/v2\/comments?post=5613"}],"version-history":[{"count":1,"href":"https:\/\/tectickets.es\/zh\/wp-json\/wp\/v2\/product\/5613\/revisions"}],"predecessor-version":[{"id":7402,"href":"https:\/\/tectickets.es\/zh\/wp-json\/wp\/v2\/product\/5613\/revisions\/7402"}],"wp:featuredmedia":[{"embeddable":true,"href":"https:\/\/tectickets.es\/zh\/wp-json\/wp\/v2\/media\/5616"}],"wp:attachment":[{"href":"https:\/\/tectickets.es\/zh\/wp-json\/wp\/v2\/media?parent=5613"}],"wp:term":[{"taxonomy":"product_brand","embeddable":true,"href":"https:\/\/tectickets.es\/zh\/wp-json\/wp\/v2\/product_brand?post=5613"},{"taxonomy":"product_cat","embeddable":true,"href":"https:\/\/tectickets.es\/zh\/wp-json\/wp\/v2\/product_cat?post=5613"},{"taxonomy":"product_tag","embeddable":true,"href":"https:\/\/tectickets.es\/zh\/wp-json\/wp\/v2\/product_tag?post=5613"},{"taxonomy":"tipo-de-experiencia","embeddable":true,"href":"https:\/\/tectickets.es\/zh\/wp-json\/wp\/v2\/tipo-de-experiencia?post=5613"}],"curies":[{"name":"wp","href":"https:\/\/api.w.org\/{rel}","templated":true}]}}