{"id":5800,"date":"2025-08-01T15:20:35","date_gmt":"2025-08-01T15:20:35","guid":{"rendered":"https:\/\/tectickets.es\/?post_type=product&#038;p=5800"},"modified":"2025-10-17T09:00:58","modified_gmt":"2025-10-17T09:00:58","slug":"eco-exploracion-kayak-islas-medas","status":"publish","type":"product","link":"https:\/\/tectickets.es\/zh\/product\/eco-exploracion-kayak-islas-medas\/","title":{"rendered":"Eco-Exploraci\u00f3n en Kayak: Descubre las Illes Medes"},"content":{"rendered":"<h2>Sum\u00e9rgete en una Aventura Acu\u00e1tica Inolvidable con\u00a0 Eco-Kayak en las Islas Medas<\/h2>\n<p>Esta excursi\u00f3n en kayak combina deporte y aventura para ofrecerte una experiencia inolvidable. Ven y descubre las Islas Medas y su fascinante fondo marino.<\/p>\n<p>&nbsp;<\/p>\n<h3>Duraci\u00f3n<\/h3>\n<p>Aproximadamente 2,5 horas, siempre teniendo en cuenta las condiciones clim\u00e1ticas, con el objetivo de llegar a las Islas Medas. Durante la excursi\u00f3n, exploraremos diferentes rincones del archipi\u00e9lago, donde tendremos la oportunidad de nadar y recargar energ\u00edas antes de regresar al puerto.<\/p>\n<h3><strong>El Gu\u00eda<\/strong><\/h3>\n<p>Nuestro gu\u00eda te proporcionar\u00e1 una introducci\u00f3n a las nociones b\u00e1sicas necesarias para realizar la actividad de forma segura. Utilizaremos kayaks dobles muy estables para garantizar tu comodidad y seguridad durante la traves\u00eda (para personas con experiencia, tambi\u00e9n disponemos de kayaks individuales).<\/p>\n<p>En todo momento, estar\u00e1s acompa\u00f1ado por nuestro gu\u00eda experto, quien te brindar\u00e1 asistencia y te guiar\u00e1 a lo largo del recorrido. Adem\u00e1s, contaremos con una embarcaci\u00f3n de apoyo para garantizar tu seguridad en el agua.<\/p>\n<p>&nbsp;<\/p>\n<p>Disfruta de una aventura emocionante mientras exploras las aguas cristalinas y los paisajes impresionantes de las Islas <a href=\"https:\/\/tectickets.es\/zh\/magazine\/el-deporte-del-kayak\/\">Medas en esta experiencia de kayak<\/a> \u00fanica.<\/p>\n<p>&nbsp;<\/p>\n<h4><em>\u00a1No te lo pierdas!<\/em><\/h4>","protected":false},"excerpt":{"rendered":"<ol>\n<li>\u200d\u2642\ufe0f Exploraci\u00f3n en caiac ecol\u00f3gico en las Islas Medas.<\/li>\n<li>Descubre la vida marina y los paisajes naturales.<\/li>\n<li>\u23f0 Duraci\u00f3n aproximada de 2,5 horas, adaptada a las condiciones clim\u00e1ticas.<\/li>\n<li>\u200d\u200d\u200d Apto para todas las edades y niveles de experiencia.<\/li>\n<li>Paradas para nadar y disfrutar del entorno.<\/li>\n<li>\u200d\u2708\ufe0f Gu\u00edas expertos y embarcaci\u00f3n de apoyo para mayor seguridad.<\/li>\n<li>Una experiencia emocionante y respetuosa con el medio ambiente.<\/li>\n<\/ol>","protected":false},"featured_media":5808,"comment_status":"open","ping_status":"closed","template":"","meta":[],"product_brand":[],"product_cat":[275],"product_tag":[],"tipo-de-experiencia":[],"class_list":{"0":"post-5800","1":"product","2":"type-product","3":"status-publish","4":"has-post-thumbnail","6":"product_cat-actividades-acuaticas","8":"first","9":"instock","10":"shipping-taxable","11":"product-type-external"},"yoast_head":"<!-- This site is optimized with the Yoast SEO Premium plugin v24.5 (Yoast SEO v27.5) - https:\/\/yoast.com\/product\/yoast-seo-premium-wordpress\/ -->\n<title>Eco-Exploraci\u00f3n en Kayak: Descubre las Illes Medes - TecTickets<\/title>\n<meta name=\"description\" content=\"Explora las Islas Medas en una emocionante aventura de Eco-Caiac. Descubre sus paisajes naturales y su rica vida marina mientras remas en kayaks ecol\u00f3gicos. Con gu\u00edas expertos, disfruta de 2,5 horas de diversi\u00f3n y ejercicio en el mar, con paradas para nadar y relajarte.\" \/>\n<meta name=\"robots\" content=\"index, follow, max-snippet:-1, max-image-preview:large, max-video-preview:-1\" \/>\n<link rel=\"canonical\" href=\"https:\/\/tectickets.es\/zh\/product\/eco-exploracion-kayak-islas-medas\/\" \/>\n<meta property=\"og:locale\" content=\"zh_CN\" \/>\n<meta property=\"og:type\" content=\"article\" \/>\n<meta property=\"og:title\" content=\"Eco-Exploraci\u00f3n en Kayak: Descubre las Illes Medes\" \/>\n<meta property=\"og:description\" content=\"Explora las Islas Medas en una emocionante aventura de Eco-Caiac. Descubre sus paisajes naturales y su rica vida marina mientras remas en kayaks ecol\u00f3gicos. Con gu\u00edas expertos, disfruta de 2,5 horas de diversi\u00f3n y ejercicio en el mar, con paradas para nadar y relajarte.\" \/>\n<meta property=\"og:url\" content=\"https:\/\/tectickets.es\/zh\/product\/eco-exploracion-kayak-islas-medas\/\" \/>\n<meta property=\"og:site_name\" content=\"TecTickets\" \/>\n<meta property=\"article:publisher\" content=\"https:\/\/www.instagram.com\/tectickets\/\" \/>\n<meta property=\"article:modified_time\" content=\"2025-10-17T09:00:58+00:00\" \/>\n<meta property=\"og:image\" content=\"https:\/\/tectickets.es\/wp-content\/uploads\/2024\/03\/5-5.jpg\" \/>\n\t<meta property=\"og:image:width\" content=\"1024\" \/>\n\t<meta property=\"og:image:height\" content=\"768\" \/>\n\t<meta property=\"og:image:type\" content=\"image\/jpeg\" \/>\n<meta name=\"twitter:card\" content=\"summary_large_image\" \/>\n<meta name=\"twitter:site\" content=\"@tectickets\" \/>\n<meta name=\"twitter:label1\" content=\"Price\" \/>\n\t<meta name=\"twitter:data1\" content=\"75,00&nbsp;\u20ac\" \/>\n\t<meta name=\"twitter:label2\" content=\"Availability\" \/>\n\t<meta name=\"twitter:data2\" content=\"In stock\" \/>\n<script type=\"application\/ld+json\" class=\"yoast-schema-graph\">{\"@context\":\"https:\\\/\\\/schema.org\",\"@graph\":[{\"@type\":\"WebPage\",\"@id\":\"https:\\\/\\\/tectickets.es\\\/producto\\\/eco-exploracion-kayak-islas-medas\\\/\",\"url\":\"https:\\\/\\\/tectickets.es\\\/producto\\\/eco-exploracion-kayak-islas-medas\\\/\",\"name\":\"Eco-Exploraci\u00f3n en Kayak: Descubre las Illes Medes - TecTickets\",\"isPartOf\":{\"@id\":\"https:\\\/\\\/tectickets.es\\\/#website\"},\"primaryImageOfPage\":{\"@id\":\"https:\\\/\\\/tectickets.es\\\/producto\\\/eco-exploracion-kayak-islas-medas\\\/#primaryimage\"},\"image\":{\"@id\":\"https:\\\/\\\/tectickets.es\\\/producto\\\/eco-exploracion-kayak-islas-medas\\\/#primaryimage\"},\"thumbnailUrl\":\"https:\\\/\\\/tectickets.es\\\/wp-content\\\/uploads\\\/2024\\\/03\\\/5-5.jpg\",\"datePublished\":\"2025-08-01T15:20:35+00:00\",\"dateModified\":\"2025-10-17T09:00:58+00:00\",\"description\":\"Explora las Islas Medas en una emocionante aventura de Eco-Caiac. Descubre sus paisajes naturales y su rica vida marina mientras remas en kayaks ecol\u00f3gicos. Con gu\u00edas expertos, disfruta de 2,5 horas de diversi\u00f3n y ejercicio en el mar, con paradas para nadar y relajarte.\",\"breadcrumb\":{\"@id\":\"https:\\\/\\\/tectickets.es\\\/producto\\\/eco-exploracion-kayak-islas-medas\\\/#breadcrumb\"},\"inLanguage\":\"zh-Hans\",\"potentialAction\":[{\"@type\":\"ReadAction\",\"target\":[\"https:\\\/\\\/tectickets.es\\\/producto\\\/eco-exploracion-kayak-islas-medas\\\/\"]}]},{\"@type\":\"ImageObject\",\"inLanguage\":\"zh-Hans\",\"@id\":\"https:\\\/\\\/tectickets.es\\\/producto\\\/eco-exploracion-kayak-islas-medas\\\/#primaryimage\",\"url\":\"https:\\\/\\\/tectickets.es\\\/wp-content\\\/uploads\\\/2024\\\/03\\\/5-5.jpg\",\"contentUrl\":\"https:\\\/\\\/tectickets.es\\\/wp-content\\\/uploads\\\/2024\\\/03\\\/5-5.jpg\",\"width\":1024,\"height\":768,\"caption\":\"En el horizonte se divisan las Islas Medes mientras el tirador de un kayak amarillo asoma en primer plano.\"},{\"@type\":\"BreadcrumbList\",\"@id\":\"https:\\\/\\\/tectickets.es\\\/producto\\\/eco-exploracion-kayak-islas-medas\\\/#breadcrumb\",\"itemListElement\":[{\"@type\":\"ListItem\",\"position\":1,\"name\":\"Portada\",\"item\":\"https:\\\/\\\/tectickets.es\\\/\"},{\"@type\":\"ListItem\",\"position\":2,\"name\":\"Tienda\",\"item\":\"https:\\\/\\\/tectickets.es\\\/tienda\\\/\"},{\"@type\":\"ListItem\",\"position\":3,\"name\":\"Eco-Exploraci\u00f3n en Kayak: Descubre las Illes Medes\"}]},{\"@type\":\"WebSite\",\"@id\":\"https:\\\/\\\/tectickets.es\\\/#website\",\"url\":\"https:\\\/\\\/tectickets.es\\\/\",\"name\":\"TecTickets\",\"description\":\"\u00a1Explora el universo del turismo, eventos y cultura con solo un clic!\",\"publisher\":{\"@id\":\"https:\\\/\\\/tectickets.es\\\/#organization\"},\"potentialAction\":[{\"@type\":\"SearchAction\",\"target\":{\"@type\":\"EntryPoint\",\"urlTemplate\":\"https:\\\/\\\/tectickets.es\\\/?s={search_term_string}\"},\"query-input\":{\"@type\":\"PropertyValueSpecification\",\"valueRequired\":true,\"valueName\":\"search_term_string\"}}],\"inLanguage\":\"zh-Hans\"},{\"@type\":\"Organization\",\"@id\":\"https:\\\/\\\/tectickets.es\\\/#organization\",\"name\":\"el teu tiquet.sl\",\"url\":\"https:\\\/\\\/tectickets.es\\\/\",\"logo\":{\"@type\":\"ImageObject\",\"inLanguage\":\"zh-Hans\",\"@id\":\"https:\\\/\\\/tectickets.es\\\/#\\\/schema\\\/logo\\\/image\\\/\",\"url\":\"https:\\\/\\\/tectickets.es\\\/wp-content\\\/uploads\\\/2023\\\/06\\\/cropped-Agregar-un-titulo-800-\u00d7-600-px.png\",\"contentUrl\":\"https:\\\/\\\/tectickets.es\\\/wp-content\\\/uploads\\\/2023\\\/06\\\/cropped-Agregar-un-titulo-800-\u00d7-600-px.png\",\"width\":733,\"height\":334,\"caption\":\"el teu tiquet.sl\"},\"image\":{\"@id\":\"https:\\\/\\\/tectickets.es\\\/#\\\/schema\\\/logo\\\/image\\\/\"},\"sameAs\":[\"https:\\\/\\\/www.instagram.com\\\/tectickets\\\/\",\"https:\\\/\\\/x.com\\\/tectickets\",\"https:\\\/\\\/www.pinterest.es\\\/tectickets\\\/\",\"https:\\\/\\\/www.tiktok.com\\\/@tectickets\",\"https:\\\/\\\/www.youtube.com\\\/@TecTickets\"],\"publishingPrinciples\":\"https:\\\/\\\/tectickets.es\\\/reembolso_devoluciones\\\/\",\"ownershipFundingInfo\":\"https:\\\/\\\/tectickets.es\\\/contacto\\\/\",\"actionableFeedbackPolicy\":\"https:\\\/\\\/tectickets.es\\\/condiciones-generales\\\/\"}]}<\/script>\n<meta property=\"product:price:amount\" content=\"75.00\" \/>\n<meta property=\"product:price:currency\" content=\"EUR\" \/>\n<meta property=\"og:availability\" content=\"instock\" \/>\n<meta property=\"product:availability\" content=\"instock\" \/>\n<meta property=\"product:condition\" content=\"new\" \/>\n<!-- \/ Yoast SEO Premium plugin. -->","yoast_head_json":{"title":"Eco-Exploraci\u00f3n en Kayak: Descubre las Illes Medes - TecTickets","description":"Explora las Islas Medas en una emocionante aventura de Eco-Caiac. Descubre sus paisajes naturales y su rica vida marina mientras remas en kayaks ecol\u00f3gicos. Con gu\u00edas expertos, disfruta de 2,5 horas de diversi\u00f3n y ejercicio en el mar, con paradas para nadar y relajarte.","robots":{"index":"index","follow":"follow","max-snippet":"max-snippet:-1","max-image-preview":"max-image-preview:large","max-video-preview":"max-video-preview:-1"},"canonical":"https:\/\/tectickets.es\/zh\/product\/eco-exploracion-kayak-islas-medas\/","og_locale":"zh_CN","og_type":"article","og_title":"Eco-Exploraci\u00f3n en Kayak: Descubre las Illes Medes","og_description":"Explora las Islas Medas en una emocionante aventura de Eco-Caiac. Descubre sus paisajes naturales y su rica vida marina mientras remas en kayaks ecol\u00f3gicos. Con gu\u00edas expertos, disfruta de 2,5 horas de diversi\u00f3n y ejercicio en el mar, con paradas para nadar y relajarte.","og_url":"https:\/\/tectickets.es\/zh\/product\/eco-exploracion-kayak-islas-medas\/","og_site_name":"TecTickets","article_publisher":"https:\/\/www.instagram.com\/tectickets\/","article_modified_time":"2025-10-17T09:00:58+00:00","og_image":[{"width":1024,"height":768,"url":"https:\/\/tectickets.es\/wp-content\/uploads\/2024\/03\/5-5.jpg","type":"image\/jpeg"}],"twitter_card":"summary_large_image","twitter_site":"@tectickets","twitter_misc":{"Price":"75,00&nbsp;\u20ac","Availability":"In stock"},"schema":{"@context":"https:\/\/schema.org","@graph":[{"@type":"WebPage","@id":"https:\/\/tectickets.es\/producto\/eco-exploracion-kayak-islas-medas\/","url":"https:\/\/tectickets.es\/producto\/eco-exploracion-kayak-islas-medas\/","name":"Eco-Exploraci\u00f3n en Kayak: Descubre las Illes Medes - TecTickets","isPartOf":{"@id":"https:\/\/tectickets.es\/#website"},"primaryImageOfPage":{"@id":"https:\/\/tectickets.es\/producto\/eco-exploracion-kayak-islas-medas\/#primaryimage"},"image":{"@id":"https:\/\/tectickets.es\/producto\/eco-exploracion-kayak-islas-medas\/#primaryimage"},"thumbnailUrl":"https:\/\/tectickets.es\/wp-content\/uploads\/2024\/03\/5-5.jpg","datePublished":"2025-08-01T15:20:35+00:00","dateModified":"2025-10-17T09:00:58+00:00","description":"Explora las Islas Medas en una emocionante aventura de Eco-Caiac. Descubre sus paisajes naturales y su rica vida marina mientras remas en kayaks ecol\u00f3gicos. Con gu\u00edas expertos, disfruta de 2,5 horas de diversi\u00f3n y ejercicio en el mar, con paradas para nadar y relajarte.","breadcrumb":{"@id":"https:\/\/tectickets.es\/producto\/eco-exploracion-kayak-islas-medas\/#breadcrumb"},"inLanguage":"zh-Hans","potentialAction":[{"@type":"ReadAction","target":["https:\/\/tectickets.es\/producto\/eco-exploracion-kayak-islas-medas\/"]}]},{"@type":"ImageObject","inLanguage":"zh-Hans","@id":"https:\/\/tectickets.es\/producto\/eco-exploracion-kayak-islas-medas\/#primaryimage","url":"https:\/\/tectickets.es\/wp-content\/uploads\/2024\/03\/5-5.jpg","contentUrl":"https:\/\/tectickets.es\/wp-content\/uploads\/2024\/03\/5-5.jpg","width":1024,"height":768,"caption":"En el horizonte se divisan las Islas Medes mientras el tirador de un kayak amarillo asoma en primer plano."},{"@type":"BreadcrumbList","@id":"https:\/\/tectickets.es\/producto\/eco-exploracion-kayak-islas-medas\/#breadcrumb","itemListElement":[{"@type":"ListItem","position":1,"name":"Portada","item":"https:\/\/tectickets.es\/"},{"@type":"ListItem","position":2,"name":"Tienda","item":"https:\/\/tectickets.es\/tienda\/"},{"@type":"ListItem","position":3,"name":"Eco-Exploraci\u00f3n en Kayak: Descubre las Illes Medes"}]},{"@type":"WebSite","@id":"https:\/\/tectickets.es\/#website","url":"https:\/\/tectickets.es\/","name":"TecTickets","description":"\u00a1Explora el universo del turismo, eventos y cultura con solo un clic!","publisher":{"@id":"https:\/\/tectickets.es\/#organization"},"potentialAction":[{"@type":"SearchAction","target":{"@type":"EntryPoint","urlTemplate":"https:\/\/tectickets.es\/?s={search_term_string}"},"query-input":{"@type":"PropertyValueSpecification","valueRequired":true,"valueName":"search_term_string"}}],"inLanguage":"zh-Hans"},{"@type":"Organization","@id":"https:\/\/tectickets.es\/#organization","name":"el teu tiquet.sl","url":"https:\/\/tectickets.es\/","logo":{"@type":"ImageObject","inLanguage":"zh-Hans","@id":"https:\/\/tectickets.es\/#\/schema\/logo\/image\/","url":"https:\/\/tectickets.es\/wp-content\/uploads\/2023\/06\/cropped-Agregar-un-titulo-800-\u00d7-600-px.png","contentUrl":"https:\/\/tectickets.es\/wp-content\/uploads\/2023\/06\/cropped-Agregar-un-titulo-800-\u00d7-600-px.png","width":733,"height":334,"caption":"el teu tiquet.sl"},"image":{"@id":"https:\/\/tectickets.es\/#\/schema\/logo\/image\/"},"sameAs":["https:\/\/www.instagram.com\/tectickets\/","https:\/\/x.com\/tectickets","https:\/\/www.pinterest.es\/tectickets\/","https:\/\/www.tiktok.com\/@tectickets","https:\/\/www.youtube.com\/@TecTickets"],"publishingPrinciples":"https:\/\/tectickets.es\/reembolso_devoluciones\/","ownershipFundingInfo":"https:\/\/tectickets.es\/contacto\/","actionableFeedbackPolicy":"https:\/\/tectickets.es\/condiciones-generales\/"}]},"product_price_amount":"75.00","product_price_currency":"EUR","og_availability":"instock","product_availability":"instock","product_condition":"new"},"_links":{"self":[{"href":"https:\/\/tectickets.es\/zh\/wp-json\/wp\/v2\/product\/5800","targetHints":{"allow":["GET"]}}],"collection":[{"href":"https:\/\/tectickets.es\/zh\/wp-json\/wp\/v2\/product"}],"about":[{"href":"https:\/\/tectickets.es\/zh\/wp-json\/wp\/v2\/types\/product"}],"replies":[{"embeddable":true,"href":"https:\/\/tectickets.es\/zh\/wp-json\/wp\/v2\/comments?post=5800"}],"version-history":[{"count":0,"href":"https:\/\/tectickets.es\/zh\/wp-json\/wp\/v2\/product\/5800\/revisions"}],"wp:featuredmedia":[{"embeddable":true,"href":"https:\/\/tectickets.es\/zh\/wp-json\/wp\/v2\/media\/5808"}],"wp:attachment":[{"href":"https:\/\/tectickets.es\/zh\/wp-json\/wp\/v2\/media?parent=5800"}],"wp:term":[{"taxonomy":"product_brand","embeddable":true,"href":"https:\/\/tectickets.es\/zh\/wp-json\/wp\/v2\/product_brand?post=5800"},{"taxonomy":"product_cat","embeddable":true,"href":"https:\/\/tectickets.es\/zh\/wp-json\/wp\/v2\/product_cat?post=5800"},{"taxonomy":"product_tag","embeddable":true,"href":"https:\/\/tectickets.es\/zh\/wp-json\/wp\/v2\/product_tag?post=5800"},{"taxonomy":"tipo-de-experiencia","embeddable":true,"href":"https:\/\/tectickets.es\/zh\/wp-json\/wp\/v2\/tipo-de-experiencia?post=5800"}],"curies":[{"name":"wp","href":"https:\/\/api.w.org\/{rel}","templated":true}]}}