{"id":5979,"date":"2024-04-05T10:48:33","date_gmt":"2024-04-05T10:48:33","guid":{"rendered":"https:\/\/tectickets.es\/?post_type=product&#038;p=5979"},"modified":"2025-10-17T13:45:59","modified_gmt":"2025-10-17T13:45:59","slug":"vuelo-en-globo-emporda-12-personas","status":"publish","type":"product","link":"https:\/\/tectickets.es\/zh\/product\/vuelo-en-globo-emporda-12-personas\/","title":{"rendered":"Vuelo en globo Empord\u00e0 grupo cerrado 12 personas"},"content":{"rendered":"<h2><strong>Descubre el Ampurd\u00e1n desde las alturas con nuestro vuelo en globo en grupo de 12 personas<\/strong><\/h2>\n<p><em>Experimenta el Ampurd\u00e1n desde una perspectiva \u00fanica con nuestro <a href=\"https:\/\/tectickets.es\/zh\/product\/vuelo-en-globo-estandar-minimo-5-personas\/\">vuelo en globo, <strong>para grupos de 12 personas<\/strong><\/a>.<\/em><\/p>\n<h3>El Ampurd\u00e1n desde el Cielo<\/h3>\n<p>Inicia tu aventura entre las <strong>6:30 h<\/strong> y las <strong>8:00 h<\/strong>, seg\u00fan la temporada, desde Colomer. Durante el vuelo, que alcanza alturas entre 500 y 1200 metros, podr\u00e1s disfrutar de vistas panor\u00e1micas del Ampurd\u00e1n, incluyendo las Islas Medas, el r\u00edo Ter, los golfos de Rosas y Pals, y el cabo de Creus.<\/p>\n<p>Este paquete est\u00e1 dise\u00f1ado para compartir la aventura con un <strong>grupo m\u00e1ximo de 12 personas.<\/strong><\/p>\n<p><em>\u00bfTienes un grupo m\u00e1s grande o planeas incluir a los m\u00e1s peque\u00f1os en esta <a href=\"https:\/\/tectickets.es\/zh\/experiencias-unicas-en-espana\/\">experiencia \u00fanica<\/a>?<\/em> \u00a1No hay problema! Contacta directamente con el <a href=\"https:\/\/tectickets.es\/zh\/contacto\/\">proveedor<\/a> para solicitar un presupuesto personalizado y asegurarte de que todos puedan unirse a esta aventura inolvidable en globo sobre el Ampurd\u00e1n.<\/p>\n<h4><strong>Un aterrizaje inolvidable.<\/strong><\/h4>\n<p>Al aterrizar, disfruta de un peque\u00f1o desayuno al aire libre que incluye una coca de almendras y zumos naturales, y cava, para completar la experiencia con un brindis para celebrar tu vuelo sobre este impresionante paisaje.<\/p>\n<p>Este <a href=\"https:\/\/tectickets.es\/zh\/product\/vuelo-en-globo-los-viernes\/\">vuelo en globo<\/a> ofrece una manera tranquila y relajante de experimentar la belleza natural del Ampurd\u00e1n desde una perspectiva \u00fanica en el cielo. Es una opci\u00f3n perfecta para aquellos que desean explorar la regi\u00f3n de una manera diferente y crear recuerdos inolvidables con sus seres queridos o colegas.<\/p>\n<h2><strong>Vuelo en para 12 personas:<\/strong><\/h2>\n<ul>\n<li><strong>Salida:<\/strong> Desde Colomers, entre las 6:30 h y las 8:00 h.<\/li>\n<li><strong>Punto de Encuentro:<\/strong> Parc del Ter, s\/n, 17144 Colomers, Girona.<\/li>\n<li><strong>Vistas Inolvidables:<\/strong> Disfruta del Ampurd\u00e1n desde alturas de 500 a 1200 metros.<\/li>\n<li><strong>Destinos Destacados:<\/strong> Islas Medes, r\u00edo Ter, golfo de Rosas, golfo de Pals, cabo de Creus.<\/li>\n<li><strong>Post-Vuelo:<\/strong> Almuerzo con coca de almendras y cava.<\/li>\n<li><strong>Incluye:<\/strong> Vuelo de 60 minutos, foto im\u00e1n personalizada, grabaci\u00f3n GPS de tu trayecto, reportaje fotogr\u00e1fico profesional, cava y cocas de almendras.<\/li>\n<li><strong>Ni\u00f1os a Partir de 5 A\u00f1os.<\/strong><\/li>\n<\/ul>\n<h2><strong>RESERVA<\/strong><\/h2>\n<p>Reserva tu <a href=\"https:\/\/tectickets.es\/zh\/product\/vuelo-en-globo-de-6-8-personas\/\">vuelo en globo<\/a> ahora mismo seleccionando la fecha que mejor se adapte a tu agenda. Una vez recibido tu pedido, el equipo de <a href=\"https:\/\/tectickets.es\/zh\/\">Tectickets<\/a> confirmar\u00e1 tu reserva y recibir\u00e1s la confirmaci\u00f3n por correo electr\u00f3nico y WhatsApp junto con el n\u00famero de ticket.<\/p>\n<p>No dejes pasar esta oportunidad de vivir una experiencia inolvidable de <a href=\"https:\/\/tectickets.es\/zh\/product\/vuelo-en-globo-familiar\/\">vuelo en globo<\/a> a 1 hora y media de Barcelona.<\/p>\n<p>&nbsp;<\/p>\n<p><em><strong> \u00a1Reserva tu vuelo hoy mismo y <a href=\"https:\/\/tectickets.es\/zh\/product\/descubre-la-pedrera-night-experience\/\">descubre la magia<\/a> del Ampurd\u00e1n desde las alturas!<\/strong><\/em><\/p>","protected":false},"excerpt":{"rendered":"<div class=\"flex-1 overflow-hidden\">\n<div class=\"react-scroll-to-bottom--css-etghj-79elbk h-full\">\n<div class=\"react-scroll-to-bottom--css-etghj-1n7m0yu\">\n<div>\n<div class=\"flex flex-col text-sm pb-9\">\n<div class=\"w-full text-token-text-primary\" data-testid=\"conversation-turn-13\">\n<div class=\"px-4 py-2 justify-center text-base md:gap-6 m-auto\">\n<div class=\"flex flex-1 text-base mx-auto gap-3 md:px-5 lg:px-1 xl:px-5 md:max-w-3xl lg:max-w-[40rem] xl:max-w-[48rem] group final-completion\">\n<div class=\"relative flex w-full flex-col agent-turn\">\n<div class=\"flex-col gap-1 md:gap-3\">\n<div class=\"flex flex-grow flex-col max-w-full\">\n<div class=\"min-h-[20px] text-message flex flex-col items-start gap-3 whitespace-pre-wrap break-words [.text-message+&amp;]:mt-5 overflow-x-auto\" data-message-author-role=\"assistant\" data-message-id=\"bfeba926-c5b0-4d01-86f3-f13891fb86fa\">\n<div class=\"markdown prose w-full break-words dark:prose-invert dark\">\n<ol>\n<li>Vuelo en globo sobre el Ampurd\u00e1n.<\/li>\n<li>Salidas entre las 6:30 h y las 8:00 h desde Colomers.<\/li>\n<li>Vistas panor\u00e1micas de las Islas Medes y el cabo de Creus.<\/li>\n<li>Desayuno al aire libre con coca de almendras y cava.<\/li>\n<li>Ideal para parejas, familias o grupos corporativos.<\/li>\n<\/ol>\n<\/div>\n<\/div>\n<\/div>\n<div class=\"mt-1 flex justify-start gap-3 empty:hidden\"><\/div>\n<\/div>\n<\/div>\n<\/div>\n<\/div>\n<\/div>\n<\/div>\n<\/div>\n<\/div>\n<\/div>\n<\/div>\n<div class=\"w-full pt-2 md:pt-0 dark:border-white\/20 md:border-transparent md:dark:border-transparent md:w-[calc(100%-.5rem)]\">\n<div class=\"relative flex h-full flex-1 flex-col\">\n<div class=\"absolute bottom-full left-0 right-0\"><\/div>\n<div class=\"flex w-full items-center\"><\/div>\n<\/div>\n<\/div>\n","protected":false},"featured_media":5989,"comment_status":"open","ping_status":"closed","template":"","meta":[],"product_brand":[],"product_cat":[261,166,207],"product_tag":[],"tipo-de-experiencia":[54,74],"class_list":{"0":"post-5979","1":"product","2":"type-product","3":"status-publish","4":"has-post-thumbnail","6":"product_cat-actividades-turisticas","7":"product_cat-girona","8":"product_cat-parc-del-ter","9":"tipo-de-experiencia-entradas","10":"tipo-de-experiencia-free-tour","12":"first","13":"instock","14":"sale","15":"shipping-taxable","16":"product-type-external"},"yoast_head":"<!-- This site is optimized with the Yoast SEO Premium plugin v24.5 (Yoast SEO v27.5) - https:\/\/yoast.com\/product\/yoast-seo-premium-wordpress\/ -->\n<title>Vuelo en globo Empord\u00e0 grupo cerrado 12 personas - TecTickets<\/title>\n<meta name=\"description\" content=\"Descubre el Ampurd\u00e1n desde las alturas con nuestro vuelo en globo. Experimenta vistas panor\u00e1micas \u00fanicas del paisaje, incluyendo las Islas Medes y el cabo de Creus. Desayuno al aire libre con coca de almendras y cava.\" \/>\n<meta name=\"robots\" content=\"index, follow, max-snippet:-1, max-image-preview:large, max-video-preview:-1\" \/>\n<link rel=\"canonical\" href=\"https:\/\/tectickets.es\/zh\/product\/vuelo-en-globo-emporda-12-personas\/\" \/>\n<meta property=\"og:locale\" content=\"zh_CN\" \/>\n<meta property=\"og:type\" content=\"article\" \/>\n<meta property=\"og:title\" content=\"Vuelo en globo Empord\u00e0 grupo cerrado 12 personas\" \/>\n<meta property=\"og:description\" content=\"Descubre el Ampurd\u00e1n desde las alturas con nuestro vuelo en globo. Experimenta vistas panor\u00e1micas \u00fanicas del paisaje, incluyendo las Islas Medes y el cabo de Creus. Desayuno al aire libre con coca de almendras y cava.\" \/>\n<meta property=\"og:url\" content=\"https:\/\/tectickets.es\/zh\/product\/vuelo-en-globo-emporda-12-personas\/\" \/>\n<meta property=\"og:site_name\" content=\"TecTickets\" \/>\n<meta property=\"article:publisher\" content=\"https:\/\/www.instagram.com\/tectickets\/\" \/>\n<meta property=\"article:modified_time\" content=\"2025-10-17T13:45:59+00:00\" \/>\n<meta property=\"og:image\" content=\"https:\/\/tectickets.es\/wp-content\/uploads\/2024\/04\/2-1.jpg\" \/>\n\t<meta property=\"og:image:width\" content=\"1024\" \/>\n\t<meta property=\"og:image:height\" content=\"768\" \/>\n\t<meta property=\"og:image:type\" content=\"image\/jpeg\" \/>\n<meta name=\"twitter:card\" content=\"summary_large_image\" \/>\n<meta name=\"twitter:site\" content=\"@tectickets\" \/>\n<meta name=\"twitter:label1\" content=\"Price\" \/>\n\t<meta name=\"twitter:data1\" content=\"153,00&nbsp;\u20ac\" \/>\n\t<meta name=\"twitter:label2\" content=\"Availability\" \/>\n\t<meta name=\"twitter:data2\" content=\"In stock\" \/>\n<script type=\"application\/ld+json\" class=\"yoast-schema-graph\">{\"@context\":\"https:\\\/\\\/schema.org\",\"@graph\":[{\"@type\":\"WebPage\",\"@id\":\"https:\\\/\\\/tectickets.es\\\/producto\\\/vuelo-en-globo-emporda-12-personas\\\/\",\"url\":\"https:\\\/\\\/tectickets.es\\\/producto\\\/vuelo-en-globo-emporda-12-personas\\\/\",\"name\":\"Vuelo en globo Empord\u00e0 grupo cerrado 12 personas - TecTickets\",\"isPartOf\":{\"@id\":\"https:\\\/\\\/tectickets.es\\\/#website\"},\"primaryImageOfPage\":{\"@id\":\"https:\\\/\\\/tectickets.es\\\/producto\\\/vuelo-en-globo-emporda-12-personas\\\/#primaryimage\"},\"image\":{\"@id\":\"https:\\\/\\\/tectickets.es\\\/producto\\\/vuelo-en-globo-emporda-12-personas\\\/#primaryimage\"},\"thumbnailUrl\":\"https:\\\/\\\/tectickets.es\\\/wp-content\\\/uploads\\\/2024\\\/04\\\/2-1.jpg\",\"datePublished\":\"2024-04-05T10:48:33+00:00\",\"dateModified\":\"2025-10-17T13:45:59+00:00\",\"description\":\"Descubre el Ampurd\u00e1n desde las alturas con nuestro vuelo en globo. Experimenta vistas panor\u00e1micas \u00fanicas del paisaje, incluyendo las Islas Medes y el cabo de Creus. Desayuno al aire libre con coca de almendras y cava.\",\"breadcrumb\":{\"@id\":\"https:\\\/\\\/tectickets.es\\\/producto\\\/vuelo-en-globo-emporda-12-personas\\\/#breadcrumb\"},\"inLanguage\":\"zh-Hans\",\"potentialAction\":[{\"@type\":\"ReadAction\",\"target\":[\"https:\\\/\\\/tectickets.es\\\/producto\\\/vuelo-en-globo-emporda-12-personas\\\/\"]}]},{\"@type\":\"ImageObject\",\"inLanguage\":\"zh-Hans\",\"@id\":\"https:\\\/\\\/tectickets.es\\\/producto\\\/vuelo-en-globo-emporda-12-personas\\\/#primaryimage\",\"url\":\"https:\\\/\\\/tectickets.es\\\/wp-content\\\/uploads\\\/2024\\\/04\\\/2-1.jpg\",\"contentUrl\":\"https:\\\/\\\/tectickets.es\\\/wp-content\\\/uploads\\\/2024\\\/04\\\/2-1.jpg\",\"width\":1024,\"height\":768,\"caption\":\"Aterrizaje del globo aerost\u00e1tico en un prado de flores amarillas.\"},{\"@type\":\"BreadcrumbList\",\"@id\":\"https:\\\/\\\/tectickets.es\\\/producto\\\/vuelo-en-globo-emporda-12-personas\\\/#breadcrumb\",\"itemListElement\":[{\"@type\":\"ListItem\",\"position\":1,\"name\":\"Portada\",\"item\":\"https:\\\/\\\/tectickets.es\\\/\"},{\"@type\":\"ListItem\",\"position\":2,\"name\":\"Tienda\",\"item\":\"https:\\\/\\\/tectickets.es\\\/tienda\\\/\"},{\"@type\":\"ListItem\",\"position\":3,\"name\":\"Vuelo en globo Empord\u00e0 grupo cerrado 12 personas\"}]},{\"@type\":\"WebSite\",\"@id\":\"https:\\\/\\\/tectickets.es\\\/#website\",\"url\":\"https:\\\/\\\/tectickets.es\\\/\",\"name\":\"TecTickets\",\"description\":\"\u00a1Explora el universo del turismo, eventos y cultura con solo un clic!\",\"publisher\":{\"@id\":\"https:\\\/\\\/tectickets.es\\\/#organization\"},\"potentialAction\":[{\"@type\":\"SearchAction\",\"target\":{\"@type\":\"EntryPoint\",\"urlTemplate\":\"https:\\\/\\\/tectickets.es\\\/?s={search_term_string}\"},\"query-input\":{\"@type\":\"PropertyValueSpecification\",\"valueRequired\":true,\"valueName\":\"search_term_string\"}}],\"inLanguage\":\"zh-Hans\"},{\"@type\":\"Organization\",\"@id\":\"https:\\\/\\\/tectickets.es\\\/#organization\",\"name\":\"el teu tiquet.sl\",\"url\":\"https:\\\/\\\/tectickets.es\\\/\",\"logo\":{\"@type\":\"ImageObject\",\"inLanguage\":\"zh-Hans\",\"@id\":\"https:\\\/\\\/tectickets.es\\\/#\\\/schema\\\/logo\\\/image\\\/\",\"url\":\"https:\\\/\\\/tectickets.es\\\/wp-content\\\/uploads\\\/2023\\\/06\\\/cropped-Agregar-un-titulo-800-\u00d7-600-px.png\",\"contentUrl\":\"https:\\\/\\\/tectickets.es\\\/wp-content\\\/uploads\\\/2023\\\/06\\\/cropped-Agregar-un-titulo-800-\u00d7-600-px.png\",\"width\":733,\"height\":334,\"caption\":\"el teu tiquet.sl\"},\"image\":{\"@id\":\"https:\\\/\\\/tectickets.es\\\/#\\\/schema\\\/logo\\\/image\\\/\"},\"sameAs\":[\"https:\\\/\\\/www.instagram.com\\\/tectickets\\\/\",\"https:\\\/\\\/x.com\\\/tectickets\",\"https:\\\/\\\/www.pinterest.es\\\/tectickets\\\/\",\"https:\\\/\\\/www.tiktok.com\\\/@tectickets\",\"https:\\\/\\\/www.youtube.com\\\/@TecTickets\"],\"publishingPrinciples\":\"https:\\\/\\\/tectickets.es\\\/reembolso_devoluciones\\\/\",\"ownershipFundingInfo\":\"https:\\\/\\\/tectickets.es\\\/contacto\\\/\",\"actionableFeedbackPolicy\":\"https:\\\/\\\/tectickets.es\\\/condiciones-generales\\\/\"}]}<\/script>\n<meta property=\"product:price:amount\" content=\"153.00\" \/>\n<meta property=\"product:price:currency\" content=\"EUR\" \/>\n<meta property=\"og:availability\" content=\"instock\" \/>\n<meta property=\"product:availability\" content=\"instock\" \/>\n<meta property=\"product:condition\" content=\"new\" \/>\n<!-- \/ Yoast SEO Premium plugin. -->","yoast_head_json":{"title":"Vuelo en globo Empord\u00e0 grupo cerrado 12 personas - TecTickets","description":"Descubre el Ampurd\u00e1n desde las alturas con nuestro vuelo en globo. Experimenta vistas panor\u00e1micas \u00fanicas del paisaje, incluyendo las Islas Medes y el cabo de Creus. Desayuno al aire libre con coca de almendras y cava.","robots":{"index":"index","follow":"follow","max-snippet":"max-snippet:-1","max-image-preview":"max-image-preview:large","max-video-preview":"max-video-preview:-1"},"canonical":"https:\/\/tectickets.es\/zh\/product\/vuelo-en-globo-emporda-12-personas\/","og_locale":"zh_CN","og_type":"article","og_title":"Vuelo en globo Empord\u00e0 grupo cerrado 12 personas","og_description":"Descubre el Ampurd\u00e1n desde las alturas con nuestro vuelo en globo. Experimenta vistas panor\u00e1micas \u00fanicas del paisaje, incluyendo las Islas Medes y el cabo de Creus. Desayuno al aire libre con coca de almendras y cava.","og_url":"https:\/\/tectickets.es\/zh\/product\/vuelo-en-globo-emporda-12-personas\/","og_site_name":"TecTickets","article_publisher":"https:\/\/www.instagram.com\/tectickets\/","article_modified_time":"2025-10-17T13:45:59+00:00","og_image":[{"width":1024,"height":768,"url":"https:\/\/tectickets.es\/wp-content\/uploads\/2024\/04\/2-1.jpg","type":"image\/jpeg"}],"twitter_card":"summary_large_image","twitter_site":"@tectickets","twitter_misc":{"Price":"153,00&nbsp;\u20ac","Availability":"In stock"},"schema":{"@context":"https:\/\/schema.org","@graph":[{"@type":"WebPage","@id":"https:\/\/tectickets.es\/producto\/vuelo-en-globo-emporda-12-personas\/","url":"https:\/\/tectickets.es\/producto\/vuelo-en-globo-emporda-12-personas\/","name":"Vuelo en globo Empord\u00e0 grupo cerrado 12 personas - TecTickets","isPartOf":{"@id":"https:\/\/tectickets.es\/#website"},"primaryImageOfPage":{"@id":"https:\/\/tectickets.es\/producto\/vuelo-en-globo-emporda-12-personas\/#primaryimage"},"image":{"@id":"https:\/\/tectickets.es\/producto\/vuelo-en-globo-emporda-12-personas\/#primaryimage"},"thumbnailUrl":"https:\/\/tectickets.es\/wp-content\/uploads\/2024\/04\/2-1.jpg","datePublished":"2024-04-05T10:48:33+00:00","dateModified":"2025-10-17T13:45:59+00:00","description":"Descubre el Ampurd\u00e1n desde las alturas con nuestro vuelo en globo. Experimenta vistas panor\u00e1micas \u00fanicas del paisaje, incluyendo las Islas Medes y el cabo de Creus. Desayuno al aire libre con coca de almendras y cava.","breadcrumb":{"@id":"https:\/\/tectickets.es\/producto\/vuelo-en-globo-emporda-12-personas\/#breadcrumb"},"inLanguage":"zh-Hans","potentialAction":[{"@type":"ReadAction","target":["https:\/\/tectickets.es\/producto\/vuelo-en-globo-emporda-12-personas\/"]}]},{"@type":"ImageObject","inLanguage":"zh-Hans","@id":"https:\/\/tectickets.es\/producto\/vuelo-en-globo-emporda-12-personas\/#primaryimage","url":"https:\/\/tectickets.es\/wp-content\/uploads\/2024\/04\/2-1.jpg","contentUrl":"https:\/\/tectickets.es\/wp-content\/uploads\/2024\/04\/2-1.jpg","width":1024,"height":768,"caption":"Aterrizaje del globo aerost\u00e1tico en un prado de flores amarillas."},{"@type":"BreadcrumbList","@id":"https:\/\/tectickets.es\/producto\/vuelo-en-globo-emporda-12-personas\/#breadcrumb","itemListElement":[{"@type":"ListItem","position":1,"name":"Portada","item":"https:\/\/tectickets.es\/"},{"@type":"ListItem","position":2,"name":"Tienda","item":"https:\/\/tectickets.es\/tienda\/"},{"@type":"ListItem","position":3,"name":"Vuelo en globo Empord\u00e0 grupo cerrado 12 personas"}]},{"@type":"WebSite","@id":"https:\/\/tectickets.es\/#website","url":"https:\/\/tectickets.es\/","name":"TecTickets","description":"\u00a1Explora el universo del turismo, eventos y cultura con solo un clic!","publisher":{"@id":"https:\/\/tectickets.es\/#organization"},"potentialAction":[{"@type":"SearchAction","target":{"@type":"EntryPoint","urlTemplate":"https:\/\/tectickets.es\/?s={search_term_string}"},"query-input":{"@type":"PropertyValueSpecification","valueRequired":true,"valueName":"search_term_string"}}],"inLanguage":"zh-Hans"},{"@type":"Organization","@id":"https:\/\/tectickets.es\/#organization","name":"el teu tiquet.sl","url":"https:\/\/tectickets.es\/","logo":{"@type":"ImageObject","inLanguage":"zh-Hans","@id":"https:\/\/tectickets.es\/#\/schema\/logo\/image\/","url":"https:\/\/tectickets.es\/wp-content\/uploads\/2023\/06\/cropped-Agregar-un-titulo-800-\u00d7-600-px.png","contentUrl":"https:\/\/tectickets.es\/wp-content\/uploads\/2023\/06\/cropped-Agregar-un-titulo-800-\u00d7-600-px.png","width":733,"height":334,"caption":"el teu tiquet.sl"},"image":{"@id":"https:\/\/tectickets.es\/#\/schema\/logo\/image\/"},"sameAs":["https:\/\/www.instagram.com\/tectickets\/","https:\/\/x.com\/tectickets","https:\/\/www.pinterest.es\/tectickets\/","https:\/\/www.tiktok.com\/@tectickets","https:\/\/www.youtube.com\/@TecTickets"],"publishingPrinciples":"https:\/\/tectickets.es\/reembolso_devoluciones\/","ownershipFundingInfo":"https:\/\/tectickets.es\/contacto\/","actionableFeedbackPolicy":"https:\/\/tectickets.es\/condiciones-generales\/"}]},"product_price_amount":"153.00","product_price_currency":"EUR","og_availability":"instock","product_availability":"instock","product_condition":"new"},"_links":{"self":[{"href":"https:\/\/tectickets.es\/zh\/wp-json\/wp\/v2\/product\/5979","targetHints":{"allow":["GET"]}}],"collection":[{"href":"https:\/\/tectickets.es\/zh\/wp-json\/wp\/v2\/product"}],"about":[{"href":"https:\/\/tectickets.es\/zh\/wp-json\/wp\/v2\/types\/product"}],"replies":[{"embeddable":true,"href":"https:\/\/tectickets.es\/zh\/wp-json\/wp\/v2\/comments?post=5979"}],"version-history":[{"count":1,"href":"https:\/\/tectickets.es\/zh\/wp-json\/wp\/v2\/product\/5979\/revisions"}],"predecessor-version":[{"id":7395,"href":"https:\/\/tectickets.es\/zh\/wp-json\/wp\/v2\/product\/5979\/revisions\/7395"}],"wp:featuredmedia":[{"embeddable":true,"href":"https:\/\/tectickets.es\/zh\/wp-json\/wp\/v2\/media\/5989"}],"wp:attachment":[{"href":"https:\/\/tectickets.es\/zh\/wp-json\/wp\/v2\/media?parent=5979"}],"wp:term":[{"taxonomy":"product_brand","embeddable":true,"href":"https:\/\/tectickets.es\/zh\/wp-json\/wp\/v2\/product_brand?post=5979"},{"taxonomy":"product_cat","embeddable":true,"href":"https:\/\/tectickets.es\/zh\/wp-json\/wp\/v2\/product_cat?post=5979"},{"taxonomy":"product_tag","embeddable":true,"href":"https:\/\/tectickets.es\/zh\/wp-json\/wp\/v2\/product_tag?post=5979"},{"taxonomy":"tipo-de-experiencia","embeddable":true,"href":"https:\/\/tectickets.es\/zh\/wp-json\/wp\/v2\/tipo-de-experiencia?post=5979"}],"curies":[{"name":"wp","href":"https:\/\/api.w.org\/{rel}","templated":true}]}}