{"id":7100,"date":"2024-09-19T15:58:50","date_gmt":"2024-09-19T15:58:50","guid":{"rendered":"https:\/\/tectickets.es\/?post_type=product&#038;p=7100"},"modified":"2025-10-21T09:22:36","modified_gmt":"2025-10-21T09:22:36","slug":"barcelona-sagrada-familia-consigna-24h","status":"publish","type":"product","link":"https:\/\/tectickets.es\/zh\/product\/barcelona-sagrada-familia-consigna-24h\/","title":{"rendered":"Barcelona, Sagrada Familia: Consigna 24h"},"content":{"rendered":"<p>Visitar las impresionantes atracciones de Barcelona, como la Sagrada Familia, requiere la libertad de moverte, tomar fotos y disfrutar de tu entorno sin la carga de maletas pesadas. Locker Lock est\u00e1 dise\u00f1ado para los viajeros que buscan soluciones de almacenamiento <strong>c\u00f3modas, seguras y asequibles<\/strong>, permiti\u00e9ndote disfrutar de tu visita sin preocupaciones.<\/p>\n<h2>\u00bfC\u00f3mo Funciona?<\/h2>\n<h3>Pasos Simples para Asegurar tu Taquilla<\/h3>\n<ol>\n<li><strong>Reserva en L\u00ednea<\/strong>: Visita nuestra p\u00e1gina web, selecciona la fecha y el tama\u00f1o de tu taquilla.<\/li>\n<li><strong>Paga<\/strong>: Completa el proceso de pago seguro.<\/li>\n<li><strong>Recibe tu C\u00f3digo de Acceso<\/strong>: Recibir\u00e1s tu c\u00f3digo de acceso por correo electr\u00f3nico y SMS.<\/li>\n<li><strong>Guarda y Explora<\/strong>: en C\/ de Sic\u00edlia, 348. Ingresa tu c\u00f3digo en el teclado de la <a href=\"https:\/\/tectickets.es\/zh\/product\/dalis-figueres-girona-tour\/\"  data-wpil-monitor-id=\"38\">entrada<\/a> y en tu taquilla para almacenar tu equipaje de manera segura.<\/li>\n<\/ol>\n<h3>Tama\u00f1os de Taquillas Disponibles<\/h3>\n<p>Ofrecemos varios tama\u00f1os de taquillas para acomodar todas tus pertenencias:<\/p>\n<ul>\n<li><strong>M<\/strong>: 1 mochila y 1 maleta mediana.<\/li>\n<li><strong>XL<\/strong>: 1 bolso de mano, 1 mochila y 1 maleta grande\u2014o 2 mochilas y 2 maletas medianas.<\/li>\n<li><strong>XXL<\/strong>: 1 mochila y 1 maleta extragrande\u2014o 4 maletas medianas.<\/li>\n<\/ul>\n<p>Todas las reservas cubren un d\u00eda completo de calendario, desde las 00:00 hasta las 23:59.<\/p>\n<h2>Convenientemente Ubicadas Cerca de la Sagrada Familia<\/h2>\n<p>Nuestras taquillas est\u00e1n a solo 4 minutos caminando de la Sagrada Familia, en la calle Sicilia 348. Adem\u00e1s, estamos:<\/p>\n<ul>\n<li>A 5 minutos de la estaci\u00f3n de Clot (l\u00ednea L2)<\/li>\n<li>A 8 minutos de Passeig de Gracia (l\u00ednea L5), cerca de lugares ic\u00f3nicos como La Pedrera y la Casa Batll\u00f3<\/li>\n<li>A 10 minutos de Sants Estaci\u00f3, la principal estaci\u00f3n de tren de <a href=\"https:\/\/tectickets.es\/zh\/product\/taller-fotografico-en-gotic-y-born\/\"  data-wpil-monitor-id=\"11\">Barcelona<\/a><\/li>\n<li>A 15 minutos del centro comercial Gl\u00f2ries<\/li>\n<\/ul>\n<p>Locker Lock es la soluci\u00f3n perfecta para guardar tus maletas y explorar estos destinos tur\u00edsticos populares sin complicaciones.<\/p>\n<h2>Seguridad y Tranquilidad<\/h2>\n<p>Nuestras instalaciones est\u00e1n equipadas con <strong>c\u00e1maras de vigilancia 24\/7<\/strong>, y cada reserva de taquilla incluye un seguro para tus pertenencias de hasta 600 \u20ac (dependiendo del tama\u00f1o de la taquilla). Disfruta de tu tiempo en Barcelona sabiendo que tu equipaje est\u00e1 seguro.<\/p>","protected":false},"excerpt":{"rendered":"<ul>\n<li><strong>Varios tama\u00f1os de taquilla<\/strong> para adaptarse a cualquier equipaje.<\/li>\n<li><strong>Abierto 24\/7<\/strong> con acceso automatizado.<\/li>\n<li><strong>Ubicaci\u00f3n privilegiada<\/strong> cerca de la Sagrada Familia.<\/li>\n<li><strong>Seguro y asegurado<\/strong> hasta 600 \u20ac.<\/li>\n<li><strong>Wi-Fi gratis y puntos de carga USB<\/strong>.<\/li>\n<li><strong>Reserva en l\u00ednea<\/strong> en menos de un minuto.<\/li>\n<\/ul>","protected":false},"featured_media":7104,"comment_status":"open","ping_status":"closed","template":"","meta":[],"product_brand":[],"product_cat":[160,202],"product_tag":[],"tipo-de-experiencia":[],"class_list":{"0":"post-7100","1":"product","2":"type-product","3":"status-publish","4":"has-post-thumbnail","6":"product_cat-barcelona","7":"product_cat-servicios","9":"first","10":"instock","11":"virtual","12":"purchasable","13":"product-type-simple"},"yoast_head":"<!-- This site is optimized with the Yoast SEO Premium plugin v24.5 (Yoast SEO v27.5) - https:\/\/yoast.com\/product\/yoast-seo-premium-wordpress\/ -->\n<title>Barcelona, Sagrada Familia: Consigna 24h - TecTickets<\/title>\n<meta name=\"description\" content=\"\u00bfBusca una consigna de equipaje segura y pr\u00e1ctica las 24 horas cerca de la Sagrada Familia? Reserve ahora online con Locker Lock y explore Barcelona con las manos libres.\" \/>\n<meta name=\"robots\" content=\"index, follow, max-snippet:-1, max-image-preview:large, max-video-preview:-1\" \/>\n<link rel=\"canonical\" href=\"https:\/\/tectickets.es\/zh\/product\/barcelona-sagrada-familia-consigna-24h\/\" \/>\n<meta property=\"og:locale\" content=\"zh_CN\" \/>\n<meta property=\"og:type\" content=\"article\" \/>\n<meta property=\"og:title\" content=\"Barcelona, Sagrada Familia: Consigna 24h\" \/>\n<meta property=\"og:description\" content=\"\u00bfBusca una consigna de equipaje segura y pr\u00e1ctica las 24 horas cerca de la Sagrada Familia? Reserve ahora online con Locker Lock y explore Barcelona con las manos libres.\" \/>\n<meta property=\"og:url\" content=\"https:\/\/tectickets.es\/zh\/product\/barcelona-sagrada-familia-consigna-24h\/\" \/>\n<meta property=\"og:site_name\" content=\"TecTickets\" \/>\n<meta property=\"article:publisher\" content=\"https:\/\/www.instagram.com\/tectickets\/\" \/>\n<meta property=\"article:modified_time\" content=\"2025-10-21T09:22:36+00:00\" \/>\n<meta property=\"og:image\" content=\"https:\/\/tectickets.es\/wp-content\/uploads\/2024\/09\/1.png\" \/>\n\t<meta property=\"og:image:width\" content=\"1024\" \/>\n\t<meta property=\"og:image:height\" content=\"768\" \/>\n\t<meta property=\"og:image:type\" content=\"image\/png\" \/>\n<meta name=\"twitter:card\" content=\"summary_large_image\" \/>\n<meta name=\"twitter:site\" content=\"@tectickets\" \/>\n<meta name=\"twitter:label1\" content=\"Price\" \/>\n\t<meta name=\"twitter:data1\" content=\"5,00&nbsp;\u20ac\" \/>\n\t<meta name=\"twitter:label2\" content=\"Availability\" \/>\n\t<meta name=\"twitter:data2\" content=\"In stock\" \/>\n<script type=\"application\/ld+json\" class=\"yoast-schema-graph\">{\"@context\":\"https:\\\/\\\/schema.org\",\"@graph\":[{\"@type\":\"WebPage\",\"@id\":\"https:\\\/\\\/tectickets.es\\\/producto\\\/barcelona-sagrada-familia-consigna-24h\\\/\",\"url\":\"https:\\\/\\\/tectickets.es\\\/producto\\\/barcelona-sagrada-familia-consigna-24h\\\/\",\"name\":\"Barcelona, Sagrada Familia: Consigna 24h - TecTickets\",\"isPartOf\":{\"@id\":\"https:\\\/\\\/tectickets.es\\\/#website\"},\"primaryImageOfPage\":{\"@id\":\"https:\\\/\\\/tectickets.es\\\/producto\\\/barcelona-sagrada-familia-consigna-24h\\\/#primaryimage\"},\"image\":{\"@id\":\"https:\\\/\\\/tectickets.es\\\/producto\\\/barcelona-sagrada-familia-consigna-24h\\\/#primaryimage\"},\"thumbnailUrl\":\"https:\\\/\\\/tectickets.es\\\/wp-content\\\/uploads\\\/2024\\\/09\\\/1.png\",\"datePublished\":\"2024-09-19T15:58:50+00:00\",\"dateModified\":\"2025-10-21T09:22:36+00:00\",\"description\":\"\u00bfBusca una consigna de equipaje segura y pr\u00e1ctica las 24 horas cerca de la Sagrada Familia? Reserve ahora online con Locker Lock y explore Barcelona con las manos libres.\",\"breadcrumb\":{\"@id\":\"https:\\\/\\\/tectickets.es\\\/producto\\\/barcelona-sagrada-familia-consigna-24h\\\/#breadcrumb\"},\"inLanguage\":\"zh-Hans\",\"potentialAction\":[{\"@type\":\"ReadAction\",\"target\":[\"https:\\\/\\\/tectickets.es\\\/producto\\\/barcelona-sagrada-familia-consigna-24h\\\/\"]}]},{\"@type\":\"ImageObject\",\"inLanguage\":\"zh-Hans\",\"@id\":\"https:\\\/\\\/tectickets.es\\\/producto\\\/barcelona-sagrada-familia-consigna-24h\\\/#primaryimage\",\"url\":\"https:\\\/\\\/tectickets.es\\\/wp-content\\\/uploads\\\/2024\\\/09\\\/1.png\",\"contentUrl\":\"https:\\\/\\\/tectickets.es\\\/wp-content\\\/uploads\\\/2024\\\/09\\\/1.png\",\"width\":1024,\"height\":768},{\"@type\":\"BreadcrumbList\",\"@id\":\"https:\\\/\\\/tectickets.es\\\/producto\\\/barcelona-sagrada-familia-consigna-24h\\\/#breadcrumb\",\"itemListElement\":[{\"@type\":\"ListItem\",\"position\":1,\"name\":\"Portada\",\"item\":\"https:\\\/\\\/tectickets.es\\\/\"},{\"@type\":\"ListItem\",\"position\":2,\"name\":\"Tienda\",\"item\":\"https:\\\/\\\/tectickets.es\\\/tienda\\\/\"},{\"@type\":\"ListItem\",\"position\":3,\"name\":\"Barcelona, Sagrada Familia: Consigna 24h\"}]},{\"@type\":\"WebSite\",\"@id\":\"https:\\\/\\\/tectickets.es\\\/#website\",\"url\":\"https:\\\/\\\/tectickets.es\\\/\",\"name\":\"TecTickets\",\"description\":\"\u00a1Explora el universo del turismo, eventos y cultura con solo un clic!\",\"publisher\":{\"@id\":\"https:\\\/\\\/tectickets.es\\\/#organization\"},\"potentialAction\":[{\"@type\":\"SearchAction\",\"target\":{\"@type\":\"EntryPoint\",\"urlTemplate\":\"https:\\\/\\\/tectickets.es\\\/?s={search_term_string}\"},\"query-input\":{\"@type\":\"PropertyValueSpecification\",\"valueRequired\":true,\"valueName\":\"search_term_string\"}}],\"inLanguage\":\"zh-Hans\"},{\"@type\":\"Organization\",\"@id\":\"https:\\\/\\\/tectickets.es\\\/#organization\",\"name\":\"el teu tiquet.sl\",\"url\":\"https:\\\/\\\/tectickets.es\\\/\",\"logo\":{\"@type\":\"ImageObject\",\"inLanguage\":\"zh-Hans\",\"@id\":\"https:\\\/\\\/tectickets.es\\\/#\\\/schema\\\/logo\\\/image\\\/\",\"url\":\"https:\\\/\\\/tectickets.es\\\/wp-content\\\/uploads\\\/2023\\\/06\\\/cropped-Agregar-un-titulo-800-\u00d7-600-px.png\",\"contentUrl\":\"https:\\\/\\\/tectickets.es\\\/wp-content\\\/uploads\\\/2023\\\/06\\\/cropped-Agregar-un-titulo-800-\u00d7-600-px.png\",\"width\":733,\"height\":334,\"caption\":\"el teu tiquet.sl\"},\"image\":{\"@id\":\"https:\\\/\\\/tectickets.es\\\/#\\\/schema\\\/logo\\\/image\\\/\"},\"sameAs\":[\"https:\\\/\\\/www.instagram.com\\\/tectickets\\\/\",\"https:\\\/\\\/x.com\\\/tectickets\",\"https:\\\/\\\/www.pinterest.es\\\/tectickets\\\/\",\"https:\\\/\\\/www.tiktok.com\\\/@tectickets\",\"https:\\\/\\\/www.youtube.com\\\/@TecTickets\"],\"publishingPrinciples\":\"https:\\\/\\\/tectickets.es\\\/reembolso_devoluciones\\\/\",\"ownershipFundingInfo\":\"https:\\\/\\\/tectickets.es\\\/contacto\\\/\",\"actionableFeedbackPolicy\":\"https:\\\/\\\/tectickets.es\\\/condiciones-generales\\\/\"}]}<\/script>\n<meta property=\"product:price:amount\" content=\"5.00\" \/>\n<meta property=\"product:price:currency\" content=\"EUR\" \/>\n<meta property=\"og:availability\" content=\"instock\" \/>\n<meta property=\"product:availability\" content=\"instock\" \/>\n<meta property=\"product:condition\" content=\"new\" \/>\n<!-- \/ Yoast SEO Premium plugin. -->","yoast_head_json":{"title":"Barcelona, Sagrada Familia: Consigna 24h - TecTickets","description":"\u00bfBusca una consigna de equipaje segura y pr\u00e1ctica las 24 horas cerca de la Sagrada Familia? Reserve ahora online con Locker Lock y explore Barcelona con las manos libres.","robots":{"index":"index","follow":"follow","max-snippet":"max-snippet:-1","max-image-preview":"max-image-preview:large","max-video-preview":"max-video-preview:-1"},"canonical":"https:\/\/tectickets.es\/zh\/product\/barcelona-sagrada-familia-consigna-24h\/","og_locale":"zh_CN","og_type":"article","og_title":"Barcelona, Sagrada Familia: Consigna 24h","og_description":"\u00bfBusca una consigna de equipaje segura y pr\u00e1ctica las 24 horas cerca de la Sagrada Familia? Reserve ahora online con Locker Lock y explore Barcelona con las manos libres.","og_url":"https:\/\/tectickets.es\/zh\/product\/barcelona-sagrada-familia-consigna-24h\/","og_site_name":"TecTickets","article_publisher":"https:\/\/www.instagram.com\/tectickets\/","article_modified_time":"2025-10-21T09:22:36+00:00","og_image":[{"width":1024,"height":768,"url":"https:\/\/tectickets.es\/wp-content\/uploads\/2024\/09\/1.png","type":"image\/png"}],"twitter_card":"summary_large_image","twitter_site":"@tectickets","twitter_misc":{"Price":"5,00&nbsp;\u20ac","Availability":"In stock"},"schema":{"@context":"https:\/\/schema.org","@graph":[{"@type":"WebPage","@id":"https:\/\/tectickets.es\/producto\/barcelona-sagrada-familia-consigna-24h\/","url":"https:\/\/tectickets.es\/producto\/barcelona-sagrada-familia-consigna-24h\/","name":"Barcelona, Sagrada Familia: Consigna 24h - TecTickets","isPartOf":{"@id":"https:\/\/tectickets.es\/#website"},"primaryImageOfPage":{"@id":"https:\/\/tectickets.es\/producto\/barcelona-sagrada-familia-consigna-24h\/#primaryimage"},"image":{"@id":"https:\/\/tectickets.es\/producto\/barcelona-sagrada-familia-consigna-24h\/#primaryimage"},"thumbnailUrl":"https:\/\/tectickets.es\/wp-content\/uploads\/2024\/09\/1.png","datePublished":"2024-09-19T15:58:50+00:00","dateModified":"2025-10-21T09:22:36+00:00","description":"\u00bfBusca una consigna de equipaje segura y pr\u00e1ctica las 24 horas cerca de la Sagrada Familia? Reserve ahora online con Locker Lock y explore Barcelona con las manos libres.","breadcrumb":{"@id":"https:\/\/tectickets.es\/producto\/barcelona-sagrada-familia-consigna-24h\/#breadcrumb"},"inLanguage":"zh-Hans","potentialAction":[{"@type":"ReadAction","target":["https:\/\/tectickets.es\/producto\/barcelona-sagrada-familia-consigna-24h\/"]}]},{"@type":"ImageObject","inLanguage":"zh-Hans","@id":"https:\/\/tectickets.es\/producto\/barcelona-sagrada-familia-consigna-24h\/#primaryimage","url":"https:\/\/tectickets.es\/wp-content\/uploads\/2024\/09\/1.png","contentUrl":"https:\/\/tectickets.es\/wp-content\/uploads\/2024\/09\/1.png","width":1024,"height":768},{"@type":"BreadcrumbList","@id":"https:\/\/tectickets.es\/producto\/barcelona-sagrada-familia-consigna-24h\/#breadcrumb","itemListElement":[{"@type":"ListItem","position":1,"name":"Portada","item":"https:\/\/tectickets.es\/"},{"@type":"ListItem","position":2,"name":"Tienda","item":"https:\/\/tectickets.es\/tienda\/"},{"@type":"ListItem","position":3,"name":"Barcelona, Sagrada Familia: Consigna 24h"}]},{"@type":"WebSite","@id":"https:\/\/tectickets.es\/#website","url":"https:\/\/tectickets.es\/","name":"TecTickets","description":"\u00a1Explora el universo del turismo, eventos y cultura con solo un clic!","publisher":{"@id":"https:\/\/tectickets.es\/#organization"},"potentialAction":[{"@type":"SearchAction","target":{"@type":"EntryPoint","urlTemplate":"https:\/\/tectickets.es\/?s={search_term_string}"},"query-input":{"@type":"PropertyValueSpecification","valueRequired":true,"valueName":"search_term_string"}}],"inLanguage":"zh-Hans"},{"@type":"Organization","@id":"https:\/\/tectickets.es\/#organization","name":"el teu tiquet.sl","url":"https:\/\/tectickets.es\/","logo":{"@type":"ImageObject","inLanguage":"zh-Hans","@id":"https:\/\/tectickets.es\/#\/schema\/logo\/image\/","url":"https:\/\/tectickets.es\/wp-content\/uploads\/2023\/06\/cropped-Agregar-un-titulo-800-\u00d7-600-px.png","contentUrl":"https:\/\/tectickets.es\/wp-content\/uploads\/2023\/06\/cropped-Agregar-un-titulo-800-\u00d7-600-px.png","width":733,"height":334,"caption":"el teu tiquet.sl"},"image":{"@id":"https:\/\/tectickets.es\/#\/schema\/logo\/image\/"},"sameAs":["https:\/\/www.instagram.com\/tectickets\/","https:\/\/x.com\/tectickets","https:\/\/www.pinterest.es\/tectickets\/","https:\/\/www.tiktok.com\/@tectickets","https:\/\/www.youtube.com\/@TecTickets"],"publishingPrinciples":"https:\/\/tectickets.es\/reembolso_devoluciones\/","ownershipFundingInfo":"https:\/\/tectickets.es\/contacto\/","actionableFeedbackPolicy":"https:\/\/tectickets.es\/condiciones-generales\/"}]},"product_price_amount":"5.00","product_price_currency":"EUR","og_availability":"instock","product_availability":"instock","product_condition":"new"},"_links":{"self":[{"href":"https:\/\/tectickets.es\/zh\/wp-json\/wp\/v2\/product\/7100","targetHints":{"allow":["GET"]}}],"collection":[{"href":"https:\/\/tectickets.es\/zh\/wp-json\/wp\/v2\/product"}],"about":[{"href":"https:\/\/tectickets.es\/zh\/wp-json\/wp\/v2\/types\/product"}],"replies":[{"embeddable":true,"href":"https:\/\/tectickets.es\/zh\/wp-json\/wp\/v2\/comments?post=7100"}],"version-history":[{"count":3,"href":"https:\/\/tectickets.es\/zh\/wp-json\/wp\/v2\/product\/7100\/revisions"}],"predecessor-version":[{"id":7493,"href":"https:\/\/tectickets.es\/zh\/wp-json\/wp\/v2\/product\/7100\/revisions\/7493"}],"wp:featuredmedia":[{"embeddable":true,"href":"https:\/\/tectickets.es\/zh\/wp-json\/wp\/v2\/media\/7104"}],"wp:attachment":[{"href":"https:\/\/tectickets.es\/zh\/wp-json\/wp\/v2\/media?parent=7100"}],"wp:term":[{"taxonomy":"product_brand","embeddable":true,"href":"https:\/\/tectickets.es\/zh\/wp-json\/wp\/v2\/product_brand?post=7100"},{"taxonomy":"product_cat","embeddable":true,"href":"https:\/\/tectickets.es\/zh\/wp-json\/wp\/v2\/product_cat?post=7100"},{"taxonomy":"product_tag","embeddable":true,"href":"https:\/\/tectickets.es\/zh\/wp-json\/wp\/v2\/product_tag?post=7100"},{"taxonomy":"tipo-de-experiencia","embeddable":true,"href":"https:\/\/tectickets.es\/zh\/wp-json\/wp\/v2\/tipo-de-experiencia?post=7100"}],"curies":[{"name":"wp","href":"https:\/\/api.w.org\/{rel}","templated":true}]}}