{"id":7255,"date":"2025-09-02T15:15:01","date_gmt":"2025-09-02T15:15:01","guid":{"rendered":"https:\/\/tectickets.es\/?post_type=product&#038;p=7255"},"modified":"2025-10-21T09:00:52","modified_gmt":"2025-10-21T09:00:52","slug":"tour-a-pie-por-barcelona-ruta-del-modernista","status":"publish","type":"product","link":"https:\/\/tectickets.es\/zh\/product\/tour-a-pie-por-barcelona-ruta-del-modernista\/","title":{"rendered":"Tour a Pie por Barcelona \u2013 Ruta del Modernisme"},"content":{"rendered":"<p data-start=\"557\" data-end=\"793\">Si quieres enamorarte de Barcelona desde otra perspectiva, este tour es para ti.<br data-start=\"637\" data-end=\"640\" \/>Te invitamos a recorrer el <strong data-start=\"667\" data-end=\"683\">Quadrat d\u2019Or<\/strong>, el coraz\u00f3n del Eixample, donde las calles son un aut\u00e9ntico museo al aire libre del <strong data-start=\"768\" data-end=\"790\">Modernisme catal\u00e1n<\/strong>.<\/p>\n<p data-start=\"795\" data-end=\"1056\">De la mano de un <strong data-start=\"812\" data-end=\"864\">gu\u00eda oficial acreditado por Turisme de Barcelona<\/strong>, conocer\u00e1s las historias, secretos y curiosidades de los grandes maestros que hicieron de esta ciudad un icono mundial: <strong data-start=\"985\" data-end=\"1053\">Antoni Gaud\u00ed, Llu\u00eds Dom\u00e8nech i Montaner y Josep Puig i Cadafalch<\/strong>.<\/p>\n<p data-start=\"1058\" data-end=\"1136\">Durante el paseo disfrutar\u00e1s de joyas arquitect\u00f3nicas que quitan el aliento:<\/p>\n<ul data-start=\"1137\" data-end=\"1555\">\n<li data-start=\"1137\" data-end=\"1207\">\n<p data-start=\"1139\" data-end=\"1207\">La elegante <strong data-start=\"1151\" data-end=\"1167\">Casa Comalat<\/strong> y el majestuoso <strong data-start=\"1184\" data-end=\"1204\">Palau de Quadras<\/strong>.<\/p>\n<\/li>\n<li data-start=\"1208\" data-end=\"1326\">\n<p data-start=\"1210\" data-end=\"1326\">El c\u00e9lebre <strong data-start=\"1221\" data-end=\"1250\">\u201cManzana de la Discordia\u201d<\/strong>, con la impresionante <strong data-start=\"1273\" data-end=\"1288\">Casa Batll\u00f3<\/strong> y la refinada <strong data-start=\"1303\" data-end=\"1323\">Casa Lle\u00f3 Morera<\/strong>.<\/p>\n<\/li>\n<li data-start=\"1327\" data-end=\"1408\">\n<p data-start=\"1329\" data-end=\"1408\">La emblem\u00e1tica <strong data-start=\"1344\" data-end=\"1370\">Casa Mil\u00e0 (La Pedrera)<\/strong>, s\u00edmbolo de la genialidad de Gaud\u00ed.<\/p>\n<\/li>\n<li data-start=\"1409\" data-end=\"1555\">\n<p data-start=\"1411\" data-end=\"1555\">Tesoros menos conocidos, como la <strong data-start=\"1444\" data-end=\"1461\">Casa Rocamora<\/strong>, la <strong data-start=\"1466\" data-end=\"1480\">Pia Batll\u00f3<\/strong> o la <strong data-start=\"1486\" data-end=\"1516\">Editorial Montaner i Simon<\/strong>, actual <strong data-start=\"1525\" data-end=\"1552\">Fundaci\u00f3n Antoni T\u00e0pies<\/strong>.<\/p>\n<\/li>\n<\/ul>\n<p data-start=\"1557\" data-end=\"1723\">Cada parada te permitir\u00e1 ver m\u00e1s all\u00e1 de las fachadas y comprender c\u00f3mo el arte, la arquitectura y la historia se fusionaron para crear un estilo \u00fanico en el mundo.<\/p>\n<p data-start=\"1725\" data-end=\"1935\">Con grupos reducidos, accesibilidad y la seguridad de un servicio oficial, este tour es la oportunidad perfecta para <strong data-start=\"1842\" data-end=\"1932\">descubrir <a href=\"https:\/\/tectickets.es\/zh\/product\/taller-fotografico-en-gotic-y-born\/\"  data-wpil-monitor-id=\"10\">Barcelona<\/a> con otros ojos, dejarte inspirar y llevarte recuerdos inolvidables<\/strong>.<\/p>","protected":false},"excerpt":{"rendered":"<ul>\n<li>Vive el Modernisme de cerca en su escenario m\u00e1s aut\u00e9ntico.<\/li>\n<li>Descubre las obras maestras de <strong data-start=\"2848\" data-end=\"2897\">Gaud\u00ed, Dom\u00e8nech i Montaner y Puig i Cadafalch.<\/strong><\/li>\n<li>Admira iconos como <strong data-start=\"2922\" data-end=\"2968\">Casa Batll\u00f3, La Pedrera y Casa Lle\u00f3 Morera<\/strong>.<\/li>\n<li>Disfruta de un recorrido oficial, seguro y enriquecedor.<\/li>\n<\/ul>","protected":false},"featured_media":7259,"comment_status":"open","ping_status":"closed","template":"","meta":[],"product_brand":[],"product_cat":[160,271],"product_tag":[120,283,282],"tipo-de-experiencia":[53],"class_list":{"0":"post-7255","1":"product","2":"type-product","3":"status-publish","4":"has-post-thumbnail","6":"product_cat-barcelona","7":"product_cat-barrios-emblematicos","8":"product_tag-barcelona","9":"product_tag-modernista","10":"product_tag-tour","11":"tipo-de-experiencia-tour-guiado","13":"first","14":"instock","15":"sale","16":"shipping-taxable","17":"purchasable","18":"product-type-simple"},"yoast_head":"<!-- This site is optimized with the Yoast SEO Premium plugin v24.5 (Yoast SEO v27.5) - https:\/\/yoast.com\/product\/yoast-seo-premium-wordpress\/ -->\n<title>Tour a Pie por Barcelona \u2013 Ruta del Modernisme - TecTickets<\/title>\n<meta name=\"description\" content=\"Explora el Modernisme en Barcelona con un tour guiado oficial. Admira La Pedrera, Casa Batll\u00f3 y mucho m\u00e1s en el Quadrat d\u2019Or. \u00a1Reserva ahora tu visita!\" \/>\n<meta name=\"robots\" content=\"index, follow, max-snippet:-1, max-image-preview:large, max-video-preview:-1\" \/>\n<link rel=\"canonical\" href=\"https:\/\/tectickets.es\/zh\/product\/tour-a-pie-por-barcelona-ruta-del-modernista\/\" \/>\n<meta property=\"og:locale\" content=\"zh_CN\" \/>\n<meta property=\"og:type\" content=\"article\" \/>\n<meta property=\"og:title\" content=\"Tour a Pie por Barcelona \u2013 Ruta del Modernisme\" \/>\n<meta property=\"og:description\" content=\"Explora el Modernisme en Barcelona con un tour guiado oficial. Admira La Pedrera, Casa Batll\u00f3 y mucho m\u00e1s en el Quadrat d\u2019Or. \u00a1Reserva ahora tu visita!\" \/>\n<meta property=\"og:url\" content=\"https:\/\/tectickets.es\/zh\/product\/tour-a-pie-por-barcelona-ruta-del-modernista\/\" \/>\n<meta property=\"og:site_name\" content=\"TecTickets\" \/>\n<meta property=\"article:publisher\" content=\"https:\/\/www.instagram.com\/tectickets\/\" \/>\n<meta property=\"article:modified_time\" content=\"2025-10-21T09:00:52+00:00\" \/>\n<meta property=\"og:image\" content=\"https:\/\/tectickets.es\/wp-content\/uploads\/2025\/09\/50-scaled.jpg\" \/>\n\t<meta property=\"og:image:width\" content=\"2560\" \/>\n\t<meta property=\"og:image:height\" content=\"1707\" \/>\n\t<meta property=\"og:image:type\" content=\"image\/jpeg\" \/>\n<meta name=\"twitter:card\" content=\"summary_large_image\" \/>\n<meta name=\"twitter:site\" content=\"@tectickets\" \/>\n<meta name=\"twitter:label1\" content=\"Price\" \/>\n\t<meta name=\"twitter:data1\" content=\"15,00&nbsp;\u20ac\" \/>\n\t<meta name=\"twitter:label2\" content=\"Availability\" \/>\n\t<meta name=\"twitter:data2\" content=\"In stock\" \/>\n<script type=\"application\/ld+json\" class=\"yoast-schema-graph\">{\"@context\":\"https:\\\/\\\/schema.org\",\"@graph\":[{\"@type\":\"WebPage\",\"@id\":\"https:\\\/\\\/tectickets.es\\\/producto\\\/tour-a-pie-por-barcelona-ruta-del-modernista\\\/\",\"url\":\"https:\\\/\\\/tectickets.es\\\/producto\\\/tour-a-pie-por-barcelona-ruta-del-modernista\\\/\",\"name\":\"Tour a Pie por Barcelona \u2013 Ruta del Modernisme - TecTickets\",\"isPartOf\":{\"@id\":\"https:\\\/\\\/tectickets.es\\\/#website\"},\"primaryImageOfPage\":{\"@id\":\"https:\\\/\\\/tectickets.es\\\/producto\\\/tour-a-pie-por-barcelona-ruta-del-modernista\\\/#primaryimage\"},\"image\":{\"@id\":\"https:\\\/\\\/tectickets.es\\\/producto\\\/tour-a-pie-por-barcelona-ruta-del-modernista\\\/#primaryimage\"},\"thumbnailUrl\":\"https:\\\/\\\/tectickets.es\\\/wp-content\\\/uploads\\\/2025\\\/09\\\/50-scaled.jpg\",\"datePublished\":\"2025-09-02T15:15:01+00:00\",\"dateModified\":\"2025-10-21T09:00:52+00:00\",\"description\":\"Explora el Modernisme en Barcelona con un tour guiado oficial. Admira La Pedrera, Casa Batll\u00f3 y mucho m\u00e1s en el Quadrat d\u2019Or. \u00a1Reserva ahora tu visita!\",\"breadcrumb\":{\"@id\":\"https:\\\/\\\/tectickets.es\\\/producto\\\/tour-a-pie-por-barcelona-ruta-del-modernista\\\/#breadcrumb\"},\"inLanguage\":\"zh-Hans\",\"potentialAction\":[{\"@type\":\"ReadAction\",\"target\":[\"https:\\\/\\\/tectickets.es\\\/producto\\\/tour-a-pie-por-barcelona-ruta-del-modernista\\\/\"]}]},{\"@type\":\"ImageObject\",\"inLanguage\":\"zh-Hans\",\"@id\":\"https:\\\/\\\/tectickets.es\\\/producto\\\/tour-a-pie-por-barcelona-ruta-del-modernista\\\/#primaryimage\",\"url\":\"https:\\\/\\\/tectickets.es\\\/wp-content\\\/uploads\\\/2025\\\/09\\\/50-scaled.jpg\",\"contentUrl\":\"https:\\\/\\\/tectickets.es\\\/wp-content\\\/uploads\\\/2025\\\/09\\\/50-scaled.jpg\",\"width\":2560,\"height\":1707},{\"@type\":\"BreadcrumbList\",\"@id\":\"https:\\\/\\\/tectickets.es\\\/producto\\\/tour-a-pie-por-barcelona-ruta-del-modernista\\\/#breadcrumb\",\"itemListElement\":[{\"@type\":\"ListItem\",\"position\":1,\"name\":\"Portada\",\"item\":\"https:\\\/\\\/tectickets.es\\\/\"},{\"@type\":\"ListItem\",\"position\":2,\"name\":\"Tienda\",\"item\":\"https:\\\/\\\/tectickets.es\\\/tienda\\\/\"},{\"@type\":\"ListItem\",\"position\":3,\"name\":\"Tour a Pie por Barcelona \u2013 Ruta del Modernisme\"}]},{\"@type\":\"WebSite\",\"@id\":\"https:\\\/\\\/tectickets.es\\\/#website\",\"url\":\"https:\\\/\\\/tectickets.es\\\/\",\"name\":\"TecTickets\",\"description\":\"\u00a1Explora el universo del turismo, eventos y cultura con solo un clic!\",\"publisher\":{\"@id\":\"https:\\\/\\\/tectickets.es\\\/#organization\"},\"potentialAction\":[{\"@type\":\"SearchAction\",\"target\":{\"@type\":\"EntryPoint\",\"urlTemplate\":\"https:\\\/\\\/tectickets.es\\\/?s={search_term_string}\"},\"query-input\":{\"@type\":\"PropertyValueSpecification\",\"valueRequired\":true,\"valueName\":\"search_term_string\"}}],\"inLanguage\":\"zh-Hans\"},{\"@type\":\"Organization\",\"@id\":\"https:\\\/\\\/tectickets.es\\\/#organization\",\"name\":\"el teu tiquet.sl\",\"url\":\"https:\\\/\\\/tectickets.es\\\/\",\"logo\":{\"@type\":\"ImageObject\",\"inLanguage\":\"zh-Hans\",\"@id\":\"https:\\\/\\\/tectickets.es\\\/#\\\/schema\\\/logo\\\/image\\\/\",\"url\":\"https:\\\/\\\/tectickets.es\\\/wp-content\\\/uploads\\\/2023\\\/06\\\/cropped-Agregar-un-titulo-800-\u00d7-600-px.png\",\"contentUrl\":\"https:\\\/\\\/tectickets.es\\\/wp-content\\\/uploads\\\/2023\\\/06\\\/cropped-Agregar-un-titulo-800-\u00d7-600-px.png\",\"width\":733,\"height\":334,\"caption\":\"el teu tiquet.sl\"},\"image\":{\"@id\":\"https:\\\/\\\/tectickets.es\\\/#\\\/schema\\\/logo\\\/image\\\/\"},\"sameAs\":[\"https:\\\/\\\/www.instagram.com\\\/tectickets\\\/\",\"https:\\\/\\\/x.com\\\/tectickets\",\"https:\\\/\\\/www.pinterest.es\\\/tectickets\\\/\",\"https:\\\/\\\/www.tiktok.com\\\/@tectickets\",\"https:\\\/\\\/www.youtube.com\\\/@TecTickets\"],\"publishingPrinciples\":\"https:\\\/\\\/tectickets.es\\\/reembolso_devoluciones\\\/\",\"ownershipFundingInfo\":\"https:\\\/\\\/tectickets.es\\\/contacto\\\/\",\"actionableFeedbackPolicy\":\"https:\\\/\\\/tectickets.es\\\/condiciones-generales\\\/\"}]}<\/script>\n<meta property=\"product:price:amount\" content=\"15.00\" \/>\n<meta property=\"product:price:currency\" content=\"EUR\" \/>\n<meta property=\"og:availability\" content=\"instock\" \/>\n<meta property=\"product:availability\" content=\"instock\" \/>\n<meta property=\"product:condition\" content=\"new\" \/>\n<!-- \/ Yoast SEO Premium plugin. -->","yoast_head_json":{"title":"Tour a Pie por Barcelona \u2013 Ruta del Modernisme - TecTickets","description":"Explora el Modernisme en Barcelona con un tour guiado oficial. Admira La Pedrera, Casa Batll\u00f3 y mucho m\u00e1s en el Quadrat d\u2019Or. \u00a1Reserva ahora tu visita!","robots":{"index":"index","follow":"follow","max-snippet":"max-snippet:-1","max-image-preview":"max-image-preview:large","max-video-preview":"max-video-preview:-1"},"canonical":"https:\/\/tectickets.es\/zh\/product\/tour-a-pie-por-barcelona-ruta-del-modernista\/","og_locale":"zh_CN","og_type":"article","og_title":"Tour a Pie por Barcelona \u2013 Ruta del Modernisme","og_description":"Explora el Modernisme en Barcelona con un tour guiado oficial. Admira La Pedrera, Casa Batll\u00f3 y mucho m\u00e1s en el Quadrat d\u2019Or. \u00a1Reserva ahora tu visita!","og_url":"https:\/\/tectickets.es\/zh\/product\/tour-a-pie-por-barcelona-ruta-del-modernista\/","og_site_name":"TecTickets","article_publisher":"https:\/\/www.instagram.com\/tectickets\/","article_modified_time":"2025-10-21T09:00:52+00:00","og_image":[{"width":2560,"height":1707,"url":"https:\/\/tectickets.es\/wp-content\/uploads\/2025\/09\/50-scaled.jpg","type":"image\/jpeg"}],"twitter_card":"summary_large_image","twitter_site":"@tectickets","twitter_misc":{"Price":"15,00&nbsp;\u20ac","Availability":"In stock"},"schema":{"@context":"https:\/\/schema.org","@graph":[{"@type":"WebPage","@id":"https:\/\/tectickets.es\/producto\/tour-a-pie-por-barcelona-ruta-del-modernista\/","url":"https:\/\/tectickets.es\/producto\/tour-a-pie-por-barcelona-ruta-del-modernista\/","name":"Tour a Pie por Barcelona \u2013 Ruta del Modernisme - TecTickets","isPartOf":{"@id":"https:\/\/tectickets.es\/#website"},"primaryImageOfPage":{"@id":"https:\/\/tectickets.es\/producto\/tour-a-pie-por-barcelona-ruta-del-modernista\/#primaryimage"},"image":{"@id":"https:\/\/tectickets.es\/producto\/tour-a-pie-por-barcelona-ruta-del-modernista\/#primaryimage"},"thumbnailUrl":"https:\/\/tectickets.es\/wp-content\/uploads\/2025\/09\/50-scaled.jpg","datePublished":"2025-09-02T15:15:01+00:00","dateModified":"2025-10-21T09:00:52+00:00","description":"Explora el Modernisme en Barcelona con un tour guiado oficial. Admira La Pedrera, Casa Batll\u00f3 y mucho m\u00e1s en el Quadrat d\u2019Or. \u00a1Reserva ahora tu visita!","breadcrumb":{"@id":"https:\/\/tectickets.es\/producto\/tour-a-pie-por-barcelona-ruta-del-modernista\/#breadcrumb"},"inLanguage":"zh-Hans","potentialAction":[{"@type":"ReadAction","target":["https:\/\/tectickets.es\/producto\/tour-a-pie-por-barcelona-ruta-del-modernista\/"]}]},{"@type":"ImageObject","inLanguage":"zh-Hans","@id":"https:\/\/tectickets.es\/producto\/tour-a-pie-por-barcelona-ruta-del-modernista\/#primaryimage","url":"https:\/\/tectickets.es\/wp-content\/uploads\/2025\/09\/50-scaled.jpg","contentUrl":"https:\/\/tectickets.es\/wp-content\/uploads\/2025\/09\/50-scaled.jpg","width":2560,"height":1707},{"@type":"BreadcrumbList","@id":"https:\/\/tectickets.es\/producto\/tour-a-pie-por-barcelona-ruta-del-modernista\/#breadcrumb","itemListElement":[{"@type":"ListItem","position":1,"name":"Portada","item":"https:\/\/tectickets.es\/"},{"@type":"ListItem","position":2,"name":"Tienda","item":"https:\/\/tectickets.es\/tienda\/"},{"@type":"ListItem","position":3,"name":"Tour a Pie por Barcelona \u2013 Ruta del Modernisme"}]},{"@type":"WebSite","@id":"https:\/\/tectickets.es\/#website","url":"https:\/\/tectickets.es\/","name":"TecTickets","description":"\u00a1Explora el universo del turismo, eventos y cultura con solo un clic!","publisher":{"@id":"https:\/\/tectickets.es\/#organization"},"potentialAction":[{"@type":"SearchAction","target":{"@type":"EntryPoint","urlTemplate":"https:\/\/tectickets.es\/?s={search_term_string}"},"query-input":{"@type":"PropertyValueSpecification","valueRequired":true,"valueName":"search_term_string"}}],"inLanguage":"zh-Hans"},{"@type":"Organization","@id":"https:\/\/tectickets.es\/#organization","name":"el teu tiquet.sl","url":"https:\/\/tectickets.es\/","logo":{"@type":"ImageObject","inLanguage":"zh-Hans","@id":"https:\/\/tectickets.es\/#\/schema\/logo\/image\/","url":"https:\/\/tectickets.es\/wp-content\/uploads\/2023\/06\/cropped-Agregar-un-titulo-800-\u00d7-600-px.png","contentUrl":"https:\/\/tectickets.es\/wp-content\/uploads\/2023\/06\/cropped-Agregar-un-titulo-800-\u00d7-600-px.png","width":733,"height":334,"caption":"el teu tiquet.sl"},"image":{"@id":"https:\/\/tectickets.es\/#\/schema\/logo\/image\/"},"sameAs":["https:\/\/www.instagram.com\/tectickets\/","https:\/\/x.com\/tectickets","https:\/\/www.pinterest.es\/tectickets\/","https:\/\/www.tiktok.com\/@tectickets","https:\/\/www.youtube.com\/@TecTickets"],"publishingPrinciples":"https:\/\/tectickets.es\/reembolso_devoluciones\/","ownershipFundingInfo":"https:\/\/tectickets.es\/contacto\/","actionableFeedbackPolicy":"https:\/\/tectickets.es\/condiciones-generales\/"}]},"product_price_amount":"15.00","product_price_currency":"EUR","og_availability":"instock","product_availability":"instock","product_condition":"new"},"_links":{"self":[{"href":"https:\/\/tectickets.es\/zh\/wp-json\/wp\/v2\/product\/7255","targetHints":{"allow":["GET"]}}],"collection":[{"href":"https:\/\/tectickets.es\/zh\/wp-json\/wp\/v2\/product"}],"about":[{"href":"https:\/\/tectickets.es\/zh\/wp-json\/wp\/v2\/types\/product"}],"replies":[{"embeddable":true,"href":"https:\/\/tectickets.es\/zh\/wp-json\/wp\/v2\/comments?post=7255"}],"version-history":[{"count":1,"href":"https:\/\/tectickets.es\/zh\/wp-json\/wp\/v2\/product\/7255\/revisions"}],"predecessor-version":[{"id":7456,"href":"https:\/\/tectickets.es\/zh\/wp-json\/wp\/v2\/product\/7255\/revisions\/7456"}],"wp:featuredmedia":[{"embeddable":true,"href":"https:\/\/tectickets.es\/zh\/wp-json\/wp\/v2\/media\/7259"}],"wp:attachment":[{"href":"https:\/\/tectickets.es\/zh\/wp-json\/wp\/v2\/media?parent=7255"}],"wp:term":[{"taxonomy":"product_brand","embeddable":true,"href":"https:\/\/tectickets.es\/zh\/wp-json\/wp\/v2\/product_brand?post=7255"},{"taxonomy":"product_cat","embeddable":true,"href":"https:\/\/tectickets.es\/zh\/wp-json\/wp\/v2\/product_cat?post=7255"},{"taxonomy":"product_tag","embeddable":true,"href":"https:\/\/tectickets.es\/zh\/wp-json\/wp\/v2\/product_tag?post=7255"},{"taxonomy":"tipo-de-experiencia","embeddable":true,"href":"https:\/\/tectickets.es\/zh\/wp-json\/wp\/v2\/tipo-de-experiencia?post=7255"}],"curies":[{"name":"wp","href":"https:\/\/api.w.org\/{rel}","templated":true}]}}